{"id":8019,"date":"2025-07-08T15:24:08","date_gmt":"2025-07-08T07:24:08","guid":{"rendered":"https:\/\/www.microkosin.com\/?post_type=product&#038;p=8019"},"modified":"2025-07-21T15:31:41","modified_gmt":"2025-07-21T07:31:41","slug":"4k-interactive-smart-digital-whiteboard-touch-displays","status":"publish","type":"product","link":"https:\/\/www.microkosin.com\/pt\/produto\/4k-interactive-smart-digital-whiteboard-touch-displays\/","title":{"rendered":"Monitores touch para lousa digital inteligente interativa 4K"},"content":{"rendered":"<p><img fetchpriority=\"high\" decoding=\"async\" class=\"aligncenter size-full wp-image-8028\" src=\"http:\/\/www.microkosin.com\/wp-content\/uploads\/2025\/07\/\u9996\u56fepsd.jpg\" alt=\"\" width=\"1500\" height=\"600\" srcset=\"https:\/\/www.microkosin.com\/wp-content\/uploads\/2025\/07\/\u9996\u56fepsd.jpg 1500w, https:\/\/www.microkosin.com\/wp-content\/uploads\/2025\/07\/\u9996\u56fepsd-300x120.jpg 300w, https:\/\/www.microkosin.com\/wp-content\/uploads\/2025\/07\/\u9996\u56fepsd-1024x410.jpg 1024w, https:\/\/www.microkosin.com\/wp-content\/uploads\/2025\/07\/\u9996\u56fepsd-768x307.jpg 768w, https:\/\/www.microkosin.com\/wp-content\/uploads\/2025\/07\/\u9996\u56fepsd-18x7.jpg 18w, https:\/\/www.microkosin.com\/wp-content\/uploads\/2025\/07\/\u9996\u56fepsd-600x240.jpg 600w\" sizes=\"(max-width: 1500px) 100vw, 1500px\" \/><\/p>\n<table>\n<tbody>\n<tr>\n<td width=\"533\"><img decoding=\"async\" class=\"aligncenter wp-image-8029 lazyload\" data-src=\"http:\/\/www.microkosin.com\/wp-content\/uploads\/2025\/07\/5-2.jpg\" alt=\"\" width=\"374\" height=\"374\" data-srcset=\"https:\/\/www.microkosin.com\/wp-content\/uploads\/2025\/07\/5-2.jpg 1000w, https:\/\/www.microkosin.com\/wp-content\/uploads\/2025\/07\/5-2-300x300.jpg 300w, https:\/\/www.microkosin.com\/wp-content\/uploads\/2025\/07\/5-2-150x150.jpg 150w, https:\/\/www.microkosin.com\/wp-content\/uploads\/2025\/07\/5-2-768x768.jpg 768w, https:\/\/www.microkosin.com\/wp-content\/uploads\/2025\/07\/5-2-12x12.jpg 12w, https:\/\/www.microkosin.com\/wp-content\/uploads\/2025\/07\/5-2-600x600.jpg 600w, https:\/\/www.microkosin.com\/wp-content\/uploads\/2025\/07\/5-2-100x100.jpg 100w\" data-sizes=\"(max-width: 374px) 100vw, 374px\" src=\"data:image\/svg+xml;base64,PHN2ZyB3aWR0aD0iMSIgaGVpZ2h0PSIxIiB4bWxucz0iaHR0cDovL3d3dy53My5vcmcvMjAwMC9zdmciPjwvc3ZnPg==\" style=\"--smush-placeholder-width: 374px; --smush-placeholder-aspect-ratio: 374\/374;\" \/><\/td>\n<td style=\"vertical-align: top; text-align: left;\" width=\"516\">&nbsp;<\/p>\n<p><strong>Kosintec<\/strong><strong>\u00a0Lousa digital inteligente interativa 4K<\/strong><\/p>\n<p>O quadro branco interativo Kosintec (quadro branco digital ou quadro branco inteligente) integra TV, computador, tablet, \u00e1udio, projetor e quadro branco em um s\u00f3, com v\u00e1rios recursos, como multitoque de 20 pontos, tela 4K, c\u00e2mera, proje\u00e7\u00e3o sem fio, sistema duplo (Android e Windows), vidro antirreflexo, escrita precisa e assim por diante. A Lousa Interativa Kosintec (Lousa Digital ou Lousa Inteligente) proporciona a voc\u00ea uma reuni\u00e3o eletr\u00f4nica inteligente on-line e uma experi\u00eancia educacional interativa. A lousa interativa Kosintec (lousa digital ou lousa inteligente) aprimora a colabora\u00e7\u00e3o e cria boas apresenta\u00e7\u00f5es para suas necessidades educacionais e comerciais.<\/td>\n<\/tr>\n<tr>\n<td style=\"vertical-align: top; text-align: left;\" width=\"516\"><strong>Recursos\u00a0<\/strong><\/p>\n<ul>\n<li><strong> 6 em 1\u00a0<\/strong><br \/>\nO quadro branco interativo da Kosintec (quadro branco digital ou quadro branco inteligente) integra fun\u00e7\u00f5es de TV, computador, tablet, \u00e1udio, proje\u00e7\u00e3o de tela e quadro branco para escrita em um \u00fanico dispositivo.<\/li>\n<li><strong>Multitoque de 20 pontos<\/strong>O sistema de brainstorming, que suporta brainstorming com v\u00e1rias pessoas, restaura a experi\u00eancia real de papel e caneta<\/li>\n<li><strong>Tela 4K UHD<\/strong>A gama de cores \u00e9 alta, o que torna a cor da imagem mais delicada<\/li>\n<li><strong>C\u00e2mera HD de 13 MP<\/strong>com 6 microfones de matriz, dist\u00e2ncia de capta\u00e7\u00e3o de som de 8 metros, bom para videoconfer\u00eancia<\/li>\n<li><strong>Sistema duplo<\/strong><br \/>\nSistema duplo Android \u00fanico ou Android + Windows opcional. A configura\u00e7\u00e3o padr\u00e3o do quadro branco interativo Kosintec (quadro branco digital ou quadro branco inteligente) \u00e9 Android ou Windows 8G+128G, com aplicativos avan\u00e7ados e opera\u00e7\u00e3o conveniente, para atender a todas as necessidades<\/li>\n<li><strong>Tela antirreflexo<\/strong><\/li>\n<\/ul>\n<\/td>\n<td width=\"516\"><img decoding=\"async\" class=\"aligncenter wp-image-8030 lazyload\" data-src=\"http:\/\/www.microkosin.com\/wp-content\/uploads\/2025\/07\/\u573a\u666f-3.jpg\" alt=\"\" width=\"499\" height=\"499\" data-srcset=\"https:\/\/www.microkosin.com\/wp-content\/uploads\/2025\/07\/\u573a\u666f-3.jpg 1000w, https:\/\/www.microkosin.com\/wp-content\/uploads\/2025\/07\/\u573a\u666f-3-300x300.jpg 300w, https:\/\/www.microkosin.com\/wp-content\/uploads\/2025\/07\/\u573a\u666f-3-150x150.jpg 150w, https:\/\/www.microkosin.com\/wp-content\/uploads\/2025\/07\/\u573a\u666f-3-768x768.jpg 768w, https:\/\/www.microkosin.com\/wp-content\/uploads\/2025\/07\/\u573a\u666f-3-12x12.jpg 12w, https:\/\/www.microkosin.com\/wp-content\/uploads\/2025\/07\/\u573a\u666f-3-600x600.jpg 600w, https:\/\/www.microkosin.com\/wp-content\/uploads\/2025\/07\/\u573a\u666f-3-100x100.jpg 100w\" data-sizes=\"(max-width: 499px) 100vw, 499px\" src=\"data:image\/svg+xml;base64,PHN2ZyB3aWR0aD0iMSIgaGVpZ2h0PSIxIiB4bWxucz0iaHR0cDovL3d3dy53My5vcmcvMjAwMC9zdmciPjwvc3ZnPg==\" style=\"--smush-placeholder-width: 499px; --smush-placeholder-aspect-ratio: 499\/499;\" \/><\/td>\n<\/tr>\n<tr>\n<td width=\"533\"><img decoding=\"async\" class=\"aligncenter wp-image-8031 lazyload\" data-src=\"http:\/\/www.microkosin.com\/wp-content\/uploads\/2025\/07\/\u573a\u666f2-1.jpg\" alt=\"\" width=\"456\" height=\"456\" data-srcset=\"https:\/\/www.microkosin.com\/wp-content\/uploads\/2025\/07\/\u573a\u666f2-1.jpg 1000w, https:\/\/www.microkosin.com\/wp-content\/uploads\/2025\/07\/\u573a\u666f2-1-300x300.jpg 300w, https:\/\/www.microkosin.com\/wp-content\/uploads\/2025\/07\/\u573a\u666f2-1-150x150.jpg 150w, https:\/\/www.microkosin.com\/wp-content\/uploads\/2025\/07\/\u573a\u666f2-1-768x768.jpg 768w, https:\/\/www.microkosin.com\/wp-content\/uploads\/2025\/07\/\u573a\u666f2-1-12x12.jpg 12w, https:\/\/www.microkosin.com\/wp-content\/uploads\/2025\/07\/\u573a\u666f2-1-600x600.jpg 600w, https:\/\/www.microkosin.com\/wp-content\/uploads\/2025\/07\/\u573a\u666f2-1-100x100.jpg 100w\" data-sizes=\"(max-width: 456px) 100vw, 456px\" src=\"data:image\/svg+xml;base64,PHN2ZyB3aWR0aD0iMSIgaGVpZ2h0PSIxIiB4bWxucz0iaHR0cDovL3d3dy53My5vcmcvMjAwMC9zdmciPjwvc3ZnPg==\" style=\"--smush-placeholder-width: 456px; --smush-placeholder-aspect-ratio: 456\/456;\" \/><\/td>\n<td style=\"vertical-align: top; text-align: left;\" width=\"516\"><strong>Tela sem fio e escrita em quadro branco<\/strong><\/p>\n<p>O quadro branco interativo da Kosintec (quadro branco digital ou quadro branco inteligente) com proje\u00e7\u00e3o sem fio, tela sem fio e compartilhamento de c\u00f3digo QR \u00e9 mais conveniente para o compartilhamento de conte\u00fado e tela em uma reuni\u00e3o ou aula. O software de escrita embutido no quadro branco e a caneta inteligente podem ser executados na tela sem atraso na escrita, redu\u00e7\u00e3o, zoom, movimenta\u00e7\u00e3o, etc., proporcionando tra\u00e7os mais convenientes e suaves e escrita precisa. O quadro branco interativo da Kosintec (quadro branco digital ou quadro branco inteligente) tamb\u00e9m pode ser apagado com as costas da m\u00e3o.<\/p>\n<p><strong><b>Suporte \u00e0 personaliza\u00e7\u00e3o completa<\/b><\/strong><\/p>\n<p>Fornecemos servi\u00e7os sob medida para suas aplica\u00e7\u00f5es complicadas. Com mais de 18 anos de experi\u00eancia em solu\u00e7\u00f5es de displays digitais, a Kosintec sabe o que voc\u00ea quer e fornece produtos econ\u00f4micos para o seu setor, n\u00e3o apenas no varejo, hotelaria, educa\u00e7\u00e3o, sa\u00fade, mas tamb\u00e9m em transporte, entretenimento e corporativo.<\/td>\n<\/tr>\n<\/tbody>\n<\/table>\n<div>\n<div>\n<p>&nbsp;<\/p>\n<div style=\"font-size: 1.8em; font-weight: bold; text-align: center;\">\u203b Por que escolher as sinaliza\u00e7\u00f5es digitais da Kosintec \u203b<\/div>\n<p>&nbsp;<\/p>\n<\/div>\n<div><img decoding=\"async\" class=\"aligncenter size-full wp-image-8217 lazyload\" data-src=\"http:\/\/www.microkosin.com\/wp-content\/uploads\/2025\/07\/1-10.jpg\" alt=\"\" width=\"1500\" height=\"300\" data-srcset=\"https:\/\/www.microkosin.com\/wp-content\/uploads\/2025\/07\/1-10.jpg 1500w, https:\/\/www.microkosin.com\/wp-content\/uploads\/2025\/07\/1-10-300x60.jpg 300w, https:\/\/www.microkosin.com\/wp-content\/uploads\/2025\/07\/1-10-1024x205.jpg 1024w, https:\/\/www.microkosin.com\/wp-content\/uploads\/2025\/07\/1-10-768x154.jpg 768w, https:\/\/www.microkosin.com\/wp-content\/uploads\/2025\/07\/1-10-18x4.jpg 18w, https:\/\/www.microkosin.com\/wp-content\/uploads\/2025\/07\/1-10-600x120.jpg 600w\" data-sizes=\"(max-width: 1500px) 100vw, 1500px\" src=\"data:image\/svg+xml;base64,PHN2ZyB3aWR0aD0iMSIgaGVpZ2h0PSIxIiB4bWxucz0iaHR0cDovL3d3dy53My5vcmcvMjAwMC9zdmciPjwvc3ZnPg==\" style=\"--smush-placeholder-width: 1500px; --smush-placeholder-aspect-ratio: 1500\/300;\" \/><\/div>\n<p>&nbsp;<\/p>\n<div>\n<div class=\"row\">\n<div class=\"col-sm-6\">\n<h4>- Tela de alta qualidade<\/h4>\n<div>A sinaliza\u00e7\u00e3o digital da Kosintec oferece tela de alta qualidade que utiliza vidro temperado \u00e0 prova de explos\u00e3o. A tela industrial de alto desempenho garante alta resolu\u00e7\u00e3o, alto brilho e estabilidade de uso. A sinaliza\u00e7\u00e3o digital da Kosintec tamb\u00e9m pode ser atualizada para 4K para que voc\u00ea possa assistir a imagens n\u00edtidas e coloridas com uma clareza excelente.<\/div>\n<p>&nbsp;<\/p>\n<div>\n<div class=\"col-sm-6\"><span style=\"font-size: 1.3em; font-weight: bold;\">- F\u00e1cil controle de dados<\/span><\/div>\n<div class=\"col-sm-6\">\n<div>As sinaliza\u00e7\u00f5es digitais comerciais da Kosintec oferecem f\u00e1cil gerenciamento de conte\u00fado com v\u00e1rias formas de opera\u00e7\u00e3o:<\/div>\n<div>- Controle remoto via WiFi\/3G\/4G\/5G\/WLAN\/Bluetooth<br \/>\n- Plug and Play USB direto<\/div>\n<p>&nbsp;<\/p>\n<\/div>\n<\/div>\n<h4><img decoding=\"async\" class=\"aligncenter size-full wp-image-8218 lazyload\" data-src=\"http:\/\/www.microkosin.com\/wp-content\/uploads\/2025\/07\/2-7.jpg\" alt=\"\" width=\"1500\" height=\"300\" data-srcset=\"https:\/\/www.microkosin.com\/wp-content\/uploads\/2025\/07\/2-7.jpg 1500w, https:\/\/www.microkosin.com\/wp-content\/uploads\/2025\/07\/2-7-300x60.jpg 300w, https:\/\/www.microkosin.com\/wp-content\/uploads\/2025\/07\/2-7-1024x205.jpg 1024w, https:\/\/www.microkosin.com\/wp-content\/uploads\/2025\/07\/2-7-768x154.jpg 768w, https:\/\/www.microkosin.com\/wp-content\/uploads\/2025\/07\/2-7-18x4.jpg 18w, https:\/\/www.microkosin.com\/wp-content\/uploads\/2025\/07\/2-7-600x120.jpg 600w\" data-sizes=\"(max-width: 1500px) 100vw, 1500px\" src=\"data:image\/svg+xml;base64,PHN2ZyB3aWR0aD0iMSIgaGVpZ2h0PSIxIiB4bWxucz0iaHR0cDovL3d3dy53My5vcmcvMjAwMC9zdmciPjwvc3ZnPg==\" style=\"--smush-placeholder-width: 1500px; --smush-placeholder-aspect-ratio: 1500\/300;\" \/><\/h4>\n<p>&nbsp;<\/p>\n<\/div>\n<div class=\"col-sm-6\">\n<div>\n<h4>-24\/7 Uso cont\u00ednuo<\/h4>\n<div>Uma das caracter\u00edsticas importantes da sinaliza\u00e7\u00e3o digital da Kosintec \u00e9 a capacidade de trabalhar continuamente por longas horas e dias. A sinaliza\u00e7\u00e3o digital da Kosintec \u00e9 constru\u00edda para uso comercial 24 horas por dia, 7 dias por semana, com trabalho ininterrupto e desempenho est\u00e1vel.<\/div>\n<p>&nbsp;<\/p>\n<div>\n<h4>- Gerenciamento centralizado de dispositivos terminais<\/h4>\n<div>O sistema de gerenciamento de conte\u00fado baseado em nuvem da Kosintec, que oferece controle em tempo real e insights de sinaliza\u00e7\u00e3o digital inteligente, permite que os operadores gerenciem remotamente o conte\u00fado, a programa\u00e7\u00e3o de exibi\u00e7\u00e3o e outras fun\u00e7\u00f5es.<\/div>\n<p>&nbsp;<\/p>\n<\/div>\n<\/div>\n<\/div>\n<\/div>\n<\/div>\n<\/div>\n<div>\n<div class=\"row\">\n<div class=\"col-sm-6\">\n<div><img decoding=\"async\" class=\"aligncenter size-full wp-image-8219 lazyload\" data-src=\"http:\/\/www.microkosin.com\/wp-content\/uploads\/2025\/07\/3-10.jpg\" alt=\"\" width=\"1500\" height=\"300\" data-srcset=\"https:\/\/www.microkosin.com\/wp-content\/uploads\/2025\/07\/3-10.jpg 1500w, https:\/\/www.microkosin.com\/wp-content\/uploads\/2025\/07\/3-10-300x60.jpg 300w, https:\/\/www.microkosin.com\/wp-content\/uploads\/2025\/07\/3-10-1024x205.jpg 1024w, https:\/\/www.microkosin.com\/wp-content\/uploads\/2025\/07\/3-10-768x154.jpg 768w, https:\/\/www.microkosin.com\/wp-content\/uploads\/2025\/07\/3-10-18x4.jpg 18w, https:\/\/www.microkosin.com\/wp-content\/uploads\/2025\/07\/3-10-600x120.jpg 600w\" data-sizes=\"(max-width: 1500px) 100vw, 1500px\" src=\"data:image\/svg+xml;base64,PHN2ZyB3aWR0aD0iMSIgaGVpZ2h0PSIxIiB4bWxucz0iaHR0cDovL3d3dy53My5vcmcvMjAwMC9zdmciPjwvc3ZnPg==\" style=\"--smush-placeholder-width: 1500px; --smush-placeholder-aspect-ratio: 1500\/300;\" \/><\/div>\n<p>&nbsp;<\/p>\n<div>\n<h4>-Configura\u00e7\u00e3o m\u00faltipla e portas de E\/S vers\u00e1teis<\/h4>\n<div>Suporte flex\u00edvel \u00e0 integra\u00e7\u00e3o de sistemas operacionais: Android, Windows, Linux ou o sistema operacional aut\u00f4nomo de sinaliza\u00e7\u00e3o digital da Kosintec.<br \/>\nAmplo suporte de E\/S: portas HDMI\/VGA\/DVI\/USB\/RJ45 + reprodu\u00e7\u00e3o de m\u00eddia SD\/USB.<br \/>\nDesempenho perfeito: Projetado para reprodu\u00e7\u00e3o 4K sem atrasos e com perfei\u00e7\u00e3o de quadros para maximizar o envolvimento com as sinaliza\u00e7\u00f5es digitais da Kosintec.<\/div>\n<p>&nbsp;<\/p>\n<div>\n<h4>- Servi\u00e7o e garantia<\/h4>\n<div>Todas as sinaliza\u00e7\u00f5es digitais da Kosintec s\u00e3o fornecidas com garantia comercial de 1 a 2 anos (garantia estendida opcional), bem como suporte t\u00e9cnico gratuito vital\u00edcio. Nossas sinaliza\u00e7\u00f5es digitais s\u00e3o classificadas comercialmente e projetadas para funcionar 24 horas por dia, 7 dias por semana, em espa\u00e7os p\u00fablicos. A garantia da Kosintec cobre os defeitos resultantes de pe\u00e7as, materiais ou fabrica\u00e7\u00e3o defeituosos.<\/div>\n<p>&nbsp;<\/p>\n<div><img decoding=\"async\" class=\"aligncenter size-full wp-image-8214 lazyload\" data-src=\"http:\/\/www.microkosin.com\/wp-content\/uploads\/2025\/07\/7-2.jpg\" alt=\"\" width=\"1500\" height=\"600\" data-srcset=\"https:\/\/www.microkosin.com\/wp-content\/uploads\/2025\/07\/7-2.jpg 1500w, https:\/\/www.microkosin.com\/wp-content\/uploads\/2025\/07\/7-2-300x120.jpg 300w, https:\/\/www.microkosin.com\/wp-content\/uploads\/2025\/07\/7-2-1024x410.jpg 1024w, https:\/\/www.microkosin.com\/wp-content\/uploads\/2025\/07\/7-2-768x307.jpg 768w, https:\/\/www.microkosin.com\/wp-content\/uploads\/2025\/07\/7-2-18x7.jpg 18w, https:\/\/www.microkosin.com\/wp-content\/uploads\/2025\/07\/7-2-600x240.jpg 600w\" data-sizes=\"(max-width: 1500px) 100vw, 1500px\" src=\"data:image\/svg+xml;base64,PHN2ZyB3aWR0aD0iMSIgaGVpZ2h0PSIxIiB4bWxucz0iaHR0cDovL3d3dy53My5vcmcvMjAwMC9zdmciPjwvc3ZnPg==\" style=\"--smush-placeholder-width: 1500px; --smush-placeholder-aspect-ratio: 1500\/600;\" \/><\/div>\n<\/div>\n<\/div>\n<\/div>\n<\/div>\n<\/div>","protected":false},"excerpt":{"rendered":"<ul>\n<li>Tamanho da tela: 55 \" | 65\u2033 | 75\u2033 | 86\u2033 | 98\u2033 | Personalizado<\/li>\n<li>Sistema operacional: Android | Windows | Linux | Personalizado<\/li>\n<li>Par\u00e2metros funcionais:\n<ul>\n<li>Painel 4K UHD<\/li>\n<li>Vidro antirreflexo<\/li>\n<li>Alta taxa de contraste<\/li>\n<li>WiFi de 5 GHz<\/li>\n<li>Caneta inteligente<\/li>\n<li>M\u00faltiplas interfaces<\/li>\n<li>F\u00e1cil compartilhamento de arquivos<\/li>\n<\/ul>\n<div style=\"width: 864px;\" class=\"wp-video\"><!--[if lt IE 9]><script>document.createElement('video');<\/script><![endif]--><br \/>\n<video class=\"wp-video-shortcode\" id=\"video-8019-1\" width=\"864\" height=\"580\" preload=\"metadata\" controls=\"controls\"><source type=\"video\/mp4\" src=\"http:\/\/www.microkosin.com\/wp-content\/uploads\/2025\/07\/\u4f1a\u8bae\u4e00\u4f53\u673a.mp4?_=1\" \/><a href=\"http:\/\/www.microkosin.com\/wp-content\/uploads\/2025\/07\/\u4f1a\u8bae\u4e00\u4f53\u673a.mp4\">http:\/\/www.microkosin.com\/wp-content\/uploads\/2025\/07\/\u4f1a\u8bae\u4e00\u4f53\u673a.mp4<\/a><\/video><\/div>\n<hr \/>\n<\/li>\n<\/ul>","protected":false},"featured_media":8020,"comment_status":"open","ping_status":"closed","template":"","meta":{"site-sidebar-layout":"default","site-content-layout":"","ast-site-content-layout":"default","site-content-style":"default","site-sidebar-style":"default","ast-global-header-display":"","ast-banner-title-visibility":"","ast-main-header-display":"","ast-hfb-above-header-display":"","ast-hfb-below-header-display":"","ast-hfb-mobile-header-display":"","site-post-title":"","ast-breadcrumbs-content":"","ast-featured-img":"","footer-sml-layout":"","theme-transparent-header-meta":"default","adv-header-id-meta":"","stick-header-meta":"","header-above-stick-meta":"","header-main-stick-meta":"","header-below-stick-meta":"","astra-migrate-meta-layouts":"set","ast-page-background-enabled":"default","ast-page-background-meta":{"desktop":{"background-color":"","background-image":"","background-repeat":"repeat","background-position":"center center","background-size":"auto","background-attachment":"scroll","background-type":"","background-media":"","overlay-type":"","overlay-color":"","overlay-opacity":"","overlay-gradient":""},"tablet":{"background-color":"","background-image":"","background-repeat":"repeat","background-position":"center center","background-size":"auto","background-attachment":"scroll","background-type":"","background-media":"","overlay-type":"","overlay-color":"","overlay-opacity":"","overlay-gradient":""},"mobile":{"background-color":"","background-image":"","background-repeat":"repeat","background-position":"center center","background-size":"auto","background-attachment":"scroll","background-type":"","background-media":"","overlay-type":"","overlay-color":"","overlay-opacity":"","overlay-gradient":""}},"ast-content-background-meta":{"desktop":{"background-color":"var(--ast-global-color-5)","background-image":"","background-repeat":"repeat","background-position":"center center","background-size":"auto","background-attachment":"scroll","background-type":"","background-media":"","overlay-type":"","overlay-color":"","overlay-opacity":"","overlay-gradient":""},"tablet":{"background-color":"var(--ast-global-color-5)","background-image":"","background-repeat":"repeat","background-position":"center center","background-size":"auto","background-attachment":"scroll","background-type":"","background-media":"","overlay-type":"","overlay-color":"","overlay-opacity":"","overlay-gradient":""},"mobile":{"background-color":"var(--ast-global-color-5)","background-image":"","background-repeat":"repeat","background-position":"center center","background-size":"auto","background-attachment":"scroll","background-type":"","background-media":"","overlay-type":"","overlay-color":"","overlay-opacity":"","overlay-gradient":""}}},"product_cat":[15,108,99,102],"product_tag":[],"class_list":{"0":"post-8019","1":"product","2":"type-product","3":"status-publish","4":"has-post-thumbnail","6":"product_cat-product","7":"product_cat-interactive-touch-display","8":"product_cat-indoor-display","9":"product_cat-touch-screens","10":"desktop-align-left","11":"tablet-align-left","12":"mobile-align-left","13":"ast-product-gallery-layout-horizontal-slider","14":"ast-product-tabs-layout-horizontal","16":"first","17":"instock","18":"shipping-taxable","19":"product-type-simple"},"_links":{"self":[{"href":"https:\/\/www.microkosin.com\/pt\/wp-json\/wp\/v2\/product\/8019","targetHints":{"allow":["GET"]}}],"collection":[{"href":"https:\/\/www.microkosin.com\/pt\/wp-json\/wp\/v2\/product"}],"about":[{"href":"https:\/\/www.microkosin.com\/pt\/wp-json\/wp\/v2\/types\/product"}],"replies":[{"embeddable":true,"href":"https:\/\/www.microkosin.com\/pt\/wp-json\/wp\/v2\/comments?post=8019"}],"version-history":[{"count":3,"href":"https:\/\/www.microkosin.com\/pt\/wp-json\/wp\/v2\/product\/8019\/revisions"}],"predecessor-version":[{"id":8335,"href":"https:\/\/www.microkosin.com\/pt\/wp-json\/wp\/v2\/product\/8019\/revisions\/8335"}],"wp:featuredmedia":[{"embeddable":true,"href":"https:\/\/www.microkosin.com\/pt\/wp-json\/wp\/v2\/media\/8020"}],"wp:attachment":[{"href":"https:\/\/www.microkosin.com\/pt\/wp-json\/wp\/v2\/media?parent=8019"}],"wp:term":[{"taxonomy":"product_cat","embeddable":true,"href":"https:\/\/www.microkosin.com\/pt\/wp-json\/wp\/v2\/product_cat?post=8019"},{"taxonomy":"product_tag","embeddable":true,"href":"https:\/\/www.microkosin.com\/pt\/wp-json\/wp\/v2\/product_tag?post=8019"}],"curies":[{"name":"wp","href":"https:\/\/api.w.org\/{rel}","templated":true}]}}