{"id":7752,"date":"2025-06-27T10:30:27","date_gmt":"2025-06-27T02:30:27","guid":{"rendered":"https:\/\/www.microkosin.com\/?post_type=product&#038;p=7752"},"modified":"2025-07-18T11:23:52","modified_gmt":"2025-07-18T03:23:52","slug":"double-sided-floor-standing-display","status":"publish","type":"product","link":"https:\/\/www.microkosin.com\/pt\/produto\/double-sided-floor-standing-display\/","title":{"rendered":"Expositor de ch\u00e3o de dupla face"},"content":{"rendered":"<p><img fetchpriority=\"high\" decoding=\"async\" class=\"aligncenter size-full wp-image-7764\" src=\"http:\/\/www.microkosin.com\/wp-content\/uploads\/2025\/06\/\u9996\u56fe-19.jpg\" alt=\"\" width=\"1500\" height=\"600\" srcset=\"https:\/\/www.microkosin.com\/wp-content\/uploads\/2025\/06\/\u9996\u56fe-19.jpg 1500w, https:\/\/www.microkosin.com\/wp-content\/uploads\/2025\/06\/\u9996\u56fe-19-300x120.jpg 300w, https:\/\/www.microkosin.com\/wp-content\/uploads\/2025\/06\/\u9996\u56fe-19-1024x410.jpg 1024w, https:\/\/www.microkosin.com\/wp-content\/uploads\/2025\/06\/\u9996\u56fe-19-768x307.jpg 768w, https:\/\/www.microkosin.com\/wp-content\/uploads\/2025\/06\/\u9996\u56fe-19-18x7.jpg 18w, https:\/\/www.microkosin.com\/wp-content\/uploads\/2025\/06\/\u9996\u56fe-19-600x240.jpg 600w\" sizes=\"(max-width: 1500px) 100vw, 1500px\" \/><\/p>\n<table>\n<tbody>\n<tr>\n<td width=\"533\"><img decoding=\"async\" class=\"aligncenter wp-image-7756 lazyload\" data-src=\"http:\/\/www.microkosin.com\/wp-content\/uploads\/2025\/06\/4-9.jpg\" alt=\"\" width=\"363\" height=\"363\" data-srcset=\"https:\/\/www.microkosin.com\/wp-content\/uploads\/2025\/06\/4-9.jpg 1000w, https:\/\/www.microkosin.com\/wp-content\/uploads\/2025\/06\/4-9-300x300.jpg 300w, https:\/\/www.microkosin.com\/wp-content\/uploads\/2025\/06\/4-9-150x150.jpg 150w, https:\/\/www.microkosin.com\/wp-content\/uploads\/2025\/06\/4-9-768x768.jpg 768w, https:\/\/www.microkosin.com\/wp-content\/uploads\/2025\/06\/4-9-12x12.jpg 12w, https:\/\/www.microkosin.com\/wp-content\/uploads\/2025\/06\/4-9-600x600.jpg 600w, https:\/\/www.microkosin.com\/wp-content\/uploads\/2025\/06\/4-9-100x100.jpg 100w\" data-sizes=\"(max-width: 363px) 100vw, 363px\" src=\"data:image\/svg+xml;base64,PHN2ZyB3aWR0aD0iMSIgaGVpZ2h0PSIxIiB4bWxucz0iaHR0cDovL3d3dy53My5vcmcvMjAwMC9zdmciPjwvc3ZnPg==\" style=\"--smush-placeholder-width: 363px; --smush-placeholder-aspect-ratio: 363\/363;\" \/><\/td>\n<td style=\"vertical-align: top; text-align: left;\" width=\"516\"><strong>Kosintec<\/strong><strong>\u00a0P\u00f4steres digitais de dupla face<\/strong><\/p>\n<p>Os totens de sinaliza\u00e7\u00e3o digital de dupla face independentes da Kosintec s\u00e3o projetados tendo em mente as necessidades de ambientes de hospitalidade, varejo e comerciais. Com um gabinete robusto, um sistema inteligente de controle de temperatura e recursos de alta defini\u00e7\u00e3o, os totens de sinaliza\u00e7\u00e3o digital de dupla face independentes da Kosintec s\u00e3o a escolha ideal para empresas que exigem qualidade e confiabilidade. Constru\u00eddos para suportar o uso 24 horas por dia, 7 dias por semana, os totens de sinaliza\u00e7\u00e3o digital de dupla face independentes da Kosintec v\u00eam com a conveniente funcionalidade plug-and-play e uma s\u00e9rie de recursos adicionais para facilitar a configura\u00e7\u00e3o e a manuten\u00e7\u00e3o. Quer esteja procurando um \u00fanico monitor ou precise de uma instala\u00e7\u00e3o completa, nossa equipe est\u00e1 aqui para ajud\u00e1-lo a encontrar a solu\u00e7\u00e3o perfeita para as necessidades da sua empresa. Entre em contato conosco hoje mesmo para saber mais sobre a nossa linha de monitores de n\u00edvel profissional.<\/td>\n<\/tr>\n<tr>\n<td style=\"vertical-align: top; text-align: left;\" width=\"516\"><strong>Recursos<\/strong><\/p>\n<p>A s\u00e9rie de monitores LCD de totem de sinaliza\u00e7\u00e3o digital de dupla face independentes da Kosintec \u00e9 uma tecnologia de tela LCD de n\u00edvel comercial com sistema operacional Android ou Windows. Eles s\u00e3o amplamente utilizados em ambientes p\u00fablicos, incluindo aeroportos, hot\u00e9is, bancos e esta\u00e7\u00f5es de metr\u00f4.<br \/>\n-Suporte a toque infravermelho opcional, toque capacitivo, impressora, NFC, c\u00e2mera etc. para atender a diversas solicita\u00e7\u00f5es do mercado.<br \/>\n-Suporte para reprodu\u00e7\u00e3o de longa dura\u00e7\u00e3o de 7*24 horas<br \/>\n-FHD, UHD de ultra-alta defini\u00e7\u00e3o, resolu\u00e7\u00e3o diferente de 4K s\u00e3o opcionais, grau A, luz de fundo de LED, diagonal de tela diferente, 32\"\uff0c43\", 49\", 55\" 65\".<br \/>\n-O inv\u00f3lucro de metal tem bom efeito de dissipa\u00e7\u00e3o de calor e o vidro temperado pode proteger a tela com efici\u00eancia.<br \/>\n-Suporte \u00e0 conex\u00e3o WIFI, Ethernet, 4G (opcional) para obter diferentes acessos \u00e0 conex\u00e3o com a Internet.<\/td>\n<td width=\"516\"><img decoding=\"async\" class=\"aligncenter wp-image-7760 lazyload\" data-src=\"http:\/\/www.microkosin.com\/wp-content\/uploads\/2025\/06\/8-1.jpg\" alt=\"\" width=\"408\" height=\"408\" data-srcset=\"https:\/\/www.microkosin.com\/wp-content\/uploads\/2025\/06\/8-1.jpg 1000w, https:\/\/www.microkosin.com\/wp-content\/uploads\/2025\/06\/8-1-300x300.jpg 300w, https:\/\/www.microkosin.com\/wp-content\/uploads\/2025\/06\/8-1-150x150.jpg 150w, https:\/\/www.microkosin.com\/wp-content\/uploads\/2025\/06\/8-1-768x768.jpg 768w, https:\/\/www.microkosin.com\/wp-content\/uploads\/2025\/06\/8-1-12x12.jpg 12w, https:\/\/www.microkosin.com\/wp-content\/uploads\/2025\/06\/8-1-600x600.jpg 600w, https:\/\/www.microkosin.com\/wp-content\/uploads\/2025\/06\/8-1-100x100.jpg 100w\" data-sizes=\"(max-width: 408px) 100vw, 408px\" src=\"data:image\/svg+xml;base64,PHN2ZyB3aWR0aD0iMSIgaGVpZ2h0PSIxIiB4bWxucz0iaHR0cDovL3d3dy53My5vcmcvMjAwMC9zdmciPjwvc3ZnPg==\" style=\"--smush-placeholder-width: 408px; --smush-placeholder-aspect-ratio: 408\/408;\" \/><\/td>\n<\/tr>\n<tr>\n<td width=\"533\"><img decoding=\"async\" class=\"aligncenter wp-image-7758 lazyload\" data-src=\"http:\/\/www.microkosin.com\/wp-content\/uploads\/2025\/06\/6-7.jpg\" alt=\"\" width=\"370\" height=\"370\" data-srcset=\"https:\/\/www.microkosin.com\/wp-content\/uploads\/2025\/06\/6-7.jpg 1000w, https:\/\/www.microkosin.com\/wp-content\/uploads\/2025\/06\/6-7-300x300.jpg 300w, https:\/\/www.microkosin.com\/wp-content\/uploads\/2025\/06\/6-7-150x150.jpg 150w, https:\/\/www.microkosin.com\/wp-content\/uploads\/2025\/06\/6-7-768x768.jpg 768w, https:\/\/www.microkosin.com\/wp-content\/uploads\/2025\/06\/6-7-12x12.jpg 12w, https:\/\/www.microkosin.com\/wp-content\/uploads\/2025\/06\/6-7-600x600.jpg 600w, https:\/\/www.microkosin.com\/wp-content\/uploads\/2025\/06\/6-7-100x100.jpg 100w\" data-sizes=\"(max-width: 370px) 100vw, 370px\" src=\"data:image\/svg+xml;base64,PHN2ZyB3aWR0aD0iMSIgaGVpZ2h0PSIxIiB4bWxucz0iaHR0cDovL3d3dy53My5vcmcvMjAwMC9zdmciPjwvc3ZnPg==\" style=\"--smush-placeholder-width: 370px; --smush-placeholder-aspect-ratio: 370\/370;\" \/><\/td>\n<td style=\"vertical-align: top; text-align: left;\" width=\"516\"><strong>Gabinete robusto<\/strong><\/p>\n<p>Os monitores LCD de totem de sinaliza\u00e7\u00e3o digital de dupla face independentes da Kosintec foram projetados para serem usados em espa\u00e7os p\u00fablicos com grande fluxo de pessoas. Apresentam uma frente de vidro temperado, gabinete de a\u00e7o macio e design monil\u00edtico robusto para proteger contra poss\u00edveis danos. Os monitores LCD de totem de sinaliza\u00e7\u00e3o digital de dupla face independentes da Kosintec tamb\u00e9m podem ser aparafusados no ch\u00e3o para maior seguran\u00e7a<\/p>\n<p><strong><b>Conte\u00fado diferente em cada lado<\/b><\/strong><\/p>\n<p>Com dois players de m\u00eddia Android integrados, os monitores LCD de totem de sinaliza\u00e7\u00e3o digital de dupla face independentes da Kosintec podem emitir dois sinais separados simultaneamente. Isso permite que diferentes conte\u00fados sejam exibidos em cada tela ao mesmo tempo, para que voc\u00ea possa causar o dobro do impacto.<\/td>\n<\/tr>\n<\/tbody>\n<\/table>\n<div>\n<div>\n<p>&nbsp;<\/p>\n<div style=\"font-size: 1.8em; font-weight: bold; text-align: center;\">\u203b Por que escolher as sinaliza\u00e7\u00f5es digitais da Kosintec \u203b<\/div>\n<p>&nbsp;<\/p>\n<\/div>\n<div><img decoding=\"async\" class=\"aligncenter size-full wp-image-8217 lazyload\" data-src=\"http:\/\/www.microkosin.com\/wp-content\/uploads\/2025\/07\/1-10.jpg\" alt=\"\" width=\"1500\" height=\"300\" data-srcset=\"https:\/\/www.microkosin.com\/wp-content\/uploads\/2025\/07\/1-10.jpg 1500w, https:\/\/www.microkosin.com\/wp-content\/uploads\/2025\/07\/1-10-300x60.jpg 300w, https:\/\/www.microkosin.com\/wp-content\/uploads\/2025\/07\/1-10-1024x205.jpg 1024w, https:\/\/www.microkosin.com\/wp-content\/uploads\/2025\/07\/1-10-768x154.jpg 768w, https:\/\/www.microkosin.com\/wp-content\/uploads\/2025\/07\/1-10-18x4.jpg 18w, https:\/\/www.microkosin.com\/wp-content\/uploads\/2025\/07\/1-10-600x120.jpg 600w\" data-sizes=\"(max-width: 1500px) 100vw, 1500px\" src=\"data:image\/svg+xml;base64,PHN2ZyB3aWR0aD0iMSIgaGVpZ2h0PSIxIiB4bWxucz0iaHR0cDovL3d3dy53My5vcmcvMjAwMC9zdmciPjwvc3ZnPg==\" style=\"--smush-placeholder-width: 1500px; --smush-placeholder-aspect-ratio: 1500\/300;\" \/><\/div>\n<p>&nbsp;<\/p>\n<div>\n<div class=\"row\">\n<div class=\"col-sm-6\">\n<h4>- Tela de alta qualidade<\/h4>\n<div>A sinaliza\u00e7\u00e3o digital da Kosintec oferece tela de alta qualidade que utiliza vidro temperado \u00e0 prova de explos\u00e3o. A tela industrial de alto desempenho garante alta resolu\u00e7\u00e3o, alto brilho e estabilidade de uso. A sinaliza\u00e7\u00e3o digital da Kosintec tamb\u00e9m pode ser atualizada para 4K para que voc\u00ea possa assistir a imagens n\u00edtidas e coloridas com uma clareza excelente.<\/div>\n<p>&nbsp;<\/p>\n<div>\n<div class=\"col-sm-6\"><span style=\"font-size: 1.3em; font-weight: bold;\">- F\u00e1cil controle de dados<\/span><\/div>\n<div class=\"col-sm-6\">\n<div>As sinaliza\u00e7\u00f5es digitais comerciais da Kosintec oferecem f\u00e1cil gerenciamento de conte\u00fado com v\u00e1rias formas de opera\u00e7\u00e3o:<\/div>\n<div>- Controle remoto via WiFi\/3G\/4G\/5G\/WLAN\/Bluetooth<br \/>\n- Plug and Play USB direto<\/div>\n<p>&nbsp;<\/p>\n<\/div>\n<\/div>\n<h4><img decoding=\"async\" class=\"aligncenter size-full wp-image-8218 lazyload\" data-src=\"http:\/\/www.microkosin.com\/wp-content\/uploads\/2025\/07\/2-7.jpg\" alt=\"\" width=\"1500\" height=\"300\" data-srcset=\"https:\/\/www.microkosin.com\/wp-content\/uploads\/2025\/07\/2-7.jpg 1500w, https:\/\/www.microkosin.com\/wp-content\/uploads\/2025\/07\/2-7-300x60.jpg 300w, https:\/\/www.microkosin.com\/wp-content\/uploads\/2025\/07\/2-7-1024x205.jpg 1024w, https:\/\/www.microkosin.com\/wp-content\/uploads\/2025\/07\/2-7-768x154.jpg 768w, https:\/\/www.microkosin.com\/wp-content\/uploads\/2025\/07\/2-7-18x4.jpg 18w, https:\/\/www.microkosin.com\/wp-content\/uploads\/2025\/07\/2-7-600x120.jpg 600w\" data-sizes=\"(max-width: 1500px) 100vw, 1500px\" src=\"data:image\/svg+xml;base64,PHN2ZyB3aWR0aD0iMSIgaGVpZ2h0PSIxIiB4bWxucz0iaHR0cDovL3d3dy53My5vcmcvMjAwMC9zdmciPjwvc3ZnPg==\" style=\"--smush-placeholder-width: 1500px; --smush-placeholder-aspect-ratio: 1500\/300;\" \/><\/h4>\n<p>&nbsp;<\/p>\n<\/div>\n<div class=\"col-sm-6\">\n<div>\n<h4>-24\/7 Uso cont\u00ednuo<\/h4>\n<div>Uma das caracter\u00edsticas importantes da sinaliza\u00e7\u00e3o digital da Kosintec \u00e9 a capacidade de trabalhar continuamente por longas horas e dias. A sinaliza\u00e7\u00e3o digital da Kosintec \u00e9 constru\u00edda para uso comercial 24 horas por dia, 7 dias por semana, com trabalho ininterrupto e desempenho est\u00e1vel.<\/div>\n<p>&nbsp;<\/p>\n<div>\n<h4>- Gerenciamento centralizado de dispositivos terminais<\/h4>\n<div>O sistema de gerenciamento de conte\u00fado baseado em nuvem da Kosintec, que oferece controle em tempo real e insights de sinaliza\u00e7\u00e3o digital inteligente, permite que os operadores gerenciem remotamente o conte\u00fado, a programa\u00e7\u00e3o de exibi\u00e7\u00e3o e outras fun\u00e7\u00f5es.<\/div>\n<p>&nbsp;<\/p>\n<\/div>\n<\/div>\n<\/div>\n<\/div>\n<\/div>\n<\/div>\n<div>\n<div class=\"row\">\n<div class=\"col-sm-6\">\n<div><img decoding=\"async\" class=\"aligncenter size-full wp-image-8219 lazyload\" data-src=\"http:\/\/www.microkosin.com\/wp-content\/uploads\/2025\/07\/3-10.jpg\" alt=\"\" width=\"1500\" height=\"300\" data-srcset=\"https:\/\/www.microkosin.com\/wp-content\/uploads\/2025\/07\/3-10.jpg 1500w, https:\/\/www.microkosin.com\/wp-content\/uploads\/2025\/07\/3-10-300x60.jpg 300w, https:\/\/www.microkosin.com\/wp-content\/uploads\/2025\/07\/3-10-1024x205.jpg 1024w, https:\/\/www.microkosin.com\/wp-content\/uploads\/2025\/07\/3-10-768x154.jpg 768w, https:\/\/www.microkosin.com\/wp-content\/uploads\/2025\/07\/3-10-18x4.jpg 18w, https:\/\/www.microkosin.com\/wp-content\/uploads\/2025\/07\/3-10-600x120.jpg 600w\" data-sizes=\"(max-width: 1500px) 100vw, 1500px\" src=\"data:image\/svg+xml;base64,PHN2ZyB3aWR0aD0iMSIgaGVpZ2h0PSIxIiB4bWxucz0iaHR0cDovL3d3dy53My5vcmcvMjAwMC9zdmciPjwvc3ZnPg==\" style=\"--smush-placeholder-width: 1500px; --smush-placeholder-aspect-ratio: 1500\/300;\" \/><\/div>\n<p>&nbsp;<\/p>\n<div>\n<h4>-Configura\u00e7\u00e3o m\u00faltipla e portas de E\/S vers\u00e1teis<\/h4>\n<div>Suporte flex\u00edvel \u00e0 integra\u00e7\u00e3o de sistemas operacionais: Android, Windows, Linux ou o sistema operacional aut\u00f4nomo de sinaliza\u00e7\u00e3o digital da Kosintec.<br \/>\nAmplo suporte de E\/S: portas HDMI\/VGA\/DVI\/USB\/RJ45 + reprodu\u00e7\u00e3o de m\u00eddia SD\/USB.<br \/>\nDesempenho perfeito: Projetado para reprodu\u00e7\u00e3o 4K sem atrasos e com perfei\u00e7\u00e3o de quadros para maximizar o envolvimento com as sinaliza\u00e7\u00f5es digitais da Kosintec.<\/div>\n<p>&nbsp;<\/p>\n<div>\n<h4>- Servi\u00e7o e garantia<\/h4>\n<div>Todas as sinaliza\u00e7\u00f5es digitais da Kosintec s\u00e3o fornecidas com garantia comercial de 1 a 2 anos (garantia estendida opcional), bem como suporte t\u00e9cnico gratuito vital\u00edcio. Nossas sinaliza\u00e7\u00f5es digitais s\u00e3o classificadas comercialmente e projetadas para funcionar 24 horas por dia, 7 dias por semana, em espa\u00e7os p\u00fablicos. A garantia da Kosintec cobre os defeitos resultantes de pe\u00e7as, materiais ou fabrica\u00e7\u00e3o defeituosos.<\/div>\n<p>&nbsp;<\/p>\n<div><img decoding=\"async\" class=\"aligncenter size-full wp-image-8214 lazyload\" data-src=\"http:\/\/www.microkosin.com\/wp-content\/uploads\/2025\/07\/7-2.jpg\" alt=\"\" width=\"1500\" height=\"600\" data-srcset=\"https:\/\/www.microkosin.com\/wp-content\/uploads\/2025\/07\/7-2.jpg 1500w, https:\/\/www.microkosin.com\/wp-content\/uploads\/2025\/07\/7-2-300x120.jpg 300w, https:\/\/www.microkosin.com\/wp-content\/uploads\/2025\/07\/7-2-1024x410.jpg 1024w, https:\/\/www.microkosin.com\/wp-content\/uploads\/2025\/07\/7-2-768x307.jpg 768w, https:\/\/www.microkosin.com\/wp-content\/uploads\/2025\/07\/7-2-18x7.jpg 18w, https:\/\/www.microkosin.com\/wp-content\/uploads\/2025\/07\/7-2-600x240.jpg 600w\" data-sizes=\"(max-width: 1500px) 100vw, 1500px\" src=\"data:image\/svg+xml;base64,PHN2ZyB3aWR0aD0iMSIgaGVpZ2h0PSIxIiB4bWxucz0iaHR0cDovL3d3dy53My5vcmcvMjAwMC9zdmciPjwvc3ZnPg==\" style=\"--smush-placeholder-width: 1500px; --smush-placeholder-aspect-ratio: 1500\/600;\" \/><\/div>\n<\/div>\n<\/div>\n<\/div>\n<\/div>\n<\/div>","protected":false},"excerpt":{"rendered":"<ul>\n<li>Tamanho da tela: 32\" | 43\" | 49\" | 55\" | 65\" | Personalizado<\/li>\n<li>Sistema operacional: Android | Windows | Linux | Personalizado<\/li>\n<li>Par\u00e2metros funcionais:\n<ul>\n<li>Display comercial de dupla face<\/li>\n<li>O piso pode ter rodas<\/li>\n<li>Alto brilho 350 Nits<\/li>\n<li>P-cap Touch<\/li>\n<li>V\u00e1rios tamanhos opcionais<\/li>\n<\/ul>\n<hr \/>\n<\/li>\n<\/ul>","protected":false},"featured_media":7753,"comment_status":"open","ping_status":"closed","template":"","meta":{"site-sidebar-layout":"default","site-content-layout":"","ast-site-content-layout":"default","site-content-style":"default","site-sidebar-style":"default","ast-global-header-display":"","ast-banner-title-visibility":"","ast-main-header-display":"","ast-hfb-above-header-display":"","ast-hfb-below-header-display":"","ast-hfb-mobile-header-display":"","site-post-title":"","ast-breadcrumbs-content":"","ast-featured-img":"","footer-sml-layout":"","theme-transparent-header-meta":"default","adv-header-id-meta":"","stick-header-meta":"","header-above-stick-meta":"","header-main-stick-meta":"","header-below-stick-meta":"","astra-migrate-meta-layouts":"set","ast-page-background-enabled":"default","ast-page-background-meta":{"desktop":{"background-color":"","background-image":"","background-repeat":"repeat","background-position":"center center","background-size":"auto","background-attachment":"scroll","background-type":"","background-media":"","overlay-type":"","overlay-color":"","overlay-opacity":"","overlay-gradient":""},"tablet":{"background-color":"","background-image":"","background-repeat":"repeat","background-position":"center center","background-size":"auto","background-attachment":"scroll","background-type":"","background-media":"","overlay-type":"","overlay-color":"","overlay-opacity":"","overlay-gradient":""},"mobile":{"background-color":"","background-image":"","background-repeat":"repeat","background-position":"center center","background-size":"auto","background-attachment":"scroll","background-type":"","background-media":"","overlay-type":"","overlay-color":"","overlay-opacity":"","overlay-gradient":""}},"ast-content-background-meta":{"desktop":{"background-color":"var(--ast-global-color-5)","background-image":"","background-repeat":"repeat","background-position":"center center","background-size":"auto","background-attachment":"scroll","background-type":"","background-media":"","overlay-type":"","overlay-color":"","overlay-opacity":"","overlay-gradient":""},"tablet":{"background-color":"var(--ast-global-color-5)","background-image":"","background-repeat":"repeat","background-position":"center center","background-size":"auto","background-attachment":"scroll","background-type":"","background-media":"","overlay-type":"","overlay-color":"","overlay-opacity":"","overlay-gradient":""},"mobile":{"background-color":"var(--ast-global-color-5)","background-image":"","background-repeat":"repeat","background-position":"center center","background-size":"auto","background-attachment":"scroll","background-type":"","background-media":"","overlay-type":"","overlay-color":"","overlay-opacity":"","overlay-gradient":""}}},"product_cat":[15,99],"product_tag":[],"class_list":{"0":"post-7752","1":"product","2":"type-product","3":"status-publish","4":"has-post-thumbnail","6":"product_cat-product","7":"product_cat-indoor-display","8":"desktop-align-left","9":"tablet-align-left","10":"mobile-align-left","11":"ast-product-gallery-layout-horizontal-slider","12":"ast-product-tabs-layout-horizontal","14":"first","15":"instock","16":"shipping-taxable","17":"product-type-simple"},"_links":{"self":[{"href":"https:\/\/www.microkosin.com\/pt\/wp-json\/wp\/v2\/product\/7752","targetHints":{"allow":["GET"]}}],"collection":[{"href":"https:\/\/www.microkosin.com\/pt\/wp-json\/wp\/v2\/product"}],"about":[{"href":"https:\/\/www.microkosin.com\/pt\/wp-json\/wp\/v2\/types\/product"}],"replies":[{"embeddable":true,"href":"https:\/\/www.microkosin.com\/pt\/wp-json\/wp\/v2\/comments?post=7752"}],"version-history":[{"count":4,"href":"https:\/\/www.microkosin.com\/pt\/wp-json\/wp\/v2\/product\/7752\/revisions"}],"predecessor-version":[{"id":8236,"href":"https:\/\/www.microkosin.com\/pt\/wp-json\/wp\/v2\/product\/7752\/revisions\/8236"}],"wp:featuredmedia":[{"embeddable":true,"href":"https:\/\/www.microkosin.com\/pt\/wp-json\/wp\/v2\/media\/7753"}],"wp:attachment":[{"href":"https:\/\/www.microkosin.com\/pt\/wp-json\/wp\/v2\/media?parent=7752"}],"wp:term":[{"taxonomy":"product_cat","embeddable":true,"href":"https:\/\/www.microkosin.com\/pt\/wp-json\/wp\/v2\/product_cat?post=7752"},{"taxonomy":"product_tag","embeddable":true,"href":"https:\/\/www.microkosin.com\/pt\/wp-json\/wp\/v2\/product_tag?post=7752"}],"curies":[{"name":"wp","href":"https:\/\/api.w.org\/{rel}","templated":true}]}}