{"id":7563,"date":"2025-06-23T17:39:32","date_gmt":"2025-06-23T09:39:32","guid":{"rendered":"https:\/\/www.microkosin.com\/?post_type=product&#038;p=7563"},"modified":"2025-07-18T11:30:31","modified_gmt":"2025-07-18T03:30:31","slug":"lithium-battery-indoor-digital-poster","status":"publish","type":"product","link":"https:\/\/www.microkosin.com\/pt\/produto\/lithium-battery-indoor-digital-poster\/","title":{"rendered":"P\u00f4ster digital interno com bateria de l\u00edtio"},"content":{"rendered":"<p><img fetchpriority=\"high\" decoding=\"async\" class=\"aligncenter size-full wp-image-7570\" src=\"http:\/\/www.microkosin.com\/wp-content\/uploads\/2025\/06\/\u9996\u56fe-16.jpg\" alt=\"\" width=\"1500\" height=\"600\" srcset=\"https:\/\/www.microkosin.com\/wp-content\/uploads\/2025\/06\/\u9996\u56fe-16.jpg 1500w, https:\/\/www.microkosin.com\/wp-content\/uploads\/2025\/06\/\u9996\u56fe-16-300x120.jpg 300w, https:\/\/www.microkosin.com\/wp-content\/uploads\/2025\/06\/\u9996\u56fe-16-1024x410.jpg 1024w, https:\/\/www.microkosin.com\/wp-content\/uploads\/2025\/06\/\u9996\u56fe-16-768x307.jpg 768w, https:\/\/www.microkosin.com\/wp-content\/uploads\/2025\/06\/\u9996\u56fe-16-18x7.jpg 18w, https:\/\/www.microkosin.com\/wp-content\/uploads\/2025\/06\/\u9996\u56fe-16-600x240.jpg 600w\" sizes=\"(max-width: 1500px) 100vw, 1500px\" \/><\/p>\n<table>\n<tbody>\n<tr>\n<td width=\"533\"><img decoding=\"async\" class=\"aligncenter wp-image-7571 lazyload\" data-src=\"http:\/\/www.microkosin.com\/wp-content\/uploads\/2025\/06\/6-5.jpg\" alt=\"\" width=\"433\" height=\"433\" data-srcset=\"https:\/\/www.microkosin.com\/wp-content\/uploads\/2025\/06\/6-5.jpg 1000w, https:\/\/www.microkosin.com\/wp-content\/uploads\/2025\/06\/6-5-300x300.jpg 300w, https:\/\/www.microkosin.com\/wp-content\/uploads\/2025\/06\/6-5-150x150.jpg 150w, https:\/\/www.microkosin.com\/wp-content\/uploads\/2025\/06\/6-5-768x768.jpg 768w, https:\/\/www.microkosin.com\/wp-content\/uploads\/2025\/06\/6-5-12x12.jpg 12w, https:\/\/www.microkosin.com\/wp-content\/uploads\/2025\/06\/6-5-600x600.jpg 600w, https:\/\/www.microkosin.com\/wp-content\/uploads\/2025\/06\/6-5-100x100.jpg 100w\" data-sizes=\"(max-width: 433px) 100vw, 433px\" src=\"data:image\/svg+xml;base64,PHN2ZyB3aWR0aD0iMSIgaGVpZ2h0PSIxIiB4bWxucz0iaHR0cDovL3d3dy53My5vcmcvMjAwMC9zdmciPjwvc3ZnPg==\" style=\"--smush-placeholder-width: 433px; --smush-placeholder-aspect-ratio: 433\/433;\" \/><\/td>\n<td style=\"vertical-align: top; text-align: left;\" width=\"516\"><strong>Kosintec<\/strong><strong>\u00a0Placa digital A alimentada por bateria<\/strong><\/p>\n<p>O p\u00f4ster digital alimentado por bateria da Kosintec \u00e9 o melhor substituto para banners enrol\u00e1veis e quadros de escrita tradicionais<br \/>\n-Os monitores LCD a bateria da Kosintec para sinaliza\u00e7\u00e3o digital port\u00e1til s\u00e3o uma solu\u00e7\u00e3o totalmente port\u00e1til e podem ser facilmente movidos por uma pessoa, pois possuem rod\u00edzios fixos com uma barra de apoio e um design dobr\u00e1vel<br \/>\n-Equipado com um painel de n\u00edvel comercial, com uma vida \u00fatil de 50.000 horas, e usando componentes de alta qualidade, garante que os monitores de sinaliza\u00e7\u00e3o digital port\u00e1teis com bateria para p\u00f4steres\/quadros digitais Android da Kosintec possam estar em uso constante 24 horas por dia, 7 dias por semana.<br \/>\n-O tempo de funcionamento da bateria \u00e9 de aproximadamente 14 horas.<br \/>\n-Tr\u00eas solu\u00e7\u00f5es opcionais\uff1aVers\u00e3o do monitor\uff0cVers\u00e3o Plug &amp; Play, vers\u00e3o Android.<br \/>\nCom HDMI IN, permite a conex\u00e3o de um reprodutor de m\u00eddia externo.<\/td>\n<\/tr>\n<tr>\n<td style=\"vertical-align: top; text-align: left;\" width=\"516\"><strong>Sistema alimentado por bateria<\/strong><\/p>\n<p>Atualize a sinaliza\u00e7\u00e3o tradicional de painel A com uma vers\u00e3o digital vibrante com v\u00e1rias mensagens e maior envolvimento do cliente. Os displays de sinaliza\u00e7\u00e3o digital a bateria Kosintec Android para p\u00f4steres digitais\/pain\u00e9is digitais port\u00e1teis com sistema alimentado por bateria podem ser instalados em v\u00e1rios locais, sempre que necess\u00e1rio.<br \/>\nPerfeito para:<br \/>\n- Wayfinding - Zonas de coleta e de espera ou \u00e1reas de tratamento em hospitais.<br \/>\n- Varejistas - Ofertas especiais ou demonstra\u00e7\u00f5es em lojas de departamento.<br \/>\n- Pontos de venda de alimentos - Card\u00e1pios, pre\u00e7os, novos pratos e bebidas ou ofertas especiais<\/p>\n<p><strong><b>Solu\u00e7\u00e3o totalmente port\u00e1til\u00a0<\/b><\/strong><\/p>\n<p>Os displays de sinaliza\u00e7\u00e3o digital port\u00e1teis a bateria Kosintec Android s\u00e3o uma solu\u00e7\u00e3o totalmente port\u00e1til e podem ser facilmente movidos por uma pessoa, pois possuem rod\u00edzios fixos. Essas rodas podem ser travadas para evitar que a tela se mova quando estiver no lugar.<\/td>\n<td width=\"516\"><img decoding=\"async\" class=\"aligncenter wp-image-7565 lazyload\" data-src=\"http:\/\/www.microkosin.com\/wp-content\/uploads\/2025\/06\/2-10.jpg\" alt=\"\" width=\"455\" height=\"455\" data-srcset=\"https:\/\/www.microkosin.com\/wp-content\/uploads\/2025\/06\/2-10.jpg 1000w, https:\/\/www.microkosin.com\/wp-content\/uploads\/2025\/06\/2-10-300x300.jpg 300w, https:\/\/www.microkosin.com\/wp-content\/uploads\/2025\/06\/2-10-150x150.jpg 150w, https:\/\/www.microkosin.com\/wp-content\/uploads\/2025\/06\/2-10-768x768.jpg 768w, https:\/\/www.microkosin.com\/wp-content\/uploads\/2025\/06\/2-10-12x12.jpg 12w, https:\/\/www.microkosin.com\/wp-content\/uploads\/2025\/06\/2-10-600x600.jpg 600w, https:\/\/www.microkosin.com\/wp-content\/uploads\/2025\/06\/2-10-100x100.jpg 100w\" data-sizes=\"(max-width: 455px) 100vw, 455px\" src=\"data:image\/svg+xml;base64,PHN2ZyB3aWR0aD0iMSIgaGVpZ2h0PSIxIiB4bWxucz0iaHR0cDovL3d3dy53My5vcmcvMjAwMC9zdmciPjwvc3ZnPg==\" style=\"--smush-placeholder-width: 455px; --smush-placeholder-aspect-ratio: 455\/455;\" \/><\/td>\n<\/tr>\n<tr>\n<td width=\"533\"><img decoding=\"async\" class=\"aligncenter wp-image-7568 lazyload\" data-src=\"http:\/\/www.microkosin.com\/wp-content\/uploads\/2025\/06\/5-5.jpg\" alt=\"\" width=\"458\" height=\"458\" data-srcset=\"https:\/\/www.microkosin.com\/wp-content\/uploads\/2025\/06\/5-5.jpg 1000w, https:\/\/www.microkosin.com\/wp-content\/uploads\/2025\/06\/5-5-300x300.jpg 300w, https:\/\/www.microkosin.com\/wp-content\/uploads\/2025\/06\/5-5-150x150.jpg 150w, https:\/\/www.microkosin.com\/wp-content\/uploads\/2025\/06\/5-5-768x768.jpg 768w, https:\/\/www.microkosin.com\/wp-content\/uploads\/2025\/06\/5-5-12x12.jpg 12w, https:\/\/www.microkosin.com\/wp-content\/uploads\/2025\/06\/5-5-600x600.jpg 600w, https:\/\/www.microkosin.com\/wp-content\/uploads\/2025\/06\/5-5-100x100.jpg 100w\" data-sizes=\"(max-width: 458px) 100vw, 458px\" src=\"data:image\/svg+xml;base64,PHN2ZyB3aWR0aD0iMSIgaGVpZ2h0PSIxIiB4bWxucz0iaHR0cDovL3d3dy53My5vcmcvMjAwMC9zdmciPjwvc3ZnPg==\" style=\"--smush-placeholder-width: 458px; --smush-placeholder-aspect-ratio: 458\/458;\" \/><\/td>\n<td style=\"vertical-align: top; text-align: left;\" width=\"516\"><strong>Temporizador de energia e energia via plugue da rede el\u00e9trica<\/strong><\/p>\n<p>Os monitores de sinaliza\u00e7\u00e3o digital port\u00e1teis alimentados por bateria para Android da Kosintec com o timer de energia ecol\u00f3gico permitem atribuir hor\u00e1rios di\u00e1rios ou semanais para ligar e desligar a tela. A capacidade de ligar e desligar automaticamente significa que os monitores de sinaliza\u00e7\u00e3o digital port\u00e1teis com bateria para Android da Kosintec s\u00f3 estar\u00e3o em uso quando for necess\u00e1rio, melhorando sua efici\u00eancia ambiental. Nossos monitores de sinaliza\u00e7\u00e3o digital port\u00e1teis com bateria para Android podem ser alimentados pela rede el\u00e9trica, bastando conectar o cabo de carregamento a uma tomada.<\/p>\n<p><strong><b>Suporte \u00e0 personaliza\u00e7\u00e3o completa<\/b><\/strong><\/p>\n<p>Fornecemos servi\u00e7os sob medida para suas aplica\u00e7\u00f5es complicadas. Com mais de 18 anos de experi\u00eancia em solu\u00e7\u00f5es de sinaliza\u00e7\u00e3o digital, a Kosintec sabe o que voc\u00ea quer e fornece produtos econ\u00f4micos para o seu setor, n\u00e3o apenas no varejo, hotelaria, educa\u00e7\u00e3o, sa\u00fade, mas tamb\u00e9m em transporte, entretenimento e corporativo.<\/td>\n<\/tr>\n<\/tbody>\n<\/table>\n<div>\n<div>\n<p>&nbsp;<\/p>\n<div style=\"font-size: 1.8em; font-weight: bold; text-align: center;\">\u203b Por que escolher as sinaliza\u00e7\u00f5es digitais da Kosintec \u203b<\/div>\n<p>&nbsp;<\/p>\n<\/div>\n<div><img decoding=\"async\" class=\"aligncenter size-full wp-image-8217 lazyload\" data-src=\"http:\/\/www.microkosin.com\/wp-content\/uploads\/2025\/07\/1-10.jpg\" alt=\"\" width=\"1500\" height=\"300\" data-srcset=\"https:\/\/www.microkosin.com\/wp-content\/uploads\/2025\/07\/1-10.jpg 1500w, https:\/\/www.microkosin.com\/wp-content\/uploads\/2025\/07\/1-10-300x60.jpg 300w, https:\/\/www.microkosin.com\/wp-content\/uploads\/2025\/07\/1-10-1024x205.jpg 1024w, https:\/\/www.microkosin.com\/wp-content\/uploads\/2025\/07\/1-10-768x154.jpg 768w, https:\/\/www.microkosin.com\/wp-content\/uploads\/2025\/07\/1-10-18x4.jpg 18w, https:\/\/www.microkosin.com\/wp-content\/uploads\/2025\/07\/1-10-600x120.jpg 600w\" data-sizes=\"(max-width: 1500px) 100vw, 1500px\" src=\"data:image\/svg+xml;base64,PHN2ZyB3aWR0aD0iMSIgaGVpZ2h0PSIxIiB4bWxucz0iaHR0cDovL3d3dy53My5vcmcvMjAwMC9zdmciPjwvc3ZnPg==\" style=\"--smush-placeholder-width: 1500px; --smush-placeholder-aspect-ratio: 1500\/300;\" \/><\/div>\n<p>&nbsp;<\/p>\n<div>\n<div class=\"row\">\n<div class=\"col-sm-6\">\n<h4>- Tela de alta qualidade<\/h4>\n<div>A sinaliza\u00e7\u00e3o digital da Kosintec oferece tela de alta qualidade que utiliza vidro temperado \u00e0 prova de explos\u00e3o. A tela industrial de alto desempenho garante alta resolu\u00e7\u00e3o, alto brilho e estabilidade de uso. A sinaliza\u00e7\u00e3o digital da Kosintec tamb\u00e9m pode ser atualizada para 4K para que voc\u00ea possa assistir a imagens n\u00edtidas e coloridas com uma clareza excelente.<\/div>\n<p>&nbsp;<\/p>\n<div>\n<div class=\"col-sm-6\"><span style=\"font-size: 1.3em; font-weight: bold;\">- F\u00e1cil controle de dados<\/span><\/div>\n<div class=\"col-sm-6\">\n<div>As sinaliza\u00e7\u00f5es digitais comerciais da Kosintec oferecem f\u00e1cil gerenciamento de conte\u00fado com v\u00e1rias formas de opera\u00e7\u00e3o:<\/div>\n<div>- Controle remoto via WiFi\/3G\/4G\/5G\/WLAN\/Bluetooth<br \/>\n- Plug and Play USB direto<\/div>\n<p>&nbsp;<\/p>\n<\/div>\n<\/div>\n<h4><img decoding=\"async\" class=\"aligncenter size-full wp-image-8218 lazyload\" data-src=\"http:\/\/www.microkosin.com\/wp-content\/uploads\/2025\/07\/2-7.jpg\" alt=\"\" width=\"1500\" height=\"300\" data-srcset=\"https:\/\/www.microkosin.com\/wp-content\/uploads\/2025\/07\/2-7.jpg 1500w, https:\/\/www.microkosin.com\/wp-content\/uploads\/2025\/07\/2-7-300x60.jpg 300w, https:\/\/www.microkosin.com\/wp-content\/uploads\/2025\/07\/2-7-1024x205.jpg 1024w, https:\/\/www.microkosin.com\/wp-content\/uploads\/2025\/07\/2-7-768x154.jpg 768w, https:\/\/www.microkosin.com\/wp-content\/uploads\/2025\/07\/2-7-18x4.jpg 18w, https:\/\/www.microkosin.com\/wp-content\/uploads\/2025\/07\/2-7-600x120.jpg 600w\" data-sizes=\"(max-width: 1500px) 100vw, 1500px\" src=\"data:image\/svg+xml;base64,PHN2ZyB3aWR0aD0iMSIgaGVpZ2h0PSIxIiB4bWxucz0iaHR0cDovL3d3dy53My5vcmcvMjAwMC9zdmciPjwvc3ZnPg==\" style=\"--smush-placeholder-width: 1500px; --smush-placeholder-aspect-ratio: 1500\/300;\" \/><\/h4>\n<p>&nbsp;<\/p>\n<\/div>\n<div class=\"col-sm-6\">\n<div>\n<h4>-24\/7 Uso cont\u00ednuo<\/h4>\n<div>Uma das caracter\u00edsticas importantes da sinaliza\u00e7\u00e3o digital da Kosintec \u00e9 a capacidade de trabalhar continuamente por longas horas e dias. A sinaliza\u00e7\u00e3o digital da Kosintec \u00e9 constru\u00edda para uso comercial 24 horas por dia, 7 dias por semana, com trabalho ininterrupto e desempenho est\u00e1vel.<\/div>\n<p>&nbsp;<\/p>\n<div>\n<h4>- Gerenciamento centralizado de dispositivos terminais<\/h4>\n<div>O sistema de gerenciamento de conte\u00fado baseado em nuvem da Kosintec, que oferece controle em tempo real e insights de sinaliza\u00e7\u00e3o digital inteligente, permite que os operadores gerenciem remotamente o conte\u00fado, a programa\u00e7\u00e3o de exibi\u00e7\u00e3o e outras fun\u00e7\u00f5es.<\/div>\n<p>&nbsp;<\/p>\n<\/div>\n<\/div>\n<\/div>\n<\/div>\n<\/div>\n<\/div>\n<div>\n<div class=\"row\">\n<div class=\"col-sm-6\">\n<div><img decoding=\"async\" class=\"aligncenter size-full wp-image-8219 lazyload\" data-src=\"http:\/\/www.microkosin.com\/wp-content\/uploads\/2025\/07\/3-10.jpg\" alt=\"\" width=\"1500\" height=\"300\" data-srcset=\"https:\/\/www.microkosin.com\/wp-content\/uploads\/2025\/07\/3-10.jpg 1500w, https:\/\/www.microkosin.com\/wp-content\/uploads\/2025\/07\/3-10-300x60.jpg 300w, https:\/\/www.microkosin.com\/wp-content\/uploads\/2025\/07\/3-10-1024x205.jpg 1024w, https:\/\/www.microkosin.com\/wp-content\/uploads\/2025\/07\/3-10-768x154.jpg 768w, https:\/\/www.microkosin.com\/wp-content\/uploads\/2025\/07\/3-10-18x4.jpg 18w, https:\/\/www.microkosin.com\/wp-content\/uploads\/2025\/07\/3-10-600x120.jpg 600w\" data-sizes=\"(max-width: 1500px) 100vw, 1500px\" src=\"data:image\/svg+xml;base64,PHN2ZyB3aWR0aD0iMSIgaGVpZ2h0PSIxIiB4bWxucz0iaHR0cDovL3d3dy53My5vcmcvMjAwMC9zdmciPjwvc3ZnPg==\" style=\"--smush-placeholder-width: 1500px; --smush-placeholder-aspect-ratio: 1500\/300;\" \/><\/div>\n<p>&nbsp;<\/p>\n<div>\n<h4>-Configura\u00e7\u00e3o m\u00faltipla e portas de E\/S vers\u00e1teis<\/h4>\n<div>Suporte flex\u00edvel \u00e0 integra\u00e7\u00e3o de sistemas operacionais: Android, Windows, Linux ou o sistema operacional aut\u00f4nomo de sinaliza\u00e7\u00e3o digital da Kosintec.<br \/>\nAmplo suporte de E\/S: portas HDMI\/VGA\/DVI\/USB\/RJ45 + reprodu\u00e7\u00e3o de m\u00eddia SD\/USB.<br \/>\nDesempenho perfeito: Projetado para reprodu\u00e7\u00e3o 4K sem atrasos e com perfei\u00e7\u00e3o de quadros para maximizar o envolvimento com as sinaliza\u00e7\u00f5es digitais da Kosintec.<\/div>\n<p>&nbsp;<\/p>\n<div>\n<h4>- Servi\u00e7o e garantia<\/h4>\n<div>Todas as sinaliza\u00e7\u00f5es digitais da Kosintec s\u00e3o fornecidas com garantia comercial de 1 a 2 anos (garantia estendida opcional), bem como suporte t\u00e9cnico gratuito vital\u00edcio. Nossas sinaliza\u00e7\u00f5es digitais s\u00e3o classificadas comercialmente e projetadas para funcionar 24 horas por dia, 7 dias por semana, em espa\u00e7os p\u00fablicos. A garantia da Kosintec cobre os defeitos resultantes de pe\u00e7as, materiais ou fabrica\u00e7\u00e3o defeituosos.<\/div>\n<p>&nbsp;<\/p>\n<div><img decoding=\"async\" class=\"aligncenter size-full wp-image-8214 lazyload\" data-src=\"http:\/\/www.microkosin.com\/wp-content\/uploads\/2025\/07\/7-2.jpg\" alt=\"\" width=\"1500\" height=\"600\" data-srcset=\"https:\/\/www.microkosin.com\/wp-content\/uploads\/2025\/07\/7-2.jpg 1500w, https:\/\/www.microkosin.com\/wp-content\/uploads\/2025\/07\/7-2-300x120.jpg 300w, https:\/\/www.microkosin.com\/wp-content\/uploads\/2025\/07\/7-2-1024x410.jpg 1024w, https:\/\/www.microkosin.com\/wp-content\/uploads\/2025\/07\/7-2-768x307.jpg 768w, https:\/\/www.microkosin.com\/wp-content\/uploads\/2025\/07\/7-2-18x7.jpg 18w, https:\/\/www.microkosin.com\/wp-content\/uploads\/2025\/07\/7-2-600x240.jpg 600w\" data-sizes=\"(max-width: 1500px) 100vw, 1500px\" src=\"data:image\/svg+xml;base64,PHN2ZyB3aWR0aD0iMSIgaGVpZ2h0PSIxIiB4bWxucz0iaHR0cDovL3d3dy53My5vcmcvMjAwMC9zdmciPjwvc3ZnPg==\" style=\"--smush-placeholder-width: 1500px; --smush-placeholder-aspect-ratio: 1500\/600;\" \/><\/div>\n<\/div>\n<\/div>\n<\/div>\n<\/div>\n<\/div>","protected":false},"excerpt":{"rendered":"<ul>\n<li>Tamanho da tela: 32\" | 43\" | 55\" | Personalizado<\/li>\n<li>Sistema operacional: Android | Windows | Linux | Personalizado<\/li>\n<li>Par\u00e2metros funcionais:\n<ul>\n<li style=\"list-style-type: none;\">\n<ul>\n<li>Dobr\u00e1vel e remov\u00edvel<\/li>\n<li>Alto brilho para ambientes internos 500 Nits<\/li>\n<li>Bateria de l\u00edtio<\/li>\n<li>Fornecimento - 7 horas<\/li>\n<li>Com visor de energia da bateria<\/li>\n<li>Toque na tampa P<\/li>\n<li>Interface WiFi<\/li>\n<\/ul>\n<\/li>\n<\/ul>\n<hr \/>\n<div style=\"width: 1280px;\" class=\"wp-video\"><!--[if lt IE 9]><script>document.createElement('video');<\/script><![endif]--><br \/>\n<video class=\"wp-video-shortcode\" id=\"video-7563-1\" width=\"1280\" height=\"720\" loop autoplay preload=\"metadata\" controls=\"controls\"><source type=\"video\/mp4\" src=\"http:\/\/www.microkosin.com\/wp-content\/uploads\/2025\/06\/9146ecc478d11479f8f6fabde93b57f0.mp4?_=1\" \/><a href=\"http:\/\/www.microkosin.com\/wp-content\/uploads\/2025\/06\/9146ecc478d11479f8f6fabde93b57f0.mp4\">http:\/\/www.microkosin.com\/wp-content\/uploads\/2025\/06\/9146ecc478d11479f8f6fabde93b57f0.mp4<\/a><\/video><\/div>\n<\/li>\n<\/ul>","protected":false},"featured_media":7564,"comment_status":"open","ping_status":"closed","template":"","meta":{"site-sidebar-layout":"default","site-content-layout":"","ast-site-content-layout":"default","site-content-style":"default","site-sidebar-style":"default","ast-global-header-display":"","ast-banner-title-visibility":"","ast-main-header-display":"","ast-hfb-above-header-display":"","ast-hfb-below-header-display":"","ast-hfb-mobile-header-display":"","site-post-title":"","ast-breadcrumbs-content":"","ast-featured-img":"","footer-sml-layout":"","theme-transparent-header-meta":"default","adv-header-id-meta":"","stick-header-meta":"","header-above-stick-meta":"","header-main-stick-meta":"","header-below-stick-meta":"","astra-migrate-meta-layouts":"set","ast-page-background-enabled":"default","ast-page-background-meta":{"desktop":{"background-color":"","background-image":"","background-repeat":"repeat","background-position":"center center","background-size":"auto","background-attachment":"scroll","background-type":"","background-media":"","overlay-type":"","overlay-color":"","overlay-opacity":"","overlay-gradient":""},"tablet":{"background-color":"","background-image":"","background-repeat":"repeat","background-position":"center center","background-size":"auto","background-attachment":"scroll","background-type":"","background-media":"","overlay-type":"","overlay-color":"","overlay-opacity":"","overlay-gradient":""},"mobile":{"background-color":"","background-image":"","background-repeat":"repeat","background-position":"center center","background-size":"auto","background-attachment":"scroll","background-type":"","background-media":"","overlay-type":"","overlay-color":"","overlay-opacity":"","overlay-gradient":""}},"ast-content-background-meta":{"desktop":{"background-color":"var(--ast-global-color-5)","background-image":"","background-repeat":"repeat","background-position":"center center","background-size":"auto","background-attachment":"scroll","background-type":"","background-media":"","overlay-type":"","overlay-color":"","overlay-opacity":"","overlay-gradient":""},"tablet":{"background-color":"var(--ast-global-color-5)","background-image":"","background-repeat":"repeat","background-position":"center center","background-size":"auto","background-attachment":"scroll","background-type":"","background-media":"","overlay-type":"","overlay-color":"","overlay-opacity":"","overlay-gradient":""},"mobile":{"background-color":"var(--ast-global-color-5)","background-image":"","background-repeat":"repeat","background-position":"center center","background-size":"auto","background-attachment":"scroll","background-type":"","background-media":"","overlay-type":"","overlay-color":"","overlay-opacity":"","overlay-gradient":""}}},"product_cat":[15,99,100],"product_tag":[],"class_list":{"0":"post-7563","1":"product","2":"type-product","3":"status-publish","4":"has-post-thumbnail","6":"product_cat-product","7":"product_cat-indoor-display","8":"product_cat-high-brightness","9":"desktop-align-left","10":"tablet-align-left","11":"mobile-align-left","12":"ast-product-gallery-layout-horizontal-slider","13":"ast-product-tabs-layout-horizontal","15":"first","16":"instock","17":"shipping-taxable","18":"product-type-simple"},"_links":{"self":[{"href":"https:\/\/www.microkosin.com\/pt\/wp-json\/wp\/v2\/product\/7563","targetHints":{"allow":["GET"]}}],"collection":[{"href":"https:\/\/www.microkosin.com\/pt\/wp-json\/wp\/v2\/product"}],"about":[{"href":"https:\/\/www.microkosin.com\/pt\/wp-json\/wp\/v2\/types\/product"}],"replies":[{"embeddable":true,"href":"https:\/\/www.microkosin.com\/pt\/wp-json\/wp\/v2\/comments?post=7563"}],"version-history":[{"count":6,"href":"https:\/\/www.microkosin.com\/pt\/wp-json\/wp\/v2\/product\/7563\/revisions"}],"predecessor-version":[{"id":8239,"href":"https:\/\/www.microkosin.com\/pt\/wp-json\/wp\/v2\/product\/7563\/revisions\/8239"}],"wp:featuredmedia":[{"embeddable":true,"href":"https:\/\/www.microkosin.com\/pt\/wp-json\/wp\/v2\/media\/7564"}],"wp:attachment":[{"href":"https:\/\/www.microkosin.com\/pt\/wp-json\/wp\/v2\/media?parent=7563"}],"wp:term":[{"taxonomy":"product_cat","embeddable":true,"href":"https:\/\/www.microkosin.com\/pt\/wp-json\/wp\/v2\/product_cat?post=7563"},{"taxonomy":"product_tag","embeddable":true,"href":"https:\/\/www.microkosin.com\/pt\/wp-json\/wp\/v2\/product_tag?post=7563"}],"curies":[{"name":"wp","href":"https:\/\/api.w.org\/{rel}","templated":true}]}}