{"id":7489,"date":"2025-06-23T11:03:31","date_gmt":"2025-06-23T03:03:31","guid":{"rendered":"https:\/\/www.microkosin.com\/?post_type=product&#038;p=7489"},"modified":"2025-09-16T14:11:33","modified_gmt":"2025-09-16T06:11:33","slug":"interactive-fitness-mirror-displays","status":"publish","type":"product","link":"https:\/\/www.microkosin.com\/pt\/produto\/interactive-fitness-mirror-displays\/","title":{"rendered":"Espelhos interativos de fitness"},"content":{"rendered":"<p><img fetchpriority=\"high\" decoding=\"async\" class=\"aligncenter size-full wp-image-7495\" src=\"http:\/\/www.microkosin.com\/wp-content\/uploads\/2025\/06\/\u9996\u56fe_-1.jpg\" alt=\"\" width=\"1500\" height=\"600\" srcset=\"https:\/\/www.microkosin.com\/wp-content\/uploads\/2025\/06\/\u9996\u56fe_-1.jpg 1500w, https:\/\/www.microkosin.com\/wp-content\/uploads\/2025\/06\/\u9996\u56fe_-1-300x120.jpg 300w, https:\/\/www.microkosin.com\/wp-content\/uploads\/2025\/06\/\u9996\u56fe_-1-1024x410.jpg 1024w, https:\/\/www.microkosin.com\/wp-content\/uploads\/2025\/06\/\u9996\u56fe_-1-768x307.jpg 768w, https:\/\/www.microkosin.com\/wp-content\/uploads\/2025\/06\/\u9996\u56fe_-1-18x7.jpg 18w, https:\/\/www.microkosin.com\/wp-content\/uploads\/2025\/06\/\u9996\u56fe_-1-600x240.jpg 600w\" sizes=\"(max-width: 1500px) 100vw, 1500px\" \/><\/p>\n<table>\n<tbody>\n<tr>\n<td width=\"533\"><img decoding=\"async\" class=\"aligncenter wp-image-7492 lazyload\" data-src=\"http:\/\/www.microkosin.com\/wp-content\/uploads\/2025\/06\/2-8.jpg\" alt=\"\" width=\"384\" height=\"384\" data-srcset=\"https:\/\/www.microkosin.com\/wp-content\/uploads\/2025\/06\/2-8.jpg 1000w, https:\/\/www.microkosin.com\/wp-content\/uploads\/2025\/06\/2-8-300x300.jpg 300w, https:\/\/www.microkosin.com\/wp-content\/uploads\/2025\/06\/2-8-150x150.jpg 150w, https:\/\/www.microkosin.com\/wp-content\/uploads\/2025\/06\/2-8-768x768.jpg 768w, https:\/\/www.microkosin.com\/wp-content\/uploads\/2025\/06\/2-8-12x12.jpg 12w, https:\/\/www.microkosin.com\/wp-content\/uploads\/2025\/06\/2-8-600x600.jpg 600w, https:\/\/www.microkosin.com\/wp-content\/uploads\/2025\/06\/2-8-100x100.jpg 100w\" data-sizes=\"(max-width: 384px) 100vw, 384px\" src=\"data:image\/svg+xml;base64,PHN2ZyB3aWR0aD0iMSIgaGVpZ2h0PSIxIiB4bWxucz0iaHR0cDovL3d3dy53My5vcmcvMjAwMC9zdmciPjwvc3ZnPg==\" style=\"--smush-placeholder-width: 384px; --smush-placeholder-aspect-ratio: 384\/384;\" \/><\/td>\n<td style=\"vertical-align: top; text-align: left;\" width=\"516\"><strong>Kosintec<\/strong><strong>\u00a0Espelhos interativos de fitness<\/strong><\/p>\n<p>O espelho interativo de fitness da Kosintec foi projetado para exerc\u00edcios sem limita\u00e7\u00e3o de tempo e espa\u00e7o.<br \/>\nA aplica\u00e7\u00e3o de espelho real, juntamente com a tecnologia de exibi\u00e7\u00e3o de tela, cria uma experi\u00eancia de dupla fun\u00e7\u00e3o.<br \/>\nSistema operacional Android inteligente com abertura de raiz, livre para instalar software de terceiros ou baixar aplicativos da loja Google Play. Ele tamb\u00e9m tem a fun\u00e7\u00e3o de espelhamento do celular com conex\u00e3o sem fio.<br \/>\nA fun\u00e7\u00e3o de m\u00faltiplos toques torna a opera\u00e7\u00e3o simples e mais interativa. A c\u00e2mera de alta defini\u00e7\u00e3o captura os movimentos do corpo para facilitar a corre\u00e7\u00e3o da postura<br \/>\nFitness, sa\u00fade, vamos come\u00e7ar do AGORA!<\/td>\n<\/tr>\n<tr>\n<td style=\"vertical-align: top; text-align: left;\" width=\"516\"><strong>Tela LCD Full HD 1080P e espelho de alto reflexo<\/strong><\/p>\n<p>O visor interativo com espelho para exerc\u00edcios f\u00edsicos da Kosintec \u00e9 uma tela LCD de 40 polegadas (ou 32 polegadas ou 43 polegadas) com resolu\u00e7\u00e3o Full HD. O painel de n\u00edvel comercial do monitor interativo de fitness Kosintec com 1920x1080P e tela de alto brilho oferece os pretos mais profundos, resultando em imagens n\u00edtidas e claras.<\/p>\n<p><strong><b>Fun\u00e7\u00e3o multitoque interativa<\/b><\/strong><\/p>\n<p>A fun\u00e7\u00e3o interativa de toque CAPACITIVO de 10 pontos (PCAP Touch) e o uso sem fio tornam a opera\u00e7\u00e3o mais conveniente e interessante<\/td>\n<td width=\"516\"><img decoding=\"async\" class=\"aligncenter wp-image-7493 lazyload\" data-src=\"http:\/\/www.microkosin.com\/wp-content\/uploads\/2025\/06\/3-5.jpg\" alt=\"\" width=\"383\" height=\"383\" data-srcset=\"https:\/\/www.microkosin.com\/wp-content\/uploads\/2025\/06\/3-5.jpg 1000w, https:\/\/www.microkosin.com\/wp-content\/uploads\/2025\/06\/3-5-300x300.jpg 300w, https:\/\/www.microkosin.com\/wp-content\/uploads\/2025\/06\/3-5-150x150.jpg 150w, https:\/\/www.microkosin.com\/wp-content\/uploads\/2025\/06\/3-5-768x768.jpg 768w, https:\/\/www.microkosin.com\/wp-content\/uploads\/2025\/06\/3-5-12x12.jpg 12w, https:\/\/www.microkosin.com\/wp-content\/uploads\/2025\/06\/3-5-600x600.jpg 600w, https:\/\/www.microkosin.com\/wp-content\/uploads\/2025\/06\/3-5-100x100.jpg 100w\" data-sizes=\"(max-width: 383px) 100vw, 383px\" src=\"data:image\/svg+xml;base64,PHN2ZyB3aWR0aD0iMSIgaGVpZ2h0PSIxIiB4bWxucz0iaHR0cDovL3d3dy53My5vcmcvMjAwMC9zdmciPjwvc3ZnPg==\" style=\"--smush-placeholder-width: 383px; --smush-placeholder-aspect-ratio: 383\/383;\" \/><\/td>\n<\/tr>\n<tr>\n<td width=\"533\"><img decoding=\"async\" class=\"aligncenter wp-image-7494 lazyload\" data-src=\"http:\/\/www.microkosin.com\/wp-content\/uploads\/2025\/06\/4-4.jpg\" alt=\"\" width=\"413\" height=\"413\" data-srcset=\"https:\/\/www.microkosin.com\/wp-content\/uploads\/2025\/06\/4-4.jpg 1000w, https:\/\/www.microkosin.com\/wp-content\/uploads\/2025\/06\/4-4-300x300.jpg 300w, https:\/\/www.microkosin.com\/wp-content\/uploads\/2025\/06\/4-4-150x150.jpg 150w, https:\/\/www.microkosin.com\/wp-content\/uploads\/2025\/06\/4-4-768x768.jpg 768w, https:\/\/www.microkosin.com\/wp-content\/uploads\/2025\/06\/4-4-12x12.jpg 12w, https:\/\/www.microkosin.com\/wp-content\/uploads\/2025\/06\/4-4-600x600.jpg 600w, https:\/\/www.microkosin.com\/wp-content\/uploads\/2025\/06\/4-4-100x100.jpg 100w\" data-sizes=\"(max-width: 413px) 100vw, 413px\" src=\"data:image\/svg+xml;base64,PHN2ZyB3aWR0aD0iMSIgaGVpZ2h0PSIxIiB4bWxucz0iaHR0cDovL3d3dy53My5vcmcvMjAwMC9zdmciPjwvc3ZnPg==\" style=\"--smush-placeholder-width: 413px; --smush-placeholder-aspect-ratio: 413\/413;\" \/><\/td>\n<td style=\"vertical-align: top; text-align: left;\" width=\"516\"><strong>V\u00e1rios aplicativos de condicionamento f\u00edsico e m\u00e9todo de instala\u00e7\u00e3o flex\u00edvel<\/strong><\/p>\n<p>A tela de espelho de fitness interativa da Kosintec \u00e9 tudo em um sistema Android por padr\u00e3o. Suporte para instalar aplicativos de terceiros ou tamb\u00e9m podemos baixar e instalar aplicativos da Google Play Store. O espelho interativo para exerc\u00edcios f\u00edsicos da Kosintec tem tr\u00eas formas de instala\u00e7\u00e3o: com suporte em U, com suporte de parede ou suporte de ch\u00e3o m\u00f3vel.<\/p>\n<p><strong><b>Suporte \u00e0 personaliza\u00e7\u00e3o completa<\/b><\/strong><\/p>\n<p>Fornecemos servi\u00e7os sob medida para suas aplica\u00e7\u00f5es complicadas. Com mais de 18 anos de experi\u00eancia em solu\u00e7\u00f5es de displays digitais, a Kosintec sabe o que voc\u00ea quer e fornece produtos econ\u00f4micos para o seu setor, n\u00e3o apenas no varejo, hotelaria, educa\u00e7\u00e3o, sa\u00fade, mas tamb\u00e9m em transporte, entretenimento e corporativo.<\/td>\n<\/tr>\n<\/tbody>\n<\/table>\n<div>\n<div>\n<p>&nbsp;<\/p>\n<div style=\"font-size: 1.8em; font-weight: bold; text-align: center;\">\u203b Por que escolher as sinaliza\u00e7\u00f5es digitais da Kosintec \u203b<\/div>\n<p>&nbsp;<\/p>\n<\/div>\n<div><img decoding=\"async\" class=\"aligncenter size-full wp-image-8217 lazyload\" data-src=\"http:\/\/www.microkosin.com\/wp-content\/uploads\/2025\/07\/1-10.jpg\" alt=\"\" width=\"1500\" height=\"300\" data-srcset=\"https:\/\/www.microkosin.com\/wp-content\/uploads\/2025\/07\/1-10.jpg 1500w, https:\/\/www.microkosin.com\/wp-content\/uploads\/2025\/07\/1-10-300x60.jpg 300w, https:\/\/www.microkosin.com\/wp-content\/uploads\/2025\/07\/1-10-1024x205.jpg 1024w, https:\/\/www.microkosin.com\/wp-content\/uploads\/2025\/07\/1-10-768x154.jpg 768w, https:\/\/www.microkosin.com\/wp-content\/uploads\/2025\/07\/1-10-18x4.jpg 18w, https:\/\/www.microkosin.com\/wp-content\/uploads\/2025\/07\/1-10-600x120.jpg 600w\" data-sizes=\"(max-width: 1500px) 100vw, 1500px\" src=\"data:image\/svg+xml;base64,PHN2ZyB3aWR0aD0iMSIgaGVpZ2h0PSIxIiB4bWxucz0iaHR0cDovL3d3dy53My5vcmcvMjAwMC9zdmciPjwvc3ZnPg==\" style=\"--smush-placeholder-width: 1500px; --smush-placeholder-aspect-ratio: 1500\/300;\" \/><\/div>\n<p>&nbsp;<\/p>\n<div>\n<div class=\"row\">\n<div class=\"col-sm-6\">\n<h4>- Tela de alta qualidade<\/h4>\n<div>A sinaliza\u00e7\u00e3o digital da Kosintec oferece tela de alta qualidade que utiliza vidro temperado \u00e0 prova de explos\u00e3o. A tela industrial de alto desempenho garante alta resolu\u00e7\u00e3o, alto brilho e estabilidade de uso. A sinaliza\u00e7\u00e3o digital da Kosintec tamb\u00e9m pode ser atualizada para 4K para que voc\u00ea possa assistir a imagens n\u00edtidas e coloridas com uma clareza excelente.<\/div>\n<p>&nbsp;<\/p>\n<div>\n<div class=\"col-sm-6\"><span style=\"font-size: 1.3em; font-weight: bold;\">- F\u00e1cil controle de dados<\/span><\/div>\n<div class=\"col-sm-6\">\n<div>As sinaliza\u00e7\u00f5es digitais comerciais da Kosintec oferecem f\u00e1cil gerenciamento de conte\u00fado com v\u00e1rias formas de opera\u00e7\u00e3o:<\/div>\n<div>- Controle remoto via WiFi\/3G\/4G\/5G\/WLAN\/Bluetooth<br \/>\n- Plug and Play USB direto<\/div>\n<p>&nbsp;<\/p>\n<\/div>\n<\/div>\n<h4><img decoding=\"async\" class=\"aligncenter size-full wp-image-8218 lazyload\" data-src=\"http:\/\/www.microkosin.com\/wp-content\/uploads\/2025\/07\/2-7.jpg\" alt=\"\" width=\"1500\" height=\"300\" data-srcset=\"https:\/\/www.microkosin.com\/wp-content\/uploads\/2025\/07\/2-7.jpg 1500w, https:\/\/www.microkosin.com\/wp-content\/uploads\/2025\/07\/2-7-300x60.jpg 300w, https:\/\/www.microkosin.com\/wp-content\/uploads\/2025\/07\/2-7-1024x205.jpg 1024w, https:\/\/www.microkosin.com\/wp-content\/uploads\/2025\/07\/2-7-768x154.jpg 768w, https:\/\/www.microkosin.com\/wp-content\/uploads\/2025\/07\/2-7-18x4.jpg 18w, https:\/\/www.microkosin.com\/wp-content\/uploads\/2025\/07\/2-7-600x120.jpg 600w\" data-sizes=\"(max-width: 1500px) 100vw, 1500px\" src=\"data:image\/svg+xml;base64,PHN2ZyB3aWR0aD0iMSIgaGVpZ2h0PSIxIiB4bWxucz0iaHR0cDovL3d3dy53My5vcmcvMjAwMC9zdmciPjwvc3ZnPg==\" style=\"--smush-placeholder-width: 1500px; --smush-placeholder-aspect-ratio: 1500\/300;\" \/><\/h4>\n<p>&nbsp;<\/p>\n<\/div>\n<div class=\"col-sm-6\">\n<div>\n<h4>-24\/7 Uso cont\u00ednuo<\/h4>\n<div>Uma das caracter\u00edsticas importantes da sinaliza\u00e7\u00e3o digital da Kosintec \u00e9 a capacidade de trabalhar continuamente por longas horas e dias. A sinaliza\u00e7\u00e3o digital da Kosintec \u00e9 constru\u00edda para uso comercial 24 horas por dia, 7 dias por semana, com trabalho ininterrupto e desempenho est\u00e1vel.<\/div>\n<p>&nbsp;<\/p>\n<div>\n<h4>- Gerenciamento centralizado de dispositivos terminais<\/h4>\n<div>O sistema de gerenciamento de conte\u00fado baseado em nuvem da Kosintec, que oferece controle em tempo real e insights de sinaliza\u00e7\u00e3o digital inteligente, permite que os operadores gerenciem remotamente o conte\u00fado, a programa\u00e7\u00e3o de exibi\u00e7\u00e3o e outras fun\u00e7\u00f5es.<\/div>\n<p>&nbsp;<\/p>\n<\/div>\n<\/div>\n<\/div>\n<\/div>\n<\/div>\n<\/div>\n<div>\n<div class=\"row\">\n<div class=\"col-sm-6\">\n<div><img decoding=\"async\" class=\"aligncenter size-full wp-image-8219 lazyload\" data-src=\"http:\/\/www.microkosin.com\/wp-content\/uploads\/2025\/07\/3-10.jpg\" alt=\"\" width=\"1500\" height=\"300\" data-srcset=\"https:\/\/www.microkosin.com\/wp-content\/uploads\/2025\/07\/3-10.jpg 1500w, https:\/\/www.microkosin.com\/wp-content\/uploads\/2025\/07\/3-10-300x60.jpg 300w, https:\/\/www.microkosin.com\/wp-content\/uploads\/2025\/07\/3-10-1024x205.jpg 1024w, https:\/\/www.microkosin.com\/wp-content\/uploads\/2025\/07\/3-10-768x154.jpg 768w, https:\/\/www.microkosin.com\/wp-content\/uploads\/2025\/07\/3-10-18x4.jpg 18w, https:\/\/www.microkosin.com\/wp-content\/uploads\/2025\/07\/3-10-600x120.jpg 600w\" data-sizes=\"(max-width: 1500px) 100vw, 1500px\" src=\"data:image\/svg+xml;base64,PHN2ZyB3aWR0aD0iMSIgaGVpZ2h0PSIxIiB4bWxucz0iaHR0cDovL3d3dy53My5vcmcvMjAwMC9zdmciPjwvc3ZnPg==\" style=\"--smush-placeholder-width: 1500px; --smush-placeholder-aspect-ratio: 1500\/300;\" \/><\/div>\n<p>&nbsp;<\/p>\n<div>\n<h4>-Configura\u00e7\u00e3o m\u00faltipla e portas de E\/S vers\u00e1teis<\/h4>\n<div>Suporte flex\u00edvel \u00e0 integra\u00e7\u00e3o de sistemas operacionais: Android, Windows, Linux ou o sistema operacional aut\u00f4nomo de sinaliza\u00e7\u00e3o digital da Kosintec.<br \/>\nAmplo suporte de E\/S: portas HDMI\/VGA\/DVI\/USB\/RJ45 + reprodu\u00e7\u00e3o de m\u00eddia SD\/USB.<br \/>\nDesempenho perfeito: Projetado para reprodu\u00e7\u00e3o 4K sem atrasos e com perfei\u00e7\u00e3o de quadros para maximizar o envolvimento com as sinaliza\u00e7\u00f5es digitais da Kosintec.<\/div>\n<p>&nbsp;<\/p>\n<div>\n<h4>- Servi\u00e7o e garantia<\/h4>\n<div>Todas as sinaliza\u00e7\u00f5es digitais da Kosintec s\u00e3o fornecidas com garantia comercial de 1 a 2 anos (garantia estendida opcional), bem como suporte t\u00e9cnico gratuito vital\u00edcio. Nossas sinaliza\u00e7\u00f5es digitais s\u00e3o classificadas comercialmente e projetadas para funcionar 24 horas por dia, 7 dias por semana, em espa\u00e7os p\u00fablicos. A garantia da Kosintec cobre os defeitos resultantes de pe\u00e7as, materiais ou fabrica\u00e7\u00e3o defeituosos.<\/div>\n<p>&nbsp;<\/p>\n<div><img decoding=\"async\" class=\"aligncenter size-full wp-image-8214 lazyload\" data-src=\"http:\/\/www.microkosin.com\/wp-content\/uploads\/2025\/07\/7-2.jpg\" alt=\"\" width=\"1500\" height=\"600\" data-srcset=\"https:\/\/www.microkosin.com\/wp-content\/uploads\/2025\/07\/7-2.jpg 1500w, https:\/\/www.microkosin.com\/wp-content\/uploads\/2025\/07\/7-2-300x120.jpg 300w, https:\/\/www.microkosin.com\/wp-content\/uploads\/2025\/07\/7-2-1024x410.jpg 1024w, https:\/\/www.microkosin.com\/wp-content\/uploads\/2025\/07\/7-2-768x307.jpg 768w, https:\/\/www.microkosin.com\/wp-content\/uploads\/2025\/07\/7-2-18x7.jpg 18w, https:\/\/www.microkosin.com\/wp-content\/uploads\/2025\/07\/7-2-600x240.jpg 600w\" data-sizes=\"(max-width: 1500px) 100vw, 1500px\" src=\"data:image\/svg+xml;base64,PHN2ZyB3aWR0aD0iMSIgaGVpZ2h0PSIxIiB4bWxucz0iaHR0cDovL3d3dy53My5vcmcvMjAwMC9zdmciPjwvc3ZnPg==\" style=\"--smush-placeholder-width: 1500px; --smush-placeholder-aspect-ratio: 1500\/600;\" \/><\/div>\n<\/div>\n<\/div>\n<\/div>\n<\/div>\n<\/div>","protected":false},"excerpt":{"rendered":"<ul>\n<li>Screen Size\uff1a 32&#8221; | 43&#8221; | 55&#8221; | Customized<\/li>\n<li>Sistema operacional: Android | Windows | Linux | Personalizado<\/li>\n<li>Par\u00e2metros funcionais:\n<ul>\n<li>C\u00e2mera opcional<\/li>\n<li>Painel Comercial IPS<\/li>\n<li>Espelho de alta reflex\u00e3o<\/li>\n<li>CPU integrada de alto desempenho<\/li>\n<li>PCAP Multi-Touch<\/li>\n<li>Displays interativos de espelhos de fitness<\/li>\n<li>CelularEspelhamento de tela<\/li>\n<\/ul>\n<hr \/>\n<\/li>\n<\/ul>","protected":false},"featured_media":7490,"comment_status":"open","ping_status":"closed","template":"","meta":{"site-sidebar-layout":"default","site-content-layout":"","ast-site-content-layout":"default","site-content-style":"default","site-sidebar-style":"default","ast-global-header-display":"","ast-banner-title-visibility":"","ast-main-header-display":"","ast-hfb-above-header-display":"","ast-hfb-below-header-display":"","ast-hfb-mobile-header-display":"","site-post-title":"","ast-breadcrumbs-content":"","ast-featured-img":"","footer-sml-layout":"","theme-transparent-header-meta":"default","adv-header-id-meta":"","stick-header-meta":"","header-above-stick-meta":"","header-main-stick-meta":"","header-below-stick-meta":"","astra-migrate-meta-layouts":"set","ast-page-background-enabled":"default","ast-page-background-meta":{"desktop":{"background-color":"","background-image":"","background-repeat":"repeat","background-position":"center center","background-size":"auto","background-attachment":"scroll","background-type":"","background-media":"","overlay-type":"","overlay-color":"","overlay-opacity":"","overlay-gradient":""},"tablet":{"background-color":"","background-image":"","background-repeat":"repeat","background-position":"center center","background-size":"auto","background-attachment":"scroll","background-type":"","background-media":"","overlay-type":"","overlay-color":"","overlay-opacity":"","overlay-gradient":""},"mobile":{"background-color":"","background-image":"","background-repeat":"repeat","background-position":"center center","background-size":"auto","background-attachment":"scroll","background-type":"","background-media":"","overlay-type":"","overlay-color":"","overlay-opacity":"","overlay-gradient":""}},"ast-content-background-meta":{"desktop":{"background-color":"var(--ast-global-color-5)","background-image":"","background-repeat":"repeat","background-position":"center center","background-size":"auto","background-attachment":"scroll","background-type":"","background-media":"","overlay-type":"","overlay-color":"","overlay-opacity":"","overlay-gradient":""},"tablet":{"background-color":"var(--ast-global-color-5)","background-image":"","background-repeat":"repeat","background-position":"center center","background-size":"auto","background-attachment":"scroll","background-type":"","background-media":"","overlay-type":"","overlay-color":"","overlay-opacity":"","overlay-gradient":""},"mobile":{"background-color":"var(--ast-global-color-5)","background-image":"","background-repeat":"repeat","background-position":"center center","background-size":"auto","background-attachment":"scroll","background-type":"","background-media":"","overlay-type":"","overlay-color":"","overlay-opacity":"","overlay-gradient":""}}},"product_cat":[15,99],"product_tag":[],"class_list":{"0":"post-7489","1":"product","2":"type-product","3":"status-publish","4":"has-post-thumbnail","6":"product_cat-product","7":"product_cat-indoor-display","8":"desktop-align-left","9":"tablet-align-left","10":"mobile-align-left","11":"ast-product-gallery-layout-horizontal-slider","12":"ast-product-tabs-layout-horizontal","14":"first","15":"instock","16":"shipping-taxable","17":"product-type-simple"},"_links":{"self":[{"href":"https:\/\/www.microkosin.com\/pt\/wp-json\/wp\/v2\/product\/7489","targetHints":{"allow":["GET"]}}],"collection":[{"href":"https:\/\/www.microkosin.com\/pt\/wp-json\/wp\/v2\/product"}],"about":[{"href":"https:\/\/www.microkosin.com\/pt\/wp-json\/wp\/v2\/types\/product"}],"replies":[{"embeddable":true,"href":"https:\/\/www.microkosin.com\/pt\/wp-json\/wp\/v2\/comments?post=7489"}],"version-history":[{"count":5,"href":"https:\/\/www.microkosin.com\/pt\/wp-json\/wp\/v2\/product\/7489\/revisions"}],"predecessor-version":[{"id":8672,"href":"https:\/\/www.microkosin.com\/pt\/wp-json\/wp\/v2\/product\/7489\/revisions\/8672"}],"wp:featuredmedia":[{"embeddable":true,"href":"https:\/\/www.microkosin.com\/pt\/wp-json\/wp\/v2\/media\/7490"}],"wp:attachment":[{"href":"https:\/\/www.microkosin.com\/pt\/wp-json\/wp\/v2\/media?parent=7489"}],"wp:term":[{"taxonomy":"product_cat","embeddable":true,"href":"https:\/\/www.microkosin.com\/pt\/wp-json\/wp\/v2\/product_cat?post=7489"},{"taxonomy":"product_tag","embeddable":true,"href":"https:\/\/www.microkosin.com\/pt\/wp-json\/wp\/v2\/product_tag?post=7489"}],"curies":[{"name":"wp","href":"https:\/\/api.w.org\/{rel}","templated":true}]}}