{"id":7330,"date":"2025-06-18T16:04:03","date_gmt":"2025-06-18T08:04:03","guid":{"rendered":"https:\/\/www.microkosin.com\/?post_type=product&#038;p=7330"},"modified":"2025-07-18T13:37:22","modified_gmt":"2025-07-18T05:37:22","slug":"high-brightness-window-display","status":"publish","type":"product","link":"https:\/\/www.microkosin.com\/pt\/produto\/high-brightness-window-display\/","title":{"rendered":"Visor de janela de alto brilho"},"content":{"rendered":"<p><img fetchpriority=\"high\" decoding=\"async\" class=\"aligncenter size-full wp-image-7342\" src=\"http:\/\/www.microkosin.com\/wp-content\/uploads\/2025\/06\/\u9996\u56fe-7.jpg\" alt=\"\" width=\"1500\" height=\"600\" srcset=\"https:\/\/www.microkosin.com\/wp-content\/uploads\/2025\/06\/\u9996\u56fe-7.jpg 1500w, https:\/\/www.microkosin.com\/wp-content\/uploads\/2025\/06\/\u9996\u56fe-7-300x120.jpg 300w, https:\/\/www.microkosin.com\/wp-content\/uploads\/2025\/06\/\u9996\u56fe-7-1024x410.jpg 1024w, https:\/\/www.microkosin.com\/wp-content\/uploads\/2025\/06\/\u9996\u56fe-7-768x307.jpg 768w, https:\/\/www.microkosin.com\/wp-content\/uploads\/2025\/06\/\u9996\u56fe-7-18x7.jpg 18w, https:\/\/www.microkosin.com\/wp-content\/uploads\/2025\/06\/\u9996\u56fe-7-600x240.jpg 600w\" sizes=\"(max-width: 1500px) 100vw, 1500px\" \/><\/p>\n<table>\n<tbody>\n<tr>\n<td width=\"533\"><img decoding=\"async\" class=\"aligncenter wp-image-7344 lazyload\" data-src=\"http:\/\/www.microkosin.com\/wp-content\/uploads\/2025\/06\/\u753b\u677f-2-4-scaled.jpg\" alt=\"\" width=\"352\" height=\"351\" data-srcset=\"https:\/\/www.microkosin.com\/wp-content\/uploads\/2025\/06\/\u753b\u677f-2-4-scaled.jpg 2560w, https:\/\/www.microkosin.com\/wp-content\/uploads\/2025\/06\/\u753b\u677f-2-4-300x299.jpg 300w, https:\/\/www.microkosin.com\/wp-content\/uploads\/2025\/06\/\u753b\u677f-2-4-1024x1021.jpg 1024w, https:\/\/www.microkosin.com\/wp-content\/uploads\/2025\/06\/\u753b\u677f-2-4-150x150.jpg 150w, https:\/\/www.microkosin.com\/wp-content\/uploads\/2025\/06\/\u753b\u677f-2-4-768x766.jpg 768w, https:\/\/www.microkosin.com\/wp-content\/uploads\/2025\/06\/\u753b\u677f-2-4-1536x1532.jpg 1536w, https:\/\/www.microkosin.com\/wp-content\/uploads\/2025\/06\/\u753b\u677f-2-4-2048x2043.jpg 2048w, https:\/\/www.microkosin.com\/wp-content\/uploads\/2025\/06\/\u753b\u677f-2-4-12x12.jpg 12w, https:\/\/www.microkosin.com\/wp-content\/uploads\/2025\/06\/\u753b\u677f-2-4-600x599.jpg 600w, https:\/\/www.microkosin.com\/wp-content\/uploads\/2025\/06\/\u753b\u677f-2-4-100x100.jpg 100w\" data-sizes=\"(max-width: 352px) 100vw, 352px\" src=\"data:image\/svg+xml;base64,PHN2ZyB3aWR0aD0iMSIgaGVpZ2h0PSIxIiB4bWxucz0iaHR0cDovL3d3dy53My5vcmcvMjAwMC9zdmciPjwvc3ZnPg==\" style=\"--smush-placeholder-width: 352px; --smush-placeholder-aspect-ratio: 352\/351;\" \/><\/td>\n<td style=\"vertical-align: top; text-align: left;\" width=\"516\"><strong>Kosintec<\/strong><strong>\u00a0Visor de janela com brilho ultra-alto<\/strong><\/p>\n<p>A sinaliza\u00e7\u00e3o digital de vitrine de brilho ultra-alto da Kosintec com 3000nits \u00e9 a solu\u00e7\u00e3o ideal para atrair a aten\u00e7\u00e3o do p\u00fablico. O uso do painel LCD de 3000nits permite que a tela mantenha a nitidez em v\u00e1rias condi\u00e7\u00f5es de ilumina\u00e7\u00e3o, fornecendo imagens e apresenta\u00e7\u00f5es de v\u00eddeo n\u00edtidas<\/td>\n<\/tr>\n<tr>\n<td style=\"vertical-align: top; text-align: left;\" width=\"516\"><strong>Alto brilho de 3000 Nits e painel resistente \u00e0 luz solar<\/strong><\/p>\n<p>Experimente uma nitidez incompar\u00e1vel com a sinaliza\u00e7\u00e3o digital de vitrine Kosintec Ultra High Brightness, com brilho de 3000 nits. Seu conte\u00fado brilha intensamente, causando um impacto duradouro nos transeuntes. Projetada para se desenvolver sob luz solar direta e altas temperaturas, a sinaliza\u00e7\u00e3o digital para vitrines Kosintec Ultra High Brightness permanece vibrante e confi\u00e1vel em todas as condi\u00e7\u00f5es clim\u00e1ticas.<\/p>\n<p><strong><b>Estabilidade de resfriamento com sistema de ventiladores embutidos:<\/b><\/strong><\/p>\n<p>Mantenha-se frio, mantenha-se est\u00e1vel! A sinaliza\u00e7\u00e3o digital Kosintec Ultra High Brightness window display apresenta um sistema de resfriamento integrado, garantindo um desempenho consistente e confi\u00e1vel mesmo em ambientes mais quentes.<\/td>\n<td width=\"516\"><img decoding=\"async\" class=\"aligncenter wp-image-7345 lazyload\" data-src=\"http:\/\/www.microkosin.com\/wp-content\/uploads\/2025\/06\/\u753b\u677f-5-7-scaled.jpg\" alt=\"\" width=\"412\" height=\"411\" data-srcset=\"https:\/\/www.microkosin.com\/wp-content\/uploads\/2025\/06\/\u753b\u677f-5-7-scaled.jpg 2560w, https:\/\/www.microkosin.com\/wp-content\/uploads\/2025\/06\/\u753b\u677f-5-7-300x299.jpg 300w, https:\/\/www.microkosin.com\/wp-content\/uploads\/2025\/06\/\u753b\u677f-5-7-1024x1021.jpg 1024w, https:\/\/www.microkosin.com\/wp-content\/uploads\/2025\/06\/\u753b\u677f-5-7-150x150.jpg 150w, https:\/\/www.microkosin.com\/wp-content\/uploads\/2025\/06\/\u753b\u677f-5-7-768x766.jpg 768w, https:\/\/www.microkosin.com\/wp-content\/uploads\/2025\/06\/\u753b\u677f-5-7-1536x1532.jpg 1536w, https:\/\/www.microkosin.com\/wp-content\/uploads\/2025\/06\/\u753b\u677f-5-7-2048x2043.jpg 2048w, https:\/\/www.microkosin.com\/wp-content\/uploads\/2025\/06\/\u753b\u677f-5-7-12x12.jpg 12w, https:\/\/www.microkosin.com\/wp-content\/uploads\/2025\/06\/\u753b\u677f-5-7-600x599.jpg 600w, https:\/\/www.microkosin.com\/wp-content\/uploads\/2025\/06\/\u753b\u677f-5-7-100x100.jpg 100w\" data-sizes=\"(max-width: 412px) 100vw, 412px\" src=\"data:image\/svg+xml;base64,PHN2ZyB3aWR0aD0iMSIgaGVpZ2h0PSIxIiB4bWxucz0iaHR0cDovL3d3dy53My5vcmcvMjAwMC9zdmciPjwvc3ZnPg==\" style=\"--smush-placeholder-width: 412px; --smush-placeholder-aspect-ratio: 412\/411;\" \/><\/td>\n<\/tr>\n<tr>\n<td width=\"533\"><img decoding=\"async\" class=\"aligncenter wp-image-7346 lazyload\" data-src=\"http:\/\/www.microkosin.com\/wp-content\/uploads\/2025\/06\/\u753b\u677f-4-7-scaled.jpg\" alt=\"\" width=\"454\" height=\"453\" data-srcset=\"https:\/\/www.microkosin.com\/wp-content\/uploads\/2025\/06\/\u753b\u677f-4-7-scaled.jpg 2560w, https:\/\/www.microkosin.com\/wp-content\/uploads\/2025\/06\/\u753b\u677f-4-7-300x299.jpg 300w, https:\/\/www.microkosin.com\/wp-content\/uploads\/2025\/06\/\u753b\u677f-4-7-1024x1021.jpg 1024w, https:\/\/www.microkosin.com\/wp-content\/uploads\/2025\/06\/\u753b\u677f-4-7-150x150.jpg 150w, https:\/\/www.microkosin.com\/wp-content\/uploads\/2025\/06\/\u753b\u677f-4-7-768x766.jpg 768w, https:\/\/www.microkosin.com\/wp-content\/uploads\/2025\/06\/\u753b\u677f-4-7-1536x1532.jpg 1536w, https:\/\/www.microkosin.com\/wp-content\/uploads\/2025\/06\/\u753b\u677f-4-7-2048x2043.jpg 2048w, https:\/\/www.microkosin.com\/wp-content\/uploads\/2025\/06\/\u753b\u677f-4-7-12x12.jpg 12w, https:\/\/www.microkosin.com\/wp-content\/uploads\/2025\/06\/\u753b\u677f-4-7-600x599.jpg 600w, https:\/\/www.microkosin.com\/wp-content\/uploads\/2025\/06\/\u753b\u677f-4-7-100x100.jpg 100w\" data-sizes=\"(max-width: 454px) 100vw, 454px\" src=\"data:image\/svg+xml;base64,PHN2ZyB3aWR0aD0iMSIgaGVpZ2h0PSIxIiB4bWxucz0iaHR0cDovL3d3dy53My5vcmcvMjAwMC9zdmciPjwvc3ZnPg==\" style=\"--smush-placeholder-width: 454px; --smush-placeholder-aspect-ratio: 454\/453;\" \/><\/td>\n<td style=\"vertical-align: top; text-align: left;\" width=\"516\"><strong>Brilho inteligente com sensor de luz<\/strong><\/p>\n<p>Adapte-se a qualquer condi\u00e7\u00e3o de ilumina\u00e7\u00e3o sem esfor\u00e7o. O sensor de luz integrado do display de janela Kosintec Ultra High Brightness ajusta o brilho da tela com base na luz ambiente, proporcionando uma experi\u00eancia de visualiza\u00e7\u00e3o ideal.<\/p>\n<p><strong><b>Gerenciamento remoto de conte\u00fado com CMS<\/b><\/strong><\/p>\n<p>Assuma o controle de qualquer lugar! Gerencie e atualize o conte\u00fado da tela remotamente com o Sistema de Gerenciamento de Conte\u00fado (CMS) integrado da Kosintec, garantindo que suas mensagens estejam sempre atualizadas.<\/td>\n<\/tr>\n<\/tbody>\n<\/table>\n<div>\n<div>\n<p>&nbsp;<\/p>\n<div style=\"font-size: 1.8em; font-weight: bold; text-align: center;\">\u203b Por que escolher as sinaliza\u00e7\u00f5es digitais da Kosintec \u203b<\/div>\n<p>&nbsp;<\/p>\n<\/div>\n<div><img decoding=\"async\" class=\"aligncenter size-full wp-image-8217 lazyload\" data-src=\"http:\/\/www.microkosin.com\/wp-content\/uploads\/2025\/07\/1-10.jpg\" alt=\"\" width=\"1500\" height=\"300\" data-srcset=\"https:\/\/www.microkosin.com\/wp-content\/uploads\/2025\/07\/1-10.jpg 1500w, https:\/\/www.microkosin.com\/wp-content\/uploads\/2025\/07\/1-10-300x60.jpg 300w, https:\/\/www.microkosin.com\/wp-content\/uploads\/2025\/07\/1-10-1024x205.jpg 1024w, https:\/\/www.microkosin.com\/wp-content\/uploads\/2025\/07\/1-10-768x154.jpg 768w, https:\/\/www.microkosin.com\/wp-content\/uploads\/2025\/07\/1-10-18x4.jpg 18w, https:\/\/www.microkosin.com\/wp-content\/uploads\/2025\/07\/1-10-600x120.jpg 600w\" data-sizes=\"(max-width: 1500px) 100vw, 1500px\" src=\"data:image\/svg+xml;base64,PHN2ZyB3aWR0aD0iMSIgaGVpZ2h0PSIxIiB4bWxucz0iaHR0cDovL3d3dy53My5vcmcvMjAwMC9zdmciPjwvc3ZnPg==\" style=\"--smush-placeholder-width: 1500px; --smush-placeholder-aspect-ratio: 1500\/300;\" \/><\/div>\n<p>&nbsp;<\/p>\n<div>\n<div class=\"row\">\n<div class=\"col-sm-6\">\n<h4>- Tela de alta qualidade<\/h4>\n<div>A sinaliza\u00e7\u00e3o digital da Kosintec oferece tela de alta qualidade que utiliza vidro temperado \u00e0 prova de explos\u00e3o. A tela industrial de alto desempenho garante alta resolu\u00e7\u00e3o, alto brilho e estabilidade de uso. A sinaliza\u00e7\u00e3o digital da Kosintec tamb\u00e9m pode ser atualizada para 4K para que voc\u00ea possa assistir a imagens n\u00edtidas e coloridas com uma clareza excelente.<\/div>\n<p>&nbsp;<\/p>\n<div>\n<div class=\"col-sm-6\"><span style=\"font-size: 1.3em; font-weight: bold;\">- F\u00e1cil controle de dados<\/span><\/div>\n<div class=\"col-sm-6\">\n<div>As sinaliza\u00e7\u00f5es digitais comerciais da Kosintec oferecem f\u00e1cil gerenciamento de conte\u00fado com v\u00e1rias formas de opera\u00e7\u00e3o:<\/div>\n<div>- Controle remoto via WiFi\/3G\/4G\/5G\/WLAN\/Bluetooth<br \/>\n- Plug and Play USB direto<\/div>\n<p>&nbsp;<\/p>\n<\/div>\n<\/div>\n<h4><img decoding=\"async\" class=\"aligncenter size-full wp-image-8218 lazyload\" data-src=\"http:\/\/www.microkosin.com\/wp-content\/uploads\/2025\/07\/2-7.jpg\" alt=\"\" width=\"1500\" height=\"300\" data-srcset=\"https:\/\/www.microkosin.com\/wp-content\/uploads\/2025\/07\/2-7.jpg 1500w, https:\/\/www.microkosin.com\/wp-content\/uploads\/2025\/07\/2-7-300x60.jpg 300w, https:\/\/www.microkosin.com\/wp-content\/uploads\/2025\/07\/2-7-1024x205.jpg 1024w, https:\/\/www.microkosin.com\/wp-content\/uploads\/2025\/07\/2-7-768x154.jpg 768w, https:\/\/www.microkosin.com\/wp-content\/uploads\/2025\/07\/2-7-18x4.jpg 18w, https:\/\/www.microkosin.com\/wp-content\/uploads\/2025\/07\/2-7-600x120.jpg 600w\" data-sizes=\"(max-width: 1500px) 100vw, 1500px\" src=\"data:image\/svg+xml;base64,PHN2ZyB3aWR0aD0iMSIgaGVpZ2h0PSIxIiB4bWxucz0iaHR0cDovL3d3dy53My5vcmcvMjAwMC9zdmciPjwvc3ZnPg==\" style=\"--smush-placeholder-width: 1500px; --smush-placeholder-aspect-ratio: 1500\/300;\" \/><\/h4>\n<p>&nbsp;<\/p>\n<\/div>\n<div class=\"col-sm-6\">\n<div>\n<h4>-24\/7 Uso cont\u00ednuo<\/h4>\n<div>Uma das caracter\u00edsticas importantes da sinaliza\u00e7\u00e3o digital da Kosintec \u00e9 a capacidade de trabalhar continuamente por longas horas e dias. A sinaliza\u00e7\u00e3o digital da Kosintec \u00e9 constru\u00edda para uso comercial 24 horas por dia, 7 dias por semana, com trabalho ininterrupto e desempenho est\u00e1vel.<\/div>\n<p>&nbsp;<\/p>\n<div>\n<h4>- Gerenciamento centralizado de dispositivos terminais<\/h4>\n<div>O sistema de gerenciamento de conte\u00fado baseado em nuvem da Kosintec, que oferece controle em tempo real e insights de sinaliza\u00e7\u00e3o digital inteligente, permite que os operadores gerenciem remotamente o conte\u00fado, a programa\u00e7\u00e3o de exibi\u00e7\u00e3o e outras fun\u00e7\u00f5es.<\/div>\n<p>&nbsp;<\/p>\n<\/div>\n<\/div>\n<\/div>\n<\/div>\n<\/div>\n<\/div>\n<div>\n<div class=\"row\">\n<div class=\"col-sm-6\">\n<div><img decoding=\"async\" class=\"aligncenter size-full wp-image-8219 lazyload\" data-src=\"http:\/\/www.microkosin.com\/wp-content\/uploads\/2025\/07\/3-10.jpg\" alt=\"\" width=\"1500\" height=\"300\" data-srcset=\"https:\/\/www.microkosin.com\/wp-content\/uploads\/2025\/07\/3-10.jpg 1500w, https:\/\/www.microkosin.com\/wp-content\/uploads\/2025\/07\/3-10-300x60.jpg 300w, https:\/\/www.microkosin.com\/wp-content\/uploads\/2025\/07\/3-10-1024x205.jpg 1024w, https:\/\/www.microkosin.com\/wp-content\/uploads\/2025\/07\/3-10-768x154.jpg 768w, https:\/\/www.microkosin.com\/wp-content\/uploads\/2025\/07\/3-10-18x4.jpg 18w, https:\/\/www.microkosin.com\/wp-content\/uploads\/2025\/07\/3-10-600x120.jpg 600w\" data-sizes=\"(max-width: 1500px) 100vw, 1500px\" src=\"data:image\/svg+xml;base64,PHN2ZyB3aWR0aD0iMSIgaGVpZ2h0PSIxIiB4bWxucz0iaHR0cDovL3d3dy53My5vcmcvMjAwMC9zdmciPjwvc3ZnPg==\" style=\"--smush-placeholder-width: 1500px; --smush-placeholder-aspect-ratio: 1500\/300;\" \/><\/div>\n<p>&nbsp;<\/p>\n<div>\n<h4>-Configura\u00e7\u00e3o m\u00faltipla e portas de E\/S vers\u00e1teis<\/h4>\n<div>Suporte flex\u00edvel \u00e0 integra\u00e7\u00e3o de sistemas operacionais: Android, Windows, Linux ou o sistema operacional aut\u00f4nomo de sinaliza\u00e7\u00e3o digital da Kosintec.<br \/>\nAmplo suporte de E\/S: portas HDMI\/VGA\/DVI\/USB\/RJ45 + reprodu\u00e7\u00e3o de m\u00eddia SD\/USB.<br \/>\nDesempenho perfeito: Projetado para reprodu\u00e7\u00e3o 4K sem atrasos e com perfei\u00e7\u00e3o de quadros para maximizar o envolvimento com as sinaliza\u00e7\u00f5es digitais da Kosintec.<\/div>\n<p>&nbsp;<\/p>\n<div>\n<h4>- Servi\u00e7o e garantia<\/h4>\n<div>Todas as sinaliza\u00e7\u00f5es digitais da Kosintec s\u00e3o fornecidas com garantia comercial de 1 a 2 anos (garantia estendida opcional), bem como suporte t\u00e9cnico gratuito vital\u00edcio. Nossas sinaliza\u00e7\u00f5es digitais s\u00e3o classificadas comercialmente e projetadas para funcionar 24 horas por dia, 7 dias por semana, em espa\u00e7os p\u00fablicos. A garantia da Kosintec cobre os defeitos resultantes de pe\u00e7as, materiais ou fabrica\u00e7\u00e3o defeituosos.<\/div>\n<p>&nbsp;<\/p>\n<div><img decoding=\"async\" class=\"aligncenter size-full wp-image-8214 lazyload\" data-src=\"http:\/\/www.microkosin.com\/wp-content\/uploads\/2025\/07\/7-2.jpg\" alt=\"\" width=\"1500\" height=\"600\" data-srcset=\"https:\/\/www.microkosin.com\/wp-content\/uploads\/2025\/07\/7-2.jpg 1500w, https:\/\/www.microkosin.com\/wp-content\/uploads\/2025\/07\/7-2-300x120.jpg 300w, https:\/\/www.microkosin.com\/wp-content\/uploads\/2025\/07\/7-2-1024x410.jpg 1024w, https:\/\/www.microkosin.com\/wp-content\/uploads\/2025\/07\/7-2-768x307.jpg 768w, https:\/\/www.microkosin.com\/wp-content\/uploads\/2025\/07\/7-2-18x7.jpg 18w, https:\/\/www.microkosin.com\/wp-content\/uploads\/2025\/07\/7-2-600x240.jpg 600w\" data-sizes=\"(max-width: 1500px) 100vw, 1500px\" src=\"data:image\/svg+xml;base64,PHN2ZyB3aWR0aD0iMSIgaGVpZ2h0PSIxIiB4bWxucz0iaHR0cDovL3d3dy53My5vcmcvMjAwMC9zdmciPjwvc3ZnPg==\" style=\"--smush-placeholder-width: 1500px; --smush-placeholder-aspect-ratio: 1500\/600;\" \/><\/div>\n<\/div>\n<\/div>\n<\/div>\n<\/div>\n<\/div>","protected":false},"excerpt":{"rendered":"<ul>\n<li>Tamanho da tela: 27\" | 32\" | 43\" | 55\" | Personalizado<\/li>\n<li>Sistema operacional: Android | Windows | Linux | Personalizado<\/li>\n<li>Par\u00e2metros funcionais:\n<ul>\n<li>Alto brilho de 3000 nits<\/li>\n<li>Moldura super estreita de 12 mm<\/li>\n<li>V\u00e1rios tamanhos dispon\u00edveis<\/li>\n<li>Plug and play USB<\/li>\n<li>Em p\u00e9\/montado na parede\/han<\/li>\n<li>opcional<\/li>\n<li>Paisagem ou retrato<\/li>\n<\/ul>\n<hr \/>\n<div style=\"width: 1280px;\" class=\"wp-video\"><!--[if lt IE 9]><script>document.createElement('video');<\/script><![endif]--><br \/>\n<video class=\"wp-video-shortcode\" id=\"video-7330-1\" width=\"1280\" height=\"720\" preload=\"metadata\" controls=\"controls\"><source type=\"video\/mp4\" src=\"http:\/\/www.microkosin.com\/wp-content\/uploads\/2025\/06\/S4.mp4?_=1\" \/><a href=\"http:\/\/www.microkosin.com\/wp-content\/uploads\/2025\/06\/S4.mp4\">http:\/\/www.microkosin.com\/wp-content\/uploads\/2025\/06\/S4.mp4<\/a><\/video><\/div>\n<\/li>\n<\/ul>","protected":false},"featured_media":7332,"comment_status":"open","ping_status":"closed","template":"","meta":{"site-sidebar-layout":"default","site-content-layout":"","ast-site-content-layout":"default","site-content-style":"default","site-sidebar-style":"default","ast-global-header-display":"","ast-banner-title-visibility":"","ast-main-header-display":"","ast-hfb-above-header-display":"","ast-hfb-below-header-display":"","ast-hfb-mobile-header-display":"","site-post-title":"","ast-breadcrumbs-content":"","ast-featured-img":"","footer-sml-layout":"","theme-transparent-header-meta":"default","adv-header-id-meta":"","stick-header-meta":"","header-above-stick-meta":"","header-main-stick-meta":"","header-below-stick-meta":"","astra-migrate-meta-layouts":"set","ast-page-background-enabled":"default","ast-page-background-meta":{"desktop":{"background-color":"","background-image":"","background-repeat":"repeat","background-position":"center center","background-size":"auto","background-attachment":"scroll","background-type":"","background-media":"","overlay-type":"","overlay-color":"","overlay-opacity":"","overlay-gradient":""},"tablet":{"background-color":"","background-image":"","background-repeat":"repeat","background-position":"center center","background-size":"auto","background-attachment":"scroll","background-type":"","background-media":"","overlay-type":"","overlay-color":"","overlay-opacity":"","overlay-gradient":""},"mobile":{"background-color":"","background-image":"","background-repeat":"repeat","background-position":"center center","background-size":"auto","background-attachment":"scroll","background-type":"","background-media":"","overlay-type":"","overlay-color":"","overlay-opacity":"","overlay-gradient":""}},"ast-content-background-meta":{"desktop":{"background-color":"var(--ast-global-color-5)","background-image":"","background-repeat":"repeat","background-position":"center center","background-size":"auto","background-attachment":"scroll","background-type":"","background-media":"","overlay-type":"","overlay-color":"","overlay-opacity":"","overlay-gradient":""},"tablet":{"background-color":"var(--ast-global-color-5)","background-image":"","background-repeat":"repeat","background-position":"center center","background-size":"auto","background-attachment":"scroll","background-type":"","background-media":"","overlay-type":"","overlay-color":"","overlay-opacity":"","overlay-gradient":""},"mobile":{"background-color":"var(--ast-global-color-5)","background-image":"","background-repeat":"repeat","background-position":"center center","background-size":"auto","background-attachment":"scroll","background-type":"","background-media":"","overlay-type":"","overlay-color":"","overlay-opacity":"","overlay-gradient":""}}},"product_cat":[15,107],"product_tag":[],"class_list":{"0":"post-7330","1":"product","2":"type-product","3":"status-publish","4":"has-post-thumbnail","6":"product_cat-product","7":"product_cat-window-display","8":"desktop-align-left","9":"tablet-align-left","10":"mobile-align-left","11":"ast-product-gallery-layout-horizontal-slider","12":"ast-product-tabs-layout-horizontal","14":"first","15":"instock","16":"shipping-taxable","17":"product-type-simple"},"_links":{"self":[{"href":"https:\/\/www.microkosin.com\/pt\/wp-json\/wp\/v2\/product\/7330","targetHints":{"allow":["GET"]}}],"collection":[{"href":"https:\/\/www.microkosin.com\/pt\/wp-json\/wp\/v2\/product"}],"about":[{"href":"https:\/\/www.microkosin.com\/pt\/wp-json\/wp\/v2\/types\/product"}],"replies":[{"embeddable":true,"href":"https:\/\/www.microkosin.com\/pt\/wp-json\/wp\/v2\/comments?post=7330"}],"version-history":[{"count":5,"href":"https:\/\/www.microkosin.com\/pt\/wp-json\/wp\/v2\/product\/7330\/revisions"}],"predecessor-version":[{"id":8253,"href":"https:\/\/www.microkosin.com\/pt\/wp-json\/wp\/v2\/product\/7330\/revisions\/8253"}],"wp:featuredmedia":[{"embeddable":true,"href":"https:\/\/www.microkosin.com\/pt\/wp-json\/wp\/v2\/media\/7332"}],"wp:attachment":[{"href":"https:\/\/www.microkosin.com\/pt\/wp-json\/wp\/v2\/media?parent=7330"}],"wp:term":[{"taxonomy":"product_cat","embeddable":true,"href":"https:\/\/www.microkosin.com\/pt\/wp-json\/wp\/v2\/product_cat?post=7330"},{"taxonomy":"product_tag","embeddable":true,"href":"https:\/\/www.microkosin.com\/pt\/wp-json\/wp\/v2\/product_tag?post=7330"}],"curies":[{"name":"wp","href":"https:\/\/api.w.org\/{rel}","templated":true}]}}