{"id":6615,"date":"2025-06-09T10:37:59","date_gmt":"2025-06-09T02:37:59","guid":{"rendered":"https:\/\/www.microkosin.com\/?post_type=product&#038;p=6615"},"modified":"2025-07-18T13:49:29","modified_gmt":"2025-07-18T05:49:29","slug":"kosintec-battery-powered-digital-a-board","status":"publish","type":"product","link":"https:\/\/www.microkosin.com\/pt\/produto\/kosintec-battery-powered-digital-a-board\/","title":{"rendered":"P\u00f4ster digital \u00e0 prova d'\u00e1gua alimentado por bateria"},"content":{"rendered":"<p><img fetchpriority=\"high\" decoding=\"async\" class=\"aligncenter size-full wp-image-7451\" src=\"http:\/\/www.microkosin.com\/wp-content\/uploads\/2025\/06\/xq-1-1.jpg\" alt=\"\" width=\"1500\" height=\"600\" srcset=\"https:\/\/www.microkosin.com\/wp-content\/uploads\/2025\/06\/xq-1-1.jpg 1500w, https:\/\/www.microkosin.com\/wp-content\/uploads\/2025\/06\/xq-1-1-300x120.jpg 300w, https:\/\/www.microkosin.com\/wp-content\/uploads\/2025\/06\/xq-1-1-1024x410.jpg 1024w, https:\/\/www.microkosin.com\/wp-content\/uploads\/2025\/06\/xq-1-1-768x307.jpg 768w, https:\/\/www.microkosin.com\/wp-content\/uploads\/2025\/06\/xq-1-1-18x7.jpg 18w, https:\/\/www.microkosin.com\/wp-content\/uploads\/2025\/06\/xq-1-1-600x240.jpg 600w\" sizes=\"(max-width: 1500px) 100vw, 1500px\" \/><\/p>\n<table>\n<tbody>\n<tr>\n<td width=\"533\"><img decoding=\"async\" class=\"aligncenter wp-image-7260 lazyload\" data-src=\"http:\/\/www.microkosin.com\/wp-content\/uploads\/2025\/06\/\u6c34\u724c-6-1-1024x1021.jpg\" alt=\"\" width=\"432\" height=\"431\" data-srcset=\"https:\/\/www.microkosin.com\/wp-content\/uploads\/2025\/06\/\u6c34\u724c-6-1-1024x1021.jpg 1024w, https:\/\/www.microkosin.com\/wp-content\/uploads\/2025\/06\/\u6c34\u724c-6-1-300x299.jpg 300w, https:\/\/www.microkosin.com\/wp-content\/uploads\/2025\/06\/\u6c34\u724c-6-1-150x150.jpg 150w, https:\/\/www.microkosin.com\/wp-content\/uploads\/2025\/06\/\u6c34\u724c-6-1-768x766.jpg 768w, https:\/\/www.microkosin.com\/wp-content\/uploads\/2025\/06\/\u6c34\u724c-6-1-1536x1532.jpg 1536w, https:\/\/www.microkosin.com\/wp-content\/uploads\/2025\/06\/\u6c34\u724c-6-1-2048x2043.jpg 2048w, https:\/\/www.microkosin.com\/wp-content\/uploads\/2025\/06\/\u6c34\u724c-6-1-12x12.jpg 12w, https:\/\/www.microkosin.com\/wp-content\/uploads\/2025\/06\/\u6c34\u724c-6-1-600x599.jpg 600w, https:\/\/www.microkosin.com\/wp-content\/uploads\/2025\/06\/\u6c34\u724c-6-1-100x100.jpg 100w\" data-sizes=\"(max-width: 432px) 100vw, 432px\" src=\"data:image\/svg+xml;base64,PHN2ZyB3aWR0aD0iMSIgaGVpZ2h0PSIxIiB4bWxucz0iaHR0cDovL3d3dy53My5vcmcvMjAwMC9zdmciPjwvc3ZnPg==\" style=\"--smush-placeholder-width: 432px; --smush-placeholder-aspect-ratio: 432\/431;\" \/><\/td>\n<td style=\"vertical-align: top; text-align: left;\" width=\"516\"><strong>Kosintec<\/strong><strong>\u00a0Painel digital a bateria port\u00e1til para uso externo<\/strong><\/p>\n<p><strong>Solu\u00e7\u00e3o port\u00e1til de sinaliza\u00e7\u00e3o digital de alto brilho alimentada por bateria.<\/strong><\/p>\n<p>O painel digital port\u00e1til a bateria para ambientes externos da Kosintec (p\u00f4ster digital a bateria) adota uma tela leg\u00edvel \u00e0 luz do sol e uma solu\u00e7\u00e3o totalmente port\u00e1til para qualquer espa\u00e7o. O painel digital port\u00e1til a bateria para ambientes externos da Kosintec (p\u00f4ster digital a bateria) pode exibir conte\u00fado durante todo o dia e toda a noite com uma \u00fanica carga.<\/p>\n<p>Projetada para ambientes externos exigentes, a sinaliza\u00e7\u00e3o digital alimentada por bateria da Kosintec integra telas de n\u00edvel industrial de 1.500 nit leg\u00edveis \u00e0 luz do sol com gerenciamento de energia de especifica\u00e7\u00e3o militar.<\/p>\n<p>-\u00a0<strong>16 a 35 horas de opera\u00e7\u00e3o cont\u00ednua<\/strong>\u00a0com uma \u00fanica carga (uso t\u00edpico)<br \/>\n-\u00a0<strong>Resist\u00eancia a intemp\u00e9ries com classifica\u00e7\u00e3o IP65<\/strong>\u00a0contra chuva\/poeira<br \/>\n-<strong>1500 nits e 2500 nits<\/strong>\u00a0Alto brilho leg\u00edvel sob luz solar<\/td>\n<\/tr>\n<tr>\n<td style=\"vertical-align: top; text-align: left;\" width=\"516\">-\u00a0\u00a0<strong>Visor alimentado por bateria<\/strong><\/p>\n<p>O painel digital de bateria port\u00e1til para uso externo da Kosintec, com a bateria de l\u00edtio integrada, oferece uma incr\u00edvel autonomia de mais de 16 a 35 horas com uma \u00fanica carga, permitindo a exibi\u00e7\u00e3o de mensagens durante todo o dia e toda a noite. O medidor inteligente na parte traseira do visor informa exatamente a carga restante da bateria, para que voc\u00ea possa ter certeza de que a bateria nunca morrer\u00e1 inesperadamente.<\/p>\n<p><strong><b>-\u00a0\u00a0<\/b>Tela de alto brilho<\/strong><\/p>\n<p>O painel digital port\u00e1til alimentado por bateria da Kosintec atinge o equil\u00edbrio perfeito entre brilho e dura\u00e7\u00e3o da bateria. Com um painel resistente ao escurecimento de alto brilho (1.500nits e 2.500nits), a tela \u00e9 claramente vis\u00edvel em espa\u00e7os externos sem comprometer o tempo de funcionamento ou a vida \u00fatil da bateria.<\/td>\n<td width=\"516\"><img decoding=\"async\" class=\"aligncenter wp-image-7261 lazyload\" data-src=\"http:\/\/www.microkosin.com\/wp-content\/uploads\/2025\/06\/\u6c34\u724c-7-1-1024x1021.jpg\" alt=\"\" width=\"412\" height=\"411\" data-srcset=\"https:\/\/www.microkosin.com\/wp-content\/uploads\/2025\/06\/\u6c34\u724c-7-1-1024x1021.jpg 1024w, https:\/\/www.microkosin.com\/wp-content\/uploads\/2025\/06\/\u6c34\u724c-7-1-300x299.jpg 300w, https:\/\/www.microkosin.com\/wp-content\/uploads\/2025\/06\/\u6c34\u724c-7-1-150x150.jpg 150w, https:\/\/www.microkosin.com\/wp-content\/uploads\/2025\/06\/\u6c34\u724c-7-1-768x766.jpg 768w, https:\/\/www.microkosin.com\/wp-content\/uploads\/2025\/06\/\u6c34\u724c-7-1-1536x1532.jpg 1536w, https:\/\/www.microkosin.com\/wp-content\/uploads\/2025\/06\/\u6c34\u724c-7-1-2048x2043.jpg 2048w, https:\/\/www.microkosin.com\/wp-content\/uploads\/2025\/06\/\u6c34\u724c-7-1-12x12.jpg 12w, https:\/\/www.microkosin.com\/wp-content\/uploads\/2025\/06\/\u6c34\u724c-7-1-600x599.jpg 600w, https:\/\/www.microkosin.com\/wp-content\/uploads\/2025\/06\/\u6c34\u724c-7-1-100x100.jpg 100w\" data-sizes=\"(max-width: 412px) 100vw, 412px\" src=\"data:image\/svg+xml;base64,PHN2ZyB3aWR0aD0iMSIgaGVpZ2h0PSIxIiB4bWxucz0iaHR0cDovL3d3dy53My5vcmcvMjAwMC9zdmciPjwvc3ZnPg==\" style=\"--smush-placeholder-width: 412px; --smush-placeholder-aspect-ratio: 412\/411;\" \/><\/td>\n<\/tr>\n<tr>\n<td width=\"533\"><img decoding=\"async\" class=\"aligncenter wp-image-7262 lazyload\" data-src=\"http:\/\/www.microkosin.com\/wp-content\/uploads\/2025\/06\/\u6c34\u724c-10-1-1024x1021.jpg\" alt=\"\" width=\"475\" height=\"474\" data-srcset=\"https:\/\/www.microkosin.com\/wp-content\/uploads\/2025\/06\/\u6c34\u724c-10-1-1024x1021.jpg 1024w, https:\/\/www.microkosin.com\/wp-content\/uploads\/2025\/06\/\u6c34\u724c-10-1-300x299.jpg 300w, https:\/\/www.microkosin.com\/wp-content\/uploads\/2025\/06\/\u6c34\u724c-10-1-150x150.jpg 150w, https:\/\/www.microkosin.com\/wp-content\/uploads\/2025\/06\/\u6c34\u724c-10-1-768x766.jpg 768w, https:\/\/www.microkosin.com\/wp-content\/uploads\/2025\/06\/\u6c34\u724c-10-1-1536x1532.jpg 1536w, https:\/\/www.microkosin.com\/wp-content\/uploads\/2025\/06\/\u6c34\u724c-10-1-2048x2043.jpg 2048w, https:\/\/www.microkosin.com\/wp-content\/uploads\/2025\/06\/\u6c34\u724c-10-1-12x12.jpg 12w, https:\/\/www.microkosin.com\/wp-content\/uploads\/2025\/06\/\u6c34\u724c-10-1-600x599.jpg 600w, https:\/\/www.microkosin.com\/wp-content\/uploads\/2025\/06\/\u6c34\u724c-10-1-100x100.jpg 100w\" data-sizes=\"(max-width: 475px) 100vw, 475px\" src=\"data:image\/svg+xml;base64,PHN2ZyB3aWR0aD0iMSIgaGVpZ2h0PSIxIiB4bWxucz0iaHR0cDovL3d3dy53My5vcmcvMjAwMC9zdmciPjwvc3ZnPg==\" style=\"--smush-placeholder-width: 475px; --smush-placeholder-aspect-ratio: 475\/474;\" \/><\/td>\n<td style=\"vertical-align: top; text-align: left;\" width=\"516\"><strong>-\u00a0\u00a0<\/strong><strong>Totalmente port\u00e1til e totalmente \u00e0 prova de intemp\u00e9ries<\/strong><\/p>\n<p>Com um design incrivelmente leve, juntamente com rod\u00edzios robustos, significa que o painel digital port\u00e1til externo alimentado por bateria da Kosintec pode ser facilmente movido por uma pessoa. Os rod\u00edzios especializados foram projetados para minimizar as vibra\u00e7\u00f5es em superf\u00edcies irregulares, protegendo os componentes internos para aumentar a vida \u00fatil do produto.  Projetado para resistir aos elementos, o painel digital a bateria port\u00e1til Kosintec \u00e9 protegido contra todas as condi\u00e7\u00f5es clim\u00e1ticas pelo nosso robusto inv\u00f3lucro externo com classifica\u00e7\u00e3o IP65. Isso significa que elas podem ser usadas em qualquer ambiente, fa\u00e7a chuva ou fa\u00e7a sol.<\/p>\n<p><strong><b>-\u00a0<\/b>\u00a0Design fixo robusto e barra de travamento segura<\/strong><\/p>\n<p>Diferentemente dos pain\u00e9is A tradicionais, o p\u00f4ster digital port\u00e1til a bateria para ambientes externos da Kosintec tem um design dobr\u00e1vel e robusto para maior durabilidade e vida \u00fatil prolongada. Isso \u00e9 aprimorado ainda mais pela frente de vidro temperado, que protege o painel e os componentes internos contra danos. Uma vez na posi\u00e7\u00e3o, os rod\u00edzios robustos podem ser travados no lugar com a barra de travamento integrada. Para maior seguran\u00e7a, um cadeado pode ser usado para travar a barra no lugar.<\/td>\n<\/tr>\n<\/tbody>\n<\/table>\n<div>\n<div>\n<p>&nbsp;<\/p>\n<div style=\"font-size: 1.8em; font-weight: bold; text-align: center;\">\u203b Por que escolher as sinaliza\u00e7\u00f5es digitais da Kosintec \u203b<\/div>\n<p>&nbsp;<\/p>\n<\/div>\n<div><img decoding=\"async\" class=\"aligncenter size-full wp-image-8217 lazyload\" data-src=\"http:\/\/www.microkosin.com\/wp-content\/uploads\/2025\/07\/1-10.jpg\" alt=\"\" width=\"1500\" height=\"300\" data-srcset=\"https:\/\/www.microkosin.com\/wp-content\/uploads\/2025\/07\/1-10.jpg 1500w, https:\/\/www.microkosin.com\/wp-content\/uploads\/2025\/07\/1-10-300x60.jpg 300w, https:\/\/www.microkosin.com\/wp-content\/uploads\/2025\/07\/1-10-1024x205.jpg 1024w, https:\/\/www.microkosin.com\/wp-content\/uploads\/2025\/07\/1-10-768x154.jpg 768w, https:\/\/www.microkosin.com\/wp-content\/uploads\/2025\/07\/1-10-18x4.jpg 18w, https:\/\/www.microkosin.com\/wp-content\/uploads\/2025\/07\/1-10-600x120.jpg 600w\" data-sizes=\"(max-width: 1500px) 100vw, 1500px\" src=\"data:image\/svg+xml;base64,PHN2ZyB3aWR0aD0iMSIgaGVpZ2h0PSIxIiB4bWxucz0iaHR0cDovL3d3dy53My5vcmcvMjAwMC9zdmciPjwvc3ZnPg==\" style=\"--smush-placeholder-width: 1500px; --smush-placeholder-aspect-ratio: 1500\/300;\" \/><\/div>\n<p>&nbsp;<\/p>\n<div>\n<div class=\"row\">\n<div class=\"col-sm-6\">\n<h4>- Tela de alta qualidade<\/h4>\n<div>A sinaliza\u00e7\u00e3o digital da Kosintec oferece tela de alta qualidade que utiliza vidro temperado \u00e0 prova de explos\u00e3o. A tela industrial de alto desempenho garante alta resolu\u00e7\u00e3o, alto brilho e estabilidade de uso. A sinaliza\u00e7\u00e3o digital da Kosintec tamb\u00e9m pode ser atualizada para 4K para que voc\u00ea possa assistir a imagens n\u00edtidas e coloridas com uma clareza excelente.<\/div>\n<p>&nbsp;<\/p>\n<div>\n<div class=\"col-sm-6\"><span style=\"font-size: 1.3em; font-weight: bold;\">- F\u00e1cil controle de dados<\/span><\/div>\n<div class=\"col-sm-6\">\n<div>As sinaliza\u00e7\u00f5es digitais comerciais da Kosintec oferecem f\u00e1cil gerenciamento de conte\u00fado com v\u00e1rias formas de opera\u00e7\u00e3o:<\/div>\n<div>- Controle remoto via WiFi\/3G\/4G\/5G\/WLAN\/Bluetooth<br \/>\n- Plug and Play USB direto<\/div>\n<p>&nbsp;<\/p>\n<\/div>\n<\/div>\n<h4><img decoding=\"async\" class=\"aligncenter size-full wp-image-8218 lazyload\" data-src=\"http:\/\/www.microkosin.com\/wp-content\/uploads\/2025\/07\/2-7.jpg\" alt=\"\" width=\"1500\" height=\"300\" data-srcset=\"https:\/\/www.microkosin.com\/wp-content\/uploads\/2025\/07\/2-7.jpg 1500w, https:\/\/www.microkosin.com\/wp-content\/uploads\/2025\/07\/2-7-300x60.jpg 300w, https:\/\/www.microkosin.com\/wp-content\/uploads\/2025\/07\/2-7-1024x205.jpg 1024w, https:\/\/www.microkosin.com\/wp-content\/uploads\/2025\/07\/2-7-768x154.jpg 768w, https:\/\/www.microkosin.com\/wp-content\/uploads\/2025\/07\/2-7-18x4.jpg 18w, https:\/\/www.microkosin.com\/wp-content\/uploads\/2025\/07\/2-7-600x120.jpg 600w\" data-sizes=\"(max-width: 1500px) 100vw, 1500px\" src=\"data:image\/svg+xml;base64,PHN2ZyB3aWR0aD0iMSIgaGVpZ2h0PSIxIiB4bWxucz0iaHR0cDovL3d3dy53My5vcmcvMjAwMC9zdmciPjwvc3ZnPg==\" style=\"--smush-placeholder-width: 1500px; --smush-placeholder-aspect-ratio: 1500\/300;\" \/><\/h4>\n<p>&nbsp;<\/p>\n<\/div>\n<div class=\"col-sm-6\">\n<div>\n<h4>-24\/7 Uso cont\u00ednuo<\/h4>\n<div>Uma das caracter\u00edsticas importantes da sinaliza\u00e7\u00e3o digital da Kosintec \u00e9 a capacidade de trabalhar continuamente por longas horas e dias. A sinaliza\u00e7\u00e3o digital da Kosintec \u00e9 constru\u00edda para uso comercial 24 horas por dia, 7 dias por semana, com trabalho ininterrupto e desempenho est\u00e1vel.<\/div>\n<p>&nbsp;<\/p>\n<div>\n<h4>- Gerenciamento centralizado de dispositivos terminais<\/h4>\n<div>O sistema de gerenciamento de conte\u00fado baseado em nuvem da Kosintec, que oferece controle em tempo real e insights de sinaliza\u00e7\u00e3o digital inteligente, permite que os operadores gerenciem remotamente o conte\u00fado, a programa\u00e7\u00e3o de exibi\u00e7\u00e3o e outras fun\u00e7\u00f5es.<\/div>\n<p>&nbsp;<\/p>\n<\/div>\n<\/div>\n<\/div>\n<\/div>\n<\/div>\n<\/div>\n<div>\n<div class=\"row\">\n<div class=\"col-sm-6\">\n<div><img decoding=\"async\" class=\"aligncenter size-full wp-image-8219 lazyload\" data-src=\"http:\/\/www.microkosin.com\/wp-content\/uploads\/2025\/07\/3-10.jpg\" alt=\"\" width=\"1500\" height=\"300\" data-srcset=\"https:\/\/www.microkosin.com\/wp-content\/uploads\/2025\/07\/3-10.jpg 1500w, https:\/\/www.microkosin.com\/wp-content\/uploads\/2025\/07\/3-10-300x60.jpg 300w, https:\/\/www.microkosin.com\/wp-content\/uploads\/2025\/07\/3-10-1024x205.jpg 1024w, https:\/\/www.microkosin.com\/wp-content\/uploads\/2025\/07\/3-10-768x154.jpg 768w, https:\/\/www.microkosin.com\/wp-content\/uploads\/2025\/07\/3-10-18x4.jpg 18w, https:\/\/www.microkosin.com\/wp-content\/uploads\/2025\/07\/3-10-600x120.jpg 600w\" data-sizes=\"(max-width: 1500px) 100vw, 1500px\" src=\"data:image\/svg+xml;base64,PHN2ZyB3aWR0aD0iMSIgaGVpZ2h0PSIxIiB4bWxucz0iaHR0cDovL3d3dy53My5vcmcvMjAwMC9zdmciPjwvc3ZnPg==\" style=\"--smush-placeholder-width: 1500px; --smush-placeholder-aspect-ratio: 1500\/300;\" \/><\/div>\n<p>&nbsp;<\/p>\n<div>\n<h4>-Configura\u00e7\u00e3o m\u00faltipla e portas de E\/S vers\u00e1teis<\/h4>\n<div>Suporte flex\u00edvel \u00e0 integra\u00e7\u00e3o de sistemas operacionais: Android, Windows, Linux ou o sistema operacional aut\u00f4nomo de sinaliza\u00e7\u00e3o digital da Kosintec.<br \/>\nAmplo suporte de E\/S: portas HDMI\/VGA\/DVI\/USB\/RJ45 + reprodu\u00e7\u00e3o de m\u00eddia SD\/USB.<br \/>\nDesempenho perfeito: Projetado para reprodu\u00e7\u00e3o 4K sem atrasos e com perfei\u00e7\u00e3o de quadros para maximizar o envolvimento com as sinaliza\u00e7\u00f5es digitais da Kosintec.<\/div>\n<p>&nbsp;<\/p>\n<div>\n<h4>- Servi\u00e7o e garantia<\/h4>\n<div>Todas as sinaliza\u00e7\u00f5es digitais da Kosintec s\u00e3o fornecidas com garantia comercial de 1 a 2 anos (garantia estendida opcional), bem como suporte t\u00e9cnico gratuito vital\u00edcio. Nossas sinaliza\u00e7\u00f5es digitais s\u00e3o classificadas comercialmente e projetadas para funcionar 24 horas por dia, 7 dias por semana, em espa\u00e7os p\u00fablicos. A garantia da Kosintec cobre os defeitos resultantes de pe\u00e7as, materiais ou fabrica\u00e7\u00e3o defeituosos.<\/div>\n<p>&nbsp;<\/p>\n<div><img decoding=\"async\" class=\"aligncenter size-full wp-image-8214 lazyload\" data-src=\"http:\/\/www.microkosin.com\/wp-content\/uploads\/2025\/07\/7-2.jpg\" alt=\"\" width=\"1500\" height=\"600\" data-srcset=\"https:\/\/www.microkosin.com\/wp-content\/uploads\/2025\/07\/7-2.jpg 1500w, https:\/\/www.microkosin.com\/wp-content\/uploads\/2025\/07\/7-2-300x120.jpg 300w, https:\/\/www.microkosin.com\/wp-content\/uploads\/2025\/07\/7-2-1024x410.jpg 1024w, https:\/\/www.microkosin.com\/wp-content\/uploads\/2025\/07\/7-2-768x307.jpg 768w, https:\/\/www.microkosin.com\/wp-content\/uploads\/2025\/07\/7-2-18x7.jpg 18w, https:\/\/www.microkosin.com\/wp-content\/uploads\/2025\/07\/7-2-600x240.jpg 600w\" data-sizes=\"(max-width: 1500px) 100vw, 1500px\" src=\"data:image\/svg+xml;base64,PHN2ZyB3aWR0aD0iMSIgaGVpZ2h0PSIxIiB4bWxucz0iaHR0cDovL3d3dy53My5vcmcvMjAwMC9zdmciPjwvc3ZnPg==\" style=\"--smush-placeholder-width: 1500px; --smush-placeholder-aspect-ratio: 1500\/600;\" \/><\/div>\n<\/div>\n<\/div>\n<\/div>\n<\/div>\n<\/div>","protected":false},"excerpt":{"rendered":"<ul>\n<li>Tamanho da tela: 32\" | 43\" | 49\" | 55\" | Personalizado<\/li>\n<li>Sistema operacional: Android | Windows | Linux | Personalizado<\/li>\n<li>Par\u00e2metros funcionais:\n<ul>\n<li>\u00c0 prova d'\u00e1gua para ambientes externos lP65<\/li>\n<li>Alto brilho para ambientes externos, 2000nits<\/li>\n<li>12 HRS de tempo de reprodu\u00e7\u00e3o prolongado da bateria<\/li>\n<li>Com visor de energia da bateria<\/li>\n<li>Dobr\u00e1vel e m\u00f3vel<\/li>\n<li>Todas as interfaces est\u00e3o ocultas<\/li>\n<li>Interface WiFi<\/li>\n<\/ul>\n<hr \/>\n<div style=\"width: 1280px;\" class=\"wp-video\"><!--[if lt IE 9]><script>document.createElement('video');<\/script><![endif]--><br \/>\n<video class=\"wp-video-shortcode\" id=\"video-6615-1\" width=\"1280\" height=\"720\" loop autoplay preload=\"metadata\" controls=\"controls\"><source type=\"video\/mp4\" src=\"http:\/\/www.microkosin.com\/wp-content\/uploads\/2025\/06\/9146ecc478d11479f8f6fabde93b57f0.mp4?_=1\" \/><a href=\"http:\/\/www.microkosin.com\/wp-content\/uploads\/2025\/06\/9146ecc478d11479f8f6fabde93b57f0.mp4\">http:\/\/www.microkosin.com\/wp-content\/uploads\/2025\/06\/9146ecc478d11479f8f6fabde93b57f0.mp4<\/a><\/video><\/div>\n<\/li>\n<\/ul>","protected":false},"featured_media":7509,"comment_status":"open","ping_status":"closed","template":"","meta":{"site-sidebar-layout":"default","site-content-layout":"","ast-site-content-layout":"default","site-content-style":"default","site-sidebar-style":"default","ast-global-header-display":"","ast-banner-title-visibility":"","ast-main-header-display":"","ast-hfb-above-header-display":"","ast-hfb-below-header-display":"","ast-hfb-mobile-header-display":"","site-post-title":"","ast-breadcrumbs-content":"","ast-featured-img":"","footer-sml-layout":"","theme-transparent-header-meta":"default","adv-header-id-meta":"","stick-header-meta":"","header-above-stick-meta":"","header-main-stick-meta":"","header-below-stick-meta":"","astra-migrate-meta-layouts":"set","ast-page-background-enabled":"default","ast-page-background-meta":{"desktop":{"background-color":"","background-image":"","background-repeat":"repeat","background-position":"center center","background-size":"auto","background-attachment":"scroll","background-type":"","background-media":"","overlay-type":"","overlay-color":"","overlay-opacity":"","overlay-gradient":""},"tablet":{"background-color":"","background-image":"","background-repeat":"repeat","background-position":"center center","background-size":"auto","background-attachment":"scroll","background-type":"","background-media":"","overlay-type":"","overlay-color":"","overlay-opacity":"","overlay-gradient":""},"mobile":{"background-color":"","background-image":"","background-repeat":"repeat","background-position":"center center","background-size":"auto","background-attachment":"scroll","background-type":"","background-media":"","overlay-type":"","overlay-color":"","overlay-opacity":"","overlay-gradient":""}},"ast-content-background-meta":{"desktop":{"background-color":"var(--ast-global-color-5)","background-image":"","background-repeat":"repeat","background-position":"center center","background-size":"auto","background-attachment":"scroll","background-type":"","background-media":"","overlay-type":"","overlay-color":"","overlay-opacity":"","overlay-gradient":""},"tablet":{"background-color":"var(--ast-global-color-5)","background-image":"","background-repeat":"repeat","background-position":"center center","background-size":"auto","background-attachment":"scroll","background-type":"","background-media":"","overlay-type":"","overlay-color":"","overlay-opacity":"","overlay-gradient":""},"mobile":{"background-color":"var(--ast-global-color-5)","background-image":"","background-repeat":"repeat","background-position":"center center","background-size":"auto","background-attachment":"scroll","background-type":"","background-media":"","overlay-type":"","overlay-color":"","overlay-opacity":"","overlay-gradient":""}}},"product_cat":[15,101],"product_tag":[],"class_list":{"0":"post-6615","1":"product","2":"type-product","3":"status-publish","4":"has-post-thumbnail","6":"product_cat-product","7":"product_cat-outdoor-display","8":"desktop-align-left","9":"tablet-align-left","10":"mobile-align-left","11":"ast-product-gallery-layout-horizontal-slider","12":"ast-product-tabs-layout-horizontal","14":"first","15":"instock","16":"shipping-taxable","17":"product-type-simple"},"_links":{"self":[{"href":"https:\/\/www.microkosin.com\/pt\/wp-json\/wp\/v2\/product\/6615","targetHints":{"allow":["GET"]}}],"collection":[{"href":"https:\/\/www.microkosin.com\/pt\/wp-json\/wp\/v2\/product"}],"about":[{"href":"https:\/\/www.microkosin.com\/pt\/wp-json\/wp\/v2\/types\/product"}],"replies":[{"embeddable":true,"href":"https:\/\/www.microkosin.com\/pt\/wp-json\/wp\/v2\/comments?post=6615"}],"version-history":[{"count":15,"href":"https:\/\/www.microkosin.com\/pt\/wp-json\/wp\/v2\/product\/6615\/revisions"}],"predecessor-version":[{"id":8259,"href":"https:\/\/www.microkosin.com\/pt\/wp-json\/wp\/v2\/product\/6615\/revisions\/8259"}],"wp:featuredmedia":[{"embeddable":true,"href":"https:\/\/www.microkosin.com\/pt\/wp-json\/wp\/v2\/media\/7509"}],"wp:attachment":[{"href":"https:\/\/www.microkosin.com\/pt\/wp-json\/wp\/v2\/media?parent=6615"}],"wp:term":[{"taxonomy":"product_cat","embeddable":true,"href":"https:\/\/www.microkosin.com\/pt\/wp-json\/wp\/v2\/product_cat?post=6615"},{"taxonomy":"product_tag","embeddable":true,"href":"https:\/\/www.microkosin.com\/pt\/wp-json\/wp\/v2\/product_tag?post=6615"}],"curies":[{"name":"wp","href":"https:\/\/api.w.org\/{rel}","templated":true}]}}