{"id":7046,"date":"2025-06-11T18:47:47","date_gmt":"2025-06-11T10:47:47","guid":{"rendered":"https:\/\/www.microkosin.com\/?page_id=7046"},"modified":"2025-06-12T09:27:43","modified_gmt":"2025-06-12T01:27:43","slug":"double-sided-vertical-lcd","status":"publish","type":"page","link":"https:\/\/www.microkosin.com\/pt\/double-sided-vertical-lcd\/","title":{"rendered":"TELA DE PUBLICIDADE VERTICAL DUPLA FACE"},"content":{"rendered":"<div data-elementor-type=\"wp-page\" data-elementor-id=\"7046\" class=\"elementor elementor-7046\" data-elementor-post-type=\"page\">\n\t\t\t\t<div class=\"elementor-element elementor-element-176b145 e-con-full e-flex e-con e-parent\" data-id=\"176b145\" data-element_type=\"container\">\n\t\t\t\t<div class=\"elementor-element elementor-element-689f82c elementor-widget elementor-widget-text-editor\" data-id=\"689f82c\" data-element_type=\"widget\" data-widget_type=\"text-editor.default\">\n\t\t\t\t<div class=\"elementor-widget-container\">\n\t\t\t\t\t\t\t\t\t<h4 class=\"top_title\">TELA DE PUBLICIDADE VERTICAL DUPLA FACE<\/h4>\t\t\t\t\t\t\t\t<\/div>\n\t\t\t\t<\/div>\n\t\t\t\t<\/div>\n\t\t\t\t<section class=\"elementor-section elementor-top-section elementor-element elementor-element-6bef933 elementor-section-content-middle elementor-section-boxed elementor-section-height-default elementor-section-height-default\" data-id=\"6bef933\" data-element_type=\"section\" data-settings=\"{&quot;background_background&quot;:&quot;classic&quot;}\">\n\t\t\t\t\t\t\t<div class=\"elementor-background-overlay\"><\/div>\n\t\t\t\t\t\t\t<div class=\"elementor-container elementor-column-gap-no\">\n\t\t\t\t\t<div class=\"elementor-column elementor-col-100 elementor-top-column elementor-element elementor-element-64feed2\" data-id=\"64feed2\" data-element_type=\"column\">\n\t\t\t<div class=\"elementor-widget-wrap elementor-element-populated\">\n\t\t\t\t\t\t<div class=\"elementor-element elementor-element-07a2681 elementor-invisible elementor-widget elementor-widget-image\" data-id=\"07a2681\" data-element_type=\"widget\" data-settings=\"{&quot;_animation&quot;:&quot;zoomIn&quot;}\" data-widget_type=\"image.default\">\n\t\t\t\t<div class=\"elementor-widget-container\">\n\t\t\t\t\t\t\t\t\t\t\t\t\t\t\t<img fetchpriority=\"high\" decoding=\"async\" width=\"1146\" height=\"417\" src=\"https:\/\/www.microkosin.com\/wp-content\/uploads\/2025\/06\/CASE10.jpg\" class=\"elementor-animation-pulse-grow attachment-full size-full wp-image-7048\" alt=\"\" srcset=\"https:\/\/www.microkosin.com\/wp-content\/uploads\/2025\/06\/CASE10.jpg 1146w, https:\/\/www.microkosin.com\/wp-content\/uploads\/2025\/06\/CASE10-300x109.jpg 300w, https:\/\/www.microkosin.com\/wp-content\/uploads\/2025\/06\/CASE10-600x218.jpg 600w, https:\/\/www.microkosin.com\/wp-content\/uploads\/2025\/06\/CASE10-1024x373.jpg 1024w, https:\/\/www.microkosin.com\/wp-content\/uploads\/2025\/06\/CASE10-768x279.jpg 768w, https:\/\/www.microkosin.com\/wp-content\/uploads\/2025\/06\/CASE10-18x7.jpg 18w\" sizes=\"(max-width: 1146px) 100vw, 1146px\" \/>\t\t\t\t\t\t\t\t\t\t\t\t\t\t\t<\/div>\n\t\t\t\t<\/div>\n\t\t\t\t<div class=\"elementor-element elementor-element-65ef6c0 elementor-widget elementor-widget-text-editor\" data-id=\"65ef6c0\" data-element_type=\"widget\" data-widget_type=\"text-editor.default\">\n\t\t\t\t<div class=\"elementor-widget-container\">\n\t\t\t\t\t\t\t\t\t<div id=\"v613041f77a134\" class=\"tem_detail_3\" data-unique-selector=\"4480422223065419\"><div class=\"container\"><div class=\"text top_text\"><h3 class=\"top_title\"><strong style=\"font-size: 16px;\">Tela de publicidade vertical de dupla face<\/strong><\/h3><\/div><\/div><\/div><div id=\"v613041f77a136\" class=\"detail_description_1 content-section\" data-unique-selector=\"7762744536593198\"><div class=\"content_detail_edit\"><div class=\"container\"><div class=\"cons_box ls-product\"><p><strong>Tamanho popular: 32\"\/43\"\/ 49\"\/ 55\"\/65\"\/75\"\/85\"<\/strong><\/p><p><strong>Tela multidirecional:<\/strong>\u00a0Diferente das tradicionais telas de publicidade de um lado, as telas de publicidade verticais de dois lados podem exibir conte\u00fado publicit\u00e1rio em dois lados opostos simultaneamente, cobrindo p\u00fablicos de diferentes dire\u00e7\u00f5es, aumentando consideravelmente o \u00e2ngulo de exposi\u00e7\u00e3o e o alcance dos an\u00fancios, especialmente adequados para locais abertos e diversificados, como ruas, pra\u00e7as, p\u00e1tios de shopping centers etc.<\/p><p><strong>Otimiza\u00e7\u00e3o da utiliza\u00e7\u00e3o do espa\u00e7o:<\/strong>\u00a0Em alguns locais onde o espa\u00e7o \u00e9 limitado, mas o espa\u00e7o de exibi\u00e7\u00e3o de publicidade precisa ser totalmente utilizado, as telas de publicidade verticais de dupla face podem obter o dobro do efeito de exibi\u00e7\u00e3o sem ocupar muito espa\u00e7o extra, aumentando o valor comercial do espa\u00e7o.<\/p><p><strong>M\u00eddia de exibi\u00e7\u00e3o criativa:<\/strong>\u00a0Oferece mais possibilidades para a criatividade publicit\u00e1ria. \u00c9 poss\u00edvel exibir conte\u00fado relevante, mas diferenciado, em duas telas ou, por meio de design interativo, fazer com que o conte\u00fado das duas telas ecoe e se complemente, formando uma apresenta\u00e7\u00e3o de conte\u00fado publicit\u00e1rio mais rica e em camadas, o que pode atrair melhor a aten\u00e7\u00e3o do p\u00fablico e transmitir informa\u00e7\u00f5es ou hist\u00f3rias complexas sobre a marca.<\/p><p><strong>Integra\u00e7\u00e3o de informa\u00e7\u00f5es:<\/strong>\u00a0Ele pode exibir simultaneamente diferentes tipos de informa\u00e7\u00f5es relacionadas, como a apresenta\u00e7\u00e3o da imagem geral e do slogan da marca do produto, por um lado, e par\u00e2metros detalhados, recursos funcionais ou informa\u00e7\u00f5es promocionais do produto, por outro. Isso permite que o p\u00fablico obtenha informa\u00e7\u00f5es abrangentes e direcionadas de diferentes perspectivas, ajudando a melhorar sua compreens\u00e3o e memoriza\u00e7\u00e3o do conte\u00fado da propaganda.<\/p><\/div><\/div><\/div><\/div>\t\t\t\t\t\t\t\t<\/div>\n\t\t\t\t<\/div>\n\t\t\t\t\t<\/div>\n\t\t<\/div>\n\t\t\t\t\t<\/div>\n\t\t<\/section>\n\t\t\t\t<section class=\"elementor-section elementor-top-section elementor-element elementor-element-5b4681e elementor-section-content-middle elementor-section-boxed elementor-section-height-default elementor-section-height-default\" data-id=\"5b4681e\" data-element_type=\"section\" data-settings=\"{&quot;background_background&quot;:&quot;classic&quot;}\">\n\t\t\t\t\t\t\t<div class=\"elementor-background-overlay\"><\/div>\n\t\t\t\t\t\t\t<div class=\"elementor-container elementor-column-gap-no\">\n\t\t\t\t\t<div class=\"elementor-column elementor-col-100 elementor-top-column elementor-element elementor-element-eeb62ef\" data-id=\"eeb62ef\" data-element_type=\"column\">\n\t\t\t<div class=\"elementor-widget-wrap elementor-element-populated\">\n\t\t\t\t\t\t<div class=\"elementor-element elementor-element-d80698d elementor-invisible elementor-widget elementor-widget-image\" data-id=\"d80698d\" data-element_type=\"widget\" data-settings=\"{&quot;_animation&quot;:&quot;zoomIn&quot;}\" data-widget_type=\"image.default\">\n\t\t\t\t<div class=\"elementor-widget-container\">\n\t\t\t\t\t\t\t\t\t\t\t\t\t\t\t<img decoding=\"async\" width=\"1263\" height=\"447\" data-src=\"https:\/\/www.microkosin.com\/wp-content\/uploads\/2025\/06\/CASE11.jpg\" class=\"elementor-animation-pulse-grow attachment-full size-full wp-image-7049 lazyload\" alt=\"\" data-srcset=\"https:\/\/www.microkosin.com\/wp-content\/uploads\/2025\/06\/CASE11.jpg 1263w, https:\/\/www.microkosin.com\/wp-content\/uploads\/2025\/06\/CASE11-300x106.jpg 300w, https:\/\/www.microkosin.com\/wp-content\/uploads\/2025\/06\/CASE11-600x212.jpg 600w, https:\/\/www.microkosin.com\/wp-content\/uploads\/2025\/06\/CASE11-1024x362.jpg 1024w, https:\/\/www.microkosin.com\/wp-content\/uploads\/2025\/06\/CASE11-768x272.jpg 768w, https:\/\/www.microkosin.com\/wp-content\/uploads\/2025\/06\/CASE11-18x6.jpg 18w\" data-sizes=\"(max-width: 1263px) 100vw, 1263px\" src=\"data:image\/svg+xml;base64,PHN2ZyB3aWR0aD0iMSIgaGVpZ2h0PSIxIiB4bWxucz0iaHR0cDovL3d3dy53My5vcmcvMjAwMC9zdmciPjwvc3ZnPg==\" style=\"--smush-placeholder-width: 1263px; --smush-placeholder-aspect-ratio: 1263\/447;\" \/>\t\t\t\t\t\t\t\t\t\t\t\t\t\t\t<\/div>\n\t\t\t\t<\/div>\n\t\t\t\t<div class=\"elementor-element elementor-element-abeb7f3 elementor-widget elementor-widget-text-editor\" data-id=\"abeb7f3\" data-element_type=\"widget\" data-widget_type=\"text-editor.default\">\n\t\t\t\t<div class=\"elementor-widget-container\">\n\t\t\t\t\t\t\t\t\t<p><strong>Aumentar o impacto visual:<\/strong>\u00a0O pr\u00f3prio design vertical de dupla face tem uma forte presen\u00e7a visual. Quando o conte\u00fado publicit\u00e1rio \u00e9 reproduzido em duas telas simultaneamente, ele pode criar um impacto visual mais forte, facilitando o destaque entre muitos an\u00fancios comuns, atraindo a aten\u00e7\u00e3o dos pedestres e fazendo com que eles sejam facilmente atra\u00eddos para o an\u00fancio sem perceber, aumentando assim a aten\u00e7\u00e3o deles ao conte\u00fado publicit\u00e1rio.<\/p><p><strong>Aumentar o reconhecimento da marca:\u00a0<\/strong>Devido \u00e0 sua multidirecionalidade e alta aten\u00e7\u00e3o, as telas de publicidade verticais de dupla face podem permitir que mais pessoas acessem as informa\u00e7\u00f5es sobre a marca e o produto promovidas nos an\u00fancios, aumentando a frequ\u00eancia e o escopo da exposi\u00e7\u00e3o da marca em um determinado per\u00edodo de tempo, o que ajuda a melhorar a visibilidade e a influ\u00eancia da marca no mercado, especialmente para a promo\u00e7\u00e3o de novas marcas ou o lan\u00e7amento de novos produtos.<\/p><p><strong>Promover a dissemina\u00e7\u00e3o de informa\u00e7\u00f5es:\u00a0<\/strong>O p\u00fablico pode ver o conte\u00fado publicit\u00e1rio de diferentes posi\u00e7\u00f5es e \u00e2ngulos, e esse m\u00e9todo de exibi\u00e7\u00e3o de m\u00faltiplas perspectivas torna a divulga\u00e7\u00e3o de informa\u00e7\u00f5es publicit\u00e1rias mais eficiente. Tanto os pedestres que passam com pressa quanto as pessoas que param nas proximidades t\u00eam mais chances de receber as informa\u00e7\u00f5es transmitidas pelos an\u00fancios, melhorando assim a efici\u00eancia e o alcance da dissemina\u00e7\u00e3o de informa\u00e7\u00f5es.<\/p><p><strong>Cria\u00e7\u00e3o de uma atmosfera comercial:<\/strong>\u00a0Em locais comerciais, as telas de publicidade verticais de dupla face podem reproduzir v\u00e1rios conte\u00fados publicit\u00e1rios atraentes, como propagandas de marcas da moda, promo\u00e7\u00f5es de eventos emocionantes etc., para criar uma forte atmosfera comercial em todo o ambiente, estimular o desejo de compra dos consumidores, promover o comportamento do consumidor e tamb\u00e9m melhorar a qualidade geral e a imagem do local comercial.<\/p><p><strong>Feedback e an\u00e1lise de dados:<\/strong>\u00a0Combinando a moderna tecnologia inteligente, as telas de publicidade verticais de dupla face podem coletar e analisar os dados de comportamento do p\u00fablico, como o tempo de perman\u00eancia do p\u00fablico, o \u00e2ngulo de visualiza\u00e7\u00e3o, a aten\u00e7\u00e3o e outras informa\u00e7\u00f5es. Esses dados podem fornecer uma base s\u00f3lida para avaliar a efic\u00e1cia do posicionamento da publicidade, ajudando os anunciantes e as operadoras a entender melhor as necessidades do p\u00fablico e o feedback do mercado, otimizando assim as estrat\u00e9gias de publicidade e a cria\u00e7\u00e3o de conte\u00fado subsequentes.<\/p>\t\t\t\t\t\t\t\t<\/div>\n\t\t\t\t<\/div>\n\t\t\t\t\t<\/div>\n\t\t<\/div>\n\t\t\t\t\t<\/div>\n\t\t<\/section>\n\t\t\t\t<\/div>","protected":false},"excerpt":{"rendered":"<p>DOUBLE-SIDED VERTICAL ADVERTISING SCREEN Double-sided vertical advertising screen Popular size :\u00a0 \u00a0 \u00a032\u201d\/43\u201d\/ 49\u201d\/ 55\u201d\/65\u201d\/75\u201d\/85\u201d Multi directional display:\u00a0Different from traditional [&hellip;]<\/p>","protected":false},"author":1,"featured_media":0,"parent":0,"menu_order":0,"comment_status":"closed","ping_status":"closed","template":"","meta":{"site-sidebar-layout":"no-sidebar","site-content-layout":"page-builder","ast-site-content-layout":"full-width-container","site-content-style":"default","site-sidebar-style":"default","ast-global-header-display":"","ast-banner-title-visibility":"","ast-main-header-display":"","ast-hfb-above-header-display":"","ast-hfb-below-header-display":"","ast-hfb-mobile-header-display":"","site-post-title":"disabled","ast-breadcrumbs-content":"","ast-featured-img":"disabled","footer-sml-layout":"","theme-transparent-header-meta":"","adv-header-id-meta":"","stick-header-meta":"","header-above-stick-meta":"","header-main-stick-meta":"","header-below-stick-meta":"","astra-migrate-meta-layouts":"set","ast-page-background-enabled":"default","ast-page-background-meta":{"desktop":{"background-color":"","background-image":"","background-repeat":"repeat","background-position":"center center","background-size":"auto","background-attachment":"scroll","background-type":"","background-media":"","overlay-type":"","overlay-color":"","overlay-opacity":"","overlay-gradient":""},"tablet":{"background-color":"","background-image":"","background-repeat":"repeat","background-position":"center center","background-size":"auto","background-attachment":"scroll","background-type":"","background-media":"","overlay-type":"","overlay-color":"","overlay-opacity":"","overlay-gradient":""},"mobile":{"background-color":"","background-image":"","background-repeat":"repeat","background-position":"center center","background-size":"auto","background-attachment":"scroll","background-type":"","background-media":"","overlay-type":"","overlay-color":"","overlay-opacity":"","overlay-gradient":""}},"ast-content-background-meta":{"desktop":{"background-color":"var(--ast-global-color-5)","background-image":"","background-repeat":"repeat","background-position":"center center","background-size":"auto","background-attachment":"scroll","background-type":"","background-media":"","overlay-type":"","overlay-color":"","overlay-opacity":"","overlay-gradient":""},"tablet":{"background-color":"var(--ast-global-color-5)","background-image":"","background-repeat":"repeat","background-position":"center center","background-size":"auto","background-attachment":"scroll","background-type":"","background-media":"","overlay-type":"","overlay-color":"","overlay-opacity":"","overlay-gradient":""},"mobile":{"background-color":"var(--ast-global-color-5)","background-image":"","background-repeat":"repeat","background-position":"center center","background-size":"auto","background-attachment":"scroll","background-type":"","background-media":"","overlay-type":"","overlay-color":"","overlay-opacity":"","overlay-gradient":""}},"footnotes":""},"class_list":["post-7046","page","type-page","status-publish","hentry"],"_links":{"self":[{"href":"https:\/\/www.microkosin.com\/pt\/wp-json\/wp\/v2\/pages\/7046","targetHints":{"allow":["GET"]}}],"collection":[{"href":"https:\/\/www.microkosin.com\/pt\/wp-json\/wp\/v2\/pages"}],"about":[{"href":"https:\/\/www.microkosin.com\/pt\/wp-json\/wp\/v2\/types\/page"}],"author":[{"embeddable":true,"href":"https:\/\/www.microkosin.com\/pt\/wp-json\/wp\/v2\/users\/1"}],"replies":[{"embeddable":true,"href":"https:\/\/www.microkosin.com\/pt\/wp-json\/wp\/v2\/comments?post=7046"}],"version-history":[{"count":4,"href":"https:\/\/www.microkosin.com\/pt\/wp-json\/wp\/v2\/pages\/7046\/revisions"}],"predecessor-version":[{"id":7053,"href":"https:\/\/www.microkosin.com\/pt\/wp-json\/wp\/v2\/pages\/7046\/revisions\/7053"}],"wp:attachment":[{"href":"https:\/\/www.microkosin.com\/pt\/wp-json\/wp\/v2\/media?parent=7046"}],"curies":[{"name":"wp","href":"https:\/\/api.w.org\/{rel}","templated":true}]}}