{"id":7023,"date":"2025-06-11T18:00:08","date_gmt":"2025-06-11T10:00:08","guid":{"rendered":"https:\/\/www.microkosin.com\/?page_id=7023"},"modified":"2025-06-11T18:05:54","modified_gmt":"2025-06-11T10:05:54","slug":"splicing-screen","status":"publish","type":"page","link":"https:\/\/www.microkosin.com\/pt\/splicing-screen\/","title":{"rendered":"TELA DE EMENDA"},"content":{"rendered":"<div data-elementor-type=\"wp-page\" data-elementor-id=\"7023\" class=\"elementor elementor-7023\" data-elementor-post-type=\"page\">\n\t\t\t\t<div class=\"elementor-element elementor-element-f43aab1 e-con-full e-flex e-con e-parent\" data-id=\"f43aab1\" data-element_type=\"container\">\n\t\t\t\t<div class=\"elementor-element elementor-element-cc59b19 elementor-widget elementor-widget-text-editor\" data-id=\"cc59b19\" data-element_type=\"widget\" data-widget_type=\"text-editor.default\">\n\t\t\t\t<div class=\"elementor-widget-container\">\n\t\t\t\t\t\t\t\t\t<h4 class=\"top_title\">TELA DE EMENDA<\/h4>\t\t\t\t\t\t\t\t<\/div>\n\t\t\t\t<\/div>\n\t\t\t\t<\/div>\n\t\t\t\t<section class=\"elementor-section elementor-top-section elementor-element elementor-element-0122e61 elementor-section-content-middle elementor-section-boxed elementor-section-height-default elementor-section-height-default\" data-id=\"0122e61\" data-element_type=\"section\" data-settings=\"{&quot;background_background&quot;:&quot;classic&quot;}\">\n\t\t\t\t\t\t\t<div class=\"elementor-background-overlay\"><\/div>\n\t\t\t\t\t\t\t<div class=\"elementor-container elementor-column-gap-no\">\n\t\t\t\t\t<div class=\"elementor-column elementor-col-100 elementor-top-column elementor-element elementor-element-0c5b279\" data-id=\"0c5b279\" data-element_type=\"column\">\n\t\t\t<div class=\"elementor-widget-wrap elementor-element-populated\">\n\t\t\t\t\t\t<div class=\"elementor-element elementor-element-558e1cb elementor-invisible elementor-widget elementor-widget-image\" data-id=\"558e1cb\" data-element_type=\"widget\" data-settings=\"{&quot;_animation&quot;:&quot;zoomIn&quot;}\" data-widget_type=\"image.default\">\n\t\t\t\t<div class=\"elementor-widget-container\">\n\t\t\t\t\t\t\t\t\t\t\t\t\t\t\t<img fetchpriority=\"high\" decoding=\"async\" width=\"1200\" height=\"330\" src=\"https:\/\/www.microkosin.com\/wp-content\/uploads\/2025\/06\/\u672a\u6807\u9898-3-1.png\" class=\"elementor-animation-pulse-grow attachment-full size-full wp-image-6919\" alt=\"\" srcset=\"https:\/\/www.microkosin.com\/wp-content\/uploads\/2025\/06\/\u672a\u6807\u9898-3-1.png 1200w, https:\/\/www.microkosin.com\/wp-content\/uploads\/2025\/06\/\u672a\u6807\u9898-3-1-300x83.png 300w, https:\/\/www.microkosin.com\/wp-content\/uploads\/2025\/06\/\u672a\u6807\u9898-3-1-600x165.png 600w, https:\/\/www.microkosin.com\/wp-content\/uploads\/2025\/06\/\u672a\u6807\u9898-3-1-1024x282.png 1024w, https:\/\/www.microkosin.com\/wp-content\/uploads\/2025\/06\/\u672a\u6807\u9898-3-1-768x211.png 768w, https:\/\/www.microkosin.com\/wp-content\/uploads\/2025\/06\/\u672a\u6807\u9898-3-1-18x5.png 18w\" sizes=\"(max-width: 1200px) 100vw, 1200px\" \/>\t\t\t\t\t\t\t\t\t\t\t\t\t\t\t<\/div>\n\t\t\t\t<\/div>\n\t\t\t\t<div class=\"elementor-element elementor-element-51c9461 elementor-widget elementor-widget-text-editor\" data-id=\"51c9461\" data-element_type=\"widget\" data-widget_type=\"text-editor.default\">\n\t\t\t\t<div class=\"elementor-widget-container\">\n\t\t\t\t\t\t\t\t\t<p><strong>Cria\u00e7\u00e3o de uma tela supergrande:<\/strong>\u00a0 \u00a0A tela de emenda \u00e9 composta de v\u00e1rias telas independentes que podem ser montadas em telas de qualquer tamanho, de acordo com as necessidades reais. Em grandes shoppings, pra\u00e7as ao ar livre e outros espa\u00e7os abertos, ao unir v\u00e1rias telas, \u00e9 poss\u00edvel criar uma enorme \u00e1rea de exibi\u00e7\u00e3o de publicidade. Por exemplo, as telas grandes externas nos principais distritos comerciais das cidades podem ser compostas por dezenas ou at\u00e9 centenas de telas unidas para formar imagens publicit\u00e1rias ultragrandes, com uma \u00e1rea de exibi\u00e7\u00e3o que excede em muito os an\u00fancios comuns de tela \u00fanica, causando um forte impacto visual e atraindo facilmente a aten\u00e7\u00e3o de p\u00fablicos distantes.<\/p><p><strong>Personaliza\u00e7\u00e3o flex\u00edvel da \u00e1rea de exibi\u00e7\u00e3o:<\/strong>\u00a0 O n\u00famero de telas e o m\u00e9todo de emenda da tela de emenda podem ser ajustados com flexibilidade, e diferentes formas de \u00e1reas de exibi\u00e7\u00e3o podem ser personalizadas de acordo com a forma espacial e o layout do local de instala\u00e7\u00e3o. Em espa\u00e7os irregulares, como paredes irregulares de pr\u00e9dios e cantos poligonais de salas de exposi\u00e7\u00e3o, as telas de emenda podem ser montadas em formas que combinem com elas, utilizando totalmente o espa\u00e7o para obter cobertura total da exibi\u00e7\u00e3o de publicidade sem afetar o efeito da exibi\u00e7\u00e3o devido a limita\u00e7\u00f5es de espa\u00e7o.\u00a0<\/p>\t\t\t\t\t\t\t\t<\/div>\n\t\t\t\t<\/div>\n\t\t\t\t\t<\/div>\n\t\t<\/div>\n\t\t\t\t\t<\/div>\n\t\t<\/section>\n\t\t\t\t<section class=\"elementor-section elementor-top-section elementor-element elementor-element-1dd4cf0 elementor-section-content-middle elementor-section-boxed elementor-section-height-default elementor-section-height-default\" data-id=\"1dd4cf0\" data-element_type=\"section\" data-settings=\"{&quot;background_background&quot;:&quot;classic&quot;}\">\n\t\t\t\t\t\t\t<div class=\"elementor-background-overlay\"><\/div>\n\t\t\t\t\t\t\t<div class=\"elementor-container elementor-column-gap-no\">\n\t\t\t\t\t<div class=\"elementor-column elementor-col-100 elementor-top-column elementor-element elementor-element-7c75095\" data-id=\"7c75095\" data-element_type=\"column\">\n\t\t\t<div class=\"elementor-widget-wrap elementor-element-populated\">\n\t\t\t\t\t\t<div class=\"elementor-element elementor-element-902adbe elementor-invisible elementor-widget elementor-widget-image\" data-id=\"902adbe\" data-element_type=\"widget\" data-settings=\"{&quot;_animation&quot;:&quot;zoomIn&quot;}\" data-widget_type=\"image.default\">\n\t\t\t\t<div class=\"elementor-widget-container\">\n\t\t\t\t\t\t\t\t\t\t\t\t\t\t\t<img decoding=\"async\" width=\"1254\" height=\"422\" data-src=\"https:\/\/www.microkosin.com\/wp-content\/uploads\/2025\/06\/CASE6.jpg\" class=\"elementor-animation-pulse-grow attachment-full size-full wp-image-6921 lazyload\" alt=\"\" data-srcset=\"https:\/\/www.microkosin.com\/wp-content\/uploads\/2025\/06\/CASE6.jpg 1254w, https:\/\/www.microkosin.com\/wp-content\/uploads\/2025\/06\/CASE6-300x101.jpg 300w, https:\/\/www.microkosin.com\/wp-content\/uploads\/2025\/06\/CASE6-600x202.jpg 600w, https:\/\/www.microkosin.com\/wp-content\/uploads\/2025\/06\/CASE6-1024x345.jpg 1024w, https:\/\/www.microkosin.com\/wp-content\/uploads\/2025\/06\/CASE6-768x258.jpg 768w, https:\/\/www.microkosin.com\/wp-content\/uploads\/2025\/06\/CASE6-18x6.jpg 18w\" data-sizes=\"(max-width: 1254px) 100vw, 1254px\" src=\"data:image\/svg+xml;base64,PHN2ZyB3aWR0aD0iMSIgaGVpZ2h0PSIxIiB4bWxucz0iaHR0cDovL3d3dy53My5vcmcvMjAwMC9zdmciPjwvc3ZnPg==\" style=\"--smush-placeholder-width: 1254px; --smush-placeholder-aspect-ratio: 1254\/422;\" \/>\t\t\t\t\t\t\t\t\t\t\t\t\t\t\t<\/div>\n\t\t\t\t<\/div>\n\t\t\t\t<div class=\"elementor-element elementor-element-52b98f7 elementor-widget elementor-widget-text-editor\" data-id=\"52b98f7\" data-element_type=\"widget\" data-widget_type=\"text-editor.default\">\n\t\t\t\t<div class=\"elementor-widget-container\">\n\t\t\t\t\t\t\t\t\t<p><strong>Aumentar o impacto visual:<\/strong>\u00a0 A tela de emenda ultragrande proporciona uma experi\u00eancia visual impressionante. Sejam imagens de alta defini\u00e7\u00e3o ou v\u00eddeos suaves, quando exibidos em uma tela grande, os detalhes s\u00e3o mais claros e as cores s\u00e3o mais vivas, o que pode atrair rapidamente a aten\u00e7\u00e3o do p\u00fablico e fazer com que o an\u00fancio se destaque entre muitas m\u00eddias promocionais. Por exemplo, a reprodu\u00e7\u00e3o de trailers de filmes em telas de emenda no sagu\u00e3o do cinema, com imagens enormes e efeitos sonoros impressionantes, pode criar uma atmosfera de visualiza\u00e7\u00e3o envolvente, aumentar o apelo dos an\u00fancios e deixar uma impress\u00e3o profunda no p\u00fablico.<\/p><p><strong>Aumentar o efeito da comunica\u00e7\u00e3o da marca:<\/strong>\u00a0 As telas de emenda podem fortalecer a comunica\u00e7\u00e3o da imagem da marca com um estilo unificado e an\u00fancios criativos da marca. Uma exibi\u00e7\u00e3o de publicidade coerente e atmosf\u00e9rica, combinada com cores, logotipos e outros elementos exclusivos da marca, pode deixar uma impress\u00e3o profunda no p\u00fablico e aumentar o conhecimento e a reputa\u00e7\u00e3o da marca. A coloca\u00e7\u00e3o de an\u00fancios cont\u00ednuos e de alta qualidade ajuda a moldar a imagem profissional e de alta qualidade da marca, atraindo a aten\u00e7\u00e3o de mais consumidores em potencial.<\/p>\t\t\t\t\t\t\t\t<\/div>\n\t\t\t\t<\/div>\n\t\t\t\t\t<\/div>\n\t\t<\/div>\n\t\t\t\t\t<\/div>\n\t\t<\/section>\n\t\t\t\t<\/div>","protected":false},"excerpt":{"rendered":"<p>SPLICING SCREEN Creating a super large display:\u00a0 \u00a0The splicing screen is composed of multiple independent screens that can be assembled [&hellip;]<\/p>","protected":false},"author":1,"featured_media":0,"parent":0,"menu_order":0,"comment_status":"closed","ping_status":"closed","template":"","meta":{"site-sidebar-layout":"no-sidebar","site-content-layout":"page-builder","ast-site-content-layout":"full-width-container","site-content-style":"default","site-sidebar-style":"default","ast-global-header-display":"","ast-banner-title-visibility":"","ast-main-header-display":"","ast-hfb-above-header-display":"","ast-hfb-below-header-display":"","ast-hfb-mobile-header-display":"","site-post-title":"disabled","ast-breadcrumbs-content":"","ast-featured-img":"disabled","footer-sml-layout":"","theme-transparent-header-meta":"","adv-header-id-meta":"","stick-header-meta":"","header-above-stick-meta":"","header-main-stick-meta":"","header-below-stick-meta":"","astra-migrate-meta-layouts":"set","ast-page-background-enabled":"default","ast-page-background-meta":{"desktop":{"background-color":"","background-image":"","background-repeat":"repeat","background-position":"center center","background-size":"auto","background-attachment":"scroll","background-type":"","background-media":"","overlay-type":"","overlay-color":"","overlay-opacity":"","overlay-gradient":""},"tablet":{"background-color":"","background-image":"","background-repeat":"repeat","background-position":"center center","background-size":"auto","background-attachment":"scroll","background-type":"","background-media":"","overlay-type":"","overlay-color":"","overlay-opacity":"","overlay-gradient":""},"mobile":{"background-color":"","background-image":"","background-repeat":"repeat","background-position":"center center","background-size":"auto","background-attachment":"scroll","background-type":"","background-media":"","overlay-type":"","overlay-color":"","overlay-opacity":"","overlay-gradient":""}},"ast-content-background-meta":{"desktop":{"background-color":"var(--ast-global-color-5)","background-image":"","background-repeat":"repeat","background-position":"center center","background-size":"auto","background-attachment":"scroll","background-type":"","background-media":"","overlay-type":"","overlay-color":"","overlay-opacity":"","overlay-gradient":""},"tablet":{"background-color":"var(--ast-global-color-5)","background-image":"","background-repeat":"repeat","background-position":"center center","background-size":"auto","background-attachment":"scroll","background-type":"","background-media":"","overlay-type":"","overlay-color":"","overlay-opacity":"","overlay-gradient":""},"mobile":{"background-color":"var(--ast-global-color-5)","background-image":"","background-repeat":"repeat","background-position":"center center","background-size":"auto","background-attachment":"scroll","background-type":"","background-media":"","overlay-type":"","overlay-color":"","overlay-opacity":"","overlay-gradient":""}},"footnotes":""},"class_list":["post-7023","page","type-page","status-publish","hentry"],"_links":{"self":[{"href":"https:\/\/www.microkosin.com\/pt\/wp-json\/wp\/v2\/pages\/7023","targetHints":{"allow":["GET"]}}],"collection":[{"href":"https:\/\/www.microkosin.com\/pt\/wp-json\/wp\/v2\/pages"}],"about":[{"href":"https:\/\/www.microkosin.com\/pt\/wp-json\/wp\/v2\/types\/page"}],"author":[{"embeddable":true,"href":"https:\/\/www.microkosin.com\/pt\/wp-json\/wp\/v2\/users\/1"}],"replies":[{"embeddable":true,"href":"https:\/\/www.microkosin.com\/pt\/wp-json\/wp\/v2\/comments?post=7023"}],"version-history":[{"count":7,"href":"https:\/\/www.microkosin.com\/pt\/wp-json\/wp\/v2\/pages\/7023\/revisions"}],"predecessor-version":[{"id":7033,"href":"https:\/\/www.microkosin.com\/pt\/wp-json\/wp\/v2\/pages\/7023\/revisions\/7033"}],"wp:attachment":[{"href":"https:\/\/www.microkosin.com\/pt\/wp-json\/wp\/v2\/media?parent=7023"}],"curies":[{"name":"wp","href":"https:\/\/api.w.org\/{rel}","templated":true}]}}