{"id":8553,"date":"2025-08-08T17:08:01","date_gmt":"2025-08-08T09:08:01","guid":{"rendered":"https:\/\/www.microkosin.com\/?post_type=product&#038;p=8553"},"modified":"2025-08-08T17:30:23","modified_gmt":"2025-08-08T09:30:23","slug":"21-5-inch-single-sided-window-display","status":"publish","type":"product","link":"https:\/\/www.microkosin.com\/fr\/produit\/21-5-inch-single-sided-window-display\/","title":{"rendered":"21.5 inch Single Sided Window Display"},"content":{"rendered":"<p><img fetchpriority=\"high\" decoding=\"async\" class=\"aligncenter size-full wp-image-8564\" src=\"http:\/\/www.microkosin.com\/wp-content\/uploads\/2025\/08\/\u9996\u56fe-psd.jpg\" alt=\"\" width=\"1500\" height=\"600\" srcset=\"https:\/\/www.microkosin.com\/wp-content\/uploads\/2025\/08\/\u9996\u56fe-psd.jpg 1500w, https:\/\/www.microkosin.com\/wp-content\/uploads\/2025\/08\/\u9996\u56fe-psd-300x120.jpg 300w, https:\/\/www.microkosin.com\/wp-content\/uploads\/2025\/08\/\u9996\u56fe-psd-1024x410.jpg 1024w, https:\/\/www.microkosin.com\/wp-content\/uploads\/2025\/08\/\u9996\u56fe-psd-768x307.jpg 768w, https:\/\/www.microkosin.com\/wp-content\/uploads\/2025\/08\/\u9996\u56fe-psd-18x7.jpg 18w, https:\/\/www.microkosin.com\/wp-content\/uploads\/2025\/08\/\u9996\u56fe-psd-600x240.jpg 600w\" sizes=\"(max-width: 1500px) 100vw, 1500px\" \/><\/p>\n<table>\n<tbody>\n<tr>\n<td width=\"533\"><img decoding=\"async\" class=\"aligncenter wp-image-8565 lazyload\" data-src=\"http:\/\/www.microkosin.com\/wp-content\/uploads\/2025\/08\/1-2.jpg\" alt=\"\" width=\"455\" height=\"455\" data-srcset=\"https:\/\/www.microkosin.com\/wp-content\/uploads\/2025\/08\/1-2.jpg 1000w, https:\/\/www.microkosin.com\/wp-content\/uploads\/2025\/08\/1-2-300x300.jpg 300w, https:\/\/www.microkosin.com\/wp-content\/uploads\/2025\/08\/1-2-150x150.jpg 150w, https:\/\/www.microkosin.com\/wp-content\/uploads\/2025\/08\/1-2-768x768.jpg 768w, https:\/\/www.microkosin.com\/wp-content\/uploads\/2025\/08\/1-2-12x12.jpg 12w, https:\/\/www.microkosin.com\/wp-content\/uploads\/2025\/08\/1-2-600x600.jpg 600w, https:\/\/www.microkosin.com\/wp-content\/uploads\/2025\/08\/1-2-100x100.jpg 100w\" data-sizes=\"(max-width: 455px) 100vw, 455px\" src=\"data:image\/svg+xml;base64,PHN2ZyB3aWR0aD0iMSIgaGVpZ2h0PSIxIiB4bWxucz0iaHR0cDovL3d3dy53My5vcmcvMjAwMC9zdmciPjwvc3ZnPg==\" style=\"--smush-placeholder-width: 455px; --smush-placeholder-aspect-ratio: 455\/455;\" \/><\/td>\n<td style=\"vertical-align: top; text-align: left;\" width=\"516\">&nbsp;<\/p>\n<p><strong>Kosintec<\/strong><strong> 21.5 inch Single Sided Window Display<\/strong><\/p>\n<p>Brightness 2000 nits -Sunlight Readable<br \/>\nHigh brightness LCD (2.000cd\/mr)allows easy readablityin windowdisplays.<br \/>\nMulti-screen synchronous playback<br \/>\nSynchronize your content across multiple screens in the same window displayyou can achievean<br \/>\neffect in perfectunison.<\/td>\n<\/tr>\n<tr>\n<td style=\"vertical-align: top; text-align: left;\" width=\"516\"><strong>Network Optional<\/strong><\/p>\n<p>Computer\/WFi\/4G\/USB control. Easyedlit\/save,10squick upload.<\/p>\n<p><strong>Single screen or multi-screen application<\/strong><\/p>\n<p>Local and remote controlExcellent software support local and remote con-trol,intelligent display, Support computer to postanytime and anywhere<\/td>\n<td width=\"516\"><img decoding=\"async\" class=\"aligncenter wp-image-8559 lazyload\" data-src=\"http:\/\/www.microkosin.com\/wp-content\/uploads\/2025\/08\/4-1.jpg\" alt=\"\" width=\"400\" height=\"400\" data-srcset=\"https:\/\/www.microkosin.com\/wp-content\/uploads\/2025\/08\/4-1.jpg 1000w, https:\/\/www.microkosin.com\/wp-content\/uploads\/2025\/08\/4-1-300x300.jpg 300w, https:\/\/www.microkosin.com\/wp-content\/uploads\/2025\/08\/4-1-150x150.jpg 150w, https:\/\/www.microkosin.com\/wp-content\/uploads\/2025\/08\/4-1-768x768.jpg 768w, https:\/\/www.microkosin.com\/wp-content\/uploads\/2025\/08\/4-1-12x12.jpg 12w, https:\/\/www.microkosin.com\/wp-content\/uploads\/2025\/08\/4-1-600x600.jpg 600w, https:\/\/www.microkosin.com\/wp-content\/uploads\/2025\/08\/4-1-100x100.jpg 100w\" data-sizes=\"(max-width: 400px) 100vw, 400px\" src=\"data:image\/svg+xml;base64,PHN2ZyB3aWR0aD0iMSIgaGVpZ2h0PSIxIiB4bWxucz0iaHR0cDovL3d3dy53My5vcmcvMjAwMC9zdmciPjwvc3ZnPg==\" style=\"--smush-placeholder-width: 400px; --smush-placeholder-aspect-ratio: 400\/400;\" \/><\/td>\n<\/tr>\n<tr>\n<td width=\"533\"><img decoding=\"async\" class=\"aligncenter wp-image-8560 lazyload\" data-src=\"http:\/\/www.microkosin.com\/wp-content\/uploads\/2025\/08\/5-1.jpg\" alt=\"\" width=\"375\" height=\"375\" data-srcset=\"https:\/\/www.microkosin.com\/wp-content\/uploads\/2025\/08\/5-1.jpg 1000w, https:\/\/www.microkosin.com\/wp-content\/uploads\/2025\/08\/5-1-300x300.jpg 300w, https:\/\/www.microkosin.com\/wp-content\/uploads\/2025\/08\/5-1-150x150.jpg 150w, https:\/\/www.microkosin.com\/wp-content\/uploads\/2025\/08\/5-1-768x768.jpg 768w, https:\/\/www.microkosin.com\/wp-content\/uploads\/2025\/08\/5-1-12x12.jpg 12w, https:\/\/www.microkosin.com\/wp-content\/uploads\/2025\/08\/5-1-600x600.jpg 600w, https:\/\/www.microkosin.com\/wp-content\/uploads\/2025\/08\/5-1-100x100.jpg 100w\" data-sizes=\"(max-width: 375px) 100vw, 375px\" src=\"data:image\/svg+xml;base64,PHN2ZyB3aWR0aD0iMSIgaGVpZ2h0PSIxIiB4bWxucz0iaHR0cDovL3d3dy53My5vcmcvMjAwMC9zdmciPjwvc3ZnPg==\" style=\"--smush-placeholder-width: 375px; --smush-placeholder-aspect-ratio: 375\/375;\" \/><\/td>\n<td style=\"vertical-align: top; text-align: left;\" width=\"516\">&nbsp;<\/p>\n<ul>\n<li><strong>178\u00b0 wide viewing angle178\u00b0 wide viewing angle can achieve better eyecatching effect.<br \/>\nNetwork OptionaComputer\/WiFi\/4G\/USB control. Easy edit\/save10s quick upload.<br \/>\n*\u00a0 \u00a0USB<br \/>\n*\u00a0 \u00a0Ethernet<br \/>\n*\u00a0 \u00a0Wi-Fi LANplayback<br \/>\n*\u00a0 \u00a0Internetcloud control<br \/>\n<\/strong><\/li>\n<\/ul>\n<\/td>\n<\/tr>\n<\/tbody>\n<\/table>\n<div>\n<div>\n<p>&nbsp;<\/p>\n<div style=\"font-size: 1.8em; font-weight: bold; text-align: center;\">\u203b Pourquoi choisir Kosintec Digital Signages \u203b<\/div>\n<p>&nbsp;<\/p>\n<\/div>\n<div><img decoding=\"async\" class=\"aligncenter size-full wp-image-8217 lazyload\" data-src=\"http:\/\/www.microkosin.com\/wp-content\/uploads\/2025\/07\/1-10.jpg\" alt=\"\" width=\"1500\" height=\"300\" data-srcset=\"https:\/\/www.microkosin.com\/wp-content\/uploads\/2025\/07\/1-10.jpg 1500w, https:\/\/www.microkosin.com\/wp-content\/uploads\/2025\/07\/1-10-300x60.jpg 300w, https:\/\/www.microkosin.com\/wp-content\/uploads\/2025\/07\/1-10-1024x205.jpg 1024w, https:\/\/www.microkosin.com\/wp-content\/uploads\/2025\/07\/1-10-768x154.jpg 768w, https:\/\/www.microkosin.com\/wp-content\/uploads\/2025\/07\/1-10-18x4.jpg 18w, https:\/\/www.microkosin.com\/wp-content\/uploads\/2025\/07\/1-10-600x120.jpg 600w\" data-sizes=\"(max-width: 1500px) 100vw, 1500px\" src=\"data:image\/svg+xml;base64,PHN2ZyB3aWR0aD0iMSIgaGVpZ2h0PSIxIiB4bWxucz0iaHR0cDovL3d3dy53My5vcmcvMjAwMC9zdmciPjwvc3ZnPg==\" style=\"--smush-placeholder-width: 1500px; --smush-placeholder-aspect-ratio: 1500\/300;\" \/><\/div>\n<p>&nbsp;<\/p>\n<div>\n<div class=\"row\">\n<div class=\"col-sm-6\">\n<h4>- \u00c9cran de haute qualit\u00e9<\/h4>\n<div>Kosintec digital signage fournit des \u00e9crans de haute qualit\u00e9 qui utilisent du verre tremp\u00e9 antid\u00e9flagrant. L'\u00e9cran industriel haute performance assure une haute r\u00e9solution, une haute luminosit\u00e9 et une stabilit\u00e9 d'utilisation. L'affichage dynamique Kosintec peut \u00e9galement \u00eatre mis \u00e0 niveau en 4K pour profiter d'images nettes et color\u00e9es d'une superbe clart\u00e9.<\/div>\n<p>&nbsp;<\/p>\n<div>\n<div class=\"col-sm-6\"><span style=\"font-size: 1.3em; font-weight: bold;\">- Contr\u00f4le facile des donn\u00e9es<\/span><\/div>\n<div class=\"col-sm-6\">\n<div>Les enseignes num\u00e9riques commerciales de Kosintec offrent une gestion facile du contenu avec de multiples fa\u00e7ons d'op\u00e9rer :<\/div>\n<div>- Commande \u00e0 distance via WiFi\/3G\/4G\/5G\/WLAN\/Bluetooth<br \/>\n- Plug and Play USB direct<\/div>\n<p>&nbsp;<\/p>\n<\/div>\n<\/div>\n<h4><img decoding=\"async\" class=\"aligncenter size-full wp-image-8218 lazyload\" data-src=\"http:\/\/www.microkosin.com\/wp-content\/uploads\/2025\/07\/2-7.jpg\" alt=\"\" width=\"1500\" height=\"300\" data-srcset=\"https:\/\/www.microkosin.com\/wp-content\/uploads\/2025\/07\/2-7.jpg 1500w, https:\/\/www.microkosin.com\/wp-content\/uploads\/2025\/07\/2-7-300x60.jpg 300w, https:\/\/www.microkosin.com\/wp-content\/uploads\/2025\/07\/2-7-1024x205.jpg 1024w, https:\/\/www.microkosin.com\/wp-content\/uploads\/2025\/07\/2-7-768x154.jpg 768w, https:\/\/www.microkosin.com\/wp-content\/uploads\/2025\/07\/2-7-18x4.jpg 18w, https:\/\/www.microkosin.com\/wp-content\/uploads\/2025\/07\/2-7-600x120.jpg 600w\" data-sizes=\"(max-width: 1500px) 100vw, 1500px\" src=\"data:image\/svg+xml;base64,PHN2ZyB3aWR0aD0iMSIgaGVpZ2h0PSIxIiB4bWxucz0iaHR0cDovL3d3dy53My5vcmcvMjAwMC9zdmciPjwvc3ZnPg==\" style=\"--smush-placeholder-width: 1500px; --smush-placeholder-aspect-ratio: 1500\/300;\" \/><\/h4>\n<p>&nbsp;<\/p>\n<\/div>\n<div class=\"col-sm-6\">\n<div>\n<h4>-Utilisation continue 24 heures sur 24 et 7 jours sur 7<\/h4>\n<div>L'une des caract\u00e9ristiques importantes de l'affichage num\u00e9rique Kosintec est de pouvoir fonctionner en continu pendant de longues heures et de longs jours. Les enseignes num\u00e9riques Kosintec sont con\u00e7ues pour une utilisation commerciale 24 heures sur 24, 7 jours sur 7, pour un travail ininterrompu et des performances stables.<\/div>\n<p>&nbsp;<\/p>\n<div>\n<h4>- Gestion centralis\u00e9e des \u00e9quipements terminaux<\/h4>\n<div>Le syst\u00e8me de gestion de contenu de Kosintec, bas\u00e9 sur le cloud, fournit un contr\u00f4le en temps r\u00e9el et des informations sur l'affichage num\u00e9rique intelligent, permettant aux op\u00e9rateurs de g\u00e9rer \u00e0 distance le contenu, la programmation de l'affichage et d'autres fonctions.<\/div>\n<p>&nbsp;<\/p>\n<\/div>\n<\/div>\n<\/div>\n<\/div>\n<\/div>\n<\/div>\n<div>\n<div class=\"row\">\n<div class=\"col-sm-6\">\n<div><img decoding=\"async\" class=\"aligncenter size-full wp-image-8219 lazyload\" data-src=\"http:\/\/www.microkosin.com\/wp-content\/uploads\/2025\/07\/3-10.jpg\" alt=\"\" width=\"1500\" height=\"300\" data-srcset=\"https:\/\/www.microkosin.com\/wp-content\/uploads\/2025\/07\/3-10.jpg 1500w, https:\/\/www.microkosin.com\/wp-content\/uploads\/2025\/07\/3-10-300x60.jpg 300w, https:\/\/www.microkosin.com\/wp-content\/uploads\/2025\/07\/3-10-1024x205.jpg 1024w, https:\/\/www.microkosin.com\/wp-content\/uploads\/2025\/07\/3-10-768x154.jpg 768w, https:\/\/www.microkosin.com\/wp-content\/uploads\/2025\/07\/3-10-18x4.jpg 18w, https:\/\/www.microkosin.com\/wp-content\/uploads\/2025\/07\/3-10-600x120.jpg 600w\" data-sizes=\"(max-width: 1500px) 100vw, 1500px\" src=\"data:image\/svg+xml;base64,PHN2ZyB3aWR0aD0iMSIgaGVpZ2h0PSIxIiB4bWxucz0iaHR0cDovL3d3dy53My5vcmcvMjAwMC9zdmciPjwvc3ZnPg==\" style=\"--smush-placeholder-width: 1500px; --smush-placeholder-aspect-ratio: 1500\/300;\" \/><\/div>\n<p>&nbsp;<\/p>\n<div>\n<h4>-Configuration multiple et ports d'E\/S polyvalents<\/h4>\n<div>Int\u00e9gration flexible des syst\u00e8mes d'exploitation : Android, Windows, Linux, ou le syst\u00e8me d'exploitation autonome de Kosintec pour l'affichage num\u00e9rique.<br \/>\nPrise en charge \u00e9tendue des E\/S : ports HDMI\/VGA\/DVI\/USB\/RJ45 + lecture des m\u00e9dias SD\/USB.<br \/>\nPerformance sans faille : Con\u00e7u pour une lecture 4K sans d\u00e9calage et avec des images parfaites afin de maximiser l'engagement avec les enseignes num\u00e9riques Kosintec.<\/div>\n<p>&nbsp;<\/p>\n<div>\n<h4>- Service et garantie<\/h4>\n<div>Tous les panneaux num\u00e9riques de Kosintec b\u00e9n\u00e9ficient d'une garantie commerciale de 1 \u00e0 2 ans (extension de garantie en option) et d'une assistance technique gratuite \u00e0 vie. Nos enseignes num\u00e9riques sont de qualit\u00e9 commerciale et con\u00e7ues pour fonctionner 24 heures sur 24 et 7 jours sur 7 dans les espaces publics. La garantie Kosintec couvre les d\u00e9fauts r\u00e9sultant de pi\u00e8ces, mat\u00e9riaux ou fabrication d\u00e9fectueux.<\/div>\n<p>&nbsp;<\/p>\n<div><img decoding=\"async\" class=\"aligncenter size-full wp-image-8214 lazyload\" data-src=\"http:\/\/www.microkosin.com\/wp-content\/uploads\/2025\/07\/7-2.jpg\" alt=\"\" width=\"1500\" height=\"600\" data-srcset=\"https:\/\/www.microkosin.com\/wp-content\/uploads\/2025\/07\/7-2.jpg 1500w, https:\/\/www.microkosin.com\/wp-content\/uploads\/2025\/07\/7-2-300x120.jpg 300w, https:\/\/www.microkosin.com\/wp-content\/uploads\/2025\/07\/7-2-1024x410.jpg 1024w, https:\/\/www.microkosin.com\/wp-content\/uploads\/2025\/07\/7-2-768x307.jpg 768w, https:\/\/www.microkosin.com\/wp-content\/uploads\/2025\/07\/7-2-18x7.jpg 18w, https:\/\/www.microkosin.com\/wp-content\/uploads\/2025\/07\/7-2-600x240.jpg 600w\" data-sizes=\"(max-width: 1500px) 100vw, 1500px\" src=\"data:image\/svg+xml;base64,PHN2ZyB3aWR0aD0iMSIgaGVpZ2h0PSIxIiB4bWxucz0iaHR0cDovL3d3dy53My5vcmcvMjAwMC9zdmciPjwvc3ZnPg==\" style=\"--smush-placeholder-width: 1500px; --smush-placeholder-aspect-ratio: 1500\/600;\" \/><\/div>\n<\/div>\n<\/div>\n<\/div>\n<\/div>\n<\/div>","protected":false},"excerpt":{"rendered":"<p>Brightness 2000 nits -Sunlight Readable<br \/>\nHigh brightness LCD (2.000cd\/mr) allows easy readablity in window displays.<br \/>\nMulti-screen synchronous playback<br \/>\nSynchronize your content across multiple screens in the same window displayyou can achievean<br \/>\neffect in perfectunison.<\/p>","protected":false},"featured_media":8555,"comment_status":"open","ping_status":"closed","template":"","meta":{"site-sidebar-layout":"default","site-content-layout":"","ast-site-content-layout":"default","site-content-style":"default","site-sidebar-style":"default","ast-global-header-display":"","ast-banner-title-visibility":"","ast-main-header-display":"","ast-hfb-above-header-display":"","ast-hfb-below-header-display":"","ast-hfb-mobile-header-display":"","site-post-title":"","ast-breadcrumbs-content":"","ast-featured-img":"","footer-sml-layout":"","theme-transparent-header-meta":"default","adv-header-id-meta":"","stick-header-meta":"","header-above-stick-meta":"","header-main-stick-meta":"","header-below-stick-meta":"","astra-migrate-meta-layouts":"set","ast-page-background-enabled":"default","ast-page-background-meta":{"desktop":{"background-color":"","background-image":"","background-repeat":"repeat","background-position":"center center","background-size":"auto","background-attachment":"scroll","background-type":"","background-media":"","overlay-type":"","overlay-color":"","overlay-opacity":"","overlay-gradient":""},"tablet":{"background-color":"","background-image":"","background-repeat":"repeat","background-position":"center center","background-size":"auto","background-attachment":"scroll","background-type":"","background-media":"","overlay-type":"","overlay-color":"","overlay-opacity":"","overlay-gradient":""},"mobile":{"background-color":"","background-image":"","background-repeat":"repeat","background-position":"center center","background-size":"auto","background-attachment":"scroll","background-type":"","background-media":"","overlay-type":"","overlay-color":"","overlay-opacity":"","overlay-gradient":""}},"ast-content-background-meta":{"desktop":{"background-color":"var(--ast-global-color-5)","background-image":"","background-repeat":"repeat","background-position":"center center","background-size":"auto","background-attachment":"scroll","background-type":"","background-media":"","overlay-type":"","overlay-color":"","overlay-opacity":"","overlay-gradient":""},"tablet":{"background-color":"var(--ast-global-color-5)","background-image":"","background-repeat":"repeat","background-position":"center center","background-size":"auto","background-attachment":"scroll","background-type":"","background-media":"","overlay-type":"","overlay-color":"","overlay-opacity":"","overlay-gradient":""},"mobile":{"background-color":"var(--ast-global-color-5)","background-image":"","background-repeat":"repeat","background-position":"center center","background-size":"auto","background-attachment":"scroll","background-type":"","background-media":"","overlay-type":"","overlay-color":"","overlay-opacity":"","overlay-gradient":""}}},"product_cat":[15,99,107],"product_tag":[],"class_list":{"0":"post-8553","1":"product","2":"type-product","3":"status-publish","4":"has-post-thumbnail","6":"product_cat-product","7":"product_cat-indoor-display","8":"product_cat-window-display","9":"desktop-align-left","10":"tablet-align-left","11":"mobile-align-left","12":"ast-product-gallery-layout-horizontal-slider","13":"ast-product-tabs-layout-horizontal","15":"first","16":"instock","17":"shipping-taxable","18":"product-type-simple"},"_links":{"self":[{"href":"https:\/\/www.microkosin.com\/fr\/wp-json\/wp\/v2\/product\/8553","targetHints":{"allow":["GET"]}}],"collection":[{"href":"https:\/\/www.microkosin.com\/fr\/wp-json\/wp\/v2\/product"}],"about":[{"href":"https:\/\/www.microkosin.com\/fr\/wp-json\/wp\/v2\/types\/product"}],"replies":[{"embeddable":true,"href":"https:\/\/www.microkosin.com\/fr\/wp-json\/wp\/v2\/comments?post=8553"}],"version-history":[{"count":4,"href":"https:\/\/www.microkosin.com\/fr\/wp-json\/wp\/v2\/product\/8553\/revisions"}],"predecessor-version":[{"id":8569,"href":"https:\/\/www.microkosin.com\/fr\/wp-json\/wp\/v2\/product\/8553\/revisions\/8569"}],"wp:featuredmedia":[{"embeddable":true,"href":"https:\/\/www.microkosin.com\/fr\/wp-json\/wp\/v2\/media\/8555"}],"wp:attachment":[{"href":"https:\/\/www.microkosin.com\/fr\/wp-json\/wp\/v2\/media?parent=8553"}],"wp:term":[{"taxonomy":"product_cat","embeddable":true,"href":"https:\/\/www.microkosin.com\/fr\/wp-json\/wp\/v2\/product_cat?post=8553"},{"taxonomy":"product_tag","embeddable":true,"href":"https:\/\/www.microkosin.com\/fr\/wp-json\/wp\/v2\/product_tag?post=8553"}],"curies":[{"name":"wp","href":"https:\/\/api.w.org\/{rel}","templated":true}]}}