{"id":8019,"date":"2025-07-08T15:24:08","date_gmt":"2025-07-08T07:24:08","guid":{"rendered":"https:\/\/www.microkosin.com\/?post_type=product&#038;p=8019"},"modified":"2025-07-21T15:31:41","modified_gmt":"2025-07-21T07:31:41","slug":"4k-interactive-smart-digital-whiteboard-touch-displays","status":"publish","type":"product","link":"https:\/\/www.microkosin.com\/fr\/produit\/4k-interactive-smart-digital-whiteboard-touch-displays\/","title":{"rendered":"Tableaux blancs num\u00e9riques interactifs 4K"},"content":{"rendered":"<p><img fetchpriority=\"high\" decoding=\"async\" class=\"aligncenter size-full wp-image-8028\" src=\"http:\/\/www.microkosin.com\/wp-content\/uploads\/2025\/07\/\u9996\u56fepsd.jpg\" alt=\"\" width=\"1500\" height=\"600\" srcset=\"https:\/\/www.microkosin.com\/wp-content\/uploads\/2025\/07\/\u9996\u56fepsd.jpg 1500w, https:\/\/www.microkosin.com\/wp-content\/uploads\/2025\/07\/\u9996\u56fepsd-300x120.jpg 300w, https:\/\/www.microkosin.com\/wp-content\/uploads\/2025\/07\/\u9996\u56fepsd-1024x410.jpg 1024w, https:\/\/www.microkosin.com\/wp-content\/uploads\/2025\/07\/\u9996\u56fepsd-768x307.jpg 768w, https:\/\/www.microkosin.com\/wp-content\/uploads\/2025\/07\/\u9996\u56fepsd-18x7.jpg 18w, https:\/\/www.microkosin.com\/wp-content\/uploads\/2025\/07\/\u9996\u56fepsd-600x240.jpg 600w\" sizes=\"(max-width: 1500px) 100vw, 1500px\" \/><\/p>\n<table>\n<tbody>\n<tr>\n<td width=\"533\"><img decoding=\"async\" class=\"aligncenter wp-image-8029 lazyload\" data-src=\"http:\/\/www.microkosin.com\/wp-content\/uploads\/2025\/07\/5-2.jpg\" alt=\"\" width=\"374\" height=\"374\" data-srcset=\"https:\/\/www.microkosin.com\/wp-content\/uploads\/2025\/07\/5-2.jpg 1000w, https:\/\/www.microkosin.com\/wp-content\/uploads\/2025\/07\/5-2-300x300.jpg 300w, https:\/\/www.microkosin.com\/wp-content\/uploads\/2025\/07\/5-2-150x150.jpg 150w, https:\/\/www.microkosin.com\/wp-content\/uploads\/2025\/07\/5-2-768x768.jpg 768w, https:\/\/www.microkosin.com\/wp-content\/uploads\/2025\/07\/5-2-12x12.jpg 12w, https:\/\/www.microkosin.com\/wp-content\/uploads\/2025\/07\/5-2-600x600.jpg 600w, https:\/\/www.microkosin.com\/wp-content\/uploads\/2025\/07\/5-2-100x100.jpg 100w\" data-sizes=\"(max-width: 374px) 100vw, 374px\" src=\"data:image\/svg+xml;base64,PHN2ZyB3aWR0aD0iMSIgaGVpZ2h0PSIxIiB4bWxucz0iaHR0cDovL3d3dy53My5vcmcvMjAwMC9zdmciPjwvc3ZnPg==\" style=\"--smush-placeholder-width: 374px; --smush-placeholder-aspect-ratio: 374\/374;\" \/><\/td>\n<td style=\"vertical-align: top; text-align: left;\" width=\"516\">&nbsp;<\/p>\n<p><strong>Kosintec<\/strong><strong>\u00a0Tableau blanc num\u00e9rique interactif 4K<\/strong><\/p>\n<p>Le tableau blanc interactif de Kosintec (tableau blanc num\u00e9rique ou tableau blanc intelligent) int\u00e8gre la t\u00e9l\u00e9vision, l'ordinateur, la tablette, l'audio, le projecteur et le tableau blanc en un seul appareil, avec de multiples caract\u00e9ristiques telles que 20 points multi-touch, \u00e9cran 4K, cam\u00e9ra, projection sans fil, double syst\u00e8me (Android et Windows), verre anti-reflet, \u00e9criture pr\u00e9cise, etc. Le tableau blanc interactif de Kosintec (tableau blanc num\u00e9rique ou tableau blanc intelligent) vous apporte une exp\u00e9rience intelligente de r\u00e9union \u00e9lectronique en ligne et d'\u00e9ducation interactive. Le tableau blanc interactif de Kosintec (tableau blanc num\u00e9rique ou tableau blanc intelligent) am\u00e9liore la collaboration, cr\u00e9e de bonnes pr\u00e9sentations pour vos besoins \u00e9ducatifs et professionnels.<\/td>\n<\/tr>\n<tr>\n<td style=\"vertical-align: top; text-align: left;\" width=\"516\"><strong>Caract\u00e9ristiques\u00a0<\/strong><\/p>\n<ul>\n<li><strong> 6 en 1\u00a0<\/strong><br \/>\nLe tableau blanc interactif de Kosintec (tableau blanc num\u00e9rique ou tableau blanc intelligent) int\u00e8gre les fonctions de t\u00e9l\u00e9vision, d'ordinateur, de tablette, d'audio, de projection d'\u00e9cran et de tableau blanc \u00e9crit en un seul appareil.<\/li>\n<li><strong>20 points multi-touch<\/strong>L'outil d'aide \u00e0 la d\u00e9cision, qui permet le brainstorming \u00e0 plusieurs personnes et restaure l'exp\u00e9rience r\u00e9elle du papier et du crayon.<\/li>\n<li><strong>\u00c9cran 4K UHD<\/strong>La gamme de couleurs \u00e9lev\u00e9e rend les couleurs de l'image plus d\u00e9licates.<\/li>\n<li><strong>Appareil photo HD de 13 m\u00e9gapixels<\/strong>avec 6 microphones \u00e0 r\u00e9seau, distance de prise de son de 8 m\u00e8tres, id\u00e9al pour les vid\u00e9oconf\u00e9rences<\/li>\n<li><strong>Syst\u00e8me double<\/strong><br \/>\nEn option, un seul syst\u00e8me Android ou un double syst\u00e8me Android + Windows. Le tableau blanc interactif Kosintec (tableau blanc num\u00e9rique ou tableau blanc intelligent) est configur\u00e9 par d\u00e9faut sous Android ou Windows 8G+128G. Il est dot\u00e9 d'applications riches et d'un fonctionnement pratique, afin de r\u00e9pondre \u00e0 l'ensemble des besoins.<\/li>\n<li><strong>\u00c9cran antireflet<\/strong><\/li>\n<\/ul>\n<\/td>\n<td width=\"516\"><img decoding=\"async\" class=\"aligncenter wp-image-8030 lazyload\" data-src=\"http:\/\/www.microkosin.com\/wp-content\/uploads\/2025\/07\/\u573a\u666f-3.jpg\" alt=\"\" width=\"499\" height=\"499\" data-srcset=\"https:\/\/www.microkosin.com\/wp-content\/uploads\/2025\/07\/\u573a\u666f-3.jpg 1000w, https:\/\/www.microkosin.com\/wp-content\/uploads\/2025\/07\/\u573a\u666f-3-300x300.jpg 300w, https:\/\/www.microkosin.com\/wp-content\/uploads\/2025\/07\/\u573a\u666f-3-150x150.jpg 150w, https:\/\/www.microkosin.com\/wp-content\/uploads\/2025\/07\/\u573a\u666f-3-768x768.jpg 768w, https:\/\/www.microkosin.com\/wp-content\/uploads\/2025\/07\/\u573a\u666f-3-12x12.jpg 12w, https:\/\/www.microkosin.com\/wp-content\/uploads\/2025\/07\/\u573a\u666f-3-600x600.jpg 600w, https:\/\/www.microkosin.com\/wp-content\/uploads\/2025\/07\/\u573a\u666f-3-100x100.jpg 100w\" data-sizes=\"(max-width: 499px) 100vw, 499px\" src=\"data:image\/svg+xml;base64,PHN2ZyB3aWR0aD0iMSIgaGVpZ2h0PSIxIiB4bWxucz0iaHR0cDovL3d3dy53My5vcmcvMjAwMC9zdmciPjwvc3ZnPg==\" style=\"--smush-placeholder-width: 499px; --smush-placeholder-aspect-ratio: 499\/499;\" \/><\/td>\n<\/tr>\n<tr>\n<td width=\"533\"><img decoding=\"async\" class=\"aligncenter wp-image-8031 lazyload\" data-src=\"http:\/\/www.microkosin.com\/wp-content\/uploads\/2025\/07\/\u573a\u666f2-1.jpg\" alt=\"\" width=\"456\" height=\"456\" data-srcset=\"https:\/\/www.microkosin.com\/wp-content\/uploads\/2025\/07\/\u573a\u666f2-1.jpg 1000w, https:\/\/www.microkosin.com\/wp-content\/uploads\/2025\/07\/\u573a\u666f2-1-300x300.jpg 300w, https:\/\/www.microkosin.com\/wp-content\/uploads\/2025\/07\/\u573a\u666f2-1-150x150.jpg 150w, https:\/\/www.microkosin.com\/wp-content\/uploads\/2025\/07\/\u573a\u666f2-1-768x768.jpg 768w, https:\/\/www.microkosin.com\/wp-content\/uploads\/2025\/07\/\u573a\u666f2-1-12x12.jpg 12w, https:\/\/www.microkosin.com\/wp-content\/uploads\/2025\/07\/\u573a\u666f2-1-600x600.jpg 600w, https:\/\/www.microkosin.com\/wp-content\/uploads\/2025\/07\/\u573a\u666f2-1-100x100.jpg 100w\" data-sizes=\"(max-width: 456px) 100vw, 456px\" src=\"data:image\/svg+xml;base64,PHN2ZyB3aWR0aD0iMSIgaGVpZ2h0PSIxIiB4bWxucz0iaHR0cDovL3d3dy53My5vcmcvMjAwMC9zdmciPjwvc3ZnPg==\" style=\"--smush-placeholder-width: 456px; --smush-placeholder-aspect-ratio: 456\/456;\" \/><\/td>\n<td style=\"vertical-align: top; text-align: left;\" width=\"516\"><strong>Affichage sans fil et \u00e9criture sur tableau blanc<\/strong><\/p>\n<p>Le tableau blanc interactif Kosintec (tableau blanc num\u00e9rique ou tableau blanc intelligent) avec projection sans fil, affichage sans fil et partage de code QR est plus pratique pour le partage de contenu et d'\u00e9cran lors d'une r\u00e9union ou d'un cours. Le logiciel d'\u00e9criture int\u00e9gr\u00e9 au tableau blanc et le stylo intelligent peuvent \u00eatre utilis\u00e9s sur l'\u00e9cran sans d\u00e9lai pour \u00e9crire, r\u00e9duire, zoomer, d\u00e9placer, etc. pour une \u00e9criture plus pratique, plus douce et plus pr\u00e9cise. Le tableau blanc interactif Kosintec (tableau blanc num\u00e9rique ou tableau blanc intelligent) peut \u00e9galement \u00eatre effac\u00e9 avec le dos de la main.<\/p>\n<p><strong><b>Prise en charge de la personnalisation compl\u00e8te<\/b><\/strong><\/p>\n<p>Nous fournissons un service sur mesure pour vos applications complexes. Avec plus de 18 ans d'exp\u00e9rience dans les solutions d'affichage num\u00e9rique, Kosintec sait ce que vous voulez et fournit des produits rentables pour votre industrie, non seulement dans le commerce de d\u00e9tail, l'h\u00f4tellerie, l'\u00e9ducation, la sant\u00e9, mais aussi dans le transport, le divertissement, l'entreprise.<\/td>\n<\/tr>\n<\/tbody>\n<\/table>\n<div>\n<div>\n<p>&nbsp;<\/p>\n<div style=\"font-size: 1.8em; font-weight: bold; text-align: center;\">\u203b Pourquoi choisir Kosintec Digital Signages \u203b<\/div>\n<p>&nbsp;<\/p>\n<\/div>\n<div><img decoding=\"async\" class=\"aligncenter size-full wp-image-8217 lazyload\" data-src=\"http:\/\/www.microkosin.com\/wp-content\/uploads\/2025\/07\/1-10.jpg\" alt=\"\" width=\"1500\" height=\"300\" data-srcset=\"https:\/\/www.microkosin.com\/wp-content\/uploads\/2025\/07\/1-10.jpg 1500w, https:\/\/www.microkosin.com\/wp-content\/uploads\/2025\/07\/1-10-300x60.jpg 300w, https:\/\/www.microkosin.com\/wp-content\/uploads\/2025\/07\/1-10-1024x205.jpg 1024w, https:\/\/www.microkosin.com\/wp-content\/uploads\/2025\/07\/1-10-768x154.jpg 768w, https:\/\/www.microkosin.com\/wp-content\/uploads\/2025\/07\/1-10-18x4.jpg 18w, https:\/\/www.microkosin.com\/wp-content\/uploads\/2025\/07\/1-10-600x120.jpg 600w\" data-sizes=\"(max-width: 1500px) 100vw, 1500px\" src=\"data:image\/svg+xml;base64,PHN2ZyB3aWR0aD0iMSIgaGVpZ2h0PSIxIiB4bWxucz0iaHR0cDovL3d3dy53My5vcmcvMjAwMC9zdmciPjwvc3ZnPg==\" style=\"--smush-placeholder-width: 1500px; --smush-placeholder-aspect-ratio: 1500\/300;\" \/><\/div>\n<p>&nbsp;<\/p>\n<div>\n<div class=\"row\">\n<div class=\"col-sm-6\">\n<h4>- \u00c9cran de haute qualit\u00e9<\/h4>\n<div>Kosintec digital signage fournit des \u00e9crans de haute qualit\u00e9 qui utilisent du verre tremp\u00e9 antid\u00e9flagrant. L'\u00e9cran industriel haute performance assure une haute r\u00e9solution, une haute luminosit\u00e9 et une stabilit\u00e9 d'utilisation. L'affichage dynamique Kosintec peut \u00e9galement \u00eatre mis \u00e0 niveau en 4K pour profiter d'images nettes et color\u00e9es d'une superbe clart\u00e9.<\/div>\n<p>&nbsp;<\/p>\n<div>\n<div class=\"col-sm-6\"><span style=\"font-size: 1.3em; font-weight: bold;\">- Contr\u00f4le facile des donn\u00e9es<\/span><\/div>\n<div class=\"col-sm-6\">\n<div>Les enseignes num\u00e9riques commerciales de Kosintec offrent une gestion facile du contenu avec de multiples fa\u00e7ons d'op\u00e9rer :<\/div>\n<div>- Commande \u00e0 distance via WiFi\/3G\/4G\/5G\/WLAN\/Bluetooth<br \/>\n- Plug and Play USB direct<\/div>\n<p>&nbsp;<\/p>\n<\/div>\n<\/div>\n<h4><img decoding=\"async\" class=\"aligncenter size-full wp-image-8218 lazyload\" data-src=\"http:\/\/www.microkosin.com\/wp-content\/uploads\/2025\/07\/2-7.jpg\" alt=\"\" width=\"1500\" height=\"300\" data-srcset=\"https:\/\/www.microkosin.com\/wp-content\/uploads\/2025\/07\/2-7.jpg 1500w, https:\/\/www.microkosin.com\/wp-content\/uploads\/2025\/07\/2-7-300x60.jpg 300w, https:\/\/www.microkosin.com\/wp-content\/uploads\/2025\/07\/2-7-1024x205.jpg 1024w, https:\/\/www.microkosin.com\/wp-content\/uploads\/2025\/07\/2-7-768x154.jpg 768w, https:\/\/www.microkosin.com\/wp-content\/uploads\/2025\/07\/2-7-18x4.jpg 18w, https:\/\/www.microkosin.com\/wp-content\/uploads\/2025\/07\/2-7-600x120.jpg 600w\" data-sizes=\"(max-width: 1500px) 100vw, 1500px\" src=\"data:image\/svg+xml;base64,PHN2ZyB3aWR0aD0iMSIgaGVpZ2h0PSIxIiB4bWxucz0iaHR0cDovL3d3dy53My5vcmcvMjAwMC9zdmciPjwvc3ZnPg==\" style=\"--smush-placeholder-width: 1500px; --smush-placeholder-aspect-ratio: 1500\/300;\" \/><\/h4>\n<p>&nbsp;<\/p>\n<\/div>\n<div class=\"col-sm-6\">\n<div>\n<h4>-Utilisation continue 24 heures sur 24 et 7 jours sur 7<\/h4>\n<div>L'une des caract\u00e9ristiques importantes de l'affichage num\u00e9rique Kosintec est de pouvoir fonctionner en continu pendant de longues heures et de longs jours. Les enseignes num\u00e9riques Kosintec sont con\u00e7ues pour une utilisation commerciale 24 heures sur 24, 7 jours sur 7, pour un travail ininterrompu et des performances stables.<\/div>\n<p>&nbsp;<\/p>\n<div>\n<h4>- Gestion centralis\u00e9e des \u00e9quipements terminaux<\/h4>\n<div>Le syst\u00e8me de gestion de contenu de Kosintec, bas\u00e9 sur le cloud, fournit un contr\u00f4le en temps r\u00e9el et des informations sur l'affichage num\u00e9rique intelligent, permettant aux op\u00e9rateurs de g\u00e9rer \u00e0 distance le contenu, la programmation de l'affichage et d'autres fonctions.<\/div>\n<p>&nbsp;<\/p>\n<\/div>\n<\/div>\n<\/div>\n<\/div>\n<\/div>\n<\/div>\n<div>\n<div class=\"row\">\n<div class=\"col-sm-6\">\n<div><img decoding=\"async\" class=\"aligncenter size-full wp-image-8219 lazyload\" data-src=\"http:\/\/www.microkosin.com\/wp-content\/uploads\/2025\/07\/3-10.jpg\" alt=\"\" width=\"1500\" height=\"300\" data-srcset=\"https:\/\/www.microkosin.com\/wp-content\/uploads\/2025\/07\/3-10.jpg 1500w, https:\/\/www.microkosin.com\/wp-content\/uploads\/2025\/07\/3-10-300x60.jpg 300w, https:\/\/www.microkosin.com\/wp-content\/uploads\/2025\/07\/3-10-1024x205.jpg 1024w, https:\/\/www.microkosin.com\/wp-content\/uploads\/2025\/07\/3-10-768x154.jpg 768w, https:\/\/www.microkosin.com\/wp-content\/uploads\/2025\/07\/3-10-18x4.jpg 18w, https:\/\/www.microkosin.com\/wp-content\/uploads\/2025\/07\/3-10-600x120.jpg 600w\" data-sizes=\"(max-width: 1500px) 100vw, 1500px\" src=\"data:image\/svg+xml;base64,PHN2ZyB3aWR0aD0iMSIgaGVpZ2h0PSIxIiB4bWxucz0iaHR0cDovL3d3dy53My5vcmcvMjAwMC9zdmciPjwvc3ZnPg==\" style=\"--smush-placeholder-width: 1500px; --smush-placeholder-aspect-ratio: 1500\/300;\" \/><\/div>\n<p>&nbsp;<\/p>\n<div>\n<h4>-Configuration multiple et ports d'E\/S polyvalents<\/h4>\n<div>Int\u00e9gration flexible des syst\u00e8mes d'exploitation : Android, Windows, Linux, ou le syst\u00e8me d'exploitation autonome de Kosintec pour l'affichage num\u00e9rique.<br \/>\nPrise en charge \u00e9tendue des E\/S : ports HDMI\/VGA\/DVI\/USB\/RJ45 + lecture des m\u00e9dias SD\/USB.<br \/>\nPerformance sans faille : Con\u00e7u pour une lecture 4K sans d\u00e9calage et avec des images parfaites afin de maximiser l'engagement avec les enseignes num\u00e9riques Kosintec.<\/div>\n<p>&nbsp;<\/p>\n<div>\n<h4>- Service et garantie<\/h4>\n<div>Tous les panneaux num\u00e9riques de Kosintec b\u00e9n\u00e9ficient d'une garantie commerciale de 1 \u00e0 2 ans (extension de garantie en option) et d'une assistance technique gratuite \u00e0 vie. Nos enseignes num\u00e9riques sont de qualit\u00e9 commerciale et con\u00e7ues pour fonctionner 24 heures sur 24 et 7 jours sur 7 dans les espaces publics. La garantie Kosintec couvre les d\u00e9fauts r\u00e9sultant de pi\u00e8ces, mat\u00e9riaux ou fabrication d\u00e9fectueux.<\/div>\n<p>&nbsp;<\/p>\n<div><img decoding=\"async\" class=\"aligncenter size-full wp-image-8214 lazyload\" data-src=\"http:\/\/www.microkosin.com\/wp-content\/uploads\/2025\/07\/7-2.jpg\" alt=\"\" width=\"1500\" height=\"600\" data-srcset=\"https:\/\/www.microkosin.com\/wp-content\/uploads\/2025\/07\/7-2.jpg 1500w, https:\/\/www.microkosin.com\/wp-content\/uploads\/2025\/07\/7-2-300x120.jpg 300w, https:\/\/www.microkosin.com\/wp-content\/uploads\/2025\/07\/7-2-1024x410.jpg 1024w, https:\/\/www.microkosin.com\/wp-content\/uploads\/2025\/07\/7-2-768x307.jpg 768w, https:\/\/www.microkosin.com\/wp-content\/uploads\/2025\/07\/7-2-18x7.jpg 18w, https:\/\/www.microkosin.com\/wp-content\/uploads\/2025\/07\/7-2-600x240.jpg 600w\" data-sizes=\"(max-width: 1500px) 100vw, 1500px\" src=\"data:image\/svg+xml;base64,PHN2ZyB3aWR0aD0iMSIgaGVpZ2h0PSIxIiB4bWxucz0iaHR0cDovL3d3dy53My5vcmcvMjAwMC9zdmciPjwvc3ZnPg==\" style=\"--smush-placeholder-width: 1500px; --smush-placeholder-aspect-ratio: 1500\/600;\" \/><\/div>\n<\/div>\n<\/div>\n<\/div>\n<\/div>\n<\/div>","protected":false},"excerpt":{"rendered":"<ul>\n<li>Taille de l'\u00e9cran\uff1a 55 \" | 65\u2033 | 75\u2033 | 86\u2033 | 98\u2033 | Personnalis\u00e9<\/li>\n<li>Syst\u00e8me d'exploitation\uff1a Android | Windows | Linux | Personnalis\u00e9<\/li>\n<li>Param\u00e8tres fonctionnels :\n<ul>\n<li>Panneau UHD 4K<\/li>\n<li>Verre antireflet<\/li>\n<li>Rapport de contraste \u00e9lev\u00e9<\/li>\n<li>WiFi 5 GHz<\/li>\n<li>Stylo intelligent<\/li>\n<li>Interfaces multiples<\/li>\n<li>Partage facile de fichiers<\/li>\n<\/ul>\n<div style=\"width: 864px;\" class=\"wp-video\"><!--[if lt IE 9]><script>document.createElement('video');<\/script><![endif]--><br \/>\n<video class=\"wp-video-shortcode\" id=\"video-8019-1\" width=\"864\" height=\"580\" preload=\"metadata\" controls=\"controls\"><source type=\"video\/mp4\" src=\"http:\/\/www.microkosin.com\/wp-content\/uploads\/2025\/07\/\u4f1a\u8bae\u4e00\u4f53\u673a.mp4?_=1\" \/><a href=\"http:\/\/www.microkosin.com\/wp-content\/uploads\/2025\/07\/\u4f1a\u8bae\u4e00\u4f53\u673a.mp4\">http:\/\/www.microkosin.com\/wp-content\/uploads\/2025\/07\/\u4f1a\u8bae\u4e00\u4f53\u673a.mp4<\/a><\/video><\/div>\n<hr \/>\n<\/li>\n<\/ul>","protected":false},"featured_media":8020,"comment_status":"open","ping_status":"closed","template":"","meta":{"site-sidebar-layout":"default","site-content-layout":"","ast-site-content-layout":"default","site-content-style":"default","site-sidebar-style":"default","ast-global-header-display":"","ast-banner-title-visibility":"","ast-main-header-display":"","ast-hfb-above-header-display":"","ast-hfb-below-header-display":"","ast-hfb-mobile-header-display":"","site-post-title":"","ast-breadcrumbs-content":"","ast-featured-img":"","footer-sml-layout":"","theme-transparent-header-meta":"default","adv-header-id-meta":"","stick-header-meta":"","header-above-stick-meta":"","header-main-stick-meta":"","header-below-stick-meta":"","astra-migrate-meta-layouts":"set","ast-page-background-enabled":"default","ast-page-background-meta":{"desktop":{"background-color":"","background-image":"","background-repeat":"repeat","background-position":"center center","background-size":"auto","background-attachment":"scroll","background-type":"","background-media":"","overlay-type":"","overlay-color":"","overlay-opacity":"","overlay-gradient":""},"tablet":{"background-color":"","background-image":"","background-repeat":"repeat","background-position":"center center","background-size":"auto","background-attachment":"scroll","background-type":"","background-media":"","overlay-type":"","overlay-color":"","overlay-opacity":"","overlay-gradient":""},"mobile":{"background-color":"","background-image":"","background-repeat":"repeat","background-position":"center center","background-size":"auto","background-attachment":"scroll","background-type":"","background-media":"","overlay-type":"","overlay-color":"","overlay-opacity":"","overlay-gradient":""}},"ast-content-background-meta":{"desktop":{"background-color":"var(--ast-global-color-5)","background-image":"","background-repeat":"repeat","background-position":"center center","background-size":"auto","background-attachment":"scroll","background-type":"","background-media":"","overlay-type":"","overlay-color":"","overlay-opacity":"","overlay-gradient":""},"tablet":{"background-color":"var(--ast-global-color-5)","background-image":"","background-repeat":"repeat","background-position":"center center","background-size":"auto","background-attachment":"scroll","background-type":"","background-media":"","overlay-type":"","overlay-color":"","overlay-opacity":"","overlay-gradient":""},"mobile":{"background-color":"var(--ast-global-color-5)","background-image":"","background-repeat":"repeat","background-position":"center center","background-size":"auto","background-attachment":"scroll","background-type":"","background-media":"","overlay-type":"","overlay-color":"","overlay-opacity":"","overlay-gradient":""}}},"product_cat":[15,108,99,102],"product_tag":[],"class_list":{"0":"post-8019","1":"product","2":"type-product","3":"status-publish","4":"has-post-thumbnail","6":"product_cat-product","7":"product_cat-interactive-touch-display","8":"product_cat-indoor-display","9":"product_cat-touch-screens","10":"desktop-align-left","11":"tablet-align-left","12":"mobile-align-left","13":"ast-product-gallery-layout-horizontal-slider","14":"ast-product-tabs-layout-horizontal","16":"first","17":"instock","18":"shipping-taxable","19":"product-type-simple"},"_links":{"self":[{"href":"https:\/\/www.microkosin.com\/fr\/wp-json\/wp\/v2\/product\/8019","targetHints":{"allow":["GET"]}}],"collection":[{"href":"https:\/\/www.microkosin.com\/fr\/wp-json\/wp\/v2\/product"}],"about":[{"href":"https:\/\/www.microkosin.com\/fr\/wp-json\/wp\/v2\/types\/product"}],"replies":[{"embeddable":true,"href":"https:\/\/www.microkosin.com\/fr\/wp-json\/wp\/v2\/comments?post=8019"}],"version-history":[{"count":3,"href":"https:\/\/www.microkosin.com\/fr\/wp-json\/wp\/v2\/product\/8019\/revisions"}],"predecessor-version":[{"id":8335,"href":"https:\/\/www.microkosin.com\/fr\/wp-json\/wp\/v2\/product\/8019\/revisions\/8335"}],"wp:featuredmedia":[{"embeddable":true,"href":"https:\/\/www.microkosin.com\/fr\/wp-json\/wp\/v2\/media\/8020"}],"wp:attachment":[{"href":"https:\/\/www.microkosin.com\/fr\/wp-json\/wp\/v2\/media?parent=8019"}],"wp:term":[{"taxonomy":"product_cat","embeddable":true,"href":"https:\/\/www.microkosin.com\/fr\/wp-json\/wp\/v2\/product_cat?post=8019"},{"taxonomy":"product_tag","embeddable":true,"href":"https:\/\/www.microkosin.com\/fr\/wp-json\/wp\/v2\/product_tag?post=8019"}],"curies":[{"name":"wp","href":"https:\/\/api.w.org\/{rel}","templated":true}]}}