{"id":7863,"date":"2025-07-01T11:15:07","date_gmt":"2025-07-01T03:15:07","guid":{"rendered":"https:\/\/www.microkosin.com\/?post_type=product&#038;p=7863"},"modified":"2025-07-18T11:20:35","modified_gmt":"2025-07-18T03:20:35","slug":"high-brightness-double-sided-window-hanging-display","status":"publish","type":"product","link":"https:\/\/www.microkosin.com\/fr\/produit\/high-brightness-double-sided-window-hanging-display\/","title":{"rendered":"Pr\u00e9sentoir double face \u00e0 haute luminosit\u00e9 pour fen\u00eatre suspendue"},"content":{"rendered":"<p><img fetchpriority=\"high\" decoding=\"async\" class=\"aligncenter size-full wp-image-7872\" src=\"http:\/\/www.microkosin.com\/wp-content\/uploads\/2025\/07\/\u9996\u56fe-.jpg\" alt=\"\" width=\"1500\" height=\"600\" srcset=\"https:\/\/www.microkosin.com\/wp-content\/uploads\/2025\/07\/\u9996\u56fe-.jpg 1500w, https:\/\/www.microkosin.com\/wp-content\/uploads\/2025\/07\/\u9996\u56fe--300x120.jpg 300w, https:\/\/www.microkosin.com\/wp-content\/uploads\/2025\/07\/\u9996\u56fe--1024x410.jpg 1024w, https:\/\/www.microkosin.com\/wp-content\/uploads\/2025\/07\/\u9996\u56fe--768x307.jpg 768w, https:\/\/www.microkosin.com\/wp-content\/uploads\/2025\/07\/\u9996\u56fe--18x7.jpg 18w, https:\/\/www.microkosin.com\/wp-content\/uploads\/2025\/07\/\u9996\u56fe--600x240.jpg 600w\" sizes=\"(max-width: 1500px) 100vw, 1500px\" \/><\/p>\n<table>\n<tbody>\n<tr>\n<td width=\"533\"><img decoding=\"async\" class=\"aligncenter wp-image-7868 lazyload\" data-src=\"http:\/\/www.microkosin.com\/wp-content\/uploads\/2025\/07\/4.jpg\" alt=\"\" width=\"289\" height=\"289\" data-srcset=\"https:\/\/www.microkosin.com\/wp-content\/uploads\/2025\/07\/4.jpg 1000w, https:\/\/www.microkosin.com\/wp-content\/uploads\/2025\/07\/4-300x300.jpg 300w, https:\/\/www.microkosin.com\/wp-content\/uploads\/2025\/07\/4-150x150.jpg 150w, https:\/\/www.microkosin.com\/wp-content\/uploads\/2025\/07\/4-768x768.jpg 768w, https:\/\/www.microkosin.com\/wp-content\/uploads\/2025\/07\/4-12x12.jpg 12w, https:\/\/www.microkosin.com\/wp-content\/uploads\/2025\/07\/4-600x600.jpg 600w, https:\/\/www.microkosin.com\/wp-content\/uploads\/2025\/07\/4-100x100.jpg 100w\" data-sizes=\"(max-width: 289px) 100vw, 289px\" src=\"data:image\/svg+xml;base64,PHN2ZyB3aWR0aD0iMSIgaGVpZ2h0PSIxIiB4bWxucz0iaHR0cDovL3d3dy53My5vcmcvMjAwMC9zdmciPjwvc3ZnPg==\" style=\"--smush-placeholder-width: 289px; --smush-placeholder-aspect-ratio: 289\/289;\" \/><\/td>\n<td style=\"vertical-align: top; text-align: left;\" width=\"516\">&nbsp;<\/p>\n<p><strong>Kosintec<\/strong><strong>\u00a0Ultra High Brightness Double Sided\u00a0Display<\/strong><\/p>\n<p>Kosintec\u00a0ultra high brightness double sided digital signage LCD window display is engineered with a dual-screen design. With a dazzling 3000 nits brightness facing the window and a softer 700-nit brightness for indoor visibility, it&#8217;s the perfect solution for seamless advertising both indoors and outdoors. One product, dual impact.<\/td>\n<\/tr>\n<tr>\n<td style=\"vertical-align: top; text-align: left;\" width=\"516\"><strong>Versatile Dual-Sided Design &amp; Sunlight Resilience, High-Temperature Tolerance<\/strong><\/p>\n<p>Kosintec\u00a0ultra high brightness double sided digital signage LCD window display features 3000 nits brightness facing the window and 700 nits indoors, ensuring seamless advertising for both indoor and outdoor spaces.\u00a0Designed to excel under direct sunlight and withstand high temperatures, Kosintec\u00a0ultra high brightness double sided digital signage LCD window display ensures exceptional visibility in various weather conditions.<\/p>\n<p><strong><b>Built-In Cooling System For Stability\u00a0&amp;\u00a0Auto Brightness Adjustment With Light Sensor<\/b><\/strong><\/p>\n<p>Enjoy stable performance with Kosintec\u00a0integrated cooling system, ensuring uninterrupted functionality even in high-temperature environments.\u00a0Experience intelligent brightness control with the built-in light sensor, adapting to ambient light conditions for optimal visibility day and night.<\/td>\n<td width=\"516\"><img decoding=\"async\" class=\"aligncenter wp-image-7867 lazyload\" data-src=\"http:\/\/www.microkosin.com\/wp-content\/uploads\/2025\/07\/3.jpg\" alt=\"\" width=\"452\" height=\"452\" data-srcset=\"https:\/\/www.microkosin.com\/wp-content\/uploads\/2025\/07\/3.jpg 1000w, https:\/\/www.microkosin.com\/wp-content\/uploads\/2025\/07\/3-300x300.jpg 300w, https:\/\/www.microkosin.com\/wp-content\/uploads\/2025\/07\/3-150x150.jpg 150w, https:\/\/www.microkosin.com\/wp-content\/uploads\/2025\/07\/3-768x768.jpg 768w, https:\/\/www.microkosin.com\/wp-content\/uploads\/2025\/07\/3-12x12.jpg 12w, https:\/\/www.microkosin.com\/wp-content\/uploads\/2025\/07\/3-600x600.jpg 600w, https:\/\/www.microkosin.com\/wp-content\/uploads\/2025\/07\/3-100x100.jpg 100w\" data-sizes=\"(max-width: 452px) 100vw, 452px\" src=\"data:image\/svg+xml;base64,PHN2ZyB3aWR0aD0iMSIgaGVpZ2h0PSIxIiB4bWxucz0iaHR0cDovL3d3dy53My5vcmcvMjAwMC9zdmciPjwvc3ZnPg==\" style=\"--smush-placeholder-width: 452px; --smush-placeholder-aspect-ratio: 452\/452;\" \/><\/td>\n<\/tr>\n<tr>\n<td width=\"533\"><img decoding=\"async\" class=\"aligncenter wp-image-7871 lazyload\" data-src=\"http:\/\/www.microkosin.com\/wp-content\/uploads\/2025\/07\/\u573a\u666f-2.jpg\" alt=\"\" width=\"492\" height=\"358\" data-srcset=\"https:\/\/www.microkosin.com\/wp-content\/uploads\/2025\/07\/\u573a\u666f-2.jpg 1000w, https:\/\/www.microkosin.com\/wp-content\/uploads\/2025\/07\/\u573a\u666f-2-300x218.jpg 300w, https:\/\/www.microkosin.com\/wp-content\/uploads\/2025\/07\/\u573a\u666f-2-768x558.jpg 768w, https:\/\/www.microkosin.com\/wp-content\/uploads\/2025\/07\/\u573a\u666f-2-18x12.jpg 18w, https:\/\/www.microkosin.com\/wp-content\/uploads\/2025\/07\/\u573a\u666f-2-600x436.jpg 600w\" data-sizes=\"(max-width: 492px) 100vw, 492px\" src=\"data:image\/svg+xml;base64,PHN2ZyB3aWR0aD0iMSIgaGVpZ2h0PSIxIiB4bWxucz0iaHR0cDovL3d3dy53My5vcmcvMjAwMC9zdmciPjwvc3ZnPg==\" style=\"--smush-placeholder-width: 492px; --smush-placeholder-aspect-ratio: 492\/358;\" \/><\/td>\n<td style=\"vertical-align: top; text-align: left;\" width=\"516\">&nbsp;<\/p>\n<p><strong>Ceiling Mount With Infinite Height Adjustment<\/strong><\/p>\n<p>Achieve the perfect display height effortlessly with\u00a0Kosintec\u00a0ultra high brightness double sided digital signage LCD window display\u00a0! The ceiling mount comes with infinite height adjustment, allowing you to customize the positioning to your preference.<\/p>\n<p><strong><b>Remote Content Management with CMS Software<\/b><\/strong><\/p>\n<p>Take control from anywhere! Kosintec\u00a0ultra high brightness double sided digital signage LCD window display comes with built-in Content Management System (CMS) software, allowing you to manage and update content remotely with ease.<\/td>\n<\/tr>\n<\/tbody>\n<\/table>\n<div>\n<div>\n<p>&nbsp;<\/p>\n<div style=\"font-size: 1.8em; font-weight: bold; text-align: center;\">\u203b Pourquoi choisir Kosintec Digital Signages \u203b<\/div>\n<p>&nbsp;<\/p>\n<\/div>\n<div><img decoding=\"async\" class=\"aligncenter size-full wp-image-8217 lazyload\" data-src=\"http:\/\/www.microkosin.com\/wp-content\/uploads\/2025\/07\/1-10.jpg\" alt=\"\" width=\"1500\" height=\"300\" data-srcset=\"https:\/\/www.microkosin.com\/wp-content\/uploads\/2025\/07\/1-10.jpg 1500w, https:\/\/www.microkosin.com\/wp-content\/uploads\/2025\/07\/1-10-300x60.jpg 300w, https:\/\/www.microkosin.com\/wp-content\/uploads\/2025\/07\/1-10-1024x205.jpg 1024w, https:\/\/www.microkosin.com\/wp-content\/uploads\/2025\/07\/1-10-768x154.jpg 768w, https:\/\/www.microkosin.com\/wp-content\/uploads\/2025\/07\/1-10-18x4.jpg 18w, https:\/\/www.microkosin.com\/wp-content\/uploads\/2025\/07\/1-10-600x120.jpg 600w\" data-sizes=\"(max-width: 1500px) 100vw, 1500px\" src=\"data:image\/svg+xml;base64,PHN2ZyB3aWR0aD0iMSIgaGVpZ2h0PSIxIiB4bWxucz0iaHR0cDovL3d3dy53My5vcmcvMjAwMC9zdmciPjwvc3ZnPg==\" style=\"--smush-placeholder-width: 1500px; --smush-placeholder-aspect-ratio: 1500\/300;\" \/><\/div>\n<p>&nbsp;<\/p>\n<div>\n<div class=\"row\">\n<div class=\"col-sm-6\">\n<h4>- \u00c9cran de haute qualit\u00e9<\/h4>\n<div>Kosintec digital signage fournit des \u00e9crans de haute qualit\u00e9 qui utilisent du verre tremp\u00e9 antid\u00e9flagrant. L'\u00e9cran industriel haute performance assure une haute r\u00e9solution, une haute luminosit\u00e9 et une stabilit\u00e9 d'utilisation. L'affichage dynamique Kosintec peut \u00e9galement \u00eatre mis \u00e0 niveau en 4K pour profiter d'images nettes et color\u00e9es d'une superbe clart\u00e9.<\/div>\n<p>&nbsp;<\/p>\n<div>\n<div class=\"col-sm-6\"><span style=\"font-size: 1.3em; font-weight: bold;\">- Contr\u00f4le facile des donn\u00e9es<\/span><\/div>\n<div class=\"col-sm-6\">\n<div>Les enseignes num\u00e9riques commerciales de Kosintec offrent une gestion facile du contenu avec de multiples fa\u00e7ons d'op\u00e9rer :<\/div>\n<div>- Commande \u00e0 distance via WiFi\/3G\/4G\/5G\/WLAN\/Bluetooth<br \/>\n- Plug and Play USB direct<\/div>\n<p>&nbsp;<\/p>\n<\/div>\n<\/div>\n<h4><img decoding=\"async\" class=\"aligncenter size-full wp-image-8218 lazyload\" data-src=\"http:\/\/www.microkosin.com\/wp-content\/uploads\/2025\/07\/2-7.jpg\" alt=\"\" width=\"1500\" height=\"300\" data-srcset=\"https:\/\/www.microkosin.com\/wp-content\/uploads\/2025\/07\/2-7.jpg 1500w, https:\/\/www.microkosin.com\/wp-content\/uploads\/2025\/07\/2-7-300x60.jpg 300w, https:\/\/www.microkosin.com\/wp-content\/uploads\/2025\/07\/2-7-1024x205.jpg 1024w, https:\/\/www.microkosin.com\/wp-content\/uploads\/2025\/07\/2-7-768x154.jpg 768w, https:\/\/www.microkosin.com\/wp-content\/uploads\/2025\/07\/2-7-18x4.jpg 18w, https:\/\/www.microkosin.com\/wp-content\/uploads\/2025\/07\/2-7-600x120.jpg 600w\" data-sizes=\"(max-width: 1500px) 100vw, 1500px\" src=\"data:image\/svg+xml;base64,PHN2ZyB3aWR0aD0iMSIgaGVpZ2h0PSIxIiB4bWxucz0iaHR0cDovL3d3dy53My5vcmcvMjAwMC9zdmciPjwvc3ZnPg==\" style=\"--smush-placeholder-width: 1500px; --smush-placeholder-aspect-ratio: 1500\/300;\" \/><\/h4>\n<p>&nbsp;<\/p>\n<\/div>\n<div class=\"col-sm-6\">\n<div>\n<h4>-Utilisation continue 24 heures sur 24 et 7 jours sur 7<\/h4>\n<div>L'une des caract\u00e9ristiques importantes de l'affichage num\u00e9rique Kosintec est de pouvoir fonctionner en continu pendant de longues heures et de longs jours. Les enseignes num\u00e9riques Kosintec sont con\u00e7ues pour une utilisation commerciale 24 heures sur 24, 7 jours sur 7, pour un travail ininterrompu et des performances stables.<\/div>\n<p>&nbsp;<\/p>\n<div>\n<h4>- Gestion centralis\u00e9e des \u00e9quipements terminaux<\/h4>\n<div>Le syst\u00e8me de gestion de contenu de Kosintec, bas\u00e9 sur le cloud, fournit un contr\u00f4le en temps r\u00e9el et des informations sur l'affichage num\u00e9rique intelligent, permettant aux op\u00e9rateurs de g\u00e9rer \u00e0 distance le contenu, la programmation de l'affichage et d'autres fonctions.<\/div>\n<p>&nbsp;<\/p>\n<\/div>\n<\/div>\n<\/div>\n<\/div>\n<\/div>\n<\/div>\n<div>\n<div class=\"row\">\n<div class=\"col-sm-6\">\n<div><img decoding=\"async\" class=\"aligncenter size-full wp-image-8219 lazyload\" data-src=\"http:\/\/www.microkosin.com\/wp-content\/uploads\/2025\/07\/3-10.jpg\" alt=\"\" width=\"1500\" height=\"300\" data-srcset=\"https:\/\/www.microkosin.com\/wp-content\/uploads\/2025\/07\/3-10.jpg 1500w, https:\/\/www.microkosin.com\/wp-content\/uploads\/2025\/07\/3-10-300x60.jpg 300w, https:\/\/www.microkosin.com\/wp-content\/uploads\/2025\/07\/3-10-1024x205.jpg 1024w, https:\/\/www.microkosin.com\/wp-content\/uploads\/2025\/07\/3-10-768x154.jpg 768w, https:\/\/www.microkosin.com\/wp-content\/uploads\/2025\/07\/3-10-18x4.jpg 18w, https:\/\/www.microkosin.com\/wp-content\/uploads\/2025\/07\/3-10-600x120.jpg 600w\" data-sizes=\"(max-width: 1500px) 100vw, 1500px\" src=\"data:image\/svg+xml;base64,PHN2ZyB3aWR0aD0iMSIgaGVpZ2h0PSIxIiB4bWxucz0iaHR0cDovL3d3dy53My5vcmcvMjAwMC9zdmciPjwvc3ZnPg==\" style=\"--smush-placeholder-width: 1500px; --smush-placeholder-aspect-ratio: 1500\/300;\" \/><\/div>\n<p>&nbsp;<\/p>\n<div>\n<h4>-Configuration multiple et ports d'E\/S polyvalents<\/h4>\n<div>Int\u00e9gration flexible des syst\u00e8mes d'exploitation : Android, Windows, Linux, ou le syst\u00e8me d'exploitation autonome de Kosintec pour l'affichage num\u00e9rique.<br \/>\nPrise en charge \u00e9tendue des E\/S : ports HDMI\/VGA\/DVI\/USB\/RJ45 + lecture des m\u00e9dias SD\/USB.<br \/>\nPerformance sans faille : Con\u00e7u pour une lecture 4K sans d\u00e9calage et avec des images parfaites afin de maximiser l'engagement avec les enseignes num\u00e9riques Kosintec.<\/div>\n<p>&nbsp;<\/p>\n<div>\n<h4>- Service et garantie<\/h4>\n<div>Tous les panneaux num\u00e9riques de Kosintec b\u00e9n\u00e9ficient d'une garantie commerciale de 1 \u00e0 2 ans (extension de garantie en option) et d'une assistance technique gratuite \u00e0 vie. Nos enseignes num\u00e9riques sont de qualit\u00e9 commerciale et con\u00e7ues pour fonctionner 24 heures sur 24 et 7 jours sur 7 dans les espaces publics. La garantie Kosintec couvre les d\u00e9fauts r\u00e9sultant de pi\u00e8ces, mat\u00e9riaux ou fabrication d\u00e9fectueux.<\/div>\n<p>&nbsp;<\/p>\n<div><img decoding=\"async\" class=\"aligncenter size-full wp-image-8214 lazyload\" data-src=\"http:\/\/www.microkosin.com\/wp-content\/uploads\/2025\/07\/7-2.jpg\" alt=\"\" width=\"1500\" height=\"600\" data-srcset=\"https:\/\/www.microkosin.com\/wp-content\/uploads\/2025\/07\/7-2.jpg 1500w, https:\/\/www.microkosin.com\/wp-content\/uploads\/2025\/07\/7-2-300x120.jpg 300w, https:\/\/www.microkosin.com\/wp-content\/uploads\/2025\/07\/7-2-1024x410.jpg 1024w, https:\/\/www.microkosin.com\/wp-content\/uploads\/2025\/07\/7-2-768x307.jpg 768w, https:\/\/www.microkosin.com\/wp-content\/uploads\/2025\/07\/7-2-18x7.jpg 18w, https:\/\/www.microkosin.com\/wp-content\/uploads\/2025\/07\/7-2-600x240.jpg 600w\" data-sizes=\"(max-width: 1500px) 100vw, 1500px\" src=\"data:image\/svg+xml;base64,PHN2ZyB3aWR0aD0iMSIgaGVpZ2h0PSIxIiB4bWxucz0iaHR0cDovL3d3dy53My5vcmcvMjAwMC9zdmciPjwvc3ZnPg==\" style=\"--smush-placeholder-width: 1500px; --smush-placeholder-aspect-ratio: 1500\/600;\" \/><\/div>\n<\/div>\n<\/div>\n<\/div>\n<\/div>\n<\/div>","protected":false},"excerpt":{"rendered":"<ul>\n<li>Screen Size\uff1a\u00a0 43&#8221; | 49&#8221; | 55&#8221; | 65&#8221; | Customized<\/li>\n<li>Syst\u00e8me d'exploitation\uff1a Android | Windows | Linux | Personnalis\u00e9<\/li>\n<li>Param\u00e8tres fonctionnels :\n<ul>\n<li style=\"list-style-type: none;\">\n<ul>\n<li>Single\/Double Sided Optional<\/li>\n<li>2500\/700 nits Double Sided Optional<\/li>\n<li>Ultra Narrow Bezel<\/li>\n<li>Can be hanging by rope or retractable poles<\/li>\n<li>Ambient Light Sensor<\/li>\n<\/ul>\n<\/li>\n<\/ul>\n<hr \/>\n<\/li>\n<\/ul>","protected":false},"featured_media":7864,"comment_status":"open","ping_status":"closed","template":"","meta":{"site-sidebar-layout":"default","site-content-layout":"","ast-site-content-layout":"default","site-content-style":"default","site-sidebar-style":"default","ast-global-header-display":"","ast-banner-title-visibility":"","ast-main-header-display":"","ast-hfb-above-header-display":"","ast-hfb-below-header-display":"","ast-hfb-mobile-header-display":"","site-post-title":"","ast-breadcrumbs-content":"","ast-featured-img":"","footer-sml-layout":"","theme-transparent-header-meta":"default","adv-header-id-meta":"","stick-header-meta":"","header-above-stick-meta":"","header-main-stick-meta":"","header-below-stick-meta":"","astra-migrate-meta-layouts":"set","ast-page-background-enabled":"default","ast-page-background-meta":{"desktop":{"background-color":"","background-image":"","background-repeat":"repeat","background-position":"center center","background-size":"auto","background-attachment":"scroll","background-type":"","background-media":"","overlay-type":"","overlay-color":"","overlay-opacity":"","overlay-gradient":""},"tablet":{"background-color":"","background-image":"","background-repeat":"repeat","background-position":"center center","background-size":"auto","background-attachment":"scroll","background-type":"","background-media":"","overlay-type":"","overlay-color":"","overlay-opacity":"","overlay-gradient":""},"mobile":{"background-color":"","background-image":"","background-repeat":"repeat","background-position":"center center","background-size":"auto","background-attachment":"scroll","background-type":"","background-media":"","overlay-type":"","overlay-color":"","overlay-opacity":"","overlay-gradient":""}},"ast-content-background-meta":{"desktop":{"background-color":"var(--ast-global-color-5)","background-image":"","background-repeat":"repeat","background-position":"center center","background-size":"auto","background-attachment":"scroll","background-type":"","background-media":"","overlay-type":"","overlay-color":"","overlay-opacity":"","overlay-gradient":""},"tablet":{"background-color":"var(--ast-global-color-5)","background-image":"","background-repeat":"repeat","background-position":"center center","background-size":"auto","background-attachment":"scroll","background-type":"","background-media":"","overlay-type":"","overlay-color":"","overlay-opacity":"","overlay-gradient":""},"mobile":{"background-color":"var(--ast-global-color-5)","background-image":"","background-repeat":"repeat","background-position":"center center","background-size":"auto","background-attachment":"scroll","background-type":"","background-media":"","overlay-type":"","overlay-color":"","overlay-opacity":"","overlay-gradient":""}}},"product_cat":[15,107,100],"product_tag":[],"class_list":{"0":"post-7863","1":"product","2":"type-product","3":"status-publish","4":"has-post-thumbnail","6":"product_cat-product","7":"product_cat-window-display","8":"product_cat-high-brightness","9":"desktop-align-left","10":"tablet-align-left","11":"mobile-align-left","12":"ast-product-gallery-layout-horizontal-slider","13":"ast-product-tabs-layout-horizontal","15":"first","16":"instock","17":"shipping-taxable","18":"product-type-simple"},"_links":{"self":[{"href":"https:\/\/www.microkosin.com\/fr\/wp-json\/wp\/v2\/product\/7863","targetHints":{"allow":["GET"]}}],"collection":[{"href":"https:\/\/www.microkosin.com\/fr\/wp-json\/wp\/v2\/product"}],"about":[{"href":"https:\/\/www.microkosin.com\/fr\/wp-json\/wp\/v2\/types\/product"}],"replies":[{"embeddable":true,"href":"https:\/\/www.microkosin.com\/fr\/wp-json\/wp\/v2\/comments?post=7863"}],"version-history":[{"count":4,"href":"https:\/\/www.microkosin.com\/fr\/wp-json\/wp\/v2\/product\/7863\/revisions"}],"predecessor-version":[{"id":8233,"href":"https:\/\/www.microkosin.com\/fr\/wp-json\/wp\/v2\/product\/7863\/revisions\/8233"}],"wp:featuredmedia":[{"embeddable":true,"href":"https:\/\/www.microkosin.com\/fr\/wp-json\/wp\/v2\/media\/7864"}],"wp:attachment":[{"href":"https:\/\/www.microkosin.com\/fr\/wp-json\/wp\/v2\/media?parent=7863"}],"wp:term":[{"taxonomy":"product_cat","embeddable":true,"href":"https:\/\/www.microkosin.com\/fr\/wp-json\/wp\/v2\/product_cat?post=7863"},{"taxonomy":"product_tag","embeddable":true,"href":"https:\/\/www.microkosin.com\/fr\/wp-json\/wp\/v2\/product_tag?post=7863"}],"curies":[{"name":"wp","href":"https:\/\/api.w.org\/{rel}","templated":true}]}}