{"id":7853,"date":"2025-07-01T10:33:35","date_gmt":"2025-07-01T02:33:35","guid":{"rendered":"https:\/\/www.microkosin.com\/?post_type=product&#038;p=7853"},"modified":"2025-07-18T11:21:24","modified_gmt":"2025-07-18T03:21:24","slug":"outdoor-standing-lp66-lcd-display","status":"publish","type":"product","link":"https:\/\/www.microkosin.com\/fr\/produit\/outdoor-standing-lp66-lcd-display\/","title":{"rendered":"Affichage LCD lP66 sur pied \u00e0 l'ext\u00e9rieur"},"content":{"rendered":"<p><img fetchpriority=\"high\" decoding=\"async\" class=\"aligncenter wp-image-7280 size-full\" src=\"http:\/\/www.microkosin.com\/wp-content\/uploads\/2025\/06\/\u9996\u56fe.jpg\" alt=\"\" width=\"1500\" height=\"600\" srcset=\"https:\/\/www.microkosin.com\/wp-content\/uploads\/2025\/06\/\u9996\u56fe.jpg 1500w, https:\/\/www.microkosin.com\/wp-content\/uploads\/2025\/06\/\u9996\u56fe-300x120.jpg 300w, https:\/\/www.microkosin.com\/wp-content\/uploads\/2025\/06\/\u9996\u56fe-1024x410.jpg 1024w, https:\/\/www.microkosin.com\/wp-content\/uploads\/2025\/06\/\u9996\u56fe-768x307.jpg 768w, https:\/\/www.microkosin.com\/wp-content\/uploads\/2025\/06\/\u9996\u56fe-18x7.jpg 18w, https:\/\/www.microkosin.com\/wp-content\/uploads\/2025\/06\/\u9996\u56fe-600x240.jpg 600w\" sizes=\"(max-width: 1500px) 100vw, 1500px\" \/><\/p>\n<table>\n<tbody>\n<tr>\n<td width=\"533\"><img decoding=\"async\" class=\"aligncenter wp-image-7275 lazyload\" data-src=\"http:\/\/www.microkosin.com\/wp-content\/uploads\/2025\/06\/\u753b\u677f-1-5.jpg\" alt=\"\" width=\"382\" height=\"382\" data-srcset=\"https:\/\/www.microkosin.com\/wp-content\/uploads\/2025\/06\/\u753b\u677f-1-5.jpg 1000w, https:\/\/www.microkosin.com\/wp-content\/uploads\/2025\/06\/\u753b\u677f-1-5-300x300.jpg 300w, https:\/\/www.microkosin.com\/wp-content\/uploads\/2025\/06\/\u753b\u677f-1-5-150x150.jpg 150w, https:\/\/www.microkosin.com\/wp-content\/uploads\/2025\/06\/\u753b\u677f-1-5-768x768.jpg 768w, https:\/\/www.microkosin.com\/wp-content\/uploads\/2025\/06\/\u753b\u677f-1-5-12x12.jpg 12w, https:\/\/www.microkosin.com\/wp-content\/uploads\/2025\/06\/\u753b\u677f-1-5-600x600.jpg 600w, https:\/\/www.microkosin.com\/wp-content\/uploads\/2025\/06\/\u753b\u677f-1-5-100x100.jpg 100w\" data-sizes=\"(max-width: 382px) 100vw, 382px\" src=\"data:image\/svg+xml;base64,PHN2ZyB3aWR0aD0iMSIgaGVpZ2h0PSIxIiB4bWxucz0iaHR0cDovL3d3dy53My5vcmcvMjAwMC9zdmciPjwvc3ZnPg==\" style=\"--smush-placeholder-width: 382px; --smush-placeholder-aspect-ratio: 382\/382;\" \/><\/td>\n<td style=\"vertical-align: top; text-align: left;\" width=\"516\"><strong>Kosintec<\/strong><strong>\u00a0Signalisation num\u00e9rique ext\u00e9rieure IP66 Slim Design<\/strong><\/p>\n<p>Les \u00e9crans LCD d'affichage ext\u00e9rieur IP66 de Kosintec vous offrent un contenu qui n'est pas g\u00ean\u00e9 par les conditions d'\u00e9clairage. Captivez votre public 24 heures sur 24, 7 jours sur 7, qu'il pleuve ou qu'il vente, qu'il soit ouvert ou ferm\u00e9. Avec les \u00e9crans LCD d'affichage ext\u00e9rieur IP66 slim \u00e0 haute luminosit\u00e9 de Kosintec, vous pouvez \u00e9tendre votre message au-del\u00e0 de votre entreprise, que ce soit \u00e0 l'ext\u00e9rieur ou sous les intemp\u00e9ries. Pr\u00eats \u00e0 fonctionner 24 heures sur 24, les \u00e9crans LCD d'affichage ext\u00e9rieur IP66 slim \u00e0 haute luminosit\u00e9 de Kosintec vous permettent de toujours pr\u00e9senter un message dynamique et vivant. Kosintec propose des solutions int\u00e9gr\u00e9es pour g\u00e9rer et distribuer \u00e0 distance les mises \u00e0 jour de contenu. Kosintec propose des solutions int\u00e9gr\u00e9es pour g\u00e9rer \u00e0 distance et distribuer les mises \u00e0 jour de contenu. Avec un design fin et robuste, les \u00e9crans LCD d'affichage ext\u00e9rieur IP66 slim \u00e0 haute luminosit\u00e9 peuvent \u00eatre facilement install\u00e9s pour r\u00e9pondre \u00e0 vos besoins dans des environnements externes qui n\u00e9cessitent des conditions d'installation complexes.<\/td>\n<\/tr>\n<tr>\n<td style=\"vertical-align: top; text-align: left;\" width=\"516\"><strong>Durabilit\u00e9 par tous les temps\uff0cBy Design<\/strong><\/p>\n<p>Les solutions d'affichage LCD ext\u00e9rieur IP66 de Kosintec sont sp\u00e9cialement con\u00e7ues pour r\u00e9sister aux intemp\u00e9ries gr\u00e2ce \u00e0 un verre protecteur \u00e0 haute luminosit\u00e9 et \u00e0 un syst\u00e8me d'affichage \u00e0 cristaux liquides.\u00a0<strong>IP66<\/strong>\u00a0certification. Vous pouvez afficher votre message dans la chaleur, le froid, la pluie, la neige et la poussi\u00e8re avec les pr\u00e9sentoirs ext\u00e9rieurs de Kosintec.<\/p>\n<p><strong><b>Brille dans n'importe quelle lumi\u00e8re et est lisible \u00e0 la lumi\u00e8re du soleil<\/b><\/strong><\/p>\n<p>Kosintec haute luminosit\u00e9(<strong>2500nits-4000nits, \u00e9lev\u00e9 \u00e0 5000nits<\/strong>Les \u00e9crans LCD de signalisation num\u00e9rique ext\u00e9rieure )offrent une lisibilit\u00e9 et une visibilit\u00e9 excellentes, m\u00eame en plein soleil. Les capteurs de gradation int\u00e9gr\u00e9s ajustent automatiquement la luminosit\u00e9 en fonction de la lumi\u00e8re ambiante afin d'optimiser la visibilit\u00e9 de jour comme de nuit, tout en maintenant des co\u00fbts d'exploitation efficaces pour votre entreprise.<\/td>\n<td width=\"516\"><img decoding=\"async\" class=\"aligncenter wp-image-7276 lazyload\" data-src=\"http:\/\/www.microkosin.com\/wp-content\/uploads\/2025\/06\/\u753b\u677f-2-2.jpg\" alt=\"\" width=\"384\" height=\"384\" data-srcset=\"https:\/\/www.microkosin.com\/wp-content\/uploads\/2025\/06\/\u753b\u677f-2-2.jpg 1000w, https:\/\/www.microkosin.com\/wp-content\/uploads\/2025\/06\/\u753b\u677f-2-2-300x300.jpg 300w, https:\/\/www.microkosin.com\/wp-content\/uploads\/2025\/06\/\u753b\u677f-2-2-150x150.jpg 150w, https:\/\/www.microkosin.com\/wp-content\/uploads\/2025\/06\/\u753b\u677f-2-2-768x768.jpg 768w, https:\/\/www.microkosin.com\/wp-content\/uploads\/2025\/06\/\u753b\u677f-2-2-12x12.jpg 12w, https:\/\/www.microkosin.com\/wp-content\/uploads\/2025\/06\/\u753b\u677f-2-2-600x600.jpg 600w, https:\/\/www.microkosin.com\/wp-content\/uploads\/2025\/06\/\u753b\u677f-2-2-100x100.jpg 100w\" data-sizes=\"(max-width: 384px) 100vw, 384px\" src=\"data:image\/svg+xml;base64,PHN2ZyB3aWR0aD0iMSIgaGVpZ2h0PSIxIiB4bWxucz0iaHR0cDovL3d3dy53My5vcmcvMjAwMC9zdmciPjwvc3ZnPg==\" style=\"--smush-placeholder-width: 384px; --smush-placeholder-aspect-ratio: 384\/384;\" \/><\/td>\n<\/tr>\n<tr>\n<td width=\"533\"><img decoding=\"async\" class=\"aligncenter wp-image-7278 lazyload\" data-src=\"http:\/\/www.microkosin.com\/wp-content\/uploads\/2025\/06\/\u753b\u677f-4-3.jpg\" alt=\"\" width=\"358\" height=\"358\" data-srcset=\"https:\/\/www.microkosin.com\/wp-content\/uploads\/2025\/06\/\u753b\u677f-4-3.jpg 1000w, https:\/\/www.microkosin.com\/wp-content\/uploads\/2025\/06\/\u753b\u677f-4-3-300x300.jpg 300w, https:\/\/www.microkosin.com\/wp-content\/uploads\/2025\/06\/\u753b\u677f-4-3-150x150.jpg 150w, https:\/\/www.microkosin.com\/wp-content\/uploads\/2025\/06\/\u753b\u677f-4-3-768x768.jpg 768w, https:\/\/www.microkosin.com\/wp-content\/uploads\/2025\/06\/\u753b\u677f-4-3-12x12.jpg 12w, https:\/\/www.microkosin.com\/wp-content\/uploads\/2025\/06\/\u753b\u677f-4-3-600x600.jpg 600w, https:\/\/www.microkosin.com\/wp-content\/uploads\/2025\/06\/\u753b\u677f-4-3-100x100.jpg 100w\" data-sizes=\"(max-width: 358px) 100vw, 358px\" src=\"data:image\/svg+xml;base64,PHN2ZyB3aWR0aD0iMSIgaGVpZ2h0PSIxIiB4bWxucz0iaHR0cDovL3d3dy53My5vcmcvMjAwMC9zdmciPjwvc3ZnPg==\" style=\"--smush-placeholder-width: 358px; --smush-placeholder-aspect-ratio: 358\/358;\" \/><\/td>\n<td style=\"vertical-align: top; text-align: left;\" width=\"516\"><strong>Gestion et lecture ais\u00e9es du contenu<\/strong><\/p>\n<p>Lisez et g\u00e9rez votre contenu d\u00e8s la sortie de la bo\u00eete avec la solution d'affichage dynamique LCD ext\u00e9rieur IP66 mince et \u00e0 haute luminosit\u00e9 de Kosintec. Soutenu par le puissant syst\u00e8me d'exploitation Android ou Windows, vous pouvez facilement g\u00e9rer le contenu et assurer des transitions et une lecture transparentes du contenu.<\/p>\n<p><strong><b>Prise en charge de la personnalisation compl\u00e8te<\/b><\/strong><\/p>\n<p>Nous fournissons un service sur mesure pour vos applications complexes. Avec plus de 18 ans d'exp\u00e9rience dans les solutions d'affichage num\u00e9rique, Kosintec sait ce que vous voulez et fournit des produits rentables pour votre industrie, non seulement dans le commerce de d\u00e9tail, l'h\u00f4tellerie, l'\u00e9ducation, la sant\u00e9, mais aussi dans le transport, le divertissement, l'entreprise.<\/td>\n<\/tr>\n<\/tbody>\n<\/table>\n<div>\n<div>\n<p>&nbsp;<\/p>\n<div style=\"font-size: 1.8em; font-weight: bold; text-align: center;\">\u203b Pourquoi choisir Kosintec Digital Signages \u203b<\/div>\n<p>&nbsp;<\/p>\n<\/div>\n<div><img decoding=\"async\" class=\"aligncenter size-full wp-image-8217 lazyload\" data-src=\"http:\/\/www.microkosin.com\/wp-content\/uploads\/2025\/07\/1-10.jpg\" alt=\"\" width=\"1500\" height=\"300\" data-srcset=\"https:\/\/www.microkosin.com\/wp-content\/uploads\/2025\/07\/1-10.jpg 1500w, https:\/\/www.microkosin.com\/wp-content\/uploads\/2025\/07\/1-10-300x60.jpg 300w, https:\/\/www.microkosin.com\/wp-content\/uploads\/2025\/07\/1-10-1024x205.jpg 1024w, https:\/\/www.microkosin.com\/wp-content\/uploads\/2025\/07\/1-10-768x154.jpg 768w, https:\/\/www.microkosin.com\/wp-content\/uploads\/2025\/07\/1-10-18x4.jpg 18w, https:\/\/www.microkosin.com\/wp-content\/uploads\/2025\/07\/1-10-600x120.jpg 600w\" data-sizes=\"(max-width: 1500px) 100vw, 1500px\" src=\"data:image\/svg+xml;base64,PHN2ZyB3aWR0aD0iMSIgaGVpZ2h0PSIxIiB4bWxucz0iaHR0cDovL3d3dy53My5vcmcvMjAwMC9zdmciPjwvc3ZnPg==\" style=\"--smush-placeholder-width: 1500px; --smush-placeholder-aspect-ratio: 1500\/300;\" \/><\/div>\n<p>&nbsp;<\/p>\n<div>\n<div class=\"row\">\n<div class=\"col-sm-6\">\n<h4>- \u00c9cran de haute qualit\u00e9<\/h4>\n<div>Kosintec digital signage fournit des \u00e9crans de haute qualit\u00e9 qui utilisent du verre tremp\u00e9 antid\u00e9flagrant. L'\u00e9cran industriel haute performance assure une haute r\u00e9solution, une haute luminosit\u00e9 et une stabilit\u00e9 d'utilisation. L'affichage dynamique Kosintec peut \u00e9galement \u00eatre mis \u00e0 niveau en 4K pour profiter d'images nettes et color\u00e9es d'une superbe clart\u00e9.<\/div>\n<p>&nbsp;<\/p>\n<div>\n<div class=\"col-sm-6\"><span style=\"font-size: 1.3em; font-weight: bold;\">- Contr\u00f4le facile des donn\u00e9es<\/span><\/div>\n<div class=\"col-sm-6\">\n<div>Les enseignes num\u00e9riques commerciales de Kosintec offrent une gestion facile du contenu avec de multiples fa\u00e7ons d'op\u00e9rer :<\/div>\n<div>- Commande \u00e0 distance via WiFi\/3G\/4G\/5G\/WLAN\/Bluetooth<br \/>\n- Plug and Play USB direct<\/div>\n<p>&nbsp;<\/p>\n<\/div>\n<\/div>\n<h4><img decoding=\"async\" class=\"aligncenter size-full wp-image-8218 lazyload\" data-src=\"http:\/\/www.microkosin.com\/wp-content\/uploads\/2025\/07\/2-7.jpg\" alt=\"\" width=\"1500\" height=\"300\" data-srcset=\"https:\/\/www.microkosin.com\/wp-content\/uploads\/2025\/07\/2-7.jpg 1500w, https:\/\/www.microkosin.com\/wp-content\/uploads\/2025\/07\/2-7-300x60.jpg 300w, https:\/\/www.microkosin.com\/wp-content\/uploads\/2025\/07\/2-7-1024x205.jpg 1024w, https:\/\/www.microkosin.com\/wp-content\/uploads\/2025\/07\/2-7-768x154.jpg 768w, https:\/\/www.microkosin.com\/wp-content\/uploads\/2025\/07\/2-7-18x4.jpg 18w, https:\/\/www.microkosin.com\/wp-content\/uploads\/2025\/07\/2-7-600x120.jpg 600w\" data-sizes=\"(max-width: 1500px) 100vw, 1500px\" src=\"data:image\/svg+xml;base64,PHN2ZyB3aWR0aD0iMSIgaGVpZ2h0PSIxIiB4bWxucz0iaHR0cDovL3d3dy53My5vcmcvMjAwMC9zdmciPjwvc3ZnPg==\" style=\"--smush-placeholder-width: 1500px; --smush-placeholder-aspect-ratio: 1500\/300;\" \/><\/h4>\n<p>&nbsp;<\/p>\n<\/div>\n<div class=\"col-sm-6\">\n<div>\n<h4>-Utilisation continue 24 heures sur 24 et 7 jours sur 7<\/h4>\n<div>L'une des caract\u00e9ristiques importantes de l'affichage num\u00e9rique Kosintec est de pouvoir fonctionner en continu pendant de longues heures et de longs jours. Les enseignes num\u00e9riques Kosintec sont con\u00e7ues pour une utilisation commerciale 24 heures sur 24, 7 jours sur 7, pour un travail ininterrompu et des performances stables.<\/div>\n<p>&nbsp;<\/p>\n<div>\n<h4>- Gestion centralis\u00e9e des \u00e9quipements terminaux<\/h4>\n<div>Le syst\u00e8me de gestion de contenu de Kosintec, bas\u00e9 sur le cloud, fournit un contr\u00f4le en temps r\u00e9el et des informations sur l'affichage num\u00e9rique intelligent, permettant aux op\u00e9rateurs de g\u00e9rer \u00e0 distance le contenu, la programmation de l'affichage et d'autres fonctions.<\/div>\n<p>&nbsp;<\/p>\n<\/div>\n<\/div>\n<\/div>\n<\/div>\n<\/div>\n<\/div>\n<div>\n<div class=\"row\">\n<div class=\"col-sm-6\">\n<div><img decoding=\"async\" class=\"aligncenter size-full wp-image-8219 lazyload\" data-src=\"http:\/\/www.microkosin.com\/wp-content\/uploads\/2025\/07\/3-10.jpg\" alt=\"\" width=\"1500\" height=\"300\" data-srcset=\"https:\/\/www.microkosin.com\/wp-content\/uploads\/2025\/07\/3-10.jpg 1500w, https:\/\/www.microkosin.com\/wp-content\/uploads\/2025\/07\/3-10-300x60.jpg 300w, https:\/\/www.microkosin.com\/wp-content\/uploads\/2025\/07\/3-10-1024x205.jpg 1024w, https:\/\/www.microkosin.com\/wp-content\/uploads\/2025\/07\/3-10-768x154.jpg 768w, https:\/\/www.microkosin.com\/wp-content\/uploads\/2025\/07\/3-10-18x4.jpg 18w, https:\/\/www.microkosin.com\/wp-content\/uploads\/2025\/07\/3-10-600x120.jpg 600w\" data-sizes=\"(max-width: 1500px) 100vw, 1500px\" src=\"data:image\/svg+xml;base64,PHN2ZyB3aWR0aD0iMSIgaGVpZ2h0PSIxIiB4bWxucz0iaHR0cDovL3d3dy53My5vcmcvMjAwMC9zdmciPjwvc3ZnPg==\" style=\"--smush-placeholder-width: 1500px; --smush-placeholder-aspect-ratio: 1500\/300;\" \/><\/div>\n<p>&nbsp;<\/p>\n<div>\n<h4>-Configuration multiple et ports d'E\/S polyvalents<\/h4>\n<div>Int\u00e9gration flexible des syst\u00e8mes d'exploitation : Android, Windows, Linux, ou le syst\u00e8me d'exploitation autonome de Kosintec pour l'affichage num\u00e9rique.<br \/>\nPrise en charge \u00e9tendue des E\/S : ports HDMI\/VGA\/DVI\/USB\/RJ45 + lecture des m\u00e9dias SD\/USB.<br \/>\nPerformance sans faille : Con\u00e7u pour une lecture 4K sans d\u00e9calage et avec des images parfaites afin de maximiser l'engagement avec les enseignes num\u00e9riques Kosintec.<\/div>\n<p>&nbsp;<\/p>\n<div>\n<h4>- Service et garantie<\/h4>\n<div>Tous les panneaux num\u00e9riques de Kosintec b\u00e9n\u00e9ficient d'une garantie commerciale de 1 \u00e0 2 ans (extension de garantie en option) et d'une assistance technique gratuite \u00e0 vie. Nos enseignes num\u00e9riques sont de qualit\u00e9 commerciale et con\u00e7ues pour fonctionner 24 heures sur 24 et 7 jours sur 7 dans les espaces publics. La garantie Kosintec couvre les d\u00e9fauts r\u00e9sultant de pi\u00e8ces, mat\u00e9riaux ou fabrication d\u00e9fectueux.<\/div>\n<p>&nbsp;<\/p>\n<div><img decoding=\"async\" class=\"aligncenter size-full wp-image-8214 lazyload\" data-src=\"http:\/\/www.microkosin.com\/wp-content\/uploads\/2025\/07\/7-2.jpg\" alt=\"\" width=\"1500\" height=\"600\" data-srcset=\"https:\/\/www.microkosin.com\/wp-content\/uploads\/2025\/07\/7-2.jpg 1500w, https:\/\/www.microkosin.com\/wp-content\/uploads\/2025\/07\/7-2-300x120.jpg 300w, https:\/\/www.microkosin.com\/wp-content\/uploads\/2025\/07\/7-2-1024x410.jpg 1024w, https:\/\/www.microkosin.com\/wp-content\/uploads\/2025\/07\/7-2-768x307.jpg 768w, https:\/\/www.microkosin.com\/wp-content\/uploads\/2025\/07\/7-2-18x7.jpg 18w, https:\/\/www.microkosin.com\/wp-content\/uploads\/2025\/07\/7-2-600x240.jpg 600w\" data-sizes=\"(max-width: 1500px) 100vw, 1500px\" src=\"data:image\/svg+xml;base64,PHN2ZyB3aWR0aD0iMSIgaGVpZ2h0PSIxIiB4bWxucz0iaHR0cDovL3d3dy53My5vcmcvMjAwMC9zdmciPjwvc3ZnPg==\" style=\"--smush-placeholder-width: 1500px; --smush-placeholder-aspect-ratio: 1500\/600;\" \/><\/div>\n<\/div>\n<\/div>\n<\/div>\n<\/div>\n<\/div>","protected":false},"excerpt":{"rendered":"<ul>\n<li>Taille de l'\u00e9cran\uff1a 32\" | 43\" | 49\" | 55\" | Personnalis\u00e9<\/li>\n<li>Syst\u00e8me d'exploitation\uff1a Android | Windows | Linux | Personnalis\u00e9<\/li>\n<li>Param\u00e8tres fonctionnels :\n<ul>\n<li style=\"list-style-type: none;\">\n<ul>\n<li>\u00c9tanch\u00e9it\u00e9 ext\u00e9rieure IP66<\/li>\n<li>Haute luminosit\u00e9 3000 nits<\/li>\n<li>Avec verre tremp\u00e9 et large<\/li>\n<li>verre thermique<\/li>\n<li>Plusieurs tailles en option<\/li>\n<li>Connexion WiFi<\/li>\n<\/ul>\n<\/li>\n<\/ul>\n<hr \/>\n<div style=\"width: 288px;\" class=\"wp-video\"><!--[if lt IE 9]><script>document.createElement('video');<\/script><![endif]--><br \/>\n<video class=\"wp-video-shortcode\" id=\"video-7853-1\" width=\"288\" height=\"512\" loop autoplay preload=\"metadata\" controls=\"controls\"><source type=\"video\/mp4\" src=\"http:\/\/www.microkosin.com\/wp-content\/uploads\/2025\/06\/ip66.mp4?_=1\" \/><a href=\"http:\/\/www.microkosin.com\/wp-content\/uploads\/2025\/06\/ip66.mp4\">http:\/\/www.microkosin.com\/wp-content\/uploads\/2025\/06\/ip66.mp4<\/a><\/video><\/div>\n<\/li>\n<\/ul>","protected":false},"featured_media":7860,"comment_status":"open","ping_status":"closed","template":"","meta":{"site-sidebar-layout":"default","site-content-layout":"","ast-site-content-layout":"default","site-content-style":"default","site-sidebar-style":"default","ast-global-header-display":"","ast-banner-title-visibility":"","ast-main-header-display":"","ast-hfb-above-header-display":"","ast-hfb-below-header-display":"","ast-hfb-mobile-header-display":"","site-post-title":"","ast-breadcrumbs-content":"","ast-featured-img":"","footer-sml-layout":"","theme-transparent-header-meta":"default","adv-header-id-meta":"","stick-header-meta":"","header-above-stick-meta":"","header-main-stick-meta":"","header-below-stick-meta":"","astra-migrate-meta-layouts":"set","ast-page-background-enabled":"default","ast-page-background-meta":{"desktop":{"background-color":"","background-image":"","background-repeat":"repeat","background-position":"center center","background-size":"auto","background-attachment":"scroll","background-type":"","background-media":"","overlay-type":"","overlay-color":"","overlay-opacity":"","overlay-gradient":""},"tablet":{"background-color":"","background-image":"","background-repeat":"repeat","background-position":"center center","background-size":"auto","background-attachment":"scroll","background-type":"","background-media":"","overlay-type":"","overlay-color":"","overlay-opacity":"","overlay-gradient":""},"mobile":{"background-color":"","background-image":"","background-repeat":"repeat","background-position":"center center","background-size":"auto","background-attachment":"scroll","background-type":"","background-media":"","overlay-type":"","overlay-color":"","overlay-opacity":"","overlay-gradient":""}},"ast-content-background-meta":{"desktop":{"background-color":"var(--ast-global-color-5)","background-image":"","background-repeat":"repeat","background-position":"center center","background-size":"auto","background-attachment":"scroll","background-type":"","background-media":"","overlay-type":"","overlay-color":"","overlay-opacity":"","overlay-gradient":""},"tablet":{"background-color":"var(--ast-global-color-5)","background-image":"","background-repeat":"repeat","background-position":"center center","background-size":"auto","background-attachment":"scroll","background-type":"","background-media":"","overlay-type":"","overlay-color":"","overlay-opacity":"","overlay-gradient":""},"mobile":{"background-color":"var(--ast-global-color-5)","background-image":"","background-repeat":"repeat","background-position":"center center","background-size":"auto","background-attachment":"scroll","background-type":"","background-media":"","overlay-type":"","overlay-color":"","overlay-opacity":"","overlay-gradient":""}}},"product_cat":[15,101],"product_tag":[],"class_list":{"0":"post-7853","1":"product","2":"type-product","3":"status-publish","4":"has-post-thumbnail","6":"product_cat-product","7":"product_cat-outdoor-display","8":"desktop-align-left","9":"tablet-align-left","10":"mobile-align-left","11":"ast-product-gallery-layout-horizontal-slider","12":"ast-product-tabs-layout-horizontal","14":"first","15":"instock","16":"shipping-taxable","17":"product-type-simple"},"_links":{"self":[{"href":"https:\/\/www.microkosin.com\/fr\/wp-json\/wp\/v2\/product\/7853","targetHints":{"allow":["GET"]}}],"collection":[{"href":"https:\/\/www.microkosin.com\/fr\/wp-json\/wp\/v2\/product"}],"about":[{"href":"https:\/\/www.microkosin.com\/fr\/wp-json\/wp\/v2\/types\/product"}],"replies":[{"embeddable":true,"href":"https:\/\/www.microkosin.com\/fr\/wp-json\/wp\/v2\/comments?post=7853"}],"version-history":[{"count":2,"href":"https:\/\/www.microkosin.com\/fr\/wp-json\/wp\/v2\/product\/7853\/revisions"}],"predecessor-version":[{"id":8234,"href":"https:\/\/www.microkosin.com\/fr\/wp-json\/wp\/v2\/product\/7853\/revisions\/8234"}],"wp:featuredmedia":[{"embeddable":true,"href":"https:\/\/www.microkosin.com\/fr\/wp-json\/wp\/v2\/media\/7860"}],"wp:attachment":[{"href":"https:\/\/www.microkosin.com\/fr\/wp-json\/wp\/v2\/media?parent=7853"}],"wp:term":[{"taxonomy":"product_cat","embeddable":true,"href":"https:\/\/www.microkosin.com\/fr\/wp-json\/wp\/v2\/product_cat?post=7853"},{"taxonomy":"product_tag","embeddable":true,"href":"https:\/\/www.microkosin.com\/fr\/wp-json\/wp\/v2\/product_tag?post=7853"}],"curies":[{"name":"wp","href":"https:\/\/api.w.org\/{rel}","templated":true}]}}