{"id":7119,"date":"2025-06-13T16:02:56","date_gmt":"2025-06-13T08:02:56","guid":{"rendered":"https:\/\/www.microkosin.com\/?post_type=product&#038;p=7119"},"modified":"2025-07-18T13:48:43","modified_gmt":"2025-07-18T05:48:43","slug":"kosintec-indoor-application-full-hd-1080p-android-32inch-portable-digital-signage-lcd-ads-display-digital-poster","status":"publish","type":"product","link":"https:\/\/www.microkosin.com\/fr\/produit\/kosintec-indoor-application-full-hd-1080p-android-32inch-portable-digital-signage-lcd-ads-display-digital-poster\/","title":{"rendered":"Pile au lithium pour poster num\u00e9rique en forme de A \u00e0 l'int\u00e9rieur"},"content":{"rendered":"<p><img fetchpriority=\"high\" decoding=\"async\" class=\"aligncenter wp-image-7297 size-full\" src=\"http:\/\/www.microkosin.com\/wp-content\/uploads\/2025\/06\/\u9996\u56fe-4.jpg\" alt=\"\" width=\"1500\" height=\"600\" srcset=\"https:\/\/www.microkosin.com\/wp-content\/uploads\/2025\/06\/\u9996\u56fe-4.jpg 1500w, https:\/\/www.microkosin.com\/wp-content\/uploads\/2025\/06\/\u9996\u56fe-4-300x120.jpg 300w, https:\/\/www.microkosin.com\/wp-content\/uploads\/2025\/06\/\u9996\u56fe-4-1024x410.jpg 1024w, https:\/\/www.microkosin.com\/wp-content\/uploads\/2025\/06\/\u9996\u56fe-4-768x307.jpg 768w, https:\/\/www.microkosin.com\/wp-content\/uploads\/2025\/06\/\u9996\u56fe-4-18x7.jpg 18w, https:\/\/www.microkosin.com\/wp-content\/uploads\/2025\/06\/\u9996\u56fe-4-600x240.jpg 600w\" sizes=\"(max-width: 1500px) 100vw, 1500px\" \/><\/p>\n<table>\n<tbody>\n<tr>\n<td width=\"533\"><img decoding=\"async\" class=\"aligncenter size-full wp-image-7298 lazyload\" data-src=\"http:\/\/www.microkosin.com\/wp-content\/uploads\/2025\/06\/\u753b\u677f-1-2.png\" alt=\"\" width=\"1000\" height=\"1000\" data-srcset=\"https:\/\/www.microkosin.com\/wp-content\/uploads\/2025\/06\/\u753b\u677f-1-2.png 1000w, https:\/\/www.microkosin.com\/wp-content\/uploads\/2025\/06\/\u753b\u677f-1-2-300x300.png 300w, https:\/\/www.microkosin.com\/wp-content\/uploads\/2025\/06\/\u753b\u677f-1-2-150x150.png 150w, https:\/\/www.microkosin.com\/wp-content\/uploads\/2025\/06\/\u753b\u677f-1-2-768x768.png 768w, https:\/\/www.microkosin.com\/wp-content\/uploads\/2025\/06\/\u753b\u677f-1-2-12x12.png 12w, https:\/\/www.microkosin.com\/wp-content\/uploads\/2025\/06\/\u753b\u677f-1-2-600x600.png 600w, https:\/\/www.microkosin.com\/wp-content\/uploads\/2025\/06\/\u753b\u677f-1-2-100x100.png 100w\" data-sizes=\"(max-width: 1000px) 100vw, 1000px\" src=\"data:image\/svg+xml;base64,PHN2ZyB3aWR0aD0iMSIgaGVpZ2h0PSIxIiB4bWxucz0iaHR0cDovL3d3dy53My5vcmcvMjAwMC9zdmciPjwvc3ZnPg==\" style=\"--smush-placeholder-width: 1000px; --smush-placeholder-aspect-ratio: 1000\/1000;\" \/><\/td>\n<td style=\"vertical-align: top; text-align: left;\" width=\"516\"><strong>Kosintec<\/strong><strong>\u00a0Indoor Movable Digital A Board<\/strong><\/p>\n<p>Kosintec\u00a0movable digital a board(digital poster&amp;portable digital signage) LCD displays are the best digital signage displays and most unique way to display your content in any events or exhibitions. Kosintec\u00a0movable digital a board(digital poster&amp;portable digital signage) LCD display\u00a0is ideal to use at the front of shopping centers, stadiums, train stations, etc. You should not worry about leaving these units exposed to large crowds because they are equipped with protection against theft and damage concerns. Kosintec\u00a0movable digital a board(digital poster&amp;portable digital signage) LCD display\u00a0has a sturdy, resistant screen with protective glass and a welded steel housing, making it an extremely secure and durable display. Internally, it has a pro-active cooling system and a dust-free system, providing it a remarkable high level of safety performance round-the-clock.<br \/>\nWith the help of Kosintec\u00a0movable digital a board(digital poster&amp;portable digital signage) LCD displays, you can advertise your brand in a contemporary, unique way. This clear, self-standing digital banner can play beautiful visual presentations that entice passersby and guests to your establishment. When compared to smaller, conventional printed signs, an Kosintec\u00a0movable digital a board(digital poster&amp;portable digital signage) LCD display\u00a0stands out because it is made of LCD panels\u00a0to produce high quality image and video displays.<br \/>\nKosintec\u00a0movable digital a board(digital poster&amp;portable digital signage) LCD displays is the Slimmest Digital Poster with Folding Bracket!<\/td>\n<\/tr>\n<tr>\n<td style=\"vertical-align: top; text-align: left;\" width=\"516\"><strong>Caract\u00e9ristiques<\/strong><\/p>\n<p>Kosintec\u00a032in 40in 43in Android Digital Poster\/Digital A board is the best replacement for roll-up banners,traditional writing boards and LED signs<br \/>\n-Kosintec\u00a0movable digital a board(digital poster&amp;portable digital signage) LCD displays are a fully portable solution and can be easily moved by one person as they feature fixed casters.With two handle bars and a foldable design<br \/>\n&#8211; Fitted with a commercial grade panel, with a lifespan of more than 50,000 hours, and using high quality components ensures Kosintec\u00a0movable digital a board(digital poster&amp;portable digital signage) LCD displays can be in constant use 24\/7.<br \/>\n-Capacitive touch Option for 43in<br \/>\n-Three solutions optional\uff1aMonitor version\uff0cPlug &amp; Play version\uff0cAndroid Version.<br \/>\n-With HDMI IN, Support to connect external media player box.<\/td>\n<td width=\"516\"><img decoding=\"async\" class=\"aligncenter wp-image-7300 lazyload\" data-src=\"http:\/\/www.microkosin.com\/wp-content\/uploads\/2025\/06\/\u753b\u677f-2-2.png\" alt=\"\" width=\"406\" height=\"406\" data-srcset=\"https:\/\/www.microkosin.com\/wp-content\/uploads\/2025\/06\/\u753b\u677f-2-2.png 1000w, https:\/\/www.microkosin.com\/wp-content\/uploads\/2025\/06\/\u753b\u677f-2-2-300x300.png 300w, https:\/\/www.microkosin.com\/wp-content\/uploads\/2025\/06\/\u753b\u677f-2-2-150x150.png 150w, https:\/\/www.microkosin.com\/wp-content\/uploads\/2025\/06\/\u753b\u677f-2-2-768x768.png 768w, https:\/\/www.microkosin.com\/wp-content\/uploads\/2025\/06\/\u753b\u677f-2-2-12x12.png 12w, https:\/\/www.microkosin.com\/wp-content\/uploads\/2025\/06\/\u753b\u677f-2-2-600x600.png 600w, https:\/\/www.microkosin.com\/wp-content\/uploads\/2025\/06\/\u753b\u677f-2-2-100x100.png 100w\" data-sizes=\"(max-width: 406px) 100vw, 406px\" src=\"data:image\/svg+xml;base64,PHN2ZyB3aWR0aD0iMSIgaGVpZ2h0PSIxIiB4bWxucz0iaHR0cDovL3d3dy53My5vcmcvMjAwMC9zdmciPjwvc3ZnPg==\" style=\"--smush-placeholder-width: 406px; --smush-placeholder-aspect-ratio: 406\/406;\" \/><\/td>\n<\/tr>\n<tr>\n<td width=\"533\"><img decoding=\"async\" class=\"aligncenter wp-image-7301 lazyload\" data-src=\"http:\/\/www.microkosin.com\/wp-content\/uploads\/2025\/06\/\u753b\u677f-3-1.png\" alt=\"\" width=\"423\" height=\"423\" data-srcset=\"https:\/\/www.microkosin.com\/wp-content\/uploads\/2025\/06\/\u753b\u677f-3-1.png 1000w, https:\/\/www.microkosin.com\/wp-content\/uploads\/2025\/06\/\u753b\u677f-3-1-300x300.png 300w, https:\/\/www.microkosin.com\/wp-content\/uploads\/2025\/06\/\u753b\u677f-3-1-150x150.png 150w, https:\/\/www.microkosin.com\/wp-content\/uploads\/2025\/06\/\u753b\u677f-3-1-768x768.png 768w, https:\/\/www.microkosin.com\/wp-content\/uploads\/2025\/06\/\u753b\u677f-3-1-12x12.png 12w, https:\/\/www.microkosin.com\/wp-content\/uploads\/2025\/06\/\u753b\u677f-3-1-600x600.png 600w, https:\/\/www.microkosin.com\/wp-content\/uploads\/2025\/06\/\u753b\u677f-3-1-100x100.png 100w\" data-sizes=\"(max-width: 423px) 100vw, 423px\" src=\"data:image\/svg+xml;base64,PHN2ZyB3aWR0aD0iMSIgaGVpZ2h0PSIxIiB4bWxucz0iaHR0cDovL3d3dy53My5vcmcvMjAwMC9zdmciPjwvc3ZnPg==\" style=\"--smush-placeholder-width: 423px; --smush-placeholder-aspect-ratio: 423\/423;\" \/><\/td>\n<td style=\"vertical-align: top; text-align: left;\" width=\"516\"><strong>Slim Body &amp;\u00a0Plug and Play &amp;\u00a0Safe Display<\/strong><\/p>\n<p>SlimmestKosintec\u00a0movable digital a board(digital poster&amp;portable digital signage) LCD displays\u00a0with folding bracket!\u00a0The Easiest Digital Signage!<br \/>\nThe lightest portable AD player with direct USB playing and Pop android system.<\/p>\n<p>Higher Security Toughened Glass!<br \/>\nStronger and more durable and less prone to breakage than standard glass .<\/p>\n<p><strong><b>Prise en charge de la personnalisation compl\u00e8te<\/b><\/strong><\/p>\n<p>Nous fournissons un service sur mesure pour vos applications complexes. Avec plus de 18 ans d'exp\u00e9rience dans les solutions d'affichage num\u00e9rique, Kosintec sait ce que vous voulez et fournit des produits rentables pour votre industrie, non seulement dans le commerce de d\u00e9tail, l'h\u00f4tellerie, l'\u00e9ducation, la sant\u00e9, mais aussi dans le transport, le divertissement, l'entreprise.<\/td>\n<\/tr>\n<\/tbody>\n<\/table>\n<div>\n<div>\n<p>&nbsp;<\/p>\n<div style=\"font-size: 1.8em; font-weight: bold; text-align: center;\">\u203b Pourquoi choisir Kosintec Digital Signages \u203b<\/div>\n<p>&nbsp;<\/p>\n<\/div>\n<div><img decoding=\"async\" class=\"aligncenter size-full wp-image-8217 lazyload\" data-src=\"http:\/\/www.microkosin.com\/wp-content\/uploads\/2025\/07\/1-10.jpg\" alt=\"\" width=\"1500\" height=\"300\" data-srcset=\"https:\/\/www.microkosin.com\/wp-content\/uploads\/2025\/07\/1-10.jpg 1500w, https:\/\/www.microkosin.com\/wp-content\/uploads\/2025\/07\/1-10-300x60.jpg 300w, https:\/\/www.microkosin.com\/wp-content\/uploads\/2025\/07\/1-10-1024x205.jpg 1024w, https:\/\/www.microkosin.com\/wp-content\/uploads\/2025\/07\/1-10-768x154.jpg 768w, https:\/\/www.microkosin.com\/wp-content\/uploads\/2025\/07\/1-10-18x4.jpg 18w, https:\/\/www.microkosin.com\/wp-content\/uploads\/2025\/07\/1-10-600x120.jpg 600w\" data-sizes=\"(max-width: 1500px) 100vw, 1500px\" src=\"data:image\/svg+xml;base64,PHN2ZyB3aWR0aD0iMSIgaGVpZ2h0PSIxIiB4bWxucz0iaHR0cDovL3d3dy53My5vcmcvMjAwMC9zdmciPjwvc3ZnPg==\" style=\"--smush-placeholder-width: 1500px; --smush-placeholder-aspect-ratio: 1500\/300;\" \/><\/div>\n<p>&nbsp;<\/p>\n<div>\n<div class=\"row\">\n<div class=\"col-sm-6\">\n<h4>- \u00c9cran de haute qualit\u00e9<\/h4>\n<div>Kosintec digital signage fournit des \u00e9crans de haute qualit\u00e9 qui utilisent du verre tremp\u00e9 antid\u00e9flagrant. L'\u00e9cran industriel haute performance assure une haute r\u00e9solution, une haute luminosit\u00e9 et une stabilit\u00e9 d'utilisation. L'affichage dynamique Kosintec peut \u00e9galement \u00eatre mis \u00e0 niveau en 4K pour profiter d'images nettes et color\u00e9es d'une superbe clart\u00e9.<\/div>\n<p>&nbsp;<\/p>\n<div>\n<div class=\"col-sm-6\"><span style=\"font-size: 1.3em; font-weight: bold;\">- Contr\u00f4le facile des donn\u00e9es<\/span><\/div>\n<div class=\"col-sm-6\">\n<div>Les enseignes num\u00e9riques commerciales de Kosintec offrent une gestion facile du contenu avec de multiples fa\u00e7ons d'op\u00e9rer :<\/div>\n<div>- Commande \u00e0 distance via WiFi\/3G\/4G\/5G\/WLAN\/Bluetooth<br \/>\n- Plug and Play USB direct<\/div>\n<p>&nbsp;<\/p>\n<\/div>\n<\/div>\n<h4><img decoding=\"async\" class=\"aligncenter size-full wp-image-8218 lazyload\" data-src=\"http:\/\/www.microkosin.com\/wp-content\/uploads\/2025\/07\/2-7.jpg\" alt=\"\" width=\"1500\" height=\"300\" data-srcset=\"https:\/\/www.microkosin.com\/wp-content\/uploads\/2025\/07\/2-7.jpg 1500w, https:\/\/www.microkosin.com\/wp-content\/uploads\/2025\/07\/2-7-300x60.jpg 300w, https:\/\/www.microkosin.com\/wp-content\/uploads\/2025\/07\/2-7-1024x205.jpg 1024w, https:\/\/www.microkosin.com\/wp-content\/uploads\/2025\/07\/2-7-768x154.jpg 768w, https:\/\/www.microkosin.com\/wp-content\/uploads\/2025\/07\/2-7-18x4.jpg 18w, https:\/\/www.microkosin.com\/wp-content\/uploads\/2025\/07\/2-7-600x120.jpg 600w\" data-sizes=\"(max-width: 1500px) 100vw, 1500px\" src=\"data:image\/svg+xml;base64,PHN2ZyB3aWR0aD0iMSIgaGVpZ2h0PSIxIiB4bWxucz0iaHR0cDovL3d3dy53My5vcmcvMjAwMC9zdmciPjwvc3ZnPg==\" style=\"--smush-placeholder-width: 1500px; --smush-placeholder-aspect-ratio: 1500\/300;\" \/><\/h4>\n<p>&nbsp;<\/p>\n<\/div>\n<div class=\"col-sm-6\">\n<div>\n<h4>-Utilisation continue 24 heures sur 24 et 7 jours sur 7<\/h4>\n<div>L'une des caract\u00e9ristiques importantes de l'affichage num\u00e9rique Kosintec est de pouvoir fonctionner en continu pendant de longues heures et de longs jours. Les enseignes num\u00e9riques Kosintec sont con\u00e7ues pour une utilisation commerciale 24 heures sur 24, 7 jours sur 7, pour un travail ininterrompu et des performances stables.<\/div>\n<p>&nbsp;<\/p>\n<div>\n<h4>- Gestion centralis\u00e9e des \u00e9quipements terminaux<\/h4>\n<div>Le syst\u00e8me de gestion de contenu de Kosintec, bas\u00e9 sur le cloud, fournit un contr\u00f4le en temps r\u00e9el et des informations sur l'affichage num\u00e9rique intelligent, permettant aux op\u00e9rateurs de g\u00e9rer \u00e0 distance le contenu, la programmation de l'affichage et d'autres fonctions.<\/div>\n<p>&nbsp;<\/p>\n<\/div>\n<\/div>\n<\/div>\n<\/div>\n<\/div>\n<\/div>\n<div>\n<div class=\"row\">\n<div class=\"col-sm-6\">\n<div><img decoding=\"async\" class=\"aligncenter size-full wp-image-8219 lazyload\" data-src=\"http:\/\/www.microkosin.com\/wp-content\/uploads\/2025\/07\/3-10.jpg\" alt=\"\" width=\"1500\" height=\"300\" data-srcset=\"https:\/\/www.microkosin.com\/wp-content\/uploads\/2025\/07\/3-10.jpg 1500w, https:\/\/www.microkosin.com\/wp-content\/uploads\/2025\/07\/3-10-300x60.jpg 300w, https:\/\/www.microkosin.com\/wp-content\/uploads\/2025\/07\/3-10-1024x205.jpg 1024w, https:\/\/www.microkosin.com\/wp-content\/uploads\/2025\/07\/3-10-768x154.jpg 768w, https:\/\/www.microkosin.com\/wp-content\/uploads\/2025\/07\/3-10-18x4.jpg 18w, https:\/\/www.microkosin.com\/wp-content\/uploads\/2025\/07\/3-10-600x120.jpg 600w\" data-sizes=\"(max-width: 1500px) 100vw, 1500px\" src=\"data:image\/svg+xml;base64,PHN2ZyB3aWR0aD0iMSIgaGVpZ2h0PSIxIiB4bWxucz0iaHR0cDovL3d3dy53My5vcmcvMjAwMC9zdmciPjwvc3ZnPg==\" style=\"--smush-placeholder-width: 1500px; --smush-placeholder-aspect-ratio: 1500\/300;\" \/><\/div>\n<p>&nbsp;<\/p>\n<div>\n<h4>-Configuration multiple et ports d'E\/S polyvalents<\/h4>\n<div>Int\u00e9gration flexible des syst\u00e8mes d'exploitation : Android, Windows, Linux, ou le syst\u00e8me d'exploitation autonome de Kosintec pour l'affichage num\u00e9rique.<br \/>\nPrise en charge \u00e9tendue des E\/S : ports HDMI\/VGA\/DVI\/USB\/RJ45 + lecture des m\u00e9dias SD\/USB.<br \/>\nPerformance sans faille : Con\u00e7u pour une lecture 4K sans d\u00e9calage et avec des images parfaites afin de maximiser l'engagement avec les enseignes num\u00e9riques Kosintec.<\/div>\n<p>&nbsp;<\/p>\n<div>\n<h4>- Service et garantie<\/h4>\n<div>Tous les panneaux num\u00e9riques de Kosintec b\u00e9n\u00e9ficient d'une garantie commerciale de 1 \u00e0 2 ans (extension de garantie en option) et d'une assistance technique gratuite \u00e0 vie. Nos enseignes num\u00e9riques sont de qualit\u00e9 commerciale et con\u00e7ues pour fonctionner 24 heures sur 24 et 7 jours sur 7 dans les espaces publics. La garantie Kosintec couvre les d\u00e9fauts r\u00e9sultant de pi\u00e8ces, mat\u00e9riaux ou fabrication d\u00e9fectueux.<\/div>\n<p>&nbsp;<\/p>\n<div><img decoding=\"async\" class=\"aligncenter size-full wp-image-8214 lazyload\" data-src=\"http:\/\/www.microkosin.com\/wp-content\/uploads\/2025\/07\/7-2.jpg\" alt=\"\" width=\"1500\" height=\"600\" data-srcset=\"https:\/\/www.microkosin.com\/wp-content\/uploads\/2025\/07\/7-2.jpg 1500w, https:\/\/www.microkosin.com\/wp-content\/uploads\/2025\/07\/7-2-300x120.jpg 300w, https:\/\/www.microkosin.com\/wp-content\/uploads\/2025\/07\/7-2-1024x410.jpg 1024w, https:\/\/www.microkosin.com\/wp-content\/uploads\/2025\/07\/7-2-768x307.jpg 768w, https:\/\/www.microkosin.com\/wp-content\/uploads\/2025\/07\/7-2-18x7.jpg 18w, https:\/\/www.microkosin.com\/wp-content\/uploads\/2025\/07\/7-2-600x240.jpg 600w\" data-sizes=\"(max-width: 1500px) 100vw, 1500px\" src=\"data:image\/svg+xml;base64,PHN2ZyB3aWR0aD0iMSIgaGVpZ2h0PSIxIiB4bWxucz0iaHR0cDovL3d3dy53My5vcmcvMjAwMC9zdmciPjwvc3ZnPg==\" style=\"--smush-placeholder-width: 1500px; --smush-placeholder-aspect-ratio: 1500\/600;\" \/><\/div>\n<\/div>\n<\/div>\n<\/div>\n<\/div>\n<\/div>","protected":false},"excerpt":{"rendered":"<p>Lifepo4 battery power<br \/>\nsupply-8 hours<br \/>\nAvec affichage de la puissance de la batterie<br \/>\nPliable et mobile<br \/>\nUltra slim LCD display<br \/>\nIndoor High Brightness: 500 Nits<br \/>\nTouche P-Cap<\/p>\n<div style=\"width: 1280px;\" class=\"wp-video\"><!--[if lt IE 9]><script>document.createElement('video');<\/script><![endif]--><br \/>\n<video class=\"wp-video-shortcode\" id=\"video-7119-1\" width=\"1280\" height=\"720\" loop autoplay preload=\"metadata\" controls=\"controls\"><source type=\"video\/mp4\" src=\"http:\/\/www.microkosin.com\/wp-content\/uploads\/2025\/06\/8e66cf8e9d7fd71f9fa9211abe96ef34.mp4?_=1\" \/><a href=\"http:\/\/www.microkosin.com\/wp-content\/uploads\/2025\/06\/8e66cf8e9d7fd71f9fa9211abe96ef34.mp4\">http:\/\/www.microkosin.com\/wp-content\/uploads\/2025\/06\/8e66cf8e9d7fd71f9fa9211abe96ef34.mp4<\/a><\/video><\/div>\n<p>&nbsp;<\/p>","protected":false},"featured_media":7115,"comment_status":"open","ping_status":"closed","template":"","meta":{"site-sidebar-layout":"default","site-content-layout":"","ast-site-content-layout":"default","site-content-style":"default","site-sidebar-style":"default","ast-global-header-display":"","ast-banner-title-visibility":"","ast-main-header-display":"","ast-hfb-above-header-display":"","ast-hfb-below-header-display":"","ast-hfb-mobile-header-display":"","site-post-title":"","ast-breadcrumbs-content":"","ast-featured-img":"","footer-sml-layout":"","theme-transparent-header-meta":"default","adv-header-id-meta":"","stick-header-meta":"","header-above-stick-meta":"","header-main-stick-meta":"","header-below-stick-meta":"","astra-migrate-meta-layouts":"set","ast-page-background-enabled":"default","ast-page-background-meta":{"desktop":{"background-color":"","background-image":"","background-repeat":"repeat","background-position":"center center","background-size":"auto","background-attachment":"scroll","background-type":"","background-media":"","overlay-type":"","overlay-color":"","overlay-opacity":"","overlay-gradient":""},"tablet":{"background-color":"","background-image":"","background-repeat":"repeat","background-position":"center center","background-size":"auto","background-attachment":"scroll","background-type":"","background-media":"","overlay-type":"","overlay-color":"","overlay-opacity":"","overlay-gradient":""},"mobile":{"background-color":"","background-image":"","background-repeat":"repeat","background-position":"center center","background-size":"auto","background-attachment":"scroll","background-type":"","background-media":"","overlay-type":"","overlay-color":"","overlay-opacity":"","overlay-gradient":""}},"ast-content-background-meta":{"desktop":{"background-color":"var(--ast-global-color-5)","background-image":"","background-repeat":"repeat","background-position":"center center","background-size":"auto","background-attachment":"scroll","background-type":"","background-media":"","overlay-type":"","overlay-color":"","overlay-opacity":"","overlay-gradient":""},"tablet":{"background-color":"var(--ast-global-color-5)","background-image":"","background-repeat":"repeat","background-position":"center center","background-size":"auto","background-attachment":"scroll","background-type":"","background-media":"","overlay-type":"","overlay-color":"","overlay-opacity":"","overlay-gradient":""},"mobile":{"background-color":"var(--ast-global-color-5)","background-image":"","background-repeat":"repeat","background-position":"center center","background-size":"auto","background-attachment":"scroll","background-type":"","background-media":"","overlay-type":"","overlay-color":"","overlay-opacity":"","overlay-gradient":""}}},"product_cat":[15,99],"product_tag":[],"class_list":{"0":"post-7119","1":"product","2":"type-product","3":"status-publish","4":"has-post-thumbnail","6":"product_cat-product","7":"product_cat-indoor-display","8":"desktop-align-left","9":"tablet-align-left","10":"mobile-align-left","11":"ast-product-gallery-layout-horizontal-slider","12":"ast-product-tabs-layout-horizontal","14":"first","15":"instock","16":"shipping-taxable","17":"product-type-simple"},"_links":{"self":[{"href":"https:\/\/www.microkosin.com\/fr\/wp-json\/wp\/v2\/product\/7119","targetHints":{"allow":["GET"]}}],"collection":[{"href":"https:\/\/www.microkosin.com\/fr\/wp-json\/wp\/v2\/product"}],"about":[{"href":"https:\/\/www.microkosin.com\/fr\/wp-json\/wp\/v2\/types\/product"}],"replies":[{"embeddable":true,"href":"https:\/\/www.microkosin.com\/fr\/wp-json\/wp\/v2\/comments?post=7119"}],"version-history":[{"count":10,"href":"https:\/\/www.microkosin.com\/fr\/wp-json\/wp\/v2\/product\/7119\/revisions"}],"predecessor-version":[{"id":8258,"href":"https:\/\/www.microkosin.com\/fr\/wp-json\/wp\/v2\/product\/7119\/revisions\/8258"}],"wp:featuredmedia":[{"embeddable":true,"href":"https:\/\/www.microkosin.com\/fr\/wp-json\/wp\/v2\/media\/7115"}],"wp:attachment":[{"href":"https:\/\/www.microkosin.com\/fr\/wp-json\/wp\/v2\/media?parent=7119"}],"wp:term":[{"taxonomy":"product_cat","embeddable":true,"href":"https:\/\/www.microkosin.com\/fr\/wp-json\/wp\/v2\/product_cat?post=7119"},{"taxonomy":"product_tag","embeddable":true,"href":"https:\/\/www.microkosin.com\/fr\/wp-json\/wp\/v2\/product_tag?post=7119"}],"curies":[{"name":"wp","href":"https:\/\/api.w.org\/{rel}","templated":true}]}}