{"id":6615,"date":"2025-06-09T10:37:59","date_gmt":"2025-06-09T02:37:59","guid":{"rendered":"https:\/\/www.microkosin.com\/?post_type=product&#038;p=6615"},"modified":"2025-07-18T13:49:29","modified_gmt":"2025-07-18T05:49:29","slug":"kosintec-battery-powered-digital-a-board","status":"publish","type":"product","link":"https:\/\/www.microkosin.com\/fr\/produit\/kosintec-battery-powered-digital-a-board\/","title":{"rendered":"Affiche num\u00e9rique \u00e9tanche aliment\u00e9e par batterie"},"content":{"rendered":"<p><img fetchpriority=\"high\" decoding=\"async\" class=\"aligncenter size-full wp-image-7451\" src=\"http:\/\/www.microkosin.com\/wp-content\/uploads\/2025\/06\/xq-1-1.jpg\" alt=\"\" width=\"1500\" height=\"600\" srcset=\"https:\/\/www.microkosin.com\/wp-content\/uploads\/2025\/06\/xq-1-1.jpg 1500w, https:\/\/www.microkosin.com\/wp-content\/uploads\/2025\/06\/xq-1-1-300x120.jpg 300w, https:\/\/www.microkosin.com\/wp-content\/uploads\/2025\/06\/xq-1-1-1024x410.jpg 1024w, https:\/\/www.microkosin.com\/wp-content\/uploads\/2025\/06\/xq-1-1-768x307.jpg 768w, https:\/\/www.microkosin.com\/wp-content\/uploads\/2025\/06\/xq-1-1-18x7.jpg 18w, https:\/\/www.microkosin.com\/wp-content\/uploads\/2025\/06\/xq-1-1-600x240.jpg 600w\" sizes=\"(max-width: 1500px) 100vw, 1500px\" \/><\/p>\n<table>\n<tbody>\n<tr>\n<td width=\"533\"><img decoding=\"async\" class=\"aligncenter wp-image-7260 lazyload\" data-src=\"http:\/\/www.microkosin.com\/wp-content\/uploads\/2025\/06\/\u6c34\u724c-6-1-1024x1021.jpg\" alt=\"\" width=\"432\" height=\"431\" data-srcset=\"https:\/\/www.microkosin.com\/wp-content\/uploads\/2025\/06\/\u6c34\u724c-6-1-1024x1021.jpg 1024w, https:\/\/www.microkosin.com\/wp-content\/uploads\/2025\/06\/\u6c34\u724c-6-1-300x299.jpg 300w, https:\/\/www.microkosin.com\/wp-content\/uploads\/2025\/06\/\u6c34\u724c-6-1-150x150.jpg 150w, https:\/\/www.microkosin.com\/wp-content\/uploads\/2025\/06\/\u6c34\u724c-6-1-768x766.jpg 768w, https:\/\/www.microkosin.com\/wp-content\/uploads\/2025\/06\/\u6c34\u724c-6-1-1536x1532.jpg 1536w, https:\/\/www.microkosin.com\/wp-content\/uploads\/2025\/06\/\u6c34\u724c-6-1-2048x2043.jpg 2048w, https:\/\/www.microkosin.com\/wp-content\/uploads\/2025\/06\/\u6c34\u724c-6-1-12x12.jpg 12w, https:\/\/www.microkosin.com\/wp-content\/uploads\/2025\/06\/\u6c34\u724c-6-1-600x599.jpg 600w, https:\/\/www.microkosin.com\/wp-content\/uploads\/2025\/06\/\u6c34\u724c-6-1-100x100.jpg 100w\" data-sizes=\"(max-width: 432px) 100vw, 432px\" src=\"data:image\/svg+xml;base64,PHN2ZyB3aWR0aD0iMSIgaGVpZ2h0PSIxIiB4bWxucz0iaHR0cDovL3d3dy53My5vcmcvMjAwMC9zdmciPjwvc3ZnPg==\" style=\"--smush-placeholder-width: 432px; --smush-placeholder-aspect-ratio: 432\/431;\" \/><\/td>\n<td style=\"vertical-align: top; text-align: left;\" width=\"516\"><strong>Kosintec<\/strong><strong>\u00a0Tableau d'affichage num\u00e9rique portable \u00e0 batterie pour l'ext\u00e9rieur<\/strong><\/p>\n<p><strong>Solution d'affichage num\u00e9rique portable \u00e0 haute luminosit\u00e9 aliment\u00e9e par batterie.<\/strong><\/p>\n<p>Le panneau d'affichage num\u00e9rique portable Kosintec pour l'ext\u00e9rieur, aliment\u00e9 par une batterie, adopte un \u00e9cran lisible en plein soleil et une solution enti\u00e8rement portable pour n'importe quel espace.<\/p>\n<p>Con\u00e7u pour les environnements ext\u00e9rieurs exigeants, l'affichage num\u00e9rique aliment\u00e9 par batterie de Kosintec int\u00e8gre des \u00e9crans de qualit\u00e9 industrielle de 1 500 nits lisibles en plein soleil avec une gestion de l'alimentation conforme aux normes militaires.<\/p>\n<p>-\u00a0<strong>16-35 heures de fonctionnement continu<\/strong>\u00a0sur une seule charge (utilisation typique)<br \/>\n-\u00a0<strong>R\u00e9sistance aux intemp\u00e9ries conforme \u00e0 la norme IP65<\/strong>\u00a0contre la pluie\/poussi\u00e8re<br \/>\n-<strong>1500 nits &amp;2500 nits<\/strong>\u00a0Haute luminosit\u00e9 Lisible \u00e0 la lumi\u00e8re du soleil<\/td>\n<\/tr>\n<tr>\n<td style=\"vertical-align: top; text-align: left;\" width=\"516\">-\u00a0\u00a0<strong>\u00c9cran aliment\u00e9 par batterie<\/strong><\/p>\n<p>Le panneau d'affichage num\u00e9rique portable de Kosintec, avec sa batterie lithium int\u00e9gr\u00e9e, offre une autonomie \u00e9tonnante de 16 \u00e0 35 heures \u00e0 partir d'une seule charge, ce qui vous permet d'afficher des messages toute la journ\u00e9e et toute la nuit. Le compteur intelligent situ\u00e9 \u00e0 l'arri\u00e8re de l'\u00e9cran vous indique exactement le niveau de charge restant de la batterie, ce qui vous permet d'\u00eatre certain que la batterie ne s'\u00e9teindra jamais de mani\u00e8re inattendue.<\/p>\n<p><strong><b>-\u00a0\u00a0<\/b>\u00c9cran \u00e0 haute luminosit\u00e9<\/strong><\/p>\n<p>Le tableau num\u00e9rique portable Kosintec, aliment\u00e9 par une batterie, offre un \u00e9quilibre parfait entre la luminosit\u00e9 et l'autonomie de la batterie. Avec un panneau \u00e0 haute luminosit\u00e9 r\u00e9sistant \u00e0 l'obscurcissement (1500nits&amp;2500nits), l'\u00e9cran est clairement visible dans les espaces ext\u00e9rieurs sans compromettre l'autonomie ou la dur\u00e9e de vie de la batterie.<\/td>\n<td width=\"516\"><img decoding=\"async\" class=\"aligncenter wp-image-7261 lazyload\" data-src=\"http:\/\/www.microkosin.com\/wp-content\/uploads\/2025\/06\/\u6c34\u724c-7-1-1024x1021.jpg\" alt=\"\" width=\"412\" height=\"411\" data-srcset=\"https:\/\/www.microkosin.com\/wp-content\/uploads\/2025\/06\/\u6c34\u724c-7-1-1024x1021.jpg 1024w, https:\/\/www.microkosin.com\/wp-content\/uploads\/2025\/06\/\u6c34\u724c-7-1-300x299.jpg 300w, https:\/\/www.microkosin.com\/wp-content\/uploads\/2025\/06\/\u6c34\u724c-7-1-150x150.jpg 150w, https:\/\/www.microkosin.com\/wp-content\/uploads\/2025\/06\/\u6c34\u724c-7-1-768x766.jpg 768w, https:\/\/www.microkosin.com\/wp-content\/uploads\/2025\/06\/\u6c34\u724c-7-1-1536x1532.jpg 1536w, https:\/\/www.microkosin.com\/wp-content\/uploads\/2025\/06\/\u6c34\u724c-7-1-2048x2043.jpg 2048w, https:\/\/www.microkosin.com\/wp-content\/uploads\/2025\/06\/\u6c34\u724c-7-1-12x12.jpg 12w, https:\/\/www.microkosin.com\/wp-content\/uploads\/2025\/06\/\u6c34\u724c-7-1-600x599.jpg 600w, https:\/\/www.microkosin.com\/wp-content\/uploads\/2025\/06\/\u6c34\u724c-7-1-100x100.jpg 100w\" data-sizes=\"(max-width: 412px) 100vw, 412px\" src=\"data:image\/svg+xml;base64,PHN2ZyB3aWR0aD0iMSIgaGVpZ2h0PSIxIiB4bWxucz0iaHR0cDovL3d3dy53My5vcmcvMjAwMC9zdmciPjwvc3ZnPg==\" style=\"--smush-placeholder-width: 412px; --smush-placeholder-aspect-ratio: 412\/411;\" \/><\/td>\n<\/tr>\n<tr>\n<td width=\"533\"><img decoding=\"async\" class=\"aligncenter wp-image-7262 lazyload\" data-src=\"http:\/\/www.microkosin.com\/wp-content\/uploads\/2025\/06\/\u6c34\u724c-10-1-1024x1021.jpg\" alt=\"\" width=\"475\" height=\"474\" data-srcset=\"https:\/\/www.microkosin.com\/wp-content\/uploads\/2025\/06\/\u6c34\u724c-10-1-1024x1021.jpg 1024w, https:\/\/www.microkosin.com\/wp-content\/uploads\/2025\/06\/\u6c34\u724c-10-1-300x299.jpg 300w, https:\/\/www.microkosin.com\/wp-content\/uploads\/2025\/06\/\u6c34\u724c-10-1-150x150.jpg 150w, https:\/\/www.microkosin.com\/wp-content\/uploads\/2025\/06\/\u6c34\u724c-10-1-768x766.jpg 768w, https:\/\/www.microkosin.com\/wp-content\/uploads\/2025\/06\/\u6c34\u724c-10-1-1536x1532.jpg 1536w, https:\/\/www.microkosin.com\/wp-content\/uploads\/2025\/06\/\u6c34\u724c-10-1-2048x2043.jpg 2048w, https:\/\/www.microkosin.com\/wp-content\/uploads\/2025\/06\/\u6c34\u724c-10-1-12x12.jpg 12w, https:\/\/www.microkosin.com\/wp-content\/uploads\/2025\/06\/\u6c34\u724c-10-1-600x599.jpg 600w, https:\/\/www.microkosin.com\/wp-content\/uploads\/2025\/06\/\u6c34\u724c-10-1-100x100.jpg 100w\" data-sizes=\"(max-width: 475px) 100vw, 475px\" src=\"data:image\/svg+xml;base64,PHN2ZyB3aWR0aD0iMSIgaGVpZ2h0PSIxIiB4bWxucz0iaHR0cDovL3d3dy53My5vcmcvMjAwMC9zdmciPjwvc3ZnPg==\" style=\"--smush-placeholder-width: 475px; --smush-placeholder-aspect-ratio: 475\/474;\" \/><\/td>\n<td style=\"vertical-align: top; text-align: left;\" width=\"516\"><strong>-\u00a0\u00a0<\/strong><strong>Enti\u00e8rement portable et r\u00e9sistant aux intemp\u00e9ries<\/strong><\/p>\n<p>Gr\u00e2ce \u00e0 son incroyable l\u00e9g\u00e8ret\u00e9 et \u00e0 ses roulettes robustes, le tableau num\u00e9rique portable d'ext\u00e9rieur Kosintec, aliment\u00e9 par batterie, peut \u00eatre facilement d\u00e9plac\u00e9 par une seule personne. Les roulettes sp\u00e9cialis\u00e9es sont con\u00e7ues pour minimiser les vibrations sur les surfaces irr\u00e9guli\u00e8res, prot\u00e9geant ainsi les composants internes pour une plus longue dur\u00e9e de vie du produit.  Con\u00e7us pour r\u00e9sister aux \u00e9l\u00e9ments, les tableaux num\u00e9riques portables Kosintec aliment\u00e9s par batterie sont prot\u00e9g\u00e9s contre toutes les conditions m\u00e9t\u00e9orologiques par notre robuste bo\u00eetier ext\u00e9rieur class\u00e9 IP65. Cela signifie qu'ils peuvent \u00eatre utilis\u00e9s dans n'importe quel environnement, qu'il pleuve ou qu'il vente.<\/p>\n<p><strong><b>-\u00a0<\/b>\u00a0Conception fixe robuste et barre de verrouillage s\u00e9curis\u00e9e<\/strong><\/p>\n<p>Contrairement aux panneaux A traditionnels, le poster num\u00e9rique portable d'ext\u00e9rieur aliment\u00e9 par batterie de Kosintec a une conception pliable robuste pour une durabilit\u00e9 ultime et une dur\u00e9e de vie prolong\u00e9e. La fa\u00e7ade en verre tremp\u00e9 prot\u00e8ge le panneau et les composants internes contre les dommages. Une fois en place, les roulettes robustes peuvent \u00eatre verrouill\u00e9es \u00e0 l'aide de la barre de verrouillage int\u00e9gr\u00e9e. Pour plus de s\u00e9curit\u00e9, un cadenas peut \u00eatre utilis\u00e9 pour verrouiller la barre en place.<\/td>\n<\/tr>\n<\/tbody>\n<\/table>\n<div>\n<div>\n<p>&nbsp;<\/p>\n<div style=\"font-size: 1.8em; font-weight: bold; text-align: center;\">\u203b Pourquoi choisir Kosintec Digital Signages \u203b<\/div>\n<p>&nbsp;<\/p>\n<\/div>\n<div><img decoding=\"async\" class=\"aligncenter size-full wp-image-8217 lazyload\" data-src=\"http:\/\/www.microkosin.com\/wp-content\/uploads\/2025\/07\/1-10.jpg\" alt=\"\" width=\"1500\" height=\"300\" data-srcset=\"https:\/\/www.microkosin.com\/wp-content\/uploads\/2025\/07\/1-10.jpg 1500w, https:\/\/www.microkosin.com\/wp-content\/uploads\/2025\/07\/1-10-300x60.jpg 300w, https:\/\/www.microkosin.com\/wp-content\/uploads\/2025\/07\/1-10-1024x205.jpg 1024w, https:\/\/www.microkosin.com\/wp-content\/uploads\/2025\/07\/1-10-768x154.jpg 768w, https:\/\/www.microkosin.com\/wp-content\/uploads\/2025\/07\/1-10-18x4.jpg 18w, https:\/\/www.microkosin.com\/wp-content\/uploads\/2025\/07\/1-10-600x120.jpg 600w\" data-sizes=\"(max-width: 1500px) 100vw, 1500px\" src=\"data:image\/svg+xml;base64,PHN2ZyB3aWR0aD0iMSIgaGVpZ2h0PSIxIiB4bWxucz0iaHR0cDovL3d3dy53My5vcmcvMjAwMC9zdmciPjwvc3ZnPg==\" style=\"--smush-placeholder-width: 1500px; --smush-placeholder-aspect-ratio: 1500\/300;\" \/><\/div>\n<p>&nbsp;<\/p>\n<div>\n<div class=\"row\">\n<div class=\"col-sm-6\">\n<h4>- \u00c9cran de haute qualit\u00e9<\/h4>\n<div>Kosintec digital signage fournit des \u00e9crans de haute qualit\u00e9 qui utilisent du verre tremp\u00e9 antid\u00e9flagrant. L'\u00e9cran industriel haute performance assure une haute r\u00e9solution, une haute luminosit\u00e9 et une stabilit\u00e9 d'utilisation. L'affichage dynamique Kosintec peut \u00e9galement \u00eatre mis \u00e0 niveau en 4K pour profiter d'images nettes et color\u00e9es d'une superbe clart\u00e9.<\/div>\n<p>&nbsp;<\/p>\n<div>\n<div class=\"col-sm-6\"><span style=\"font-size: 1.3em; font-weight: bold;\">- Contr\u00f4le facile des donn\u00e9es<\/span><\/div>\n<div class=\"col-sm-6\">\n<div>Les enseignes num\u00e9riques commerciales de Kosintec offrent une gestion facile du contenu avec de multiples fa\u00e7ons d'op\u00e9rer :<\/div>\n<div>- Commande \u00e0 distance via WiFi\/3G\/4G\/5G\/WLAN\/Bluetooth<br \/>\n- Plug and Play USB direct<\/div>\n<p>&nbsp;<\/p>\n<\/div>\n<\/div>\n<h4><img decoding=\"async\" class=\"aligncenter size-full wp-image-8218 lazyload\" data-src=\"http:\/\/www.microkosin.com\/wp-content\/uploads\/2025\/07\/2-7.jpg\" alt=\"\" width=\"1500\" height=\"300\" data-srcset=\"https:\/\/www.microkosin.com\/wp-content\/uploads\/2025\/07\/2-7.jpg 1500w, https:\/\/www.microkosin.com\/wp-content\/uploads\/2025\/07\/2-7-300x60.jpg 300w, https:\/\/www.microkosin.com\/wp-content\/uploads\/2025\/07\/2-7-1024x205.jpg 1024w, https:\/\/www.microkosin.com\/wp-content\/uploads\/2025\/07\/2-7-768x154.jpg 768w, https:\/\/www.microkosin.com\/wp-content\/uploads\/2025\/07\/2-7-18x4.jpg 18w, https:\/\/www.microkosin.com\/wp-content\/uploads\/2025\/07\/2-7-600x120.jpg 600w\" data-sizes=\"(max-width: 1500px) 100vw, 1500px\" src=\"data:image\/svg+xml;base64,PHN2ZyB3aWR0aD0iMSIgaGVpZ2h0PSIxIiB4bWxucz0iaHR0cDovL3d3dy53My5vcmcvMjAwMC9zdmciPjwvc3ZnPg==\" style=\"--smush-placeholder-width: 1500px; --smush-placeholder-aspect-ratio: 1500\/300;\" \/><\/h4>\n<p>&nbsp;<\/p>\n<\/div>\n<div class=\"col-sm-6\">\n<div>\n<h4>-Utilisation continue 24 heures sur 24 et 7 jours sur 7<\/h4>\n<div>L'une des caract\u00e9ristiques importantes de l'affichage num\u00e9rique Kosintec est de pouvoir fonctionner en continu pendant de longues heures et de longs jours. Les enseignes num\u00e9riques Kosintec sont con\u00e7ues pour une utilisation commerciale 24 heures sur 24, 7 jours sur 7, pour un travail ininterrompu et des performances stables.<\/div>\n<p>&nbsp;<\/p>\n<div>\n<h4>- Gestion centralis\u00e9e des \u00e9quipements terminaux<\/h4>\n<div>Le syst\u00e8me de gestion de contenu de Kosintec, bas\u00e9 sur le cloud, fournit un contr\u00f4le en temps r\u00e9el et des informations sur l'affichage num\u00e9rique intelligent, permettant aux op\u00e9rateurs de g\u00e9rer \u00e0 distance le contenu, la programmation de l'affichage et d'autres fonctions.<\/div>\n<p>&nbsp;<\/p>\n<\/div>\n<\/div>\n<\/div>\n<\/div>\n<\/div>\n<\/div>\n<div>\n<div class=\"row\">\n<div class=\"col-sm-6\">\n<div><img decoding=\"async\" class=\"aligncenter size-full wp-image-8219 lazyload\" data-src=\"http:\/\/www.microkosin.com\/wp-content\/uploads\/2025\/07\/3-10.jpg\" alt=\"\" width=\"1500\" height=\"300\" data-srcset=\"https:\/\/www.microkosin.com\/wp-content\/uploads\/2025\/07\/3-10.jpg 1500w, https:\/\/www.microkosin.com\/wp-content\/uploads\/2025\/07\/3-10-300x60.jpg 300w, https:\/\/www.microkosin.com\/wp-content\/uploads\/2025\/07\/3-10-1024x205.jpg 1024w, https:\/\/www.microkosin.com\/wp-content\/uploads\/2025\/07\/3-10-768x154.jpg 768w, https:\/\/www.microkosin.com\/wp-content\/uploads\/2025\/07\/3-10-18x4.jpg 18w, https:\/\/www.microkosin.com\/wp-content\/uploads\/2025\/07\/3-10-600x120.jpg 600w\" data-sizes=\"(max-width: 1500px) 100vw, 1500px\" src=\"data:image\/svg+xml;base64,PHN2ZyB3aWR0aD0iMSIgaGVpZ2h0PSIxIiB4bWxucz0iaHR0cDovL3d3dy53My5vcmcvMjAwMC9zdmciPjwvc3ZnPg==\" style=\"--smush-placeholder-width: 1500px; --smush-placeholder-aspect-ratio: 1500\/300;\" \/><\/div>\n<p>&nbsp;<\/p>\n<div>\n<h4>-Configuration multiple et ports d'E\/S polyvalents<\/h4>\n<div>Int\u00e9gration flexible des syst\u00e8mes d'exploitation : Android, Windows, Linux, ou le syst\u00e8me d'exploitation autonome de Kosintec pour l'affichage num\u00e9rique.<br \/>\nPrise en charge \u00e9tendue des E\/S : ports HDMI\/VGA\/DVI\/USB\/RJ45 + lecture des m\u00e9dias SD\/USB.<br \/>\nPerformance sans faille : Con\u00e7u pour une lecture 4K sans d\u00e9calage et avec des images parfaites afin de maximiser l'engagement avec les enseignes num\u00e9riques Kosintec.<\/div>\n<p>&nbsp;<\/p>\n<div>\n<h4>- Service et garantie<\/h4>\n<div>Tous les panneaux num\u00e9riques de Kosintec b\u00e9n\u00e9ficient d'une garantie commerciale de 1 \u00e0 2 ans (extension de garantie en option) et d'une assistance technique gratuite \u00e0 vie. Nos enseignes num\u00e9riques sont de qualit\u00e9 commerciale et con\u00e7ues pour fonctionner 24 heures sur 24 et 7 jours sur 7 dans les espaces publics. La garantie Kosintec couvre les d\u00e9fauts r\u00e9sultant de pi\u00e8ces, mat\u00e9riaux ou fabrication d\u00e9fectueux.<\/div>\n<p>&nbsp;<\/p>\n<div><img decoding=\"async\" class=\"aligncenter size-full wp-image-8214 lazyload\" data-src=\"http:\/\/www.microkosin.com\/wp-content\/uploads\/2025\/07\/7-2.jpg\" alt=\"\" width=\"1500\" height=\"600\" data-srcset=\"https:\/\/www.microkosin.com\/wp-content\/uploads\/2025\/07\/7-2.jpg 1500w, https:\/\/www.microkosin.com\/wp-content\/uploads\/2025\/07\/7-2-300x120.jpg 300w, https:\/\/www.microkosin.com\/wp-content\/uploads\/2025\/07\/7-2-1024x410.jpg 1024w, https:\/\/www.microkosin.com\/wp-content\/uploads\/2025\/07\/7-2-768x307.jpg 768w, https:\/\/www.microkosin.com\/wp-content\/uploads\/2025\/07\/7-2-18x7.jpg 18w, https:\/\/www.microkosin.com\/wp-content\/uploads\/2025\/07\/7-2-600x240.jpg 600w\" data-sizes=\"(max-width: 1500px) 100vw, 1500px\" src=\"data:image\/svg+xml;base64,PHN2ZyB3aWR0aD0iMSIgaGVpZ2h0PSIxIiB4bWxucz0iaHR0cDovL3d3dy53My5vcmcvMjAwMC9zdmciPjwvc3ZnPg==\" style=\"--smush-placeholder-width: 1500px; --smush-placeholder-aspect-ratio: 1500\/600;\" \/><\/div>\n<\/div>\n<\/div>\n<\/div>\n<\/div>\n<\/div>","protected":false},"excerpt":{"rendered":"<ul>\n<li>Taille de l'\u00e9cran\uff1a 32\" | 43\" | 49\" | 55\" | Personnalis\u00e9<\/li>\n<li>Syst\u00e8me d'exploitation\uff1a Android | Windows | Linux | Personnalis\u00e9<\/li>\n<li>Param\u00e8tres fonctionnels :\n<ul>\n<li>Imperm\u00e9able \u00e0 l'ext\u00e9rieur lP65<\/li>\n<li>Haute luminosit\u00e9 ext\u00e9rieure 2000nits<\/li>\n<li>12 heures d'autonomie de la batterie<\/li>\n<li>Avec affichage de la puissance de la batterie<\/li>\n<li>Pliable et mobile<\/li>\n<li>Toutes les interfaces sont cach\u00e9es<\/li>\n<li>Interface WiFi<\/li>\n<\/ul>\n<hr \/>\n<div style=\"width: 1280px;\" class=\"wp-video\"><!--[if lt IE 9]><script>document.createElement('video');<\/script><![endif]--><br \/>\n<video class=\"wp-video-shortcode\" id=\"video-6615-1\" width=\"1280\" height=\"720\" loop autoplay preload=\"metadata\" controls=\"controls\"><source type=\"video\/mp4\" src=\"http:\/\/www.microkosin.com\/wp-content\/uploads\/2025\/06\/9146ecc478d11479f8f6fabde93b57f0.mp4?_=1\" \/><a href=\"http:\/\/www.microkosin.com\/wp-content\/uploads\/2025\/06\/9146ecc478d11479f8f6fabde93b57f0.mp4\">http:\/\/www.microkosin.com\/wp-content\/uploads\/2025\/06\/9146ecc478d11479f8f6fabde93b57f0.mp4<\/a><\/video><\/div>\n<\/li>\n<\/ul>","protected":false},"featured_media":7509,"comment_status":"open","ping_status":"closed","template":"","meta":{"site-sidebar-layout":"default","site-content-layout":"","ast-site-content-layout":"default","site-content-style":"default","site-sidebar-style":"default","ast-global-header-display":"","ast-banner-title-visibility":"","ast-main-header-display":"","ast-hfb-above-header-display":"","ast-hfb-below-header-display":"","ast-hfb-mobile-header-display":"","site-post-title":"","ast-breadcrumbs-content":"","ast-featured-img":"","footer-sml-layout":"","theme-transparent-header-meta":"default","adv-header-id-meta":"","stick-header-meta":"","header-above-stick-meta":"","header-main-stick-meta":"","header-below-stick-meta":"","astra-migrate-meta-layouts":"set","ast-page-background-enabled":"default","ast-page-background-meta":{"desktop":{"background-color":"","background-image":"","background-repeat":"repeat","background-position":"center center","background-size":"auto","background-attachment":"scroll","background-type":"","background-media":"","overlay-type":"","overlay-color":"","overlay-opacity":"","overlay-gradient":""},"tablet":{"background-color":"","background-image":"","background-repeat":"repeat","background-position":"center center","background-size":"auto","background-attachment":"scroll","background-type":"","background-media":"","overlay-type":"","overlay-color":"","overlay-opacity":"","overlay-gradient":""},"mobile":{"background-color":"","background-image":"","background-repeat":"repeat","background-position":"center center","background-size":"auto","background-attachment":"scroll","background-type":"","background-media":"","overlay-type":"","overlay-color":"","overlay-opacity":"","overlay-gradient":""}},"ast-content-background-meta":{"desktop":{"background-color":"var(--ast-global-color-5)","background-image":"","background-repeat":"repeat","background-position":"center center","background-size":"auto","background-attachment":"scroll","background-type":"","background-media":"","overlay-type":"","overlay-color":"","overlay-opacity":"","overlay-gradient":""},"tablet":{"background-color":"var(--ast-global-color-5)","background-image":"","background-repeat":"repeat","background-position":"center center","background-size":"auto","background-attachment":"scroll","background-type":"","background-media":"","overlay-type":"","overlay-color":"","overlay-opacity":"","overlay-gradient":""},"mobile":{"background-color":"var(--ast-global-color-5)","background-image":"","background-repeat":"repeat","background-position":"center center","background-size":"auto","background-attachment":"scroll","background-type":"","background-media":"","overlay-type":"","overlay-color":"","overlay-opacity":"","overlay-gradient":""}}},"product_cat":[15,101],"product_tag":[],"class_list":{"0":"post-6615","1":"product","2":"type-product","3":"status-publish","4":"has-post-thumbnail","6":"product_cat-product","7":"product_cat-outdoor-display","8":"desktop-align-left","9":"tablet-align-left","10":"mobile-align-left","11":"ast-product-gallery-layout-horizontal-slider","12":"ast-product-tabs-layout-horizontal","14":"first","15":"instock","16":"shipping-taxable","17":"product-type-simple"},"_links":{"self":[{"href":"https:\/\/www.microkosin.com\/fr\/wp-json\/wp\/v2\/product\/6615","targetHints":{"allow":["GET"]}}],"collection":[{"href":"https:\/\/www.microkosin.com\/fr\/wp-json\/wp\/v2\/product"}],"about":[{"href":"https:\/\/www.microkosin.com\/fr\/wp-json\/wp\/v2\/types\/product"}],"replies":[{"embeddable":true,"href":"https:\/\/www.microkosin.com\/fr\/wp-json\/wp\/v2\/comments?post=6615"}],"version-history":[{"count":15,"href":"https:\/\/www.microkosin.com\/fr\/wp-json\/wp\/v2\/product\/6615\/revisions"}],"predecessor-version":[{"id":8259,"href":"https:\/\/www.microkosin.com\/fr\/wp-json\/wp\/v2\/product\/6615\/revisions\/8259"}],"wp:featuredmedia":[{"embeddable":true,"href":"https:\/\/www.microkosin.com\/fr\/wp-json\/wp\/v2\/media\/7509"}],"wp:attachment":[{"href":"https:\/\/www.microkosin.com\/fr\/wp-json\/wp\/v2\/media?parent=6615"}],"wp:term":[{"taxonomy":"product_cat","embeddable":true,"href":"https:\/\/www.microkosin.com\/fr\/wp-json\/wp\/v2\/product_cat?post=6615"},{"taxonomy":"product_tag","embeddable":true,"href":"https:\/\/www.microkosin.com\/fr\/wp-json\/wp\/v2\/product_tag?post=6615"}],"curies":[{"name":"wp","href":"https:\/\/api.w.org\/{rel}","templated":true}]}}