{"id":7046,"date":"2025-06-11T18:47:47","date_gmt":"2025-06-11T10:47:47","guid":{"rendered":"https:\/\/www.microkosin.com\/?page_id=7046"},"modified":"2025-06-12T09:27:43","modified_gmt":"2025-06-12T01:27:43","slug":"double-sided-vertical-lcd","status":"publish","type":"page","link":"https:\/\/www.microkosin.com\/fr\/double-sided-vertical-lcd\/","title":{"rendered":"\u00c9CRAN PUBLICITAIRE VERTICAL DOUBLE FACE"},"content":{"rendered":"<div data-elementor-type=\"wp-page\" data-elementor-id=\"7046\" class=\"elementor elementor-7046\" data-elementor-post-type=\"page\">\n\t\t\t\t<div class=\"elementor-element elementor-element-176b145 e-con-full e-flex e-con e-parent\" data-id=\"176b145\" data-element_type=\"container\">\n\t\t\t\t<div class=\"elementor-element elementor-element-689f82c elementor-widget elementor-widget-text-editor\" data-id=\"689f82c\" data-element_type=\"widget\" data-widget_type=\"text-editor.default\">\n\t\t\t\t<div class=\"elementor-widget-container\">\n\t\t\t\t\t\t\t\t\t<h4 class=\"top_title\">\u00c9CRAN PUBLICITAIRE VERTICAL DOUBLE FACE<\/h4>\t\t\t\t\t\t\t\t<\/div>\n\t\t\t\t<\/div>\n\t\t\t\t<\/div>\n\t\t\t\t<section class=\"elementor-section elementor-top-section elementor-element elementor-element-6bef933 elementor-section-content-middle elementor-section-boxed elementor-section-height-default elementor-section-height-default\" data-id=\"6bef933\" data-element_type=\"section\" data-settings=\"{&quot;background_background&quot;:&quot;classic&quot;}\">\n\t\t\t\t\t\t\t<div class=\"elementor-background-overlay\"><\/div>\n\t\t\t\t\t\t\t<div class=\"elementor-container elementor-column-gap-no\">\n\t\t\t\t\t<div class=\"elementor-column elementor-col-100 elementor-top-column elementor-element elementor-element-64feed2\" data-id=\"64feed2\" data-element_type=\"column\">\n\t\t\t<div class=\"elementor-widget-wrap elementor-element-populated\">\n\t\t\t\t\t\t<div class=\"elementor-element elementor-element-07a2681 elementor-invisible elementor-widget elementor-widget-image\" data-id=\"07a2681\" data-element_type=\"widget\" data-settings=\"{&quot;_animation&quot;:&quot;zoomIn&quot;}\" data-widget_type=\"image.default\">\n\t\t\t\t<div class=\"elementor-widget-container\">\n\t\t\t\t\t\t\t\t\t\t\t\t\t\t\t<img fetchpriority=\"high\" decoding=\"async\" width=\"1146\" height=\"417\" src=\"https:\/\/www.microkosin.com\/wp-content\/uploads\/2025\/06\/CASE10.jpg\" class=\"elementor-animation-pulse-grow attachment-full size-full wp-image-7048\" alt=\"\" srcset=\"https:\/\/www.microkosin.com\/wp-content\/uploads\/2025\/06\/CASE10.jpg 1146w, https:\/\/www.microkosin.com\/wp-content\/uploads\/2025\/06\/CASE10-300x109.jpg 300w, https:\/\/www.microkosin.com\/wp-content\/uploads\/2025\/06\/CASE10-600x218.jpg 600w, https:\/\/www.microkosin.com\/wp-content\/uploads\/2025\/06\/CASE10-1024x373.jpg 1024w, https:\/\/www.microkosin.com\/wp-content\/uploads\/2025\/06\/CASE10-768x279.jpg 768w, https:\/\/www.microkosin.com\/wp-content\/uploads\/2025\/06\/CASE10-18x7.jpg 18w\" sizes=\"(max-width: 1146px) 100vw, 1146px\" \/>\t\t\t\t\t\t\t\t\t\t\t\t\t\t\t<\/div>\n\t\t\t\t<\/div>\n\t\t\t\t<div class=\"elementor-element elementor-element-65ef6c0 elementor-widget elementor-widget-text-editor\" data-id=\"65ef6c0\" data-element_type=\"widget\" data-widget_type=\"text-editor.default\">\n\t\t\t\t<div class=\"elementor-widget-container\">\n\t\t\t\t\t\t\t\t\t<div id=\"v613041f77a134\" class=\"tem_detail_3\" data-unique-selector=\"4480422223065419\"><div class=\"container\"><div class=\"text top_text\"><h3 class=\"top_title\"><strong style=\"font-size: 16px;\">Ecran publicitaire vertical double face<\/strong><\/h3><\/div><\/div><\/div><div id=\"v613041f77a136\" class=\"detail_description_1 content-section\" data-unique-selector=\"7762744536593198\"><div class=\"content_detail_edit\"><div class=\"container\"><div class=\"cons_box ls-product\"><p><strong>Taille populaire : 32\"\/43\"\/ 49\"\/ 55\"\/65\"\/75\"\/85\"<\/strong><\/p><p><strong>Affichage multidirectionnel :<\/strong>\u00a0Contrairement aux \u00e9crans publicitaires traditionnels \u00e0 une face, les \u00e9crans publicitaires verticaux \u00e0 deux faces peuvent afficher simultan\u00e9ment du contenu publicitaire sur deux faces oppos\u00e9es, couvrant ainsi le public depuis diff\u00e9rentes directions, augmentant consid\u00e9rablement l'angle d'exposition et la port\u00e9e des publicit\u00e9s, ce qui convient particuli\u00e8rement aux lieux ouverts et diversifi\u00e9s tels que les rues, les places, les cours des centres commerciaux, etc.<\/p><p><strong>Optimisation de l'utilisation de l'espace :<\/strong>\u00a0Dans certains endroits o\u00f9 l'espace est limit\u00e9 mais o\u00f9 l'espace publicitaire doit \u00eatre pleinement utilis\u00e9, les \u00e9crans publicitaires verticaux double face peuvent doubler l'effet d'affichage sans occuper trop d'espace suppl\u00e9mentaire, augmentant ainsi la valeur commerciale de l'espace.<\/p><p><strong>Support d'affichage cr\u00e9atif :<\/strong>\u00a0Offre davantage de possibilit\u00e9s de cr\u00e9ativit\u00e9 publicitaire. Il est possible d'afficher un contenu pertinent mais diff\u00e9renci\u00e9 sur deux \u00e9crans ou, gr\u00e2ce \u00e0 une conception interactive, de faire en sorte que le contenu des deux \u00e9crans se fasse \u00e9cho et se compl\u00e8te, formant ainsi une pr\u00e9sentation plus riche et plus stratifi\u00e9e du contenu publicitaire, ce qui permet de mieux attirer l'attention du public et de transmettre des informations ou des histoires complexes sur la marque.<\/p><p><strong>Int\u00e9gration de l'information :<\/strong>\u00a0Il peut afficher simultan\u00e9ment diff\u00e9rents types d'informations connexes, telles que l'image globale et le slogan de la marque du produit d'une part, et les param\u00e8tres d\u00e9taill\u00e9s, les caract\u00e9ristiques fonctionnelles ou les informations promotionnelles du produit d'autre part. Le public peut ainsi obtenir des informations compl\u00e8tes et cibl\u00e9es sous diff\u00e9rents angles, ce qui contribue \u00e0 am\u00e9liorer sa compr\u00e9hension et sa m\u00e9morisation du contenu publicitaire.<\/p><\/div><\/div><\/div><\/div>\t\t\t\t\t\t\t\t<\/div>\n\t\t\t\t<\/div>\n\t\t\t\t\t<\/div>\n\t\t<\/div>\n\t\t\t\t\t<\/div>\n\t\t<\/section>\n\t\t\t\t<section class=\"elementor-section elementor-top-section elementor-element elementor-element-5b4681e elementor-section-content-middle elementor-section-boxed elementor-section-height-default elementor-section-height-default\" data-id=\"5b4681e\" data-element_type=\"section\" data-settings=\"{&quot;background_background&quot;:&quot;classic&quot;}\">\n\t\t\t\t\t\t\t<div class=\"elementor-background-overlay\"><\/div>\n\t\t\t\t\t\t\t<div class=\"elementor-container elementor-column-gap-no\">\n\t\t\t\t\t<div class=\"elementor-column elementor-col-100 elementor-top-column elementor-element elementor-element-eeb62ef\" data-id=\"eeb62ef\" data-element_type=\"column\">\n\t\t\t<div class=\"elementor-widget-wrap elementor-element-populated\">\n\t\t\t\t\t\t<div class=\"elementor-element elementor-element-d80698d elementor-invisible elementor-widget elementor-widget-image\" data-id=\"d80698d\" data-element_type=\"widget\" data-settings=\"{&quot;_animation&quot;:&quot;zoomIn&quot;}\" data-widget_type=\"image.default\">\n\t\t\t\t<div class=\"elementor-widget-container\">\n\t\t\t\t\t\t\t\t\t\t\t\t\t\t\t<img decoding=\"async\" width=\"1263\" height=\"447\" data-src=\"https:\/\/www.microkosin.com\/wp-content\/uploads\/2025\/06\/CASE11.jpg\" class=\"elementor-animation-pulse-grow attachment-full size-full wp-image-7049 lazyload\" alt=\"\" data-srcset=\"https:\/\/www.microkosin.com\/wp-content\/uploads\/2025\/06\/CASE11.jpg 1263w, https:\/\/www.microkosin.com\/wp-content\/uploads\/2025\/06\/CASE11-300x106.jpg 300w, https:\/\/www.microkosin.com\/wp-content\/uploads\/2025\/06\/CASE11-600x212.jpg 600w, https:\/\/www.microkosin.com\/wp-content\/uploads\/2025\/06\/CASE11-1024x362.jpg 1024w, https:\/\/www.microkosin.com\/wp-content\/uploads\/2025\/06\/CASE11-768x272.jpg 768w, https:\/\/www.microkosin.com\/wp-content\/uploads\/2025\/06\/CASE11-18x6.jpg 18w\" data-sizes=\"(max-width: 1263px) 100vw, 1263px\" src=\"data:image\/svg+xml;base64,PHN2ZyB3aWR0aD0iMSIgaGVpZ2h0PSIxIiB4bWxucz0iaHR0cDovL3d3dy53My5vcmcvMjAwMC9zdmciPjwvc3ZnPg==\" style=\"--smush-placeholder-width: 1263px; --smush-placeholder-aspect-ratio: 1263\/447;\" \/>\t\t\t\t\t\t\t\t\t\t\t\t\t\t\t<\/div>\n\t\t\t\t<\/div>\n\t\t\t\t<div class=\"elementor-element elementor-element-abeb7f3 elementor-widget elementor-widget-text-editor\" data-id=\"abeb7f3\" data-element_type=\"widget\" data-widget_type=\"text-editor.default\">\n\t\t\t\t<div class=\"elementor-widget-container\">\n\t\t\t\t\t\t\t\t\t<p><strong>Am\u00e9liorer l'impact visuel :<\/strong>\u00a0La conception verticale double face a une forte pr\u00e9sence visuelle. Lorsque le contenu publicitaire est diffus\u00e9 sur deux \u00e9crans simultan\u00e9ment, il peut cr\u00e9er un impact visuel plus fort, ce qui permet de se d\u00e9marquer plus facilement des nombreuses publicit\u00e9s ordinaires, d'attirer l'attention des pi\u00e9tons et de faire en sorte qu'ils soient facilement attir\u00e9s par la publicit\u00e9 sans s'en rendre compte, augmentant ainsi l'attention qu'ils portent au contenu publicitaire.<\/p><p><strong>Am\u00e9liorer la notori\u00e9t\u00e9 de la marque :\u00a0<\/strong>En raison de leur caract\u00e8re multidirectionnel et de leur grande attention, les \u00e9crans publicitaires verticaux double face peuvent permettre \u00e0 un plus grand nombre de personnes d'acc\u00e9der aux informations sur la marque et les produits promus dans les publicit\u00e9s, augmentant ainsi la fr\u00e9quence et la port\u00e9e de l'exposition \u00e0 la marque dans un certain laps de temps, ce qui contribue \u00e0 am\u00e9liorer la visibilit\u00e9 et l'influence de la marque sur le march\u00e9, en particulier pour la promotion de nouvelles marques ou le lancement de nouveaux produits.<\/p><p><strong>Promouvoir la diffusion de l'information :\u00a0<\/strong>Le public peut voir le contenu publicitaire dans diff\u00e9rentes positions et sous diff\u00e9rents angles, et cette m\u00e9thode d'affichage multi-perspectives rend la diffusion des informations publicitaires plus efficace. Les pi\u00e9tons qui passent rapidement et les personnes qui s'arr\u00eatent \u00e0 proximit\u00e9 ont plus de chances de recevoir les informations v\u00e9hicul\u00e9es par les publicit\u00e9s, ce qui am\u00e9liore l'efficacit\u00e9 et la port\u00e9e de la diffusion de l'information.<\/p><p><strong>Cr\u00e9er une atmosph\u00e8re commerciale :<\/strong>\u00a0Dans les lieux commerciaux, les \u00e9crans publicitaires verticaux double face peuvent diffuser divers contenus publicitaires attrayants, tels que des publicit\u00e9s de marques \u00e0 la mode, des promotions d'\u00e9v\u00e9nements passionnants, etc., afin de cr\u00e9er une atmosph\u00e8re commerciale forte pour l'ensemble de l'environnement, de stimuler le d\u00e9sir d'achat des consommateurs, de promouvoir le comportement des consommateurs et d'am\u00e9liorer la qualit\u00e9 et l'image globales du lieu commercial.<\/p><p><strong>Retour et analyse des donn\u00e9es :<\/strong>\u00a0Gr\u00e2ce \u00e0 la technologie intelligente moderne, les \u00e9crans publicitaires verticaux double face peuvent collecter et analyser les donn\u00e9es relatives au comportement du public, telles que le temps de s\u00e9jour, l'angle de vue, l'attention et d'autres informations. Ces donn\u00e9es peuvent constituer une base solide pour l'\u00e9valuation de l'efficacit\u00e9 du placement publicitaire, aidant les annonceurs et les op\u00e9rateurs \u00e0 mieux comprendre les besoins du public et les r\u00e9actions du march\u00e9, optimisant ainsi les strat\u00e9gies publicitaires ult\u00e9rieures et la cr\u00e9ation de contenu.<\/p>\t\t\t\t\t\t\t\t<\/div>\n\t\t\t\t<\/div>\n\t\t\t\t\t<\/div>\n\t\t<\/div>\n\t\t\t\t\t<\/div>\n\t\t<\/section>\n\t\t\t\t<\/div>","protected":false},"excerpt":{"rendered":"<p>DOUBLE-SIDED VERTICAL ADVERTISING SCREEN Double-sided vertical advertising screen Popular size :\u00a0 \u00a0 \u00a032\u201d\/43\u201d\/ 49\u201d\/ 55\u201d\/65\u201d\/75\u201d\/85\u201d Multi directional display:\u00a0Different from traditional [&hellip;]<\/p>","protected":false},"author":1,"featured_media":0,"parent":0,"menu_order":0,"comment_status":"closed","ping_status":"closed","template":"","meta":{"site-sidebar-layout":"no-sidebar","site-content-layout":"page-builder","ast-site-content-layout":"full-width-container","site-content-style":"default","site-sidebar-style":"default","ast-global-header-display":"","ast-banner-title-visibility":"","ast-main-header-display":"","ast-hfb-above-header-display":"","ast-hfb-below-header-display":"","ast-hfb-mobile-header-display":"","site-post-title":"disabled","ast-breadcrumbs-content":"","ast-featured-img":"disabled","footer-sml-layout":"","theme-transparent-header-meta":"","adv-header-id-meta":"","stick-header-meta":"","header-above-stick-meta":"","header-main-stick-meta":"","header-below-stick-meta":"","astra-migrate-meta-layouts":"set","ast-page-background-enabled":"default","ast-page-background-meta":{"desktop":{"background-color":"","background-image":"","background-repeat":"repeat","background-position":"center center","background-size":"auto","background-attachment":"scroll","background-type":"","background-media":"","overlay-type":"","overlay-color":"","overlay-opacity":"","overlay-gradient":""},"tablet":{"background-color":"","background-image":"","background-repeat":"repeat","background-position":"center center","background-size":"auto","background-attachment":"scroll","background-type":"","background-media":"","overlay-type":"","overlay-color":"","overlay-opacity":"","overlay-gradient":""},"mobile":{"background-color":"","background-image":"","background-repeat":"repeat","background-position":"center center","background-size":"auto","background-attachment":"scroll","background-type":"","background-media":"","overlay-type":"","overlay-color":"","overlay-opacity":"","overlay-gradient":""}},"ast-content-background-meta":{"desktop":{"background-color":"var(--ast-global-color-5)","background-image":"","background-repeat":"repeat","background-position":"center center","background-size":"auto","background-attachment":"scroll","background-type":"","background-media":"","overlay-type":"","overlay-color":"","overlay-opacity":"","overlay-gradient":""},"tablet":{"background-color":"var(--ast-global-color-5)","background-image":"","background-repeat":"repeat","background-position":"center center","background-size":"auto","background-attachment":"scroll","background-type":"","background-media":"","overlay-type":"","overlay-color":"","overlay-opacity":"","overlay-gradient":""},"mobile":{"background-color":"var(--ast-global-color-5)","background-image":"","background-repeat":"repeat","background-position":"center center","background-size":"auto","background-attachment":"scroll","background-type":"","background-media":"","overlay-type":"","overlay-color":"","overlay-opacity":"","overlay-gradient":""}},"footnotes":""},"class_list":["post-7046","page","type-page","status-publish","hentry"],"_links":{"self":[{"href":"https:\/\/www.microkosin.com\/fr\/wp-json\/wp\/v2\/pages\/7046","targetHints":{"allow":["GET"]}}],"collection":[{"href":"https:\/\/www.microkosin.com\/fr\/wp-json\/wp\/v2\/pages"}],"about":[{"href":"https:\/\/www.microkosin.com\/fr\/wp-json\/wp\/v2\/types\/page"}],"author":[{"embeddable":true,"href":"https:\/\/www.microkosin.com\/fr\/wp-json\/wp\/v2\/users\/1"}],"replies":[{"embeddable":true,"href":"https:\/\/www.microkosin.com\/fr\/wp-json\/wp\/v2\/comments?post=7046"}],"version-history":[{"count":4,"href":"https:\/\/www.microkosin.com\/fr\/wp-json\/wp\/v2\/pages\/7046\/revisions"}],"predecessor-version":[{"id":7053,"href":"https:\/\/www.microkosin.com\/fr\/wp-json\/wp\/v2\/pages\/7046\/revisions\/7053"}],"wp:attachment":[{"href":"https:\/\/www.microkosin.com\/fr\/wp-json\/wp\/v2\/media?parent=7046"}],"curies":[{"name":"wp","href":"https:\/\/api.w.org\/{rel}","templated":true}]}}