{"id":7023,"date":"2025-06-11T18:00:08","date_gmt":"2025-06-11T10:00:08","guid":{"rendered":"https:\/\/www.microkosin.com\/?page_id=7023"},"modified":"2025-06-11T18:05:54","modified_gmt":"2025-06-11T10:05:54","slug":"splicing-screen","status":"publish","type":"page","link":"https:\/\/www.microkosin.com\/fr\/splicing-screen\/","title":{"rendered":"\u00c9CRAN D'\u00c9PISSAGE"},"content":{"rendered":"<div data-elementor-type=\"wp-page\" data-elementor-id=\"7023\" class=\"elementor elementor-7023\" data-elementor-post-type=\"page\">\n\t\t\t\t<div class=\"elementor-element elementor-element-f43aab1 e-con-full e-flex e-con e-parent\" data-id=\"f43aab1\" data-element_type=\"container\">\n\t\t\t\t<div class=\"elementor-element elementor-element-cc59b19 elementor-widget elementor-widget-text-editor\" data-id=\"cc59b19\" data-element_type=\"widget\" data-widget_type=\"text-editor.default\">\n\t\t\t\t<div class=\"elementor-widget-container\">\n\t\t\t\t\t\t\t\t\t<h4 class=\"top_title\">\u00c9CRAN D'\u00c9PISSAGE<\/h4>\t\t\t\t\t\t\t\t<\/div>\n\t\t\t\t<\/div>\n\t\t\t\t<\/div>\n\t\t\t\t<section class=\"elementor-section elementor-top-section elementor-element elementor-element-0122e61 elementor-section-content-middle elementor-section-boxed elementor-section-height-default elementor-section-height-default\" data-id=\"0122e61\" data-element_type=\"section\" data-settings=\"{&quot;background_background&quot;:&quot;classic&quot;}\">\n\t\t\t\t\t\t\t<div class=\"elementor-background-overlay\"><\/div>\n\t\t\t\t\t\t\t<div class=\"elementor-container elementor-column-gap-no\">\n\t\t\t\t\t<div class=\"elementor-column elementor-col-100 elementor-top-column elementor-element elementor-element-0c5b279\" data-id=\"0c5b279\" data-element_type=\"column\">\n\t\t\t<div class=\"elementor-widget-wrap elementor-element-populated\">\n\t\t\t\t\t\t<div class=\"elementor-element elementor-element-558e1cb elementor-invisible elementor-widget elementor-widget-image\" data-id=\"558e1cb\" data-element_type=\"widget\" data-settings=\"{&quot;_animation&quot;:&quot;zoomIn&quot;}\" data-widget_type=\"image.default\">\n\t\t\t\t<div class=\"elementor-widget-container\">\n\t\t\t\t\t\t\t\t\t\t\t\t\t\t\t<img fetchpriority=\"high\" decoding=\"async\" width=\"1200\" height=\"330\" src=\"https:\/\/www.microkosin.com\/wp-content\/uploads\/2025\/06\/\u672a\u6807\u9898-3-1.png\" class=\"elementor-animation-pulse-grow attachment-full size-full wp-image-6919\" alt=\"\" srcset=\"https:\/\/www.microkosin.com\/wp-content\/uploads\/2025\/06\/\u672a\u6807\u9898-3-1.png 1200w, https:\/\/www.microkosin.com\/wp-content\/uploads\/2025\/06\/\u672a\u6807\u9898-3-1-300x83.png 300w, https:\/\/www.microkosin.com\/wp-content\/uploads\/2025\/06\/\u672a\u6807\u9898-3-1-600x165.png 600w, https:\/\/www.microkosin.com\/wp-content\/uploads\/2025\/06\/\u672a\u6807\u9898-3-1-1024x282.png 1024w, https:\/\/www.microkosin.com\/wp-content\/uploads\/2025\/06\/\u672a\u6807\u9898-3-1-768x211.png 768w, https:\/\/www.microkosin.com\/wp-content\/uploads\/2025\/06\/\u672a\u6807\u9898-3-1-18x5.png 18w\" sizes=\"(max-width: 1200px) 100vw, 1200px\" \/>\t\t\t\t\t\t\t\t\t\t\t\t\t\t\t<\/div>\n\t\t\t\t<\/div>\n\t\t\t\t<div class=\"elementor-element elementor-element-51c9461 elementor-widget elementor-widget-text-editor\" data-id=\"51c9461\" data-element_type=\"widget\" data-widget_type=\"text-editor.default\">\n\t\t\t\t<div class=\"elementor-widget-container\">\n\t\t\t\t\t\t\t\t\t<p><strong>Cr\u00e9ation d'un tr\u00e8s grand \u00e9cran :<\/strong>\u00a0 \u00a0L'\u00e9cran de jonction est compos\u00e9 de plusieurs \u00e9crans ind\u00e9pendants qui peuvent \u00eatre assembl\u00e9s pour former un \u00e9cran de n'importe quelle taille en fonction des besoins r\u00e9els. Dans les grands centres commerciaux, les places ext\u00e9rieures et autres espaces ouverts, la jonction de plusieurs \u00e9crans permet de cr\u00e9er une vaste zone d'affichage publicitaire. Par exemple, les grands \u00e9crans ext\u00e9rieurs dans les principaux quartiers d'affaires des villes peuvent \u00eatre compos\u00e9s de dizaines, voire de centaines d'\u00e9crans assembl\u00e9s pour former des images publicitaires de tr\u00e8s grande taille, avec une zone d'affichage d\u00e9passant de loin les publicit\u00e9s ordinaires sur un seul \u00e9cran, apportant un fort impact visuel et attirant facilement l'attention de publics \u00e9loign\u00e9s.<\/p><p><strong>Personnalisation souple de la zone d'affichage :<\/strong>\u00a0 Le nombre d'\u00e9crans et la m\u00e9thode de jonction de l'\u00e9cran de jonction peuvent \u00eatre ajust\u00e9s de mani\u00e8re flexible, et diff\u00e9rentes formes de zones d'affichage peuvent \u00eatre personnalis\u00e9es en fonction de la forme spatiale et de la disposition du site d'installation. Dans les espaces irr\u00e9guliers tels que les murs irr\u00e9guliers des b\u00e2timents et les coins polygonaux des halls d'exposition, les \u00e9crans de jonction peuvent \u00eatre assembl\u00e9s dans des formes qui leur correspondent, en utilisant pleinement l'espace pour obtenir une couverture compl\u00e8te de l'affichage publicitaire sans affecter l'effet de l'affichage en raison des limitations de l'espace.\u00a0<\/p>\t\t\t\t\t\t\t\t<\/div>\n\t\t\t\t<\/div>\n\t\t\t\t\t<\/div>\n\t\t<\/div>\n\t\t\t\t\t<\/div>\n\t\t<\/section>\n\t\t\t\t<section class=\"elementor-section elementor-top-section elementor-element elementor-element-1dd4cf0 elementor-section-content-middle elementor-section-boxed elementor-section-height-default elementor-section-height-default\" data-id=\"1dd4cf0\" data-element_type=\"section\" data-settings=\"{&quot;background_background&quot;:&quot;classic&quot;}\">\n\t\t\t\t\t\t\t<div class=\"elementor-background-overlay\"><\/div>\n\t\t\t\t\t\t\t<div class=\"elementor-container elementor-column-gap-no\">\n\t\t\t\t\t<div class=\"elementor-column elementor-col-100 elementor-top-column elementor-element elementor-element-7c75095\" data-id=\"7c75095\" data-element_type=\"column\">\n\t\t\t<div class=\"elementor-widget-wrap elementor-element-populated\">\n\t\t\t\t\t\t<div class=\"elementor-element elementor-element-902adbe elementor-invisible elementor-widget elementor-widget-image\" data-id=\"902adbe\" data-element_type=\"widget\" data-settings=\"{&quot;_animation&quot;:&quot;zoomIn&quot;}\" data-widget_type=\"image.default\">\n\t\t\t\t<div class=\"elementor-widget-container\">\n\t\t\t\t\t\t\t\t\t\t\t\t\t\t\t<img decoding=\"async\" width=\"1254\" height=\"422\" data-src=\"https:\/\/www.microkosin.com\/wp-content\/uploads\/2025\/06\/CASE6.jpg\" class=\"elementor-animation-pulse-grow attachment-full size-full wp-image-6921 lazyload\" alt=\"\" data-srcset=\"https:\/\/www.microkosin.com\/wp-content\/uploads\/2025\/06\/CASE6.jpg 1254w, https:\/\/www.microkosin.com\/wp-content\/uploads\/2025\/06\/CASE6-300x101.jpg 300w, https:\/\/www.microkosin.com\/wp-content\/uploads\/2025\/06\/CASE6-600x202.jpg 600w, https:\/\/www.microkosin.com\/wp-content\/uploads\/2025\/06\/CASE6-1024x345.jpg 1024w, https:\/\/www.microkosin.com\/wp-content\/uploads\/2025\/06\/CASE6-768x258.jpg 768w, https:\/\/www.microkosin.com\/wp-content\/uploads\/2025\/06\/CASE6-18x6.jpg 18w\" data-sizes=\"(max-width: 1254px) 100vw, 1254px\" src=\"data:image\/svg+xml;base64,PHN2ZyB3aWR0aD0iMSIgaGVpZ2h0PSIxIiB4bWxucz0iaHR0cDovL3d3dy53My5vcmcvMjAwMC9zdmciPjwvc3ZnPg==\" style=\"--smush-placeholder-width: 1254px; --smush-placeholder-aspect-ratio: 1254\/422;\" \/>\t\t\t\t\t\t\t\t\t\t\t\t\t\t\t<\/div>\n\t\t\t\t<\/div>\n\t\t\t\t<div class=\"elementor-element elementor-element-52b98f7 elementor-widget elementor-widget-text-editor\" data-id=\"52b98f7\" data-element_type=\"widget\" data-widget_type=\"text-editor.default\">\n\t\t\t\t<div class=\"elementor-widget-container\">\n\t\t\t\t\t\t\t\t\t<p><strong>Am\u00e9liorer l'impact visuel :<\/strong>\u00a0 L'\u00e9cran d'\u00e9pissage ultra-large offre une exp\u00e9rience visuelle \u00e9poustouflante. Qu'il s'agisse d'images haute d\u00e9finition ou de vid\u00e9os fluides, lorsqu'elles sont affich\u00e9es sur un grand \u00e9cran, les d\u00e9tails sont plus clairs et les couleurs plus vives, ce qui permet d'attirer rapidement l'attention du public et de faire ressortir la publicit\u00e9 parmi de nombreux supports promotionnels. Par exemple, la diffusion de bandes-annonces de films sur des \u00e9crans d'\u00e9pissage dans le hall d'entr\u00e9e d'un cin\u00e9ma, avec des images gigantesques et des effets sonores \u00e9tonnants, peut cr\u00e9er une atmosph\u00e8re immersive, renforcer l'attrait des publicit\u00e9s et laisser une impression profonde sur le public.<\/p><p><strong>Am\u00e9liorer l'effet de communication de la marque :<\/strong>\u00a0 Les \u00e9crans de projection peuvent renforcer la communication de l'image de marque en jouant sur un style unifi\u00e9 et des publicit\u00e9s de marque cr\u00e9atives. Un affichage publicitaire coh\u00e9rent et atmosph\u00e9rique, associ\u00e9 \u00e0 des couleurs, des logos et d'autres \u00e9l\u00e9ments exclusifs \u00e0 la marque, peut laisser une impression profonde sur le public et renforcer la notori\u00e9t\u00e9 et la r\u00e9putation de la marque. Un placement publicitaire continu et de haute qualit\u00e9 contribue \u00e0 fa\u00e7onner l'image haut de gamme et professionnelle de la marque, attirant ainsi l'attention d'un plus grand nombre de consommateurs potentiels.<\/p>\t\t\t\t\t\t\t\t<\/div>\n\t\t\t\t<\/div>\n\t\t\t\t\t<\/div>\n\t\t<\/div>\n\t\t\t\t\t<\/div>\n\t\t<\/section>\n\t\t\t\t<\/div>","protected":false},"excerpt":{"rendered":"<p>SPLICING SCREEN Creating a super large display:\u00a0 \u00a0The splicing screen is composed of multiple independent screens that can be assembled [&hellip;]<\/p>","protected":false},"author":1,"featured_media":0,"parent":0,"menu_order":0,"comment_status":"closed","ping_status":"closed","template":"","meta":{"site-sidebar-layout":"no-sidebar","site-content-layout":"page-builder","ast-site-content-layout":"full-width-container","site-content-style":"default","site-sidebar-style":"default","ast-global-header-display":"","ast-banner-title-visibility":"","ast-main-header-display":"","ast-hfb-above-header-display":"","ast-hfb-below-header-display":"","ast-hfb-mobile-header-display":"","site-post-title":"disabled","ast-breadcrumbs-content":"","ast-featured-img":"disabled","footer-sml-layout":"","theme-transparent-header-meta":"","adv-header-id-meta":"","stick-header-meta":"","header-above-stick-meta":"","header-main-stick-meta":"","header-below-stick-meta":"","astra-migrate-meta-layouts":"set","ast-page-background-enabled":"default","ast-page-background-meta":{"desktop":{"background-color":"","background-image":"","background-repeat":"repeat","background-position":"center center","background-size":"auto","background-attachment":"scroll","background-type":"","background-media":"","overlay-type":"","overlay-color":"","overlay-opacity":"","overlay-gradient":""},"tablet":{"background-color":"","background-image":"","background-repeat":"repeat","background-position":"center center","background-size":"auto","background-attachment":"scroll","background-type":"","background-media":"","overlay-type":"","overlay-color":"","overlay-opacity":"","overlay-gradient":""},"mobile":{"background-color":"","background-image":"","background-repeat":"repeat","background-position":"center center","background-size":"auto","background-attachment":"scroll","background-type":"","background-media":"","overlay-type":"","overlay-color":"","overlay-opacity":"","overlay-gradient":""}},"ast-content-background-meta":{"desktop":{"background-color":"var(--ast-global-color-5)","background-image":"","background-repeat":"repeat","background-position":"center center","background-size":"auto","background-attachment":"scroll","background-type":"","background-media":"","overlay-type":"","overlay-color":"","overlay-opacity":"","overlay-gradient":""},"tablet":{"background-color":"var(--ast-global-color-5)","background-image":"","background-repeat":"repeat","background-position":"center center","background-size":"auto","background-attachment":"scroll","background-type":"","background-media":"","overlay-type":"","overlay-color":"","overlay-opacity":"","overlay-gradient":""},"mobile":{"background-color":"var(--ast-global-color-5)","background-image":"","background-repeat":"repeat","background-position":"center center","background-size":"auto","background-attachment":"scroll","background-type":"","background-media":"","overlay-type":"","overlay-color":"","overlay-opacity":"","overlay-gradient":""}},"footnotes":""},"class_list":["post-7023","page","type-page","status-publish","hentry"],"_links":{"self":[{"href":"https:\/\/www.microkosin.com\/fr\/wp-json\/wp\/v2\/pages\/7023","targetHints":{"allow":["GET"]}}],"collection":[{"href":"https:\/\/www.microkosin.com\/fr\/wp-json\/wp\/v2\/pages"}],"about":[{"href":"https:\/\/www.microkosin.com\/fr\/wp-json\/wp\/v2\/types\/page"}],"author":[{"embeddable":true,"href":"https:\/\/www.microkosin.com\/fr\/wp-json\/wp\/v2\/users\/1"}],"replies":[{"embeddable":true,"href":"https:\/\/www.microkosin.com\/fr\/wp-json\/wp\/v2\/comments?post=7023"}],"version-history":[{"count":7,"href":"https:\/\/www.microkosin.com\/fr\/wp-json\/wp\/v2\/pages\/7023\/revisions"}],"predecessor-version":[{"id":7033,"href":"https:\/\/www.microkosin.com\/fr\/wp-json\/wp\/v2\/pages\/7023\/revisions\/7033"}],"wp:attachment":[{"href":"https:\/\/www.microkosin.com\/fr\/wp-json\/wp\/v2\/media?parent=7023"}],"curies":[{"name":"wp","href":"https:\/\/api.w.org\/{rel}","templated":true}]}}