{"id":6996,"date":"2025-06-11T16:19:55","date_gmt":"2025-06-11T08:19:55","guid":{"rendered":"https:\/\/www.microkosin.com\/?page_id=6996"},"modified":"2025-07-21T13:52:10","modified_gmt":"2025-07-21T05:52:10","slug":"round-shape-lcd","status":"publish","type":"page","link":"https:\/\/www.microkosin.com\/fr\/round-shape-lcd\/","title":{"rendered":"SIGNALISATION NUM\u00c9RIQUE \u00c9CRAN LCD DE FORME RONDE"},"content":{"rendered":"<div data-elementor-type=\"wp-page\" data-elementor-id=\"6996\" class=\"elementor elementor-6996\" data-elementor-post-type=\"page\">\n\t\t\t\t<div class=\"elementor-element elementor-element-b738199 e-con-full e-flex e-con e-parent\" data-id=\"b738199\" data-element_type=\"container\">\n\t\t\t\t<div class=\"elementor-element elementor-element-ef3b2d0 elementor-widget elementor-widget-text-editor\" data-id=\"ef3b2d0\" data-element_type=\"widget\" data-widget_type=\"text-editor.default\">\n\t\t\t\t<div class=\"elementor-widget-container\">\n\t\t\t\t\t\t\t\t\t<h4 class=\"top_title\">SIGNALISATION NUM\u00c9RIQUE \u00c9CRAN LCD DE FORME RONDE<\/h4>\t\t\t\t\t\t\t\t<\/div>\n\t\t\t\t<\/div>\n\t\t\t\t<\/div>\n\t\t<div class=\"elementor-element elementor-element-e5d93b1 e-con-full e-flex e-con e-parent\" data-id=\"e5d93b1\" data-element_type=\"container\">\n\t\t\t\t<div class=\"elementor-element elementor-element-ca8d575 elementor-widget elementor-widget-text-editor\" data-id=\"ca8d575\" data-element_type=\"widget\" data-widget_type=\"text-editor.default\">\n\t\t\t\t<div class=\"elementor-widget-container\">\n\t\t\t\t\t\t\t\t\t<h4 class=\"top_title\">SIGNALISATION NUM\u00c9RIQUE \u00c9CRAN LCD DE FORME RONDE<\/h4>\t\t\t\t\t\t\t\t<\/div>\n\t\t\t\t<\/div>\n\t\t\t\t<\/div>\n\t\t\t\t<section class=\"elementor-section elementor-top-section elementor-element elementor-element-b14ed43 elementor-section-content-middle elementor-section-boxed elementor-section-height-default elementor-section-height-default\" data-id=\"b14ed43\" data-element_type=\"section\" data-settings=\"{&quot;background_background&quot;:&quot;classic&quot;}\">\n\t\t\t\t\t\t\t<div class=\"elementor-background-overlay\"><\/div>\n\t\t\t\t\t\t\t<div class=\"elementor-container elementor-column-gap-no\">\n\t\t\t\t\t<div class=\"elementor-column elementor-col-100 elementor-top-column elementor-element elementor-element-547dc14\" data-id=\"547dc14\" data-element_type=\"column\">\n\t\t\t<div class=\"elementor-widget-wrap elementor-element-populated\">\n\t\t\t\t\t\t<div class=\"elementor-element elementor-element-919d979 elementor-invisible elementor-widget elementor-widget-image\" data-id=\"919d979\" data-element_type=\"widget\" data-settings=\"{&quot;_animation&quot;:&quot;zoomIn&quot;}\" data-widget_type=\"image.default\">\n\t\t\t\t<div class=\"elementor-widget-container\">\n\t\t\t\t\t\t\t\t\t\t\t\t\t\t\t<img fetchpriority=\"high\" decoding=\"async\" width=\"1150\" height=\"340\" src=\"https:\/\/www.microkosin.com\/wp-content\/uploads\/2025\/06\/\u672a\u6807\u9898-4.png\" class=\"elementor-animation-pulse-grow attachment-full size-full wp-image-6859\" alt=\"\" srcset=\"https:\/\/www.microkosin.com\/wp-content\/uploads\/2025\/06\/\u672a\u6807\u9898-4.png 1150w, https:\/\/www.microkosin.com\/wp-content\/uploads\/2025\/06\/\u672a\u6807\u9898-4-300x89.png 300w, https:\/\/www.microkosin.com\/wp-content\/uploads\/2025\/06\/\u672a\u6807\u9898-4-600x177.png 600w, https:\/\/www.microkosin.com\/wp-content\/uploads\/2025\/06\/\u672a\u6807\u9898-4-1024x303.png 1024w, https:\/\/www.microkosin.com\/wp-content\/uploads\/2025\/06\/\u672a\u6807\u9898-4-768x227.png 768w, https:\/\/www.microkosin.com\/wp-content\/uploads\/2025\/06\/\u672a\u6807\u9898-4-18x5.png 18w\" sizes=\"(max-width: 1150px) 100vw, 1150px\" \/>\t\t\t\t\t\t\t\t\t\t\t\t\t\t\t<\/div>\n\t\t\t\t<\/div>\n\t\t\t\t<div class=\"elementor-element elementor-element-4188f7f elementor-widget elementor-widget-text-editor\" data-id=\"4188f7f\" data-element_type=\"widget\" data-widget_type=\"text-editor.default\">\n\t\t\t\t<div class=\"elementor-widget-container\">\n\t\t\t\t\t\t\t\t\t<p><strong>S'adapter aux sc\u00e8nes pr\u00e9sent\u00e9es :<\/strong>\u00a0 Il peut s'adapter de mani\u00e8re flexible \u00e0 diff\u00e9rents espaces et sc\u00e8nes. Install\u00e9s \u00e0 l'int\u00e9rieur de b\u00e2timents circulaires ou autour de cylindres, ils s'adaptent parfaitement \u00e0 la structure du b\u00e2timent, utilisent pleinement l'espace, r\u00e9alisent une connexion transparente de l'affichage publicitaire et \u00e9vitent l'impression de brusquerie caus\u00e9e par le d\u00e9calage entre la forme de l'\u00e9cran et l'environnement.<\/p><p><strong>Transporter des contenus cr\u00e9atifs :<\/strong>\u00a0 en offrant une plateforme d'affichage unique pour la cr\u00e9ativit\u00e9 publicitaire. La limitation du format circulaire encourage les cr\u00e9ateurs de publicit\u00e9 \u00e0 sortir des sentiers battus et \u00e0 concevoir des contenus publicitaires plus innovants et plus percutants sur le plan visuel. Par exemple, le fait de placer des \u00e9l\u00e9ments publicitaires sur un \u00e9cran circulaire de mani\u00e8re \u00e0 les entourer, \u00e0 les faire pivoter, etc., cr\u00e9e un effet visuel dynamique unique qui raconte de mani\u00e8re plus vivante l'histoire de la marque ou pr\u00e9sente les caract\u00e9ristiques du produit, rendant ainsi le contenu publicitaire plus attrayant et plus m\u00e9morable.<\/p><p><strong>Cr\u00e9er une atmosph\u00e8re chaleureuse :<\/strong>\u00a0 Par rapport aux \u00e9crans carr\u00e9s \u00e0 angles droits, les \u00e9crans publicitaires circulaires offrent une exp\u00e9rience visuelle douce et conviviale. Dans des lieux tels que les communaut\u00e9s et les \u00e9coles, les publicit\u00e9s diffus\u00e9es sur des \u00e9crans circulaires peuvent cr\u00e9er une atmosph\u00e8re chaleureuse et harmonieuse, rapprocher les marques et les consommateurs, permettre aux consommateurs de recevoir des informations publicitaires dans une ambiance d\u00e9tendue et agr\u00e9able, et renforcer leur sympathie \u00e0 l'\u00e9gard de la marque.<\/p>\t\t\t\t\t\t\t\t<\/div>\n\t\t\t\t<\/div>\n\t\t\t\t\t<\/div>\n\t\t<\/div>\n\t\t\t\t\t<\/div>\n\t\t<\/section>\n\t\t\t\t<section class=\"elementor-section elementor-top-section elementor-element elementor-element-ee36001 elementor-section-content-middle elementor-section-boxed elementor-section-height-default elementor-section-height-default\" data-id=\"ee36001\" data-element_type=\"section\" data-settings=\"{&quot;background_background&quot;:&quot;classic&quot;}\">\n\t\t\t\t\t\t\t<div class=\"elementor-background-overlay\"><\/div>\n\t\t\t\t\t\t\t<div class=\"elementor-container elementor-column-gap-no\">\n\t\t\t\t\t<div class=\"elementor-column elementor-col-100 elementor-top-column elementor-element elementor-element-8d4f0d8\" data-id=\"8d4f0d8\" data-element_type=\"column\">\n\t\t\t<div class=\"elementor-widget-wrap elementor-element-populated\">\n\t\t\t\t\t\t<div class=\"elementor-element elementor-element-ad54319 elementor-invisible elementor-widget elementor-widget-image\" data-id=\"ad54319\" data-element_type=\"widget\" data-settings=\"{&quot;_animation&quot;:&quot;zoomIn&quot;}\" data-widget_type=\"image.default\">\n\t\t\t\t<div class=\"elementor-widget-container\">\n\t\t\t\t\t\t\t\t\t\t\t\t\t\t\t<img decoding=\"async\" width=\"1186\" height=\"395\" data-src=\"https:\/\/www.microkosin.com\/wp-content\/uploads\/2025\/06\/CASE1.jpg\" class=\"elementor-animation-pulse-grow attachment-full size-full wp-image-6861 lazyload\" alt=\"\" data-srcset=\"https:\/\/www.microkosin.com\/wp-content\/uploads\/2025\/06\/CASE1.jpg 1186w, https:\/\/www.microkosin.com\/wp-content\/uploads\/2025\/06\/CASE1-300x100.jpg 300w, https:\/\/www.microkosin.com\/wp-content\/uploads\/2025\/06\/CASE1-600x200.jpg 600w, https:\/\/www.microkosin.com\/wp-content\/uploads\/2025\/06\/CASE1-1024x341.jpg 1024w, https:\/\/www.microkosin.com\/wp-content\/uploads\/2025\/06\/CASE1-768x256.jpg 768w, https:\/\/www.microkosin.com\/wp-content\/uploads\/2025\/06\/CASE1-18x6.jpg 18w\" data-sizes=\"(max-width: 1186px) 100vw, 1186px\" src=\"data:image\/svg+xml;base64,PHN2ZyB3aWR0aD0iMSIgaGVpZ2h0PSIxIiB4bWxucz0iaHR0cDovL3d3dy53My5vcmcvMjAwMC9zdmciPjwvc3ZnPg==\" style=\"--smush-placeholder-width: 1186px; --smush-placeholder-aspect-ratio: 1186\/395;\" \/>\t\t\t\t\t\t\t\t\t\t\t\t\t\t\t<\/div>\n\t\t\t\t<\/div>\n\t\t\t\t<div class=\"elementor-element elementor-element-3273802 elementor-widget elementor-widget-text-editor\" data-id=\"3273802\" data-element_type=\"widget\" data-widget_type=\"text-editor.default\">\n\t\t\t\t<div class=\"elementor-widget-container\">\n\t\t\t\t\t\t\t\t\t<p><strong>Am\u00e9liorer la m\u00e9moire visuelle :<\/strong>\u00a0 L'aspect circulaire unique combin\u00e9 \u00e0 un contenu publicitaire soigneusement con\u00e7u peut laisser aux consommateurs un souvenir visuel profond. Lorsque les consommateurs sont entour\u00e9s de nombreux messages publicitaires, les \u00e9crans publicitaires circulaires sont plus faciles \u00e0 m\u00e9moriser en raison de leur forme unique, ce qui permet \u00e0 l'image de la marque de s'ancrer dans leur esprit. Compar\u00e9s aux \u00e9crans publicitaires carr\u00e9s ordinaires, ils peuvent am\u00e9liorer de mani\u00e8re significative le taux de r\u00e9tention des informations relatives \u00e0 la marque et jeter les bases de la communication ult\u00e9rieure de la marque et de la prise de d\u00e9cision du consommateur.<\/p><p><strong>Am\u00e9liorer le style de la marque :<\/strong>\u00a0 L'utilisation d'\u00e9crans publicitaires circulaires pour afficher des publicit\u00e9s refl\u00e8te l'esprit d'innovation de la marque et sa qu\u00eate d'unicit\u00e9, ce qui contribue \u00e0 renforcer le style de la marque. Dans les magasins exclusifs ou les zones d'exposition des marques haut de gamme, les \u00e9crans circulaires, avec leur design simple et \u00e9l\u00e9gant, sont en accord avec le positionnement haut de gamme de la marque. En diffusant des vid\u00e9os ou des images publicitaires de haute qualit\u00e9, ils renforcent l'image haut de gamme de la marque et attirent les consommateurs \u00e0 la recherche de qualit\u00e9 et d'exp\u00e9riences uniques.<\/p>\t\t\t\t\t\t\t\t<\/div>\n\t\t\t\t<\/div>\n\t\t\t\t\t<\/div>\n\t\t<\/div>\n\t\t\t\t\t<\/div>\n\t\t<\/section>\n\t\t\t\t<\/div>","protected":false},"excerpt":{"rendered":"<p>DIGITAL\u00a0 SIGNAGE ROUND\u00a0 SHAPE LCD\u00a0 DISPLAY\u00a0 SCREEN DIGITAL SIGNAGE ROUND SHAPE LCD DISPLAY SCREEN Adapt to featured scenes:\u00a0 It can [&hellip;]<\/p>","protected":false},"author":1,"featured_media":0,"parent":0,"menu_order":0,"comment_status":"closed","ping_status":"closed","template":"elementor_theme","meta":{"site-sidebar-layout":"no-sidebar","site-content-layout":"page-builder","ast-site-content-layout":"full-width-container","site-content-style":"default","site-sidebar-style":"default","ast-global-header-display":"","ast-banner-title-visibility":"","ast-main-header-display":"","ast-hfb-above-header-display":"","ast-hfb-below-header-display":"","ast-hfb-mobile-header-display":"","site-post-title":"disabled","ast-breadcrumbs-content":"","ast-featured-img":"disabled","footer-sml-layout":"","theme-transparent-header-meta":"","adv-header-id-meta":"","stick-header-meta":"","header-above-stick-meta":"","header-main-stick-meta":"","header-below-stick-meta":"","astra-migrate-meta-layouts":"set","ast-page-background-enabled":"default","ast-page-background-meta":{"desktop":{"background-color":"","background-image":"","background-repeat":"repeat","background-position":"center center","background-size":"auto","background-attachment":"scroll","background-type":"","background-media":"","overlay-type":"","overlay-color":"","overlay-opacity":"","overlay-gradient":""},"tablet":{"background-color":"","background-image":"","background-repeat":"repeat","background-position":"center center","background-size":"auto","background-attachment":"scroll","background-type":"","background-media":"","overlay-type":"","overlay-color":"","overlay-opacity":"","overlay-gradient":""},"mobile":{"background-color":"","background-image":"","background-repeat":"repeat","background-position":"center center","background-size":"auto","background-attachment":"scroll","background-type":"","background-media":"","overlay-type":"","overlay-color":"","overlay-opacity":"","overlay-gradient":""}},"ast-content-background-meta":{"desktop":{"background-color":"var(--ast-global-color-5)","background-image":"","background-repeat":"repeat","background-position":"center center","background-size":"auto","background-attachment":"scroll","background-type":"","background-media":"","overlay-type":"","overlay-color":"","overlay-opacity":"","overlay-gradient":""},"tablet":{"background-color":"var(--ast-global-color-5)","background-image":"","background-repeat":"repeat","background-position":"center center","background-size":"auto","background-attachment":"scroll","background-type":"","background-media":"","overlay-type":"","overlay-color":"","overlay-opacity":"","overlay-gradient":""},"mobile":{"background-color":"var(--ast-global-color-5)","background-image":"","background-repeat":"repeat","background-position":"center center","background-size":"auto","background-attachment":"scroll","background-type":"","background-media":"","overlay-type":"","overlay-color":"","overlay-opacity":"","overlay-gradient":""}},"footnotes":""},"class_list":["post-6996","page","type-page","status-publish","hentry"],"_links":{"self":[{"href":"https:\/\/www.microkosin.com\/fr\/wp-json\/wp\/v2\/pages\/6996","targetHints":{"allow":["GET"]}}],"collection":[{"href":"https:\/\/www.microkosin.com\/fr\/wp-json\/wp\/v2\/pages"}],"about":[{"href":"https:\/\/www.microkosin.com\/fr\/wp-json\/wp\/v2\/types\/page"}],"author":[{"embeddable":true,"href":"https:\/\/www.microkosin.com\/fr\/wp-json\/wp\/v2\/users\/1"}],"replies":[{"embeddable":true,"href":"https:\/\/www.microkosin.com\/fr\/wp-json\/wp\/v2\/comments?post=6996"}],"version-history":[{"count":19,"href":"https:\/\/www.microkosin.com\/fr\/wp-json\/wp\/v2\/pages\/6996\/revisions"}],"predecessor-version":[{"id":8309,"href":"https:\/\/www.microkosin.com\/fr\/wp-json\/wp\/v2\/pages\/6996\/revisions\/8309"}],"wp:attachment":[{"href":"https:\/\/www.microkosin.com\/fr\/wp-json\/wp\/v2\/media?parent=6996"}],"curies":[{"name":"wp","href":"https:\/\/api.w.org\/{rel}","templated":true}]}}