{"id":8033,"date":"2025-07-08T15:57:30","date_gmt":"2025-07-08T07:57:30","guid":{"rendered":"https:\/\/www.microkosin.com\/?post_type=product&#038;p=8033"},"modified":"2025-07-18T11:18:24","modified_gmt":"2025-07-18T03:18:24","slug":"ultra-narrow-bezel-lcd-video-walls","status":"publish","type":"product","link":"https:\/\/www.microkosin.com\/es\/producto\/ultra-narrow-bezel-lcd-video-walls\/","title":{"rendered":"Videowalls LCD de bisel ultraestrecho"},"content":{"rendered":"<p><img fetchpriority=\"high\" decoding=\"async\" class=\"aligncenter size-full wp-image-8035\" src=\"http:\/\/www.microkosin.com\/wp-content\/uploads\/2025\/07\/\u9996\u56fepsd-1.jpg\" alt=\"\" width=\"1500\" height=\"600\" srcset=\"https:\/\/www.microkosin.com\/wp-content\/uploads\/2025\/07\/\u9996\u56fepsd-1.jpg 1500w, https:\/\/www.microkosin.com\/wp-content\/uploads\/2025\/07\/\u9996\u56fepsd-1-300x120.jpg 300w, https:\/\/www.microkosin.com\/wp-content\/uploads\/2025\/07\/\u9996\u56fepsd-1-1024x410.jpg 1024w, https:\/\/www.microkosin.com\/wp-content\/uploads\/2025\/07\/\u9996\u56fepsd-1-768x307.jpg 768w, https:\/\/www.microkosin.com\/wp-content\/uploads\/2025\/07\/\u9996\u56fepsd-1-18x7.jpg 18w, https:\/\/www.microkosin.com\/wp-content\/uploads\/2025\/07\/\u9996\u56fepsd-1-600x240.jpg 600w\" sizes=\"(max-width: 1500px) 100vw, 1500px\" \/><\/p>\n<table>\n<tbody>\n<tr>\n<td width=\"533\"><img decoding=\"async\" class=\"aligncenter wp-image-8036 lazyload\" data-src=\"http:\/\/www.microkosin.com\/wp-content\/uploads\/2025\/07\/3-2.jpg\" alt=\"\" width=\"452\" height=\"452\" data-srcset=\"https:\/\/www.microkosin.com\/wp-content\/uploads\/2025\/07\/3-2.jpg 1000w, https:\/\/www.microkosin.com\/wp-content\/uploads\/2025\/07\/3-2-300x300.jpg 300w, https:\/\/www.microkosin.com\/wp-content\/uploads\/2025\/07\/3-2-150x150.jpg 150w, https:\/\/www.microkosin.com\/wp-content\/uploads\/2025\/07\/3-2-768x768.jpg 768w, https:\/\/www.microkosin.com\/wp-content\/uploads\/2025\/07\/3-2-12x12.jpg 12w, https:\/\/www.microkosin.com\/wp-content\/uploads\/2025\/07\/3-2-600x600.jpg 600w, https:\/\/www.microkosin.com\/wp-content\/uploads\/2025\/07\/3-2-100x100.jpg 100w\" data-sizes=\"(max-width: 452px) 100vw, 452px\" src=\"data:image\/svg+xml;base64,PHN2ZyB3aWR0aD0iMSIgaGVpZ2h0PSIxIiB4bWxucz0iaHR0cDovL3d3dy53My5vcmcvMjAwMC9zdmciPjwvc3ZnPg==\" style=\"--smush-placeholder-width: 452px; --smush-placeholder-aspect-ratio: 452\/452;\" \/><\/td>\n<td style=\"vertical-align: top; text-align: left;\" width=\"516\"><strong>Kosintec<\/strong><strong>\u00a0Videowall de bisel ultraestrecho<\/strong><\/p>\n<p>La pantalla de v\u00eddeo mural LCD (pantalla de empalme) de Kosintec se caracteriza por su pantalla de empalme de bisel ultraestrecho, color y brillo uniformes, y un dise\u00f1o de hardware de calidad industrial. Los controladores de la pantalla de pared de v\u00eddeo LCD (pantalla de empalme) cuentan con transmisi\u00f3n de se\u00f1al sin retardo ni p\u00e9rdida, modos de control flexibles y se\u00f1al y resoluci\u00f3n m\u00faltiples.<br \/>\nCon la pantalla de videowall LCD de Kosintec (pantalla de empalme), puede construir virtualmente una pantalla de empalme de videowall de costura superestrecha, cada pantalla est\u00e1 calibrada de f\u00e1brica, lo que le proporciona una alineaci\u00f3n, brillo y color uniformes nada m\u00e1s sacarla de la caja para que pueda ofrecer una experiencia visual consistente.<\/p>\n<p>No se preocupe por la ubicaci\u00f3n de su pantalla de video wall LCD de bisel ultra estrecho (Splicing Screen), Kosintec soporta varios tipos de instalaci\u00f3n para sus necesidades.<\/td>\n<\/tr>\n<tr>\n<td style=\"vertical-align: top; text-align: left;\" width=\"516\">\n<ul>\n<li>Pantalla de empalme de videowall sin juntas<\/li>\n<\/ul>\n<p>Con un total de\u00a0<strong>bisel de pantalla a pantalla de 0,88 mm<\/strong>\u00a0Kosintec LCD pantalla de pared de v\u00eddeo (pantalla de empalme) son ideales como parte de una pared de v\u00eddeo LCD pr\u00e1cticamente sin fisuras - que le proporciona una captura de los ojos, y el contenido se centr\u00f3 pantalla. Kosintec LCD pantalla de pared de v\u00eddeo (pantalla de empalme) 's bisel s\u00faper estrecho le permite construir LCD pantalla de pared de v\u00eddeo de cualquier tama\u00f1o.<\/p>\n<ul>\n<li><b><\/b>Alicatado en cadena 4K<\/li>\n<\/ul>\n<p>El videowall LCD Kosintec (Splicing Screen) cuenta con entradas y salidas DisplayPort, lo que le permite conectar en cadena hasta una se\u00f1al 4K una vez conectado.  La pantalla de videowall LCD Kosintec (Splicing Screen) con el procesador de matriz integrado reduce significativamente el coste de hardware externo, instalaci\u00f3n y mantenimiento, proporcionando una soluci\u00f3n rentable al tiempo que maximiza la calidad de v\u00eddeo con una experiencia de visualizaci\u00f3n envolvente.<\/td>\n<td width=\"516\"><img decoding=\"async\" class=\"aligncenter size-full wp-image-8037 lazyload\" data-src=\"http:\/\/www.microkosin.com\/wp-content\/uploads\/2025\/07\/\u573a\u666f_.jpg\" alt=\"\" width=\"1230\" height=\"999\" data-srcset=\"https:\/\/www.microkosin.com\/wp-content\/uploads\/2025\/07\/\u573a\u666f_.jpg 1230w, https:\/\/www.microkosin.com\/wp-content\/uploads\/2025\/07\/\u573a\u666f_-300x244.jpg 300w, https:\/\/www.microkosin.com\/wp-content\/uploads\/2025\/07\/\u573a\u666f_-1024x832.jpg 1024w, https:\/\/www.microkosin.com\/wp-content\/uploads\/2025\/07\/\u573a\u666f_-768x624.jpg 768w, https:\/\/www.microkosin.com\/wp-content\/uploads\/2025\/07\/\u573a\u666f_-15x12.jpg 15w, https:\/\/www.microkosin.com\/wp-content\/uploads\/2025\/07\/\u573a\u666f_-600x487.jpg 600w\" data-sizes=\"(max-width: 1230px) 100vw, 1230px\" src=\"data:image\/svg+xml;base64,PHN2ZyB3aWR0aD0iMSIgaGVpZ2h0PSIxIiB4bWxucz0iaHR0cDovL3d3dy53My5vcmcvMjAwMC9zdmciPjwvc3ZnPg==\" style=\"--smush-placeholder-width: 1230px; --smush-placeholder-aspect-ratio: 1230\/999;\" \/><\/td>\n<\/tr>\n<tr>\n<td width=\"533\"><img decoding=\"async\" class=\"aligncenter wp-image-8038 lazyload\" data-src=\"http:\/\/www.microkosin.com\/wp-content\/uploads\/2025\/07\/\u573a\u666f1_.jpg\" alt=\"\" width=\"462\" height=\"375\" data-srcset=\"https:\/\/www.microkosin.com\/wp-content\/uploads\/2025\/07\/\u573a\u666f1_.jpg 1230w, https:\/\/www.microkosin.com\/wp-content\/uploads\/2025\/07\/\u573a\u666f1_-300x244.jpg 300w, https:\/\/www.microkosin.com\/wp-content\/uploads\/2025\/07\/\u573a\u666f1_-1024x832.jpg 1024w, https:\/\/www.microkosin.com\/wp-content\/uploads\/2025\/07\/\u573a\u666f1_-768x624.jpg 768w, https:\/\/www.microkosin.com\/wp-content\/uploads\/2025\/07\/\u573a\u666f1_-15x12.jpg 15w, https:\/\/www.microkosin.com\/wp-content\/uploads\/2025\/07\/\u573a\u666f1_-600x487.jpg 600w\" data-sizes=\"(max-width: 462px) 100vw, 462px\" src=\"data:image\/svg+xml;base64,PHN2ZyB3aWR0aD0iMSIgaGVpZ2h0PSIxIiB4bWxucz0iaHR0cDovL3d3dy53My5vcmcvMjAwMC9zdmciPjwvc3ZnPg==\" style=\"--smush-placeholder-width: 462px; --smush-placeholder-aspect-ratio: 462\/375;\" \/><\/td>\n<td style=\"vertical-align: top; text-align: left;\" width=\"516\">\n<ul>\n<li>Videowalls compatibles con 4K<\/li>\n<\/ul>\n<p>Con grandes videowalls LCD la resoluci\u00f3n del contenido es muy importante. Si dispone de una fuente 4K, puede conseguir una impresionante resoluci\u00f3n de ultra alta definici\u00f3n en toda la configuraci\u00f3n de pantalla de empalme de videowall LCD de Kosintec sin tener que adquirir un controlador de matriz externo.<\/p>\n<ul>\n<li><b><\/b>M\u00faltiples entradas AV<\/li>\n<\/ul>\n<p>Con entradas HDMI y DisplayPort, Kosintec LCD pantalla de pared de v\u00eddeo (pantalla de empalme) son ideales si las pantallas se utilizan individualmente, como parte de una pared de v\u00eddeo LCD utilizando el procesador de matriz de v\u00eddeo interno o se ejecuta desde un controlador de matriz externa.<\/td>\n<\/tr>\n<\/tbody>\n<\/table>\n<div>\n<div>\n<p>&nbsp;<\/p>\n<div style=\"font-size: 1.8em; font-weight: bold; text-align: center;\">\u203b Por qu\u00e9 elegir Kosintec Digital Signages \u203b<\/div>\n<p>&nbsp;<\/p>\n<\/div>\n<div><img decoding=\"async\" class=\"aligncenter size-full wp-image-8217 lazyload\" data-src=\"http:\/\/www.microkosin.com\/wp-content\/uploads\/2025\/07\/1-10.jpg\" alt=\"\" width=\"1500\" height=\"300\" data-srcset=\"https:\/\/www.microkosin.com\/wp-content\/uploads\/2025\/07\/1-10.jpg 1500w, https:\/\/www.microkosin.com\/wp-content\/uploads\/2025\/07\/1-10-300x60.jpg 300w, https:\/\/www.microkosin.com\/wp-content\/uploads\/2025\/07\/1-10-1024x205.jpg 1024w, https:\/\/www.microkosin.com\/wp-content\/uploads\/2025\/07\/1-10-768x154.jpg 768w, https:\/\/www.microkosin.com\/wp-content\/uploads\/2025\/07\/1-10-18x4.jpg 18w, https:\/\/www.microkosin.com\/wp-content\/uploads\/2025\/07\/1-10-600x120.jpg 600w\" data-sizes=\"(max-width: 1500px) 100vw, 1500px\" src=\"data:image\/svg+xml;base64,PHN2ZyB3aWR0aD0iMSIgaGVpZ2h0PSIxIiB4bWxucz0iaHR0cDovL3d3dy53My5vcmcvMjAwMC9zdmciPjwvc3ZnPg==\" style=\"--smush-placeholder-width: 1500px; --smush-placeholder-aspect-ratio: 1500\/300;\" \/><\/div>\n<p>&nbsp;<\/p>\n<div>\n<div class=\"row\">\n<div class=\"col-sm-6\">\n<h4>- Pantalla de alta calidad<\/h4>\n<div>La se\u00f1alizaci\u00f3n digital de Kosintec proporciona una pantalla de alta calidad que utiliza vidrio templado a prueba de explosiones. La pantalla industrial de alto rendimiento garantiza alta resoluci\u00f3n, alto brillo y estabilidad de uso. La se\u00f1alizaci\u00f3n digital de Kosintec tambi\u00e9n se puede actualizar a 4K para disfrutar de im\u00e1genes n\u00edtidas y coloridas con una claridad excelente.<\/div>\n<p>&nbsp;<\/p>\n<div>\n<div class=\"col-sm-6\"><span style=\"font-size: 1.3em; font-weight: bold;\">- F\u00e1cil control de datos<\/span><\/div>\n<div class=\"col-sm-6\">\n<div>Los carteles digitales comerciales de Kosintec ofrecen una sencilla gesti\u00f3n de contenidos con m\u00faltiples modos de funcionamiento:<\/div>\n<div>- Control remoto mediante WiFi\/3G\/4G\/5G\/WLAN\/Bluetooth<br \/>\n- USB Plug and Play directo<\/div>\n<p>&nbsp;<\/p>\n<\/div>\n<\/div>\n<h4><img decoding=\"async\" class=\"aligncenter size-full wp-image-8218 lazyload\" data-src=\"http:\/\/www.microkosin.com\/wp-content\/uploads\/2025\/07\/2-7.jpg\" alt=\"\" width=\"1500\" height=\"300\" data-srcset=\"https:\/\/www.microkosin.com\/wp-content\/uploads\/2025\/07\/2-7.jpg 1500w, https:\/\/www.microkosin.com\/wp-content\/uploads\/2025\/07\/2-7-300x60.jpg 300w, https:\/\/www.microkosin.com\/wp-content\/uploads\/2025\/07\/2-7-1024x205.jpg 1024w, https:\/\/www.microkosin.com\/wp-content\/uploads\/2025\/07\/2-7-768x154.jpg 768w, https:\/\/www.microkosin.com\/wp-content\/uploads\/2025\/07\/2-7-18x4.jpg 18w, https:\/\/www.microkosin.com\/wp-content\/uploads\/2025\/07\/2-7-600x120.jpg 600w\" data-sizes=\"(max-width: 1500px) 100vw, 1500px\" src=\"data:image\/svg+xml;base64,PHN2ZyB3aWR0aD0iMSIgaGVpZ2h0PSIxIiB4bWxucz0iaHR0cDovL3d3dy53My5vcmcvMjAwMC9zdmciPjwvc3ZnPg==\" style=\"--smush-placeholder-width: 1500px; --smush-placeholder-aspect-ratio: 1500\/300;\" \/><\/h4>\n<p>&nbsp;<\/p>\n<\/div>\n<div class=\"col-sm-6\">\n<div>\n<h4>-Uso continuo 24 horas al d\u00eda, 7 d\u00edas a la semana<\/h4>\n<div>Una de las caracter\u00edsticas importantes de la se\u00f1alizaci\u00f3n digital de Kosintec es que puede funcionar de forma continua durante largas horas y d\u00edas. La se\u00f1alizaci\u00f3n digital de Kosintec se construye para el uso comercial 24\/7 del trabajo ininterrumpido con el funcionamiento estable.<\/div>\n<p>&nbsp;<\/p>\n<div>\n<h4>- Gesti\u00f3n centralizada de dispositivos terminales<\/h4>\n<div>El sistema de gesti\u00f3n de contenidos basado en la nube de Kosintec, que proporciona control en tiempo real e informaci\u00f3n sobre se\u00f1alizaci\u00f3n digital inteligente, permite a los operadores gestionar de forma remota los contenidos, la programaci\u00f3n de las pantallas y otras funciones.<\/div>\n<p>&nbsp;<\/p>\n<\/div>\n<\/div>\n<\/div>\n<\/div>\n<\/div>\n<\/div>\n<div>\n<div class=\"row\">\n<div class=\"col-sm-6\">\n<div><img decoding=\"async\" class=\"aligncenter size-full wp-image-8219 lazyload\" data-src=\"http:\/\/www.microkosin.com\/wp-content\/uploads\/2025\/07\/3-10.jpg\" alt=\"\" width=\"1500\" height=\"300\" data-srcset=\"https:\/\/www.microkosin.com\/wp-content\/uploads\/2025\/07\/3-10.jpg 1500w, https:\/\/www.microkosin.com\/wp-content\/uploads\/2025\/07\/3-10-300x60.jpg 300w, https:\/\/www.microkosin.com\/wp-content\/uploads\/2025\/07\/3-10-1024x205.jpg 1024w, https:\/\/www.microkosin.com\/wp-content\/uploads\/2025\/07\/3-10-768x154.jpg 768w, https:\/\/www.microkosin.com\/wp-content\/uploads\/2025\/07\/3-10-18x4.jpg 18w, https:\/\/www.microkosin.com\/wp-content\/uploads\/2025\/07\/3-10-600x120.jpg 600w\" data-sizes=\"(max-width: 1500px) 100vw, 1500px\" src=\"data:image\/svg+xml;base64,PHN2ZyB3aWR0aD0iMSIgaGVpZ2h0PSIxIiB4bWxucz0iaHR0cDovL3d3dy53My5vcmcvMjAwMC9zdmciPjwvc3ZnPg==\" style=\"--smush-placeholder-width: 1500px; --smush-placeholder-aspect-ratio: 1500\/300;\" \/><\/div>\n<p>&nbsp;<\/p>\n<div>\n<h4>-Configuraci\u00f3n m\u00faltiple y puertos de E\/S vers\u00e1tiles<\/h4>\n<div>Soporte flexible de integraci\u00f3n de sistemas operativos: Android, Windows, Linux o el sistema operativo independiente de se\u00f1alizaci\u00f3n digital de Kosintec.<br \/>\nAmplia compatibilidad de E\/S: puertos HDMI\/VGA\/DVI\/USB\/RJ45 + reproducci\u00f3n multimedia SD\/USB.<br \/>\nRendimiento perfecto: Dise\u00f1ado para una reproducci\u00f3n 4K sin retrasos y con fotogramas perfectos para maximizar la interacci\u00f3n con los carteles digitales de Kosintec.<\/div>\n<p>&nbsp;<\/p>\n<div>\n<h4>- Servicio y garant\u00eda<\/h4>\n<div>Todos los carteles digitales Kosintec vienen con 1-2 a\u00f1os (garant\u00eda extendida opcional) de garant\u00eda comercial, as\u00ed como soporte t\u00e9cnico gratuito de por vida. Nuestros carteles digitales son de calidad comercial y est\u00e1n dise\u00f1ados para funcionar 24\/7 en espacios p\u00fablicos. La garant\u00eda de Kosintec cubre los defectos resultantes de piezas, materiales o fabricaci\u00f3n defectuosos.<\/div>\n<p>&nbsp;<\/p>\n<div><img decoding=\"async\" class=\"aligncenter size-full wp-image-8214 lazyload\" data-src=\"http:\/\/www.microkosin.com\/wp-content\/uploads\/2025\/07\/7-2.jpg\" alt=\"\" width=\"1500\" height=\"600\" data-srcset=\"https:\/\/www.microkosin.com\/wp-content\/uploads\/2025\/07\/7-2.jpg 1500w, https:\/\/www.microkosin.com\/wp-content\/uploads\/2025\/07\/7-2-300x120.jpg 300w, https:\/\/www.microkosin.com\/wp-content\/uploads\/2025\/07\/7-2-1024x410.jpg 1024w, https:\/\/www.microkosin.com\/wp-content\/uploads\/2025\/07\/7-2-768x307.jpg 768w, https:\/\/www.microkosin.com\/wp-content\/uploads\/2025\/07\/7-2-18x7.jpg 18w, https:\/\/www.microkosin.com\/wp-content\/uploads\/2025\/07\/7-2-600x240.jpg 600w\" data-sizes=\"(max-width: 1500px) 100vw, 1500px\" src=\"data:image\/svg+xml;base64,PHN2ZyB3aWR0aD0iMSIgaGVpZ2h0PSIxIiB4bWxucz0iaHR0cDovL3d3dy53My5vcmcvMjAwMC9zdmciPjwvc3ZnPg==\" style=\"--smush-placeholder-width: 1500px; --smush-placeholder-aspect-ratio: 1500\/600;\" \/><\/div>\n<\/div>\n<\/div>\n<\/div>\n<\/div>\n<\/div>","protected":false},"excerpt":{"rendered":"<ul>\n<li style=\"list-style-type: none;\">\n<ul>\n<li>Par\u00e1metros funcionales:\n<ul>\n<li>COMPATIBLE CON 4K<\/li>\n<li>PANTALLA LCD COMERCIAL PANELA<\/li>\n<li>USO 24\/7<\/li>\n<li>0,88 BISEL ULTRAESTRECHO<\/li>\n<li>EMBALDOSADO AUTOM\u00c1TICO<\/li>\n<li>VISTA TRASERA<\/li>\n<li>46\u2033 49\u2033 55\" 65\u2033<\/li>\n<li>FRENTE ABIERTO MANTENIMIENTO<\/li>\n<li>PUERTOS I\/O VERS\u00c1TILES<\/li>\n<\/ul>\n<hr \/>\n<div style=\"width: 1280px;\" class=\"wp-video\"><!--[if lt IE 9]><script>document.createElement('video');<\/script><![endif]--><br \/>\n<video class=\"wp-video-shortcode\" id=\"video-8033-1\" width=\"1280\" height=\"720\" preload=\"metadata\" controls=\"controls\"><source type=\"video\/mp4\" src=\"http:\/\/www.microkosin.com\/wp-content\/uploads\/2025\/07\/16-9_202578164645-1.mp4?_=1\" \/><a href=\"http:\/\/www.microkosin.com\/wp-content\/uploads\/2025\/07\/16-9_202578164645-1.mp4\">http:\/\/www.microkosin.com\/wp-content\/uploads\/2025\/07\/16-9_202578164645-1.mp4<\/a><\/video><\/div>\n<\/li>\n<\/ul>\n<\/li>\n<\/ul>","protected":false},"featured_media":8034,"comment_status":"open","ping_status":"closed","template":"","meta":{"site-sidebar-layout":"default","site-content-layout":"","ast-site-content-layout":"default","site-content-style":"default","site-sidebar-style":"default","ast-global-header-display":"","ast-banner-title-visibility":"","ast-main-header-display":"","ast-hfb-above-header-display":"","ast-hfb-below-header-display":"","ast-hfb-mobile-header-display":"","site-post-title":"","ast-breadcrumbs-content":"","ast-featured-img":"","footer-sml-layout":"","theme-transparent-header-meta":"default","adv-header-id-meta":"","stick-header-meta":"","header-above-stick-meta":"","header-main-stick-meta":"","header-below-stick-meta":"","astra-migrate-meta-layouts":"set","ast-page-background-enabled":"default","ast-page-background-meta":{"desktop":{"background-color":"","background-image":"","background-repeat":"repeat","background-position":"center center","background-size":"auto","background-attachment":"scroll","background-type":"","background-media":"","overlay-type":"","overlay-color":"","overlay-opacity":"","overlay-gradient":""},"tablet":{"background-color":"","background-image":"","background-repeat":"repeat","background-position":"center center","background-size":"auto","background-attachment":"scroll","background-type":"","background-media":"","overlay-type":"","overlay-color":"","overlay-opacity":"","overlay-gradient":""},"mobile":{"background-color":"","background-image":"","background-repeat":"repeat","background-position":"center center","background-size":"auto","background-attachment":"scroll","background-type":"","background-media":"","overlay-type":"","overlay-color":"","overlay-opacity":"","overlay-gradient":""}},"ast-content-background-meta":{"desktop":{"background-color":"var(--ast-global-color-5)","background-image":"","background-repeat":"repeat","background-position":"center center","background-size":"auto","background-attachment":"scroll","background-type":"","background-media":"","overlay-type":"","overlay-color":"","overlay-opacity":"","overlay-gradient":""},"tablet":{"background-color":"var(--ast-global-color-5)","background-image":"","background-repeat":"repeat","background-position":"center center","background-size":"auto","background-attachment":"scroll","background-type":"","background-media":"","overlay-type":"","overlay-color":"","overlay-opacity":"","overlay-gradient":""},"mobile":{"background-color":"var(--ast-global-color-5)","background-image":"","background-repeat":"repeat","background-position":"center center","background-size":"auto","background-attachment":"scroll","background-type":"","background-media":"","overlay-type":"","overlay-color":"","overlay-opacity":"","overlay-gradient":""}}},"product_cat":[15,99,109],"product_tag":[],"class_list":{"0":"post-8033","1":"product","2":"type-product","3":"status-publish","4":"has-post-thumbnail","6":"product_cat-product","7":"product_cat-indoor-display","8":"product_cat-lcd-video-wall","9":"desktop-align-left","10":"tablet-align-left","11":"mobile-align-left","12":"ast-product-gallery-layout-horizontal-slider","13":"ast-product-tabs-layout-horizontal","15":"first","16":"instock","17":"shipping-taxable","18":"product-type-simple"},"_links":{"self":[{"href":"https:\/\/www.microkosin.com\/es\/wp-json\/wp\/v2\/product\/8033","targetHints":{"allow":["GET"]}}],"collection":[{"href":"https:\/\/www.microkosin.com\/es\/wp-json\/wp\/v2\/product"}],"about":[{"href":"https:\/\/www.microkosin.com\/es\/wp-json\/wp\/v2\/types\/product"}],"replies":[{"embeddable":true,"href":"https:\/\/www.microkosin.com\/es\/wp-json\/wp\/v2\/comments?post=8033"}],"version-history":[{"count":5,"href":"https:\/\/www.microkosin.com\/es\/wp-json\/wp\/v2\/product\/8033\/revisions"}],"predecessor-version":[{"id":8231,"href":"https:\/\/www.microkosin.com\/es\/wp-json\/wp\/v2\/product\/8033\/revisions\/8231"}],"wp:featuredmedia":[{"embeddable":true,"href":"https:\/\/www.microkosin.com\/es\/wp-json\/wp\/v2\/media\/8034"}],"wp:attachment":[{"href":"https:\/\/www.microkosin.com\/es\/wp-json\/wp\/v2\/media?parent=8033"}],"wp:term":[{"taxonomy":"product_cat","embeddable":true,"href":"https:\/\/www.microkosin.com\/es\/wp-json\/wp\/v2\/product_cat?post=8033"},{"taxonomy":"product_tag","embeddable":true,"href":"https:\/\/www.microkosin.com\/es\/wp-json\/wp\/v2\/product_tag?post=8033"}],"curies":[{"name":"wp","href":"https:\/\/api.w.org\/{rel}","templated":true}]}}