{"id":7863,"date":"2025-07-01T11:15:07","date_gmt":"2025-07-01T03:15:07","guid":{"rendered":"https:\/\/www.microkosin.com\/?post_type=product&#038;p=7863"},"modified":"2025-07-18T11:20:35","modified_gmt":"2025-07-18T03:20:35","slug":"high-brightness-double-sided-window-hanging-display","status":"publish","type":"product","link":"https:\/\/www.microkosin.com\/es\/producto\/high-brightness-double-sided-window-hanging-display\/","title":{"rendered":"Pantalla colgante de doble cara y alta luminosidad"},"content":{"rendered":"<p><img fetchpriority=\"high\" decoding=\"async\" class=\"aligncenter size-full wp-image-7872\" src=\"http:\/\/www.microkosin.com\/wp-content\/uploads\/2025\/07\/\u9996\u56fe-.jpg\" alt=\"\" width=\"1500\" height=\"600\" srcset=\"https:\/\/www.microkosin.com\/wp-content\/uploads\/2025\/07\/\u9996\u56fe-.jpg 1500w, https:\/\/www.microkosin.com\/wp-content\/uploads\/2025\/07\/\u9996\u56fe--300x120.jpg 300w, https:\/\/www.microkosin.com\/wp-content\/uploads\/2025\/07\/\u9996\u56fe--1024x410.jpg 1024w, https:\/\/www.microkosin.com\/wp-content\/uploads\/2025\/07\/\u9996\u56fe--768x307.jpg 768w, https:\/\/www.microkosin.com\/wp-content\/uploads\/2025\/07\/\u9996\u56fe--18x7.jpg 18w, https:\/\/www.microkosin.com\/wp-content\/uploads\/2025\/07\/\u9996\u56fe--600x240.jpg 600w\" sizes=\"(max-width: 1500px) 100vw, 1500px\" \/><\/p>\n<table>\n<tbody>\n<tr>\n<td width=\"533\"><img decoding=\"async\" class=\"aligncenter wp-image-7868 lazyload\" data-src=\"http:\/\/www.microkosin.com\/wp-content\/uploads\/2025\/07\/4.jpg\" alt=\"\" width=\"289\" height=\"289\" data-srcset=\"https:\/\/www.microkosin.com\/wp-content\/uploads\/2025\/07\/4.jpg 1000w, https:\/\/www.microkosin.com\/wp-content\/uploads\/2025\/07\/4-300x300.jpg 300w, https:\/\/www.microkosin.com\/wp-content\/uploads\/2025\/07\/4-150x150.jpg 150w, https:\/\/www.microkosin.com\/wp-content\/uploads\/2025\/07\/4-768x768.jpg 768w, https:\/\/www.microkosin.com\/wp-content\/uploads\/2025\/07\/4-12x12.jpg 12w, https:\/\/www.microkosin.com\/wp-content\/uploads\/2025\/07\/4-600x600.jpg 600w, https:\/\/www.microkosin.com\/wp-content\/uploads\/2025\/07\/4-100x100.jpg 100w\" data-sizes=\"(max-width: 289px) 100vw, 289px\" src=\"data:image\/svg+xml;base64,PHN2ZyB3aWR0aD0iMSIgaGVpZ2h0PSIxIiB4bWxucz0iaHR0cDovL3d3dy53My5vcmcvMjAwMC9zdmciPjwvc3ZnPg==\" style=\"--smush-placeholder-width: 289px; --smush-placeholder-aspect-ratio: 289\/289;\" \/><\/td>\n<td style=\"vertical-align: top; text-align: left;\" width=\"516\">&nbsp;<\/p>\n<p><strong>Kosintec<\/strong><strong>\u00a0Pantalla de doble cara de brillo ultra alto<\/strong><\/p>\n<p>El escaparate LCD de se\u00f1alizaci\u00f3n digital de doble cara y brillo ultra alto Kosintec cuenta con un dise\u00f1o de doble pantalla. Con un brillo deslumbrante de 3000 nits de cara a la ventana y un brillo m\u00e1s suave de 700 nits para la visibilidad en interiores, es la soluci\u00f3n perfecta para una publicidad perfecta tanto en interiores como en exteriores. Un producto, doble impacto.<\/td>\n<\/tr>\n<tr>\n<td style=\"vertical-align: top; text-align: left;\" width=\"516\"><strong>Dise\u00f1o vers\u00e1til de doble cara, resistente a la luz solar y a altas temperaturas<\/strong><\/p>\n<p>La pantalla LCD de se\u00f1alizaci\u00f3n digital de doble cara y brillo ultra alto Kosintec ofrece 3000 nits de brillo de cara a la ventana y 700 nits en interiores, lo que garantiza una publicidad perfecta tanto en espacios interiores como exteriores. Dise\u00f1ado para sobresalir bajo la luz solar directa y soportar altas temperaturas, Kosintec ultra alto brillo de doble cara de se\u00f1alizaci\u00f3n digital LCD de la ventana garantiza una visibilidad excepcional en diversas condiciones clim\u00e1ticas.<\/p>\n<p><strong><b>Sistema de refrigeraci\u00f3n integrado para mayor estabilidad y ajuste autom\u00e1tico del brillo con sensor de luz<\/b><\/strong><\/p>\n<p>Disfrute de un rendimiento estable con el sistema de refrigeraci\u00f3n integrado Kosintec, que garantiza un funcionamiento ininterrumpido incluso en entornos con altas temperaturas. Disfrute de un control inteligente del brillo con el sensor de luz integrado, que se adapta a las condiciones de luz ambiental para ofrecer una visibilidad \u00f3ptima de d\u00eda y de noche.<\/td>\n<td width=\"516\"><img decoding=\"async\" class=\"aligncenter wp-image-7867 lazyload\" data-src=\"http:\/\/www.microkosin.com\/wp-content\/uploads\/2025\/07\/3.jpg\" alt=\"\" width=\"452\" height=\"452\" data-srcset=\"https:\/\/www.microkosin.com\/wp-content\/uploads\/2025\/07\/3.jpg 1000w, https:\/\/www.microkosin.com\/wp-content\/uploads\/2025\/07\/3-300x300.jpg 300w, https:\/\/www.microkosin.com\/wp-content\/uploads\/2025\/07\/3-150x150.jpg 150w, https:\/\/www.microkosin.com\/wp-content\/uploads\/2025\/07\/3-768x768.jpg 768w, https:\/\/www.microkosin.com\/wp-content\/uploads\/2025\/07\/3-12x12.jpg 12w, https:\/\/www.microkosin.com\/wp-content\/uploads\/2025\/07\/3-600x600.jpg 600w, https:\/\/www.microkosin.com\/wp-content\/uploads\/2025\/07\/3-100x100.jpg 100w\" data-sizes=\"(max-width: 452px) 100vw, 452px\" src=\"data:image\/svg+xml;base64,PHN2ZyB3aWR0aD0iMSIgaGVpZ2h0PSIxIiB4bWxucz0iaHR0cDovL3d3dy53My5vcmcvMjAwMC9zdmciPjwvc3ZnPg==\" style=\"--smush-placeholder-width: 452px; --smush-placeholder-aspect-ratio: 452\/452;\" \/><\/td>\n<\/tr>\n<tr>\n<td width=\"533\"><img decoding=\"async\" class=\"aligncenter wp-image-7871 lazyload\" data-src=\"http:\/\/www.microkosin.com\/wp-content\/uploads\/2025\/07\/\u573a\u666f-2.jpg\" alt=\"\" width=\"492\" height=\"358\" data-srcset=\"https:\/\/www.microkosin.com\/wp-content\/uploads\/2025\/07\/\u573a\u666f-2.jpg 1000w, https:\/\/www.microkosin.com\/wp-content\/uploads\/2025\/07\/\u573a\u666f-2-300x218.jpg 300w, https:\/\/www.microkosin.com\/wp-content\/uploads\/2025\/07\/\u573a\u666f-2-768x558.jpg 768w, https:\/\/www.microkosin.com\/wp-content\/uploads\/2025\/07\/\u573a\u666f-2-18x12.jpg 18w, https:\/\/www.microkosin.com\/wp-content\/uploads\/2025\/07\/\u573a\u666f-2-600x436.jpg 600w\" data-sizes=\"(max-width: 492px) 100vw, 492px\" src=\"data:image\/svg+xml;base64,PHN2ZyB3aWR0aD0iMSIgaGVpZ2h0PSIxIiB4bWxucz0iaHR0cDovL3d3dy53My5vcmcvMjAwMC9zdmciPjwvc3ZnPg==\" style=\"--smush-placeholder-width: 492px; --smush-placeholder-aspect-ratio: 492\/358;\" \/><\/td>\n<td style=\"vertical-align: top; text-align: left;\" width=\"516\">&nbsp;<\/p>\n<p><strong>Soporte de techo con ajuste de altura infinito<\/strong><\/p>\n<p>Consiga la altura de visualizaci\u00f3n perfecta sin esfuerzo con la pantalla LCD de doble cara de se\u00f1alizaci\u00f3n digital y brillo ultra alto de Kosintec. El soporte de techo viene con ajuste de altura infinito, lo que le permite personalizar el posicionamiento a su preferencia.<\/p>\n<p><strong><b>Gesti\u00f3n remota de contenidos con software CMS<\/b><\/strong><\/p>\n<p>\u00a1Tome el control desde cualquier lugar! Kosintec ultra alto brillo de doble cara de se\u00f1alizaci\u00f3n digital LCD pantalla de la ventana viene con una funci\u00f3n de sistema de gesti\u00f3n de contenidos (CMS) de software, lo que le permite gestionar y actualizar el contenido de forma remota con facilidad.<\/td>\n<\/tr>\n<\/tbody>\n<\/table>\n<div>\n<div>\n<p>&nbsp;<\/p>\n<div style=\"font-size: 1.8em; font-weight: bold; text-align: center;\">\u203b Por qu\u00e9 elegir Kosintec Digital Signages \u203b<\/div>\n<p>&nbsp;<\/p>\n<\/div>\n<div><img decoding=\"async\" class=\"aligncenter size-full wp-image-8217 lazyload\" data-src=\"http:\/\/www.microkosin.com\/wp-content\/uploads\/2025\/07\/1-10.jpg\" alt=\"\" width=\"1500\" height=\"300\" data-srcset=\"https:\/\/www.microkosin.com\/wp-content\/uploads\/2025\/07\/1-10.jpg 1500w, https:\/\/www.microkosin.com\/wp-content\/uploads\/2025\/07\/1-10-300x60.jpg 300w, https:\/\/www.microkosin.com\/wp-content\/uploads\/2025\/07\/1-10-1024x205.jpg 1024w, https:\/\/www.microkosin.com\/wp-content\/uploads\/2025\/07\/1-10-768x154.jpg 768w, https:\/\/www.microkosin.com\/wp-content\/uploads\/2025\/07\/1-10-18x4.jpg 18w, https:\/\/www.microkosin.com\/wp-content\/uploads\/2025\/07\/1-10-600x120.jpg 600w\" data-sizes=\"(max-width: 1500px) 100vw, 1500px\" src=\"data:image\/svg+xml;base64,PHN2ZyB3aWR0aD0iMSIgaGVpZ2h0PSIxIiB4bWxucz0iaHR0cDovL3d3dy53My5vcmcvMjAwMC9zdmciPjwvc3ZnPg==\" style=\"--smush-placeholder-width: 1500px; --smush-placeholder-aspect-ratio: 1500\/300;\" \/><\/div>\n<p>&nbsp;<\/p>\n<div>\n<div class=\"row\">\n<div class=\"col-sm-6\">\n<h4>- Pantalla de alta calidad<\/h4>\n<div>La se\u00f1alizaci\u00f3n digital de Kosintec proporciona una pantalla de alta calidad que utiliza vidrio templado a prueba de explosiones. La pantalla industrial de alto rendimiento garantiza alta resoluci\u00f3n, alto brillo y estabilidad de uso. La se\u00f1alizaci\u00f3n digital de Kosintec tambi\u00e9n se puede actualizar a 4K para disfrutar de im\u00e1genes n\u00edtidas y coloridas con una claridad excelente.<\/div>\n<p>&nbsp;<\/p>\n<div>\n<div class=\"col-sm-6\"><span style=\"font-size: 1.3em; font-weight: bold;\">- F\u00e1cil control de datos<\/span><\/div>\n<div class=\"col-sm-6\">\n<div>Los carteles digitales comerciales de Kosintec ofrecen una sencilla gesti\u00f3n de contenidos con m\u00faltiples modos de funcionamiento:<\/div>\n<div>- Control remoto mediante WiFi\/3G\/4G\/5G\/WLAN\/Bluetooth<br \/>\n- USB Plug and Play directo<\/div>\n<p>&nbsp;<\/p>\n<\/div>\n<\/div>\n<h4><img decoding=\"async\" class=\"aligncenter size-full wp-image-8218 lazyload\" data-src=\"http:\/\/www.microkosin.com\/wp-content\/uploads\/2025\/07\/2-7.jpg\" alt=\"\" width=\"1500\" height=\"300\" data-srcset=\"https:\/\/www.microkosin.com\/wp-content\/uploads\/2025\/07\/2-7.jpg 1500w, https:\/\/www.microkosin.com\/wp-content\/uploads\/2025\/07\/2-7-300x60.jpg 300w, https:\/\/www.microkosin.com\/wp-content\/uploads\/2025\/07\/2-7-1024x205.jpg 1024w, https:\/\/www.microkosin.com\/wp-content\/uploads\/2025\/07\/2-7-768x154.jpg 768w, https:\/\/www.microkosin.com\/wp-content\/uploads\/2025\/07\/2-7-18x4.jpg 18w, https:\/\/www.microkosin.com\/wp-content\/uploads\/2025\/07\/2-7-600x120.jpg 600w\" data-sizes=\"(max-width: 1500px) 100vw, 1500px\" src=\"data:image\/svg+xml;base64,PHN2ZyB3aWR0aD0iMSIgaGVpZ2h0PSIxIiB4bWxucz0iaHR0cDovL3d3dy53My5vcmcvMjAwMC9zdmciPjwvc3ZnPg==\" style=\"--smush-placeholder-width: 1500px; --smush-placeholder-aspect-ratio: 1500\/300;\" \/><\/h4>\n<p>&nbsp;<\/p>\n<\/div>\n<div class=\"col-sm-6\">\n<div>\n<h4>-Uso continuo 24 horas al d\u00eda, 7 d\u00edas a la semana<\/h4>\n<div>Una de las caracter\u00edsticas importantes de la se\u00f1alizaci\u00f3n digital de Kosintec es que puede funcionar de forma continua durante largas horas y d\u00edas. La se\u00f1alizaci\u00f3n digital de Kosintec se construye para el uso comercial 24\/7 del trabajo ininterrumpido con el funcionamiento estable.<\/div>\n<p>&nbsp;<\/p>\n<div>\n<h4>- Gesti\u00f3n centralizada de dispositivos terminales<\/h4>\n<div>El sistema de gesti\u00f3n de contenidos basado en la nube de Kosintec, que proporciona control en tiempo real e informaci\u00f3n sobre se\u00f1alizaci\u00f3n digital inteligente, permite a los operadores gestionar de forma remota los contenidos, la programaci\u00f3n de las pantallas y otras funciones.<\/div>\n<p>&nbsp;<\/p>\n<\/div>\n<\/div>\n<\/div>\n<\/div>\n<\/div>\n<\/div>\n<div>\n<div class=\"row\">\n<div class=\"col-sm-6\">\n<div><img decoding=\"async\" class=\"aligncenter size-full wp-image-8219 lazyload\" data-src=\"http:\/\/www.microkosin.com\/wp-content\/uploads\/2025\/07\/3-10.jpg\" alt=\"\" width=\"1500\" height=\"300\" data-srcset=\"https:\/\/www.microkosin.com\/wp-content\/uploads\/2025\/07\/3-10.jpg 1500w, https:\/\/www.microkosin.com\/wp-content\/uploads\/2025\/07\/3-10-300x60.jpg 300w, https:\/\/www.microkosin.com\/wp-content\/uploads\/2025\/07\/3-10-1024x205.jpg 1024w, https:\/\/www.microkosin.com\/wp-content\/uploads\/2025\/07\/3-10-768x154.jpg 768w, https:\/\/www.microkosin.com\/wp-content\/uploads\/2025\/07\/3-10-18x4.jpg 18w, https:\/\/www.microkosin.com\/wp-content\/uploads\/2025\/07\/3-10-600x120.jpg 600w\" data-sizes=\"(max-width: 1500px) 100vw, 1500px\" src=\"data:image\/svg+xml;base64,PHN2ZyB3aWR0aD0iMSIgaGVpZ2h0PSIxIiB4bWxucz0iaHR0cDovL3d3dy53My5vcmcvMjAwMC9zdmciPjwvc3ZnPg==\" style=\"--smush-placeholder-width: 1500px; --smush-placeholder-aspect-ratio: 1500\/300;\" \/><\/div>\n<p>&nbsp;<\/p>\n<div>\n<h4>-Configuraci\u00f3n m\u00faltiple y puertos de E\/S vers\u00e1tiles<\/h4>\n<div>Soporte flexible de integraci\u00f3n de sistemas operativos: Android, Windows, Linux o el sistema operativo independiente de se\u00f1alizaci\u00f3n digital de Kosintec.<br \/>\nAmplia compatibilidad de E\/S: puertos HDMI\/VGA\/DVI\/USB\/RJ45 + reproducci\u00f3n multimedia SD\/USB.<br \/>\nRendimiento perfecto: Dise\u00f1ado para una reproducci\u00f3n 4K sin retrasos y con fotogramas perfectos para maximizar la interacci\u00f3n con los carteles digitales de Kosintec.<\/div>\n<p>&nbsp;<\/p>\n<div>\n<h4>- Servicio y garant\u00eda<\/h4>\n<div>Todos los carteles digitales Kosintec vienen con 1-2 a\u00f1os (garant\u00eda extendida opcional) de garant\u00eda comercial, as\u00ed como soporte t\u00e9cnico gratuito de por vida. Nuestros carteles digitales son de calidad comercial y est\u00e1n dise\u00f1ados para funcionar 24\/7 en espacios p\u00fablicos. La garant\u00eda de Kosintec cubre los defectos resultantes de piezas, materiales o fabricaci\u00f3n defectuosos.<\/div>\n<p>&nbsp;<\/p>\n<div><img decoding=\"async\" class=\"aligncenter size-full wp-image-8214 lazyload\" data-src=\"http:\/\/www.microkosin.com\/wp-content\/uploads\/2025\/07\/7-2.jpg\" alt=\"\" width=\"1500\" height=\"600\" data-srcset=\"https:\/\/www.microkosin.com\/wp-content\/uploads\/2025\/07\/7-2.jpg 1500w, https:\/\/www.microkosin.com\/wp-content\/uploads\/2025\/07\/7-2-300x120.jpg 300w, https:\/\/www.microkosin.com\/wp-content\/uploads\/2025\/07\/7-2-1024x410.jpg 1024w, https:\/\/www.microkosin.com\/wp-content\/uploads\/2025\/07\/7-2-768x307.jpg 768w, https:\/\/www.microkosin.com\/wp-content\/uploads\/2025\/07\/7-2-18x7.jpg 18w, https:\/\/www.microkosin.com\/wp-content\/uploads\/2025\/07\/7-2-600x240.jpg 600w\" data-sizes=\"(max-width: 1500px) 100vw, 1500px\" src=\"data:image\/svg+xml;base64,PHN2ZyB3aWR0aD0iMSIgaGVpZ2h0PSIxIiB4bWxucz0iaHR0cDovL3d3dy53My5vcmcvMjAwMC9zdmciPjwvc3ZnPg==\" style=\"--smush-placeholder-width: 1500px; --smush-placeholder-aspect-ratio: 1500\/600;\" \/><\/div>\n<\/div>\n<\/div>\n<\/div>\n<\/div>\n<\/div>","protected":false},"excerpt":{"rendered":"<ul>\n<li>Tama\u00f1o de pantalla\uff1a 43\" | 49\" | 55\" | 65\" | Personalizado<\/li>\n<li>Sistema operativo\uff1a Android | Windows | Linux | Personalizado<\/li>\n<li>Par\u00e1metros funcionales:\n<ul>\n<li style=\"list-style-type: none;\">\n<ul>\n<li>Cara simple\/doble Opcional<\/li>\n<li>2500\/700 nits Doble cara Opcional<\/li>\n<li>Bisel ultraestrecho<\/li>\n<li>Puede colgarse de una cuerda o de postes retr\u00e1ctiles<\/li>\n<li>Sensor de luz ambiental<\/li>\n<\/ul>\n<\/li>\n<\/ul>\n<hr \/>\n<\/li>\n<\/ul>","protected":false},"featured_media":7864,"comment_status":"open","ping_status":"closed","template":"","meta":{"site-sidebar-layout":"default","site-content-layout":"","ast-site-content-layout":"default","site-content-style":"default","site-sidebar-style":"default","ast-global-header-display":"","ast-banner-title-visibility":"","ast-main-header-display":"","ast-hfb-above-header-display":"","ast-hfb-below-header-display":"","ast-hfb-mobile-header-display":"","site-post-title":"","ast-breadcrumbs-content":"","ast-featured-img":"","footer-sml-layout":"","theme-transparent-header-meta":"default","adv-header-id-meta":"","stick-header-meta":"","header-above-stick-meta":"","header-main-stick-meta":"","header-below-stick-meta":"","astra-migrate-meta-layouts":"set","ast-page-background-enabled":"default","ast-page-background-meta":{"desktop":{"background-color":"","background-image":"","background-repeat":"repeat","background-position":"center center","background-size":"auto","background-attachment":"scroll","background-type":"","background-media":"","overlay-type":"","overlay-color":"","overlay-opacity":"","overlay-gradient":""},"tablet":{"background-color":"","background-image":"","background-repeat":"repeat","background-position":"center center","background-size":"auto","background-attachment":"scroll","background-type":"","background-media":"","overlay-type":"","overlay-color":"","overlay-opacity":"","overlay-gradient":""},"mobile":{"background-color":"","background-image":"","background-repeat":"repeat","background-position":"center center","background-size":"auto","background-attachment":"scroll","background-type":"","background-media":"","overlay-type":"","overlay-color":"","overlay-opacity":"","overlay-gradient":""}},"ast-content-background-meta":{"desktop":{"background-color":"var(--ast-global-color-5)","background-image":"","background-repeat":"repeat","background-position":"center center","background-size":"auto","background-attachment":"scroll","background-type":"","background-media":"","overlay-type":"","overlay-color":"","overlay-opacity":"","overlay-gradient":""},"tablet":{"background-color":"var(--ast-global-color-5)","background-image":"","background-repeat":"repeat","background-position":"center center","background-size":"auto","background-attachment":"scroll","background-type":"","background-media":"","overlay-type":"","overlay-color":"","overlay-opacity":"","overlay-gradient":""},"mobile":{"background-color":"var(--ast-global-color-5)","background-image":"","background-repeat":"repeat","background-position":"center center","background-size":"auto","background-attachment":"scroll","background-type":"","background-media":"","overlay-type":"","overlay-color":"","overlay-opacity":"","overlay-gradient":""}}},"product_cat":[15,107,100],"product_tag":[],"class_list":{"0":"post-7863","1":"product","2":"type-product","3":"status-publish","4":"has-post-thumbnail","6":"product_cat-product","7":"product_cat-window-display","8":"product_cat-high-brightness","9":"desktop-align-left","10":"tablet-align-left","11":"mobile-align-left","12":"ast-product-gallery-layout-horizontal-slider","13":"ast-product-tabs-layout-horizontal","15":"first","16":"instock","17":"shipping-taxable","18":"product-type-simple"},"_links":{"self":[{"href":"https:\/\/www.microkosin.com\/es\/wp-json\/wp\/v2\/product\/7863","targetHints":{"allow":["GET"]}}],"collection":[{"href":"https:\/\/www.microkosin.com\/es\/wp-json\/wp\/v2\/product"}],"about":[{"href":"https:\/\/www.microkosin.com\/es\/wp-json\/wp\/v2\/types\/product"}],"replies":[{"embeddable":true,"href":"https:\/\/www.microkosin.com\/es\/wp-json\/wp\/v2\/comments?post=7863"}],"version-history":[{"count":4,"href":"https:\/\/www.microkosin.com\/es\/wp-json\/wp\/v2\/product\/7863\/revisions"}],"predecessor-version":[{"id":8233,"href":"https:\/\/www.microkosin.com\/es\/wp-json\/wp\/v2\/product\/7863\/revisions\/8233"}],"wp:featuredmedia":[{"embeddable":true,"href":"https:\/\/www.microkosin.com\/es\/wp-json\/wp\/v2\/media\/7864"}],"wp:attachment":[{"href":"https:\/\/www.microkosin.com\/es\/wp-json\/wp\/v2\/media?parent=7863"}],"wp:term":[{"taxonomy":"product_cat","embeddable":true,"href":"https:\/\/www.microkosin.com\/es\/wp-json\/wp\/v2\/product_cat?post=7863"},{"taxonomy":"product_tag","embeddable":true,"href":"https:\/\/www.microkosin.com\/es\/wp-json\/wp\/v2\/product_tag?post=7863"}],"curies":[{"name":"wp","href":"https:\/\/api.w.org\/{rel}","templated":true}]}}