{"id":7629,"date":"2025-06-24T17:54:22","date_gmt":"2025-06-24T09:54:22","guid":{"rendered":"https:\/\/www.microkosin.com\/?post_type=product&#038;p=7629"},"modified":"2025-07-21T11:41:05","modified_gmt":"2025-07-21T03:41:05","slug":"rotating-digital-poster","status":"publish","type":"product","link":"https:\/\/www.microkosin.com\/es\/producto\/rotating-digital-poster\/","title":{"rendered":"P\u00f3ster digital giratorio"},"content":{"rendered":"<p><img fetchpriority=\"high\" decoding=\"async\" class=\"aligncenter size-full wp-image-7639\" src=\"http:\/\/www.microkosin.com\/wp-content\/uploads\/2025\/06\/\u9996\u56fe-17.jpg\" alt=\"\" width=\"1500\" height=\"600\" srcset=\"https:\/\/www.microkosin.com\/wp-content\/uploads\/2025\/06\/\u9996\u56fe-17.jpg 1500w, https:\/\/www.microkosin.com\/wp-content\/uploads\/2025\/06\/\u9996\u56fe-17-300x120.jpg 300w, https:\/\/www.microkosin.com\/wp-content\/uploads\/2025\/06\/\u9996\u56fe-17-1024x410.jpg 1024w, https:\/\/www.microkosin.com\/wp-content\/uploads\/2025\/06\/\u9996\u56fe-17-768x307.jpg 768w, https:\/\/www.microkosin.com\/wp-content\/uploads\/2025\/06\/\u9996\u56fe-17-18x7.jpg 18w, https:\/\/www.microkosin.com\/wp-content\/uploads\/2025\/06\/\u9996\u56fe-17-600x240.jpg 600w\" sizes=\"(max-width: 1500px) 100vw, 1500px\" \/><\/p>\n<table>\n<tbody>\n<tr>\n<td width=\"533\"><img decoding=\"async\" class=\"aligncenter wp-image-7636 lazyload\" data-src=\"http:\/\/www.microkosin.com\/wp-content\/uploads\/2025\/06\/7-1.jpg\" alt=\"\" width=\"377\" height=\"377\" data-srcset=\"https:\/\/www.microkosin.com\/wp-content\/uploads\/2025\/06\/7-1.jpg 1000w, https:\/\/www.microkosin.com\/wp-content\/uploads\/2025\/06\/7-1-300x300.jpg 300w, https:\/\/www.microkosin.com\/wp-content\/uploads\/2025\/06\/7-1-150x150.jpg 150w, https:\/\/www.microkosin.com\/wp-content\/uploads\/2025\/06\/7-1-768x768.jpg 768w, https:\/\/www.microkosin.com\/wp-content\/uploads\/2025\/06\/7-1-12x12.jpg 12w, https:\/\/www.microkosin.com\/wp-content\/uploads\/2025\/06\/7-1-600x600.jpg 600w, https:\/\/www.microkosin.com\/wp-content\/uploads\/2025\/06\/7-1-100x100.jpg 100w\" data-sizes=\"(max-width: 377px) 100vw, 377px\" src=\"data:image\/svg+xml;base64,PHN2ZyB3aWR0aD0iMSIgaGVpZ2h0PSIxIiB4bWxucz0iaHR0cDovL3d3dy53My5vcmcvMjAwMC9zdmciPjwvc3ZnPg==\" style=\"--smush-placeholder-width: 377px; --smush-placeholder-aspect-ratio: 377\/377;\" \/><\/td>\n<td style=\"vertical-align: top; text-align: left;\" width=\"516\"><strong>Kosintec<\/strong><strong>\u00a0P\u00f3ster digital giratorio<\/strong><\/p>\n<p>En general, las pantallas LCD de se\u00f1alizaci\u00f3n digital (p\u00f3ster digital) de pie Kosintec se utilizan para mostrar y anunciar informaci\u00f3n visual de productos, servicios, etc. al p\u00fablico en lugar de un tablero acr\u00edlico o de policarbonato. El sistema de visualizaci\u00f3n utilizado en los monitores LCD autoportantes Kosintec utiliza una pantalla LCD para mostrar tanto im\u00e1genes como v\u00eddeos. Por otra parte sobre la aplicaci\u00f3n de Kosintec se\u00f1alizaci\u00f3n digital de pie (cartel digital) pantallas LCD tambi\u00e9n conocido como se\u00f1alizaci\u00f3n electr\u00f3nica, se puede mencionar que se puede utilizar en cualquier \u00e1mbito p\u00fablico interior y exterior como salas de espera, entradas de edificios, tiendas, centros educativos, cines, hospitales y etc. Seg\u00fan los requisitos de su empresa, las pantallas LCD de se\u00f1alizaci\u00f3n digital (p\u00f3ster digital) de pie de Kosintec se pueden personalizar para prepararlas para fines espec\u00edficos.<\/td>\n<\/tr>\n<tr>\n<td style=\"vertical-align: top; text-align: left;\" width=\"516\"><strong>Dise\u00f1o de perfil delgado<\/strong><\/p>\n<p>Las pantallas LCD de se\u00f1alizaci\u00f3n digital de pie (p\u00f3ster digital) de Kosintec tienen una profundidad percibida superdelgada, un marco de aluminio y un bisel estrecho alrededor de la pantalla que le confieren una est\u00e9tica cautivadora. Adem\u00e1s, protegen los componentes internos de posibles da\u00f1os en espacios p\u00fablicos.<\/p>\n<p><strong><b>Reproductor multimedia Android integrado<\/b><\/strong><\/p>\n<p>Las pantallas LCD de se\u00f1alizaci\u00f3n digital (p\u00f3ster digital) de pie de Kosintec con el reproductor multimedia Android incorporado le permiten ejecutar y actualizar f\u00e1cilmente el contenido en pantalla a trav\u00e9s de un sitio web, la propia plataforma CMS en l\u00ednea en la nube de Kosintec o cualquier otro software compatible de terceros.<\/td>\n<td width=\"516\"><img decoding=\"async\" class=\"aligncenter wp-image-7638 lazyload\" data-src=\"http:\/\/www.microkosin.com\/wp-content\/uploads\/2025\/06\/9-1.jpg\" alt=\"\" width=\"409\" height=\"409\" data-srcset=\"https:\/\/www.microkosin.com\/wp-content\/uploads\/2025\/06\/9-1.jpg 1000w, https:\/\/www.microkosin.com\/wp-content\/uploads\/2025\/06\/9-1-300x300.jpg 300w, https:\/\/www.microkosin.com\/wp-content\/uploads\/2025\/06\/9-1-150x150.jpg 150w, https:\/\/www.microkosin.com\/wp-content\/uploads\/2025\/06\/9-1-768x768.jpg 768w, https:\/\/www.microkosin.com\/wp-content\/uploads\/2025\/06\/9-1-12x12.jpg 12w, https:\/\/www.microkosin.com\/wp-content\/uploads\/2025\/06\/9-1-600x600.jpg 600w, https:\/\/www.microkosin.com\/wp-content\/uploads\/2025\/06\/9-1-100x100.jpg 100w\" data-sizes=\"(max-width: 409px) 100vw, 409px\" src=\"data:image\/svg+xml;base64,PHN2ZyB3aWR0aD0iMSIgaGVpZ2h0PSIxIiB4bWxucz0iaHR0cDovL3d3dy53My5vcmcvMjAwMC9zdmciPjwvc3ZnPg==\" style=\"--smush-placeholder-width: 409px; --smush-placeholder-aspect-ratio: 409\/409;\" \/><\/td>\n<\/tr>\n<tr>\n<td width=\"533\"><img decoding=\"async\" class=\"aligncenter wp-image-7634 lazyload\" data-src=\"http:\/\/www.microkosin.com\/wp-content\/uploads\/2025\/06\/5-6.jpg\" alt=\"\" width=\"415\" height=\"415\" data-srcset=\"https:\/\/www.microkosin.com\/wp-content\/uploads\/2025\/06\/5-6.jpg 1000w, https:\/\/www.microkosin.com\/wp-content\/uploads\/2025\/06\/5-6-300x300.jpg 300w, https:\/\/www.microkosin.com\/wp-content\/uploads\/2025\/06\/5-6-150x150.jpg 150w, https:\/\/www.microkosin.com\/wp-content\/uploads\/2025\/06\/5-6-768x768.jpg 768w, https:\/\/www.microkosin.com\/wp-content\/uploads\/2025\/06\/5-6-12x12.jpg 12w, https:\/\/www.microkosin.com\/wp-content\/uploads\/2025\/06\/5-6-600x600.jpg 600w, https:\/\/www.microkosin.com\/wp-content\/uploads\/2025\/06\/5-6-100x100.jpg 100w\" data-sizes=\"(max-width: 415px) 100vw, 415px\" src=\"data:image\/svg+xml;base64,PHN2ZyB3aWR0aD0iMSIgaGVpZ2h0PSIxIiB4bWxucz0iaHR0cDovL3d3dy53My5vcmcvMjAwMC9zdmciPjwvc3ZnPg==\" style=\"--smush-placeholder-width: 415px; --smush-placeholder-aspect-ratio: 415\/415;\" \/><\/td>\n<td style=\"vertical-align: top; text-align: left;\" width=\"516\"><strong>Pantalla de alta resoluci\u00f3n 1080P<\/strong><\/p>\n<p>Admitimos alta resoluci\u00f3n 1080P. Con la resoluci\u00f3n de Full HD se puede lograr una experiencia verdaderamente inmersiva con una calidad de imagen incre\u00edble. El contenido 1080P se puede mostrar en las pantallas LCD de se\u00f1alizaci\u00f3n digital (p\u00f3ster digital) de pie Kosintec a trav\u00e9s de USB plug and play, a trav\u00e9s de Kosintec cloud CMS, software Android de terceros o mediante el uso de dispositivos de terceros a trav\u00e9s de la entrada HDMI, que le da la m\u00e1xima flexibilidad.<\/p>\n<p><strong><b>Soluciones de arte digital<\/b><\/strong><\/p>\n<p>Las pantallas LCD de se\u00f1alizaci\u00f3n digital (p\u00f3ster digital) de pie de Kosintec con dise\u00f1o de carcasa de pintura art\u00edstica tipo madera para soluciones de arte digital hacen que la pantalla digital sea elegante y est\u00e9tica. Ampliamente aplicado para galer\u00edas, museos, boutiques de gama alta y m\u00e1s espacio art\u00edstico. Apoyamos la personalizaci\u00f3n completa para sus aplicaciones.<\/td>\n<\/tr>\n<\/tbody>\n<\/table>\n<div>\n<div>\n<p>&nbsp;<\/p>\n<div style=\"font-size: 1.8em; font-weight: bold; text-align: center;\">\u203b Por qu\u00e9 elegir Kosintec Digital Signages \u203b<\/div>\n<p>&nbsp;<\/p>\n<\/div>\n<div><img decoding=\"async\" class=\"aligncenter size-full wp-image-8217 lazyload\" data-src=\"http:\/\/www.microkosin.com\/wp-content\/uploads\/2025\/07\/1-10.jpg\" alt=\"\" width=\"1500\" height=\"300\" data-srcset=\"https:\/\/www.microkosin.com\/wp-content\/uploads\/2025\/07\/1-10.jpg 1500w, https:\/\/www.microkosin.com\/wp-content\/uploads\/2025\/07\/1-10-300x60.jpg 300w, https:\/\/www.microkosin.com\/wp-content\/uploads\/2025\/07\/1-10-1024x205.jpg 1024w, https:\/\/www.microkosin.com\/wp-content\/uploads\/2025\/07\/1-10-768x154.jpg 768w, https:\/\/www.microkosin.com\/wp-content\/uploads\/2025\/07\/1-10-18x4.jpg 18w, https:\/\/www.microkosin.com\/wp-content\/uploads\/2025\/07\/1-10-600x120.jpg 600w\" data-sizes=\"(max-width: 1500px) 100vw, 1500px\" src=\"data:image\/svg+xml;base64,PHN2ZyB3aWR0aD0iMSIgaGVpZ2h0PSIxIiB4bWxucz0iaHR0cDovL3d3dy53My5vcmcvMjAwMC9zdmciPjwvc3ZnPg==\" style=\"--smush-placeholder-width: 1500px; --smush-placeholder-aspect-ratio: 1500\/300;\" \/><\/div>\n<p>&nbsp;<\/p>\n<div>\n<div class=\"row\">\n<div class=\"col-sm-6\">\n<h4>- Pantalla de alta calidad<\/h4>\n<div>La se\u00f1alizaci\u00f3n digital de Kosintec proporciona una pantalla de alta calidad que utiliza vidrio templado a prueba de explosiones. La pantalla industrial de alto rendimiento garantiza alta resoluci\u00f3n, alto brillo y estabilidad de uso. La se\u00f1alizaci\u00f3n digital de Kosintec tambi\u00e9n se puede actualizar a 4K para disfrutar de im\u00e1genes n\u00edtidas y coloridas con una claridad excelente.<\/div>\n<p>&nbsp;<\/p>\n<div>\n<div class=\"col-sm-6\"><span style=\"font-size: 1.3em; font-weight: bold;\">- F\u00e1cil control de datos<\/span><\/div>\n<div class=\"col-sm-6\">\n<div>Los carteles digitales comerciales de Kosintec ofrecen una sencilla gesti\u00f3n de contenidos con m\u00faltiples modos de funcionamiento:<\/div>\n<div>- Control remoto mediante WiFi\/3G\/4G\/5G\/WLAN\/Bluetooth<br \/>\n- USB Plug and Play directo<\/div>\n<p>&nbsp;<\/p>\n<\/div>\n<\/div>\n<h4><img decoding=\"async\" class=\"aligncenter size-full wp-image-8218 lazyload\" data-src=\"http:\/\/www.microkosin.com\/wp-content\/uploads\/2025\/07\/2-7.jpg\" alt=\"\" width=\"1500\" height=\"300\" data-srcset=\"https:\/\/www.microkosin.com\/wp-content\/uploads\/2025\/07\/2-7.jpg 1500w, https:\/\/www.microkosin.com\/wp-content\/uploads\/2025\/07\/2-7-300x60.jpg 300w, https:\/\/www.microkosin.com\/wp-content\/uploads\/2025\/07\/2-7-1024x205.jpg 1024w, https:\/\/www.microkosin.com\/wp-content\/uploads\/2025\/07\/2-7-768x154.jpg 768w, https:\/\/www.microkosin.com\/wp-content\/uploads\/2025\/07\/2-7-18x4.jpg 18w, https:\/\/www.microkosin.com\/wp-content\/uploads\/2025\/07\/2-7-600x120.jpg 600w\" data-sizes=\"(max-width: 1500px) 100vw, 1500px\" src=\"data:image\/svg+xml;base64,PHN2ZyB3aWR0aD0iMSIgaGVpZ2h0PSIxIiB4bWxucz0iaHR0cDovL3d3dy53My5vcmcvMjAwMC9zdmciPjwvc3ZnPg==\" style=\"--smush-placeholder-width: 1500px; --smush-placeholder-aspect-ratio: 1500\/300;\" \/><\/h4>\n<p>&nbsp;<\/p>\n<\/div>\n<div class=\"col-sm-6\">\n<div>\n<h4>-Uso continuo 24 horas al d\u00eda, 7 d\u00edas a la semana<\/h4>\n<div>Una de las caracter\u00edsticas importantes de la se\u00f1alizaci\u00f3n digital de Kosintec es que puede funcionar de forma continua durante largas horas y d\u00edas. La se\u00f1alizaci\u00f3n digital de Kosintec se construye para el uso comercial 24\/7 del trabajo ininterrumpido con el funcionamiento estable.<\/div>\n<p>&nbsp;<\/p>\n<div>\n<h4>- Gesti\u00f3n centralizada de dispositivos terminales<\/h4>\n<div>El sistema de gesti\u00f3n de contenidos basado en la nube de Kosintec, que proporciona control en tiempo real e informaci\u00f3n sobre se\u00f1alizaci\u00f3n digital inteligente, permite a los operadores gestionar de forma remota los contenidos, la programaci\u00f3n de las pantallas y otras funciones.<\/div>\n<p>&nbsp;<\/p>\n<\/div>\n<\/div>\n<\/div>\n<\/div>\n<\/div>\n<\/div>\n<div>\n<div class=\"row\">\n<div class=\"col-sm-6\">\n<div><img decoding=\"async\" class=\"aligncenter size-full wp-image-8219 lazyload\" data-src=\"http:\/\/www.microkosin.com\/wp-content\/uploads\/2025\/07\/3-10.jpg\" alt=\"\" width=\"1500\" height=\"300\" data-srcset=\"https:\/\/www.microkosin.com\/wp-content\/uploads\/2025\/07\/3-10.jpg 1500w, https:\/\/www.microkosin.com\/wp-content\/uploads\/2025\/07\/3-10-300x60.jpg 300w, https:\/\/www.microkosin.com\/wp-content\/uploads\/2025\/07\/3-10-1024x205.jpg 1024w, https:\/\/www.microkosin.com\/wp-content\/uploads\/2025\/07\/3-10-768x154.jpg 768w, https:\/\/www.microkosin.com\/wp-content\/uploads\/2025\/07\/3-10-18x4.jpg 18w, https:\/\/www.microkosin.com\/wp-content\/uploads\/2025\/07\/3-10-600x120.jpg 600w\" data-sizes=\"(max-width: 1500px) 100vw, 1500px\" src=\"data:image\/svg+xml;base64,PHN2ZyB3aWR0aD0iMSIgaGVpZ2h0PSIxIiB4bWxucz0iaHR0cDovL3d3dy53My5vcmcvMjAwMC9zdmciPjwvc3ZnPg==\" style=\"--smush-placeholder-width: 1500px; --smush-placeholder-aspect-ratio: 1500\/300;\" \/><\/div>\n<p>&nbsp;<\/p>\n<div>\n<h4>-Configuraci\u00f3n m\u00faltiple y puertos de E\/S vers\u00e1tiles<\/h4>\n<div>Soporte flexible de integraci\u00f3n de sistemas operativos: Android, Windows, Linux o el sistema operativo independiente de se\u00f1alizaci\u00f3n digital de Kosintec.<br \/>\nAmplia compatibilidad de E\/S: puertos HDMI\/VGA\/DVI\/USB\/RJ45 + reproducci\u00f3n multimedia SD\/USB.<br \/>\nRendimiento perfecto: Dise\u00f1ado para una reproducci\u00f3n 4K sin retrasos y con fotogramas perfectos para maximizar la interacci\u00f3n con los carteles digitales de Kosintec.<\/div>\n<p>&nbsp;<\/p>\n<div>\n<h4>- Servicio y garant\u00eda<\/h4>\n<div>Todos los carteles digitales Kosintec vienen con 1-2 a\u00f1os (garant\u00eda extendida opcional) de garant\u00eda comercial, as\u00ed como soporte t\u00e9cnico gratuito de por vida. Nuestros carteles digitales son de calidad comercial y est\u00e1n dise\u00f1ados para funcionar 24\/7 en espacios p\u00fablicos. La garant\u00eda de Kosintec cubre los defectos resultantes de piezas, materiales o fabricaci\u00f3n defectuosos.<\/div>\n<p>&nbsp;<\/p>\n<div><img decoding=\"async\" class=\"aligncenter size-full wp-image-8214 lazyload\" data-src=\"http:\/\/www.microkosin.com\/wp-content\/uploads\/2025\/07\/7-2.jpg\" alt=\"\" width=\"1500\" height=\"600\" data-srcset=\"https:\/\/www.microkosin.com\/wp-content\/uploads\/2025\/07\/7-2.jpg 1500w, https:\/\/www.microkosin.com\/wp-content\/uploads\/2025\/07\/7-2-300x120.jpg 300w, https:\/\/www.microkosin.com\/wp-content\/uploads\/2025\/07\/7-2-1024x410.jpg 1024w, https:\/\/www.microkosin.com\/wp-content\/uploads\/2025\/07\/7-2-768x307.jpg 768w, https:\/\/www.microkosin.com\/wp-content\/uploads\/2025\/07\/7-2-18x7.jpg 18w, https:\/\/www.microkosin.com\/wp-content\/uploads\/2025\/07\/7-2-600x240.jpg 600w\" data-sizes=\"(max-width: 1500px) 100vw, 1500px\" src=\"data:image\/svg+xml;base64,PHN2ZyB3aWR0aD0iMSIgaGVpZ2h0PSIxIiB4bWxucz0iaHR0cDovL3d3dy53My5vcmcvMjAwMC9zdmciPjwvc3ZnPg==\" style=\"--smush-placeholder-width: 1500px; --smush-placeholder-aspect-ratio: 1500\/600;\" \/><\/div>\n<\/div>\n<\/div>\n<\/div>\n<\/div>\n<\/div>","protected":false},"excerpt":{"rendered":"<ul>\n<li>Tama\u00f1o de pantalla\uff1a 32\" | 43\" | 49\" | 55\" | Personalizado<\/li>\n<li>Sistema operativo\uff1a Android | Windows | Linux | Personalizado<\/li>\n<li>Par\u00e1metros funcionales:\n<ul>\n<li style=\"list-style-type: none;\">\n<ul>\n<li>Impermeable para exteriores lP65<\/li>\n<li>Alta luminosidad en exteriores 2000 nits<\/li>\n<li>Bater\u00eda de larga duraci\u00f3n 12 HRS<\/li>\n<li>Con indicador de carga de la bater\u00eda<\/li>\n<li>Plegable y desplazable<\/li>\n<li>Todas las interfaces est\u00e1n ocultas<\/li>\n<li>Interfaz WiFi<\/li>\n<\/ul>\n<\/li>\n<\/ul>\n<hr \/>\n<div style=\"width: 1280px;\" class=\"wp-video\"><!--[if lt IE 9]><script>document.createElement('video');<\/script><![endif]--><br \/>\n<video class=\"wp-video-shortcode\" id=\"video-7629-1\" width=\"1280\" height=\"720\" preload=\"metadata\" controls=\"controls\"><source type=\"video\/mp4\" src=\"http:\/\/www.microkosin.com\/wp-content\/uploads\/2025\/06\/1bd8052d328c10f66ac6dbb09ec55efb.mp4?_=1\" \/><a href=\"http:\/\/www.microkosin.com\/wp-content\/uploads\/2025\/06\/1bd8052d328c10f66ac6dbb09ec55efb.mp4\">http:\/\/www.microkosin.com\/wp-content\/uploads\/2025\/06\/1bd8052d328c10f66ac6dbb09ec55efb.mp4<\/a><\/video><\/div>\n<\/li>\n<\/ul>","protected":false},"featured_media":7630,"comment_status":"open","ping_status":"closed","template":"","meta":{"site-sidebar-layout":"default","site-content-layout":"","ast-site-content-layout":"default","site-content-style":"default","site-sidebar-style":"default","ast-global-header-display":"","ast-banner-title-visibility":"","ast-main-header-display":"","ast-hfb-above-header-display":"","ast-hfb-below-header-display":"","ast-hfb-mobile-header-display":"","site-post-title":"","ast-breadcrumbs-content":"","ast-featured-img":"","footer-sml-layout":"","theme-transparent-header-meta":"default","adv-header-id-meta":"","stick-header-meta":"","header-above-stick-meta":"","header-main-stick-meta":"","header-below-stick-meta":"","astra-migrate-meta-layouts":"set","ast-page-background-enabled":"default","ast-page-background-meta":{"desktop":{"background-color":"","background-image":"","background-repeat":"repeat","background-position":"center center","background-size":"auto","background-attachment":"scroll","background-type":"","background-media":"","overlay-type":"","overlay-color":"","overlay-opacity":"","overlay-gradient":""},"tablet":{"background-color":"","background-image":"","background-repeat":"repeat","background-position":"center center","background-size":"auto","background-attachment":"scroll","background-type":"","background-media":"","overlay-type":"","overlay-color":"","overlay-opacity":"","overlay-gradient":""},"mobile":{"background-color":"","background-image":"","background-repeat":"repeat","background-position":"center center","background-size":"auto","background-attachment":"scroll","background-type":"","background-media":"","overlay-type":"","overlay-color":"","overlay-opacity":"","overlay-gradient":""}},"ast-content-background-meta":{"desktop":{"background-color":"var(--ast-global-color-5)","background-image":"","background-repeat":"repeat","background-position":"center center","background-size":"auto","background-attachment":"scroll","background-type":"","background-media":"","overlay-type":"","overlay-color":"","overlay-opacity":"","overlay-gradient":""},"tablet":{"background-color":"var(--ast-global-color-5)","background-image":"","background-repeat":"repeat","background-position":"center center","background-size":"auto","background-attachment":"scroll","background-type":"","background-media":"","overlay-type":"","overlay-color":"","overlay-opacity":"","overlay-gradient":""},"mobile":{"background-color":"var(--ast-global-color-5)","background-image":"","background-repeat":"repeat","background-position":"center center","background-size":"auto","background-attachment":"scroll","background-type":"","background-media":"","overlay-type":"","overlay-color":"","overlay-opacity":"","overlay-gradient":""}}},"product_cat":[15,99,102],"product_tag":[],"class_list":{"0":"post-7629","1":"product","2":"type-product","3":"status-publish","4":"has-post-thumbnail","6":"product_cat-product","7":"product_cat-indoor-display","8":"product_cat-touch-screens","9":"desktop-align-left","10":"tablet-align-left","11":"mobile-align-left","12":"ast-product-gallery-layout-horizontal-slider","13":"ast-product-tabs-layout-horizontal","15":"first","16":"instock","17":"shipping-taxable","18":"product-type-simple"},"_links":{"self":[{"href":"https:\/\/www.microkosin.com\/es\/wp-json\/wp\/v2\/product\/7629","targetHints":{"allow":["GET"]}}],"collection":[{"href":"https:\/\/www.microkosin.com\/es\/wp-json\/wp\/v2\/product"}],"about":[{"href":"https:\/\/www.microkosin.com\/es\/wp-json\/wp\/v2\/types\/product"}],"replies":[{"embeddable":true,"href":"https:\/\/www.microkosin.com\/es\/wp-json\/wp\/v2\/comments?post=7629"}],"version-history":[{"count":6,"href":"https:\/\/www.microkosin.com\/es\/wp-json\/wp\/v2\/product\/7629\/revisions"}],"predecessor-version":[{"id":8294,"href":"https:\/\/www.microkosin.com\/es\/wp-json\/wp\/v2\/product\/7629\/revisions\/8294"}],"wp:featuredmedia":[{"embeddable":true,"href":"https:\/\/www.microkosin.com\/es\/wp-json\/wp\/v2\/media\/7630"}],"wp:attachment":[{"href":"https:\/\/www.microkosin.com\/es\/wp-json\/wp\/v2\/media?parent=7629"}],"wp:term":[{"taxonomy":"product_cat","embeddable":true,"href":"https:\/\/www.microkosin.com\/es\/wp-json\/wp\/v2\/product_cat?post=7629"},{"taxonomy":"product_tag","embeddable":true,"href":"https:\/\/www.microkosin.com\/es\/wp-json\/wp\/v2\/product_tag?post=7629"}],"curies":[{"name":"wp","href":"https:\/\/api.w.org\/{rel}","templated":true}]}}