{"id":7554,"date":"2025-06-23T17:11:31","date_gmt":"2025-06-23T09:11:31","guid":{"rendered":"https:\/\/www.microkosin.com\/?post_type=product&#038;p=7554"},"modified":"2025-07-18T11:31:48","modified_gmt":"2025-07-18T03:31:48","slug":"outdoor-double-sided-digital-poster","status":"publish","type":"product","link":"https:\/\/www.microkosin.com\/es\/producto\/outdoor-double-sided-digital-poster\/","title":{"rendered":"Cartel digital de doble cara para exteriores"},"content":{"rendered":"<p><img fetchpriority=\"high\" decoding=\"async\" class=\"aligncenter size-full wp-image-7559\" src=\"http:\/\/www.microkosin.com\/wp-content\/uploads\/2025\/06\/\u9996\u56fe-15.jpg\" alt=\"\" width=\"1500\" height=\"600\" srcset=\"https:\/\/www.microkosin.com\/wp-content\/uploads\/2025\/06\/\u9996\u56fe-15.jpg 1500w, https:\/\/www.microkosin.com\/wp-content\/uploads\/2025\/06\/\u9996\u56fe-15-300x120.jpg 300w, https:\/\/www.microkosin.com\/wp-content\/uploads\/2025\/06\/\u9996\u56fe-15-1024x410.jpg 1024w, https:\/\/www.microkosin.com\/wp-content\/uploads\/2025\/06\/\u9996\u56fe-15-768x307.jpg 768w, https:\/\/www.microkosin.com\/wp-content\/uploads\/2025\/06\/\u9996\u56fe-15-18x7.jpg 18w, https:\/\/www.microkosin.com\/wp-content\/uploads\/2025\/06\/\u9996\u56fe-15-600x240.jpg 600w\" sizes=\"(max-width: 1500px) 100vw, 1500px\" \/><\/p>\n<table>\n<tbody>\n<tr>\n<td width=\"533\"><img decoding=\"async\" class=\"aligncenter wp-image-7547 lazyload\" data-src=\"http:\/\/www.microkosin.com\/wp-content\/uploads\/2025\/06\/3-6.jpg\" alt=\"\" width=\"446\" height=\"446\" data-srcset=\"https:\/\/www.microkosin.com\/wp-content\/uploads\/2025\/06\/3-6.jpg 1000w, https:\/\/www.microkosin.com\/wp-content\/uploads\/2025\/06\/3-6-300x300.jpg 300w, https:\/\/www.microkosin.com\/wp-content\/uploads\/2025\/06\/3-6-150x150.jpg 150w, https:\/\/www.microkosin.com\/wp-content\/uploads\/2025\/06\/3-6-768x768.jpg 768w, https:\/\/www.microkosin.com\/wp-content\/uploads\/2025\/06\/3-6-12x12.jpg 12w, https:\/\/www.microkosin.com\/wp-content\/uploads\/2025\/06\/3-6-600x600.jpg 600w, https:\/\/www.microkosin.com\/wp-content\/uploads\/2025\/06\/3-6-100x100.jpg 100w\" data-sizes=\"(max-width: 446px) 100vw, 446px\" src=\"data:image\/svg+xml;base64,PHN2ZyB3aWR0aD0iMSIgaGVpZ2h0PSIxIiB4bWxucz0iaHR0cDovL3d3dy53My5vcmcvMjAwMC9zdmciPjwvc3ZnPg==\" style=\"--smush-placeholder-width: 446px; --smush-placeholder-aspect-ratio: 446\/446;\" \/><\/td>\n<td style=\"vertical-align: top; text-align: left;\" width=\"516\"><strong>Kosintec<\/strong><strong>\u00a0Bater\u00eda port\u00e1til para exteriores Digital A Board<\/strong><\/p>\n<p><strong>Soluci\u00f3n port\u00e1til de se\u00f1alizaci\u00f3n digital de alto brillo alimentada por bater\u00eda.<\/strong><\/p>\n<p>Kosintec p\u00f3ster digital port\u00e1til para exteriores alimentado por bater\u00eda adopta una pantalla legible a la luz del sol y una soluci\u00f3n totalmente port\u00e1til para cualquier espacio.Kosintec p\u00f3ster digital port\u00e1til para exteriores alimentado por bater\u00eda puede mostrar contenido durante todo el d\u00eda y la noche con una sola carga.<\/p>\n<p>Dise\u00f1ada para entornos exteriores exigentes, la se\u00f1alizaci\u00f3n digital alimentada por bater\u00eda de Kosintec integra pantallas industriales de 2.000 nits legibles a la luz del sol con gesti\u00f3n de energ\u00eda de especificaci\u00f3n militar.<\/p>\n<p>-\u00a0<strong>16-35 horas de funcionamiento continuo<\/strong>\u00a0con una sola carga (uso t\u00edpico)<br \/>\n-\u00a0<strong>Resistencia a la intemperie IP65<\/strong>\u00a0contra la lluvia y el polvo<br \/>\n-<strong>2000 nits<\/strong>\u00a0Alta luminosidad Legible a la luz del sol<\/td>\n<\/tr>\n<tr>\n<td style=\"vertical-align: top; text-align: left;\" width=\"516\">-\u00a0\u00a0<strong>Pantalla a pilas<\/strong><\/p>\n<p>Kosintec bater\u00eda port\u00e1til al aire libre digital de un tablero con la bater\u00eda de litio integrada ofrece una incre\u00edble m\u00e1s de 16-35 horas de tiempo de ejecuci\u00f3n de una sola carga, lo que le permite mostrar mensajes durante todo el d\u00eda y la noche. El medidor inteligente en la parte posterior de la pantalla le dice exactamente cu\u00e1nta carga le queda a la bater\u00eda, por lo que puede estar seguro de que la bater\u00eda nunca morir\u00e1 inesperadamente.<\/p>\n<p><strong><b>-\u00a0\u00a0<\/b>Pantalla de alto brillo<\/strong><\/p>\n<p>La pizarra digital port\u00e1til a pilas Kosintec consigue el equilibrio perfecto entre brillo y duraci\u00f3n de la bater\u00eda. Con un panel de alto brillo resistente al ennegrecimiento, la pantalla es claramente visible en espacios al aire libre sin comprometer el tiempo de funcionamiento o la vida \u00fatil de la bater\u00eda.<\/td>\n<td width=\"516\"><img decoding=\"async\" class=\"aligncenter wp-image-7550 lazyload\" data-src=\"http:\/\/www.microkosin.com\/wp-content\/uploads\/2025\/06\/6-3.jpg\" alt=\"\" width=\"388\" height=\"388\" data-srcset=\"https:\/\/www.microkosin.com\/wp-content\/uploads\/2025\/06\/6-3.jpg 1000w, https:\/\/www.microkosin.com\/wp-content\/uploads\/2025\/06\/6-3-300x300.jpg 300w, https:\/\/www.microkosin.com\/wp-content\/uploads\/2025\/06\/6-3-150x150.jpg 150w, https:\/\/www.microkosin.com\/wp-content\/uploads\/2025\/06\/6-3-768x768.jpg 768w, https:\/\/www.microkosin.com\/wp-content\/uploads\/2025\/06\/6-3-12x12.jpg 12w, https:\/\/www.microkosin.com\/wp-content\/uploads\/2025\/06\/6-3-600x600.jpg 600w, https:\/\/www.microkosin.com\/wp-content\/uploads\/2025\/06\/6-3-100x100.jpg 100w\" data-sizes=\"(max-width: 388px) 100vw, 388px\" src=\"data:image\/svg+xml;base64,PHN2ZyB3aWR0aD0iMSIgaGVpZ2h0PSIxIiB4bWxucz0iaHR0cDovL3d3dy53My5vcmcvMjAwMC9zdmciPjwvc3ZnPg==\" style=\"--smush-placeholder-width: 388px; --smush-placeholder-aspect-ratio: 388\/388;\" \/><\/td>\n<\/tr>\n<tr>\n<td width=\"533\"><img decoding=\"async\" class=\"aligncenter wp-image-7551 lazyload\" data-src=\"http:\/\/www.microkosin.com\/wp-content\/uploads\/2025\/06\/7.jpg\" alt=\"\" width=\"508\" height=\"508\" data-srcset=\"https:\/\/www.microkosin.com\/wp-content\/uploads\/2025\/06\/7.jpg 1000w, https:\/\/www.microkosin.com\/wp-content\/uploads\/2025\/06\/7-300x300.jpg 300w, https:\/\/www.microkosin.com\/wp-content\/uploads\/2025\/06\/7-150x150.jpg 150w, https:\/\/www.microkosin.com\/wp-content\/uploads\/2025\/06\/7-768x768.jpg 768w, https:\/\/www.microkosin.com\/wp-content\/uploads\/2025\/06\/7-12x12.jpg 12w, https:\/\/www.microkosin.com\/wp-content\/uploads\/2025\/06\/7-600x600.jpg 600w, https:\/\/www.microkosin.com\/wp-content\/uploads\/2025\/06\/7-100x100.jpg 100w\" data-sizes=\"(max-width: 508px) 100vw, 508px\" src=\"data:image\/svg+xml;base64,PHN2ZyB3aWR0aD0iMSIgaGVpZ2h0PSIxIiB4bWxucz0iaHR0cDovL3d3dy53My5vcmcvMjAwMC9zdmciPjwvc3ZnPg==\" style=\"--smush-placeholder-width: 508px; --smush-placeholder-aspect-ratio: 508\/508;\" \/><\/td>\n<td style=\"vertical-align: top; text-align: left;\" width=\"516\"><strong>-\u00a0\u00a0<\/strong><strong>Totalmente port\u00e1til y resistente a la intemperie<\/strong><\/p>\n<p>Gracias a su incre\u00edble dise\u00f1o ligero y a sus resistentes ruedas, la pizarra digital port\u00e1til para exteriores Kosintec puede ser trasladada f\u00e1cilmente por una sola persona. Las ruedas especializadas est\u00e1n dise\u00f1adas para minimizar las vibraciones en superficies irregulares, protegiendo los componentes internos para una mayor vida \u00fatil del producto.  Dise\u00f1adas para resistir las inclemencias del tiempo, las pizarras digitales port\u00e1tiles a pilas Kosintec est\u00e1n protegidas contra todas las condiciones meteorol\u00f3gicas por nuestra robusta carcasa exterior con clasificaci\u00f3n IP65. Esto significa que pueden utilizarse en cualquier entorno, llueva o haga sol.<\/p>\n<p><strong><b>-\u00a0<\/b>\u00a0Dise\u00f1o fijo robusto y barra de bloqueo segura<\/strong><\/p>\n<p>A diferencia de los paneles A tradicionales, el p\u00f3ster digital port\u00e1til para exteriores alimentado por bater\u00eda de Kosintec tiene un robusto dise\u00f1o plegable para una mayor durabilidad y vida \u00fatil. Esto se ve reforzado por la parte frontal de vidrio templado, que protege el panel y los componentes internos de los da\u00f1os. Una vez en posici\u00f3n, las resistentes ruedas pueden bloquearse con la barra de bloqueo incorporada. Para mayor seguridad, se puede utilizar un candado para bloquear la barra.<\/td>\n<\/tr>\n<\/tbody>\n<\/table>\n<div>\n<div>\n<p>&nbsp;<\/p>\n<div style=\"font-size: 1.8em; font-weight: bold; text-align: center;\">\u203b Por qu\u00e9 elegir Kosintec Digital Signages \u203b<\/div>\n<p>&nbsp;<\/p>\n<\/div>\n<div><img decoding=\"async\" class=\"aligncenter size-full wp-image-8217 lazyload\" data-src=\"http:\/\/www.microkosin.com\/wp-content\/uploads\/2025\/07\/1-10.jpg\" alt=\"\" width=\"1500\" height=\"300\" data-srcset=\"https:\/\/www.microkosin.com\/wp-content\/uploads\/2025\/07\/1-10.jpg 1500w, https:\/\/www.microkosin.com\/wp-content\/uploads\/2025\/07\/1-10-300x60.jpg 300w, https:\/\/www.microkosin.com\/wp-content\/uploads\/2025\/07\/1-10-1024x205.jpg 1024w, https:\/\/www.microkosin.com\/wp-content\/uploads\/2025\/07\/1-10-768x154.jpg 768w, https:\/\/www.microkosin.com\/wp-content\/uploads\/2025\/07\/1-10-18x4.jpg 18w, https:\/\/www.microkosin.com\/wp-content\/uploads\/2025\/07\/1-10-600x120.jpg 600w\" data-sizes=\"(max-width: 1500px) 100vw, 1500px\" src=\"data:image\/svg+xml;base64,PHN2ZyB3aWR0aD0iMSIgaGVpZ2h0PSIxIiB4bWxucz0iaHR0cDovL3d3dy53My5vcmcvMjAwMC9zdmciPjwvc3ZnPg==\" style=\"--smush-placeholder-width: 1500px; --smush-placeholder-aspect-ratio: 1500\/300;\" \/><\/div>\n<p>&nbsp;<\/p>\n<div>\n<div class=\"row\">\n<div class=\"col-sm-6\">\n<h4>- Pantalla de alta calidad<\/h4>\n<div>La se\u00f1alizaci\u00f3n digital de Kosintec proporciona una pantalla de alta calidad que utiliza vidrio templado a prueba de explosiones. La pantalla industrial de alto rendimiento garantiza alta resoluci\u00f3n, alto brillo y estabilidad de uso. La se\u00f1alizaci\u00f3n digital de Kosintec tambi\u00e9n se puede actualizar a 4K para disfrutar de im\u00e1genes n\u00edtidas y coloridas con una claridad excelente.<\/div>\n<p>&nbsp;<\/p>\n<div>\n<div class=\"col-sm-6\"><span style=\"font-size: 1.3em; font-weight: bold;\">- F\u00e1cil control de datos<\/span><\/div>\n<div class=\"col-sm-6\">\n<div>Los carteles digitales comerciales de Kosintec ofrecen una sencilla gesti\u00f3n de contenidos con m\u00faltiples modos de funcionamiento:<\/div>\n<div>- Control remoto mediante WiFi\/3G\/4G\/5G\/WLAN\/Bluetooth<br \/>\n- USB Plug and Play directo<\/div>\n<p>&nbsp;<\/p>\n<\/div>\n<\/div>\n<h4><img decoding=\"async\" class=\"aligncenter size-full wp-image-8218 lazyload\" data-src=\"http:\/\/www.microkosin.com\/wp-content\/uploads\/2025\/07\/2-7.jpg\" alt=\"\" width=\"1500\" height=\"300\" data-srcset=\"https:\/\/www.microkosin.com\/wp-content\/uploads\/2025\/07\/2-7.jpg 1500w, https:\/\/www.microkosin.com\/wp-content\/uploads\/2025\/07\/2-7-300x60.jpg 300w, https:\/\/www.microkosin.com\/wp-content\/uploads\/2025\/07\/2-7-1024x205.jpg 1024w, https:\/\/www.microkosin.com\/wp-content\/uploads\/2025\/07\/2-7-768x154.jpg 768w, https:\/\/www.microkosin.com\/wp-content\/uploads\/2025\/07\/2-7-18x4.jpg 18w, https:\/\/www.microkosin.com\/wp-content\/uploads\/2025\/07\/2-7-600x120.jpg 600w\" data-sizes=\"(max-width: 1500px) 100vw, 1500px\" src=\"data:image\/svg+xml;base64,PHN2ZyB3aWR0aD0iMSIgaGVpZ2h0PSIxIiB4bWxucz0iaHR0cDovL3d3dy53My5vcmcvMjAwMC9zdmciPjwvc3ZnPg==\" style=\"--smush-placeholder-width: 1500px; --smush-placeholder-aspect-ratio: 1500\/300;\" \/><\/h4>\n<p>&nbsp;<\/p>\n<\/div>\n<div class=\"col-sm-6\">\n<div>\n<h4>-Uso continuo 24 horas al d\u00eda, 7 d\u00edas a la semana<\/h4>\n<div>Una de las caracter\u00edsticas importantes de la se\u00f1alizaci\u00f3n digital de Kosintec es que puede funcionar de forma continua durante largas horas y d\u00edas. La se\u00f1alizaci\u00f3n digital de Kosintec se construye para el uso comercial 24\/7 del trabajo ininterrumpido con el funcionamiento estable.<\/div>\n<p>&nbsp;<\/p>\n<div>\n<h4>- Gesti\u00f3n centralizada de dispositivos terminales<\/h4>\n<div>El sistema de gesti\u00f3n de contenidos basado en la nube de Kosintec, que proporciona control en tiempo real e informaci\u00f3n sobre se\u00f1alizaci\u00f3n digital inteligente, permite a los operadores gestionar de forma remota los contenidos, la programaci\u00f3n de las pantallas y otras funciones.<\/div>\n<p>&nbsp;<\/p>\n<\/div>\n<\/div>\n<\/div>\n<\/div>\n<\/div>\n<\/div>\n<div>\n<div class=\"row\">\n<div class=\"col-sm-6\">\n<div><img decoding=\"async\" class=\"aligncenter size-full wp-image-8219 lazyload\" data-src=\"http:\/\/www.microkosin.com\/wp-content\/uploads\/2025\/07\/3-10.jpg\" alt=\"\" width=\"1500\" height=\"300\" data-srcset=\"https:\/\/www.microkosin.com\/wp-content\/uploads\/2025\/07\/3-10.jpg 1500w, https:\/\/www.microkosin.com\/wp-content\/uploads\/2025\/07\/3-10-300x60.jpg 300w, https:\/\/www.microkosin.com\/wp-content\/uploads\/2025\/07\/3-10-1024x205.jpg 1024w, https:\/\/www.microkosin.com\/wp-content\/uploads\/2025\/07\/3-10-768x154.jpg 768w, https:\/\/www.microkosin.com\/wp-content\/uploads\/2025\/07\/3-10-18x4.jpg 18w, https:\/\/www.microkosin.com\/wp-content\/uploads\/2025\/07\/3-10-600x120.jpg 600w\" data-sizes=\"(max-width: 1500px) 100vw, 1500px\" src=\"data:image\/svg+xml;base64,PHN2ZyB3aWR0aD0iMSIgaGVpZ2h0PSIxIiB4bWxucz0iaHR0cDovL3d3dy53My5vcmcvMjAwMC9zdmciPjwvc3ZnPg==\" style=\"--smush-placeholder-width: 1500px; --smush-placeholder-aspect-ratio: 1500\/300;\" \/><\/div>\n<p>&nbsp;<\/p>\n<div>\n<h4>-Configuraci\u00f3n m\u00faltiple y puertos de E\/S vers\u00e1tiles<\/h4>\n<div>Soporte flexible de integraci\u00f3n de sistemas operativos: Android, Windows, Linux o el sistema operativo independiente de se\u00f1alizaci\u00f3n digital de Kosintec.<br \/>\nAmplia compatibilidad de E\/S: puertos HDMI\/VGA\/DVI\/USB\/RJ45 + reproducci\u00f3n multimedia SD\/USB.<br \/>\nRendimiento perfecto: Dise\u00f1ado para una reproducci\u00f3n 4K sin retrasos y con fotogramas perfectos para maximizar la interacci\u00f3n con los carteles digitales de Kosintec.<\/div>\n<p>&nbsp;<\/p>\n<div>\n<h4>- Servicio y garant\u00eda<\/h4>\n<div>Todos los carteles digitales Kosintec vienen con 1-2 a\u00f1os (garant\u00eda extendida opcional) de garant\u00eda comercial, as\u00ed como soporte t\u00e9cnico gratuito de por vida. Nuestros carteles digitales son de calidad comercial y est\u00e1n dise\u00f1ados para funcionar 24\/7 en espacios p\u00fablicos. La garant\u00eda de Kosintec cubre los defectos resultantes de piezas, materiales o fabricaci\u00f3n defectuosos.<\/div>\n<p>&nbsp;<\/p>\n<div><img decoding=\"async\" class=\"aligncenter size-full wp-image-8214 lazyload\" data-src=\"http:\/\/www.microkosin.com\/wp-content\/uploads\/2025\/07\/7-2.jpg\" alt=\"\" width=\"1500\" height=\"600\" data-srcset=\"https:\/\/www.microkosin.com\/wp-content\/uploads\/2025\/07\/7-2.jpg 1500w, https:\/\/www.microkosin.com\/wp-content\/uploads\/2025\/07\/7-2-300x120.jpg 300w, https:\/\/www.microkosin.com\/wp-content\/uploads\/2025\/07\/7-2-1024x410.jpg 1024w, https:\/\/www.microkosin.com\/wp-content\/uploads\/2025\/07\/7-2-768x307.jpg 768w, https:\/\/www.microkosin.com\/wp-content\/uploads\/2025\/07\/7-2-18x7.jpg 18w, https:\/\/www.microkosin.com\/wp-content\/uploads\/2025\/07\/7-2-600x240.jpg 600w\" data-sizes=\"(max-width: 1500px) 100vw, 1500px\" src=\"data:image\/svg+xml;base64,PHN2ZyB3aWR0aD0iMSIgaGVpZ2h0PSIxIiB4bWxucz0iaHR0cDovL3d3dy53My5vcmcvMjAwMC9zdmciPjwvc3ZnPg==\" style=\"--smush-placeholder-width: 1500px; --smush-placeholder-aspect-ratio: 1500\/600;\" \/><\/div>\n<\/div>\n<\/div>\n<\/div>\n<\/div>\n<\/div>","protected":false},"excerpt":{"rendered":"<ul>\n<li>Tama\u00f1o de pantalla\uff1a 32\" | 43\" | 55\" | 65\" | 75\"| 85\"| Personalizado<\/li>\n<li>Sistema operativo\uff1a Android | Windows | Linux | Personalizado<\/li>\n<li>Par\u00e1metros funcionales:\n<ul>\n<li style=\"list-style-type: none;\">\n<ul>\n<li>exterior Resistente al agua IP65<\/li>\n<li>Expositor de doble cara<\/li>\n<li>Bater\u00eda de litio<\/li>\n<li>suministro-12 Horas<\/li>\n<li>Con ruedas para facilitar su desplazamiento<\/li>\n<li>Alta luminosidad en exteriores 2000 Nits<\/li>\n<\/ul>\n<\/li>\n<\/ul>\n<hr \/>\n<\/li>\n<\/ul>","protected":false},"featured_media":7546,"comment_status":"open","ping_status":"closed","template":"","meta":{"site-sidebar-layout":"default","site-content-layout":"","ast-site-content-layout":"default","site-content-style":"default","site-sidebar-style":"default","ast-global-header-display":"","ast-banner-title-visibility":"","ast-main-header-display":"","ast-hfb-above-header-display":"","ast-hfb-below-header-display":"","ast-hfb-mobile-header-display":"","site-post-title":"","ast-breadcrumbs-content":"","ast-featured-img":"","footer-sml-layout":"","theme-transparent-header-meta":"default","adv-header-id-meta":"","stick-header-meta":"","header-above-stick-meta":"","header-main-stick-meta":"","header-below-stick-meta":"","astra-migrate-meta-layouts":"set","ast-page-background-enabled":"default","ast-page-background-meta":{"desktop":{"background-color":"","background-image":"","background-repeat":"repeat","background-position":"center center","background-size":"auto","background-attachment":"scroll","background-type":"","background-media":"","overlay-type":"","overlay-color":"","overlay-opacity":"","overlay-gradient":""},"tablet":{"background-color":"","background-image":"","background-repeat":"repeat","background-position":"center center","background-size":"auto","background-attachment":"scroll","background-type":"","background-media":"","overlay-type":"","overlay-color":"","overlay-opacity":"","overlay-gradient":""},"mobile":{"background-color":"","background-image":"","background-repeat":"repeat","background-position":"center center","background-size":"auto","background-attachment":"scroll","background-type":"","background-media":"","overlay-type":"","overlay-color":"","overlay-opacity":"","overlay-gradient":""}},"ast-content-background-meta":{"desktop":{"background-color":"var(--ast-global-color-5)","background-image":"","background-repeat":"repeat","background-position":"center center","background-size":"auto","background-attachment":"scroll","background-type":"","background-media":"","overlay-type":"","overlay-color":"","overlay-opacity":"","overlay-gradient":""},"tablet":{"background-color":"var(--ast-global-color-5)","background-image":"","background-repeat":"repeat","background-position":"center center","background-size":"auto","background-attachment":"scroll","background-type":"","background-media":"","overlay-type":"","overlay-color":"","overlay-opacity":"","overlay-gradient":""},"mobile":{"background-color":"var(--ast-global-color-5)","background-image":"","background-repeat":"repeat","background-position":"center center","background-size":"auto","background-attachment":"scroll","background-type":"","background-media":"","overlay-type":"","overlay-color":"","overlay-opacity":"","overlay-gradient":""}}},"product_cat":[15,101],"product_tag":[],"class_list":{"0":"post-7554","1":"product","2":"type-product","3":"status-publish","4":"has-post-thumbnail","6":"product_cat-product","7":"product_cat-outdoor-display","8":"desktop-align-left","9":"tablet-align-left","10":"mobile-align-left","11":"ast-product-gallery-layout-horizontal-slider","12":"ast-product-tabs-layout-horizontal","14":"first","15":"instock","16":"shipping-taxable","17":"product-type-simple"},"_links":{"self":[{"href":"https:\/\/www.microkosin.com\/es\/wp-json\/wp\/v2\/product\/7554","targetHints":{"allow":["GET"]}}],"collection":[{"href":"https:\/\/www.microkosin.com\/es\/wp-json\/wp\/v2\/product"}],"about":[{"href":"https:\/\/www.microkosin.com\/es\/wp-json\/wp\/v2\/types\/product"}],"replies":[{"embeddable":true,"href":"https:\/\/www.microkosin.com\/es\/wp-json\/wp\/v2\/comments?post=7554"}],"version-history":[{"count":7,"href":"https:\/\/www.microkosin.com\/es\/wp-json\/wp\/v2\/product\/7554\/revisions"}],"predecessor-version":[{"id":8240,"href":"https:\/\/www.microkosin.com\/es\/wp-json\/wp\/v2\/product\/7554\/revisions\/8240"}],"wp:featuredmedia":[{"embeddable":true,"href":"https:\/\/www.microkosin.com\/es\/wp-json\/wp\/v2\/media\/7546"}],"wp:attachment":[{"href":"https:\/\/www.microkosin.com\/es\/wp-json\/wp\/v2\/media?parent=7554"}],"wp:term":[{"taxonomy":"product_cat","embeddable":true,"href":"https:\/\/www.microkosin.com\/es\/wp-json\/wp\/v2\/product_cat?post=7554"},{"taxonomy":"product_tag","embeddable":true,"href":"https:\/\/www.microkosin.com\/es\/wp-json\/wp\/v2\/product_tag?post=7554"}],"curies":[{"name":"wp","href":"https:\/\/api.w.org\/{rel}","templated":true}]}}