{"id":7370,"date":"2025-06-20T11:21:47","date_gmt":"2025-06-20T03:21:47","guid":{"rendered":"https:\/\/www.microkosin.com\/?post_type=product&#038;p=7370"},"modified":"2025-07-18T13:34:52","modified_gmt":"2025-07-18T05:34:52","slug":"stretched-bar-lcd-display-digital-shel","status":"publish","type":"product","link":"https:\/\/www.microkosin.com\/es\/producto\/stretched-bar-lcd-display-digital-shel\/","title":{"rendered":"Barra tensada Pantalla LCD Estante digital"},"content":{"rendered":"<p><img fetchpriority=\"high\" decoding=\"async\" class=\"aligncenter size-full wp-image-7456\" src=\"http:\/\/www.microkosin.com\/wp-content\/uploads\/2025\/06\/\u9996\u56fe_.jpg\" alt=\"\" width=\"1500\" height=\"600\" srcset=\"https:\/\/www.microkosin.com\/wp-content\/uploads\/2025\/06\/\u9996\u56fe_.jpg 1500w, https:\/\/www.microkosin.com\/wp-content\/uploads\/2025\/06\/\u9996\u56fe_-300x120.jpg 300w, https:\/\/www.microkosin.com\/wp-content\/uploads\/2025\/06\/\u9996\u56fe_-1024x410.jpg 1024w, https:\/\/www.microkosin.com\/wp-content\/uploads\/2025\/06\/\u9996\u56fe_-768x307.jpg 768w, https:\/\/www.microkosin.com\/wp-content\/uploads\/2025\/06\/\u9996\u56fe_-18x7.jpg 18w, https:\/\/www.microkosin.com\/wp-content\/uploads\/2025\/06\/\u9996\u56fe_-600x240.jpg 600w\" sizes=\"(max-width: 1500px) 100vw, 1500px\" \/><\/p>\n<table>\n<tbody>\n<tr>\n<td width=\"533\"><img decoding=\"async\" class=\"aligncenter wp-image-7379 lazyload\" data-src=\"http:\/\/www.microkosin.com\/wp-content\/uploads\/2025\/06\/\u753b\u677f-1-8.jpg\" alt=\"\" width=\"391\" height=\"391\" data-srcset=\"https:\/\/www.microkosin.com\/wp-content\/uploads\/2025\/06\/\u753b\u677f-1-8.jpg 1000w, https:\/\/www.microkosin.com\/wp-content\/uploads\/2025\/06\/\u753b\u677f-1-8-300x300.jpg 300w, https:\/\/www.microkosin.com\/wp-content\/uploads\/2025\/06\/\u753b\u677f-1-8-150x150.jpg 150w, https:\/\/www.microkosin.com\/wp-content\/uploads\/2025\/06\/\u753b\u677f-1-8-768x768.jpg 768w, https:\/\/www.microkosin.com\/wp-content\/uploads\/2025\/06\/\u753b\u677f-1-8-12x12.jpg 12w, https:\/\/www.microkosin.com\/wp-content\/uploads\/2025\/06\/\u753b\u677f-1-8-600x600.jpg 600w, https:\/\/www.microkosin.com\/wp-content\/uploads\/2025\/06\/\u753b\u677f-1-8-100x100.jpg 100w\" data-sizes=\"(max-width: 391px) 100vw, 391px\" src=\"data:image\/svg+xml;base64,PHN2ZyB3aWR0aD0iMSIgaGVpZ2h0PSIxIiB4bWxucz0iaHR0cDovL3d3dy53My5vcmcvMjAwMC9zdmciPjwvc3ZnPg==\" style=\"--smush-placeholder-width: 391px; --smush-placeholder-aspect-ratio: 391\/391;\" \/><\/td>\n<td style=\"vertical-align: top; text-align: left;\" width=\"516\"><strong>Kosintec<\/strong><strong>\u00a0Pantallas ultraanchas de barra tensada<\/strong><\/p>\n<p><strong>Relaciones de aspecto inigualables para im\u00e1genes envolventes<\/strong><\/p>\n<p>Dise\u00f1adas con tecnolog\u00eda LCD especializada, las pantallas de barras extensibles de Kosintec ofrecen relaciones de aspecto ultraamplias en tama\u00f1os de 6\u2033 a 88\u2033, transformando el contenido est\u00e1ndar en cautivadoras experiencias de gran formato. Estas pantallas dise\u00f1adas espec\u00edficamente destacan en la presentaci\u00f3n de im\u00e1genes panor\u00e1micas, v\u00eddeos din\u00e1micos y visualizaciones de datos donde las pantallas convencionales fallan, llamando la atenci\u00f3n en aplicaciones de alto valor:<\/p>\n<p>-\u00a0<strong> Entornos comerciales<\/strong>: Promociones en los estantes y pasillos digitales<br \/>\n-\u00a0<strong>Espacios p\u00fablicos<\/strong>: Centros de transporte y carteles informativos<br \/>\n-\u00a0<strong>Zonas de experiencia<\/strong>: Quioscos interactivos y videowalls curvos<br \/>\n-\u00a0<strong>Empresa<\/strong>: Indicadores financieros y cuadros de mando<\/td>\n<\/tr>\n<tr>\n<td style=\"vertical-align: top; text-align: left;\" width=\"516\">\n<ul>\n<li>Relaci\u00f3n de aspecto ultraancha<\/li>\n<\/ul>\n<p>Los monitores LCD Kosintec de barra estirada (pantalla ultraancha) cuentan con una relaci\u00f3n de aspecto ultraancha que capta la atenci\u00f3n de su p\u00fablico. Las pantallas LCD Kosintec de barra estirada (pantalla ultra ancha) se pueden dividir en diferentes zonas para mostrar varias im\u00e1genes, v\u00eddeos, texto desplazable e incluso p\u00e1ginas web.<\/p>\n<ul>\n<li><b><\/b>Panel comercial 24\/7<\/li>\n<\/ul>\n<p>Kosintec estir\u00f3 barra de visualizaci\u00f3n (pantalla ultra ancha ) pantallas LCD est\u00e1 equipado con el panel de grado comercial, con una vida \u00fatil de m\u00e1s de 50.000 horas, y el uso de componentes de alta calidad asegura que el Kosintec estir\u00f3 barra de visualizaci\u00f3n (pantalla ultra ancha ) pantallas LCD puede estar en constante uso 24\/7.<\/td>\n<td width=\"516\"><img decoding=\"async\" class=\"aligncenter wp-image-7380 lazyload\" data-src=\"http:\/\/www.microkosin.com\/wp-content\/uploads\/2025\/06\/\u753b\u677f-2-6.jpg\" alt=\"\" width=\"479\" height=\"479\" data-srcset=\"https:\/\/www.microkosin.com\/wp-content\/uploads\/2025\/06\/\u753b\u677f-2-6.jpg 1000w, https:\/\/www.microkosin.com\/wp-content\/uploads\/2025\/06\/\u753b\u677f-2-6-300x300.jpg 300w, https:\/\/www.microkosin.com\/wp-content\/uploads\/2025\/06\/\u753b\u677f-2-6-150x150.jpg 150w, https:\/\/www.microkosin.com\/wp-content\/uploads\/2025\/06\/\u753b\u677f-2-6-768x768.jpg 768w, https:\/\/www.microkosin.com\/wp-content\/uploads\/2025\/06\/\u753b\u677f-2-6-12x12.jpg 12w, https:\/\/www.microkosin.com\/wp-content\/uploads\/2025\/06\/\u753b\u677f-2-6-600x600.jpg 600w, https:\/\/www.microkosin.com\/wp-content\/uploads\/2025\/06\/\u753b\u677f-2-6-100x100.jpg 100w\" data-sizes=\"(max-width: 479px) 100vw, 479px\" src=\"data:image\/svg+xml;base64,PHN2ZyB3aWR0aD0iMSIgaGVpZ2h0PSIxIiB4bWxucz0iaHR0cDovL3d3dy53My5vcmcvMjAwMC9zdmciPjwvc3ZnPg==\" style=\"--smush-placeholder-width: 479px; --smush-placeholder-aspect-ratio: 479\/479;\" \/><\/td>\n<\/tr>\n<tr>\n<td width=\"533\"><img decoding=\"async\" class=\"aligncenter wp-image-7381 lazyload\" data-src=\"http:\/\/www.microkosin.com\/wp-content\/uploads\/2025\/06\/\u753b\u677f-3-7.jpg\" alt=\"\" width=\"401\" height=\"401\" data-srcset=\"https:\/\/www.microkosin.com\/wp-content\/uploads\/2025\/06\/\u753b\u677f-3-7.jpg 1000w, https:\/\/www.microkosin.com\/wp-content\/uploads\/2025\/06\/\u753b\u677f-3-7-300x300.jpg 300w, https:\/\/www.microkosin.com\/wp-content\/uploads\/2025\/06\/\u753b\u677f-3-7-150x150.jpg 150w, https:\/\/www.microkosin.com\/wp-content\/uploads\/2025\/06\/\u753b\u677f-3-7-768x768.jpg 768w, https:\/\/www.microkosin.com\/wp-content\/uploads\/2025\/06\/\u753b\u677f-3-7-12x12.jpg 12w, https:\/\/www.microkosin.com\/wp-content\/uploads\/2025\/06\/\u753b\u677f-3-7-600x600.jpg 600w, https:\/\/www.microkosin.com\/wp-content\/uploads\/2025\/06\/\u753b\u677f-3-7-100x100.jpg 100w\" data-sizes=\"(max-width: 401px) 100vw, 401px\" src=\"data:image\/svg+xml;base64,PHN2ZyB3aWR0aD0iMSIgaGVpZ2h0PSIxIiB4bWxucz0iaHR0cDovL3d3dy53My5vcmcvMjAwMC9zdmciPjwvc3ZnPg==\" style=\"--smush-placeholder-width: 401px; --smush-placeholder-aspect-ratio: 401\/401;\" \/><\/td>\n<td style=\"vertical-align: top; text-align: left;\" width=\"516\">\n<ul>\n<li>Soluci\u00f3n Android todo en uno<\/li>\n<\/ul>\n<p>Cada pantalla de barra estirada Kosintec (pantalla de borde de estanter\u00eda) ultra ancha funciona de forma independiente como una soluci\u00f3n digital aut\u00f3noma, eliminando las dependencias de red complejas. Con un sistema operativo Android integrado, cada pantalla ultra ancha Kosintec soporta: Gesti\u00f3n inal\u00e1mbrica de contenidos a trav\u00e9s de WiFi&amp;Sincronizaci\u00f3n perfecta entre pantallas<\/p>\n<ul>\n<li><b><\/b>Instalaci\u00f3n de paisaje\/retrato<\/li>\n<\/ul>\n<p>La flexibilidad de uso vertical u horizontal y la relaci\u00f3n de aspecto ultraancha las convierten en el complemento perfecto para nuestras pantallas LCD de barra estirada (pantalla ultraancha ) de Kosintec.<\/td>\n<\/tr>\n<\/tbody>\n<\/table>\n<div>\n<div>\n<p>&nbsp;<\/p>\n<div style=\"font-size: 1.8em; font-weight: bold; text-align: center;\">\u203b Por qu\u00e9 elegir Kosintec Digital Signages \u203b<\/div>\n<p>&nbsp;<\/p>\n<\/div>\n<div><img decoding=\"async\" class=\"aligncenter size-full wp-image-8217 lazyload\" data-src=\"http:\/\/www.microkosin.com\/wp-content\/uploads\/2025\/07\/1-10.jpg\" alt=\"\" width=\"1500\" height=\"300\" data-srcset=\"https:\/\/www.microkosin.com\/wp-content\/uploads\/2025\/07\/1-10.jpg 1500w, https:\/\/www.microkosin.com\/wp-content\/uploads\/2025\/07\/1-10-300x60.jpg 300w, https:\/\/www.microkosin.com\/wp-content\/uploads\/2025\/07\/1-10-1024x205.jpg 1024w, https:\/\/www.microkosin.com\/wp-content\/uploads\/2025\/07\/1-10-768x154.jpg 768w, https:\/\/www.microkosin.com\/wp-content\/uploads\/2025\/07\/1-10-18x4.jpg 18w, https:\/\/www.microkosin.com\/wp-content\/uploads\/2025\/07\/1-10-600x120.jpg 600w\" data-sizes=\"(max-width: 1500px) 100vw, 1500px\" src=\"data:image\/svg+xml;base64,PHN2ZyB3aWR0aD0iMSIgaGVpZ2h0PSIxIiB4bWxucz0iaHR0cDovL3d3dy53My5vcmcvMjAwMC9zdmciPjwvc3ZnPg==\" style=\"--smush-placeholder-width: 1500px; --smush-placeholder-aspect-ratio: 1500\/300;\" \/><\/div>\n<p>&nbsp;<\/p>\n<div>\n<div class=\"row\">\n<div class=\"col-sm-6\">\n<h4>- Pantalla de alta calidad<\/h4>\n<div>La se\u00f1alizaci\u00f3n digital de Kosintec proporciona una pantalla de alta calidad que utiliza vidrio templado a prueba de explosiones. La pantalla industrial de alto rendimiento garantiza alta resoluci\u00f3n, alto brillo y estabilidad de uso. La se\u00f1alizaci\u00f3n digital de Kosintec tambi\u00e9n se puede actualizar a 4K para disfrutar de im\u00e1genes n\u00edtidas y coloridas con una claridad excelente.<\/div>\n<p>&nbsp;<\/p>\n<div>\n<div class=\"col-sm-6\"><span style=\"font-size: 1.3em; font-weight: bold;\">- F\u00e1cil control de datos<\/span><\/div>\n<div class=\"col-sm-6\">\n<div>Los carteles digitales comerciales de Kosintec ofrecen una sencilla gesti\u00f3n de contenidos con m\u00faltiples modos de funcionamiento:<\/div>\n<div>- Control remoto mediante WiFi\/3G\/4G\/5G\/WLAN\/Bluetooth<br \/>\n- USB Plug and Play directo<\/div>\n<p>&nbsp;<\/p>\n<\/div>\n<\/div>\n<h4><img decoding=\"async\" class=\"aligncenter size-full wp-image-8218 lazyload\" data-src=\"http:\/\/www.microkosin.com\/wp-content\/uploads\/2025\/07\/2-7.jpg\" alt=\"\" width=\"1500\" height=\"300\" data-srcset=\"https:\/\/www.microkosin.com\/wp-content\/uploads\/2025\/07\/2-7.jpg 1500w, https:\/\/www.microkosin.com\/wp-content\/uploads\/2025\/07\/2-7-300x60.jpg 300w, https:\/\/www.microkosin.com\/wp-content\/uploads\/2025\/07\/2-7-1024x205.jpg 1024w, https:\/\/www.microkosin.com\/wp-content\/uploads\/2025\/07\/2-7-768x154.jpg 768w, https:\/\/www.microkosin.com\/wp-content\/uploads\/2025\/07\/2-7-18x4.jpg 18w, https:\/\/www.microkosin.com\/wp-content\/uploads\/2025\/07\/2-7-600x120.jpg 600w\" data-sizes=\"(max-width: 1500px) 100vw, 1500px\" src=\"data:image\/svg+xml;base64,PHN2ZyB3aWR0aD0iMSIgaGVpZ2h0PSIxIiB4bWxucz0iaHR0cDovL3d3dy53My5vcmcvMjAwMC9zdmciPjwvc3ZnPg==\" style=\"--smush-placeholder-width: 1500px; --smush-placeholder-aspect-ratio: 1500\/300;\" \/><\/h4>\n<p>&nbsp;<\/p>\n<\/div>\n<div class=\"col-sm-6\">\n<div>\n<h4>-Uso continuo 24 horas al d\u00eda, 7 d\u00edas a la semana<\/h4>\n<div>Una de las caracter\u00edsticas importantes de la se\u00f1alizaci\u00f3n digital de Kosintec es que puede funcionar de forma continua durante largas horas y d\u00edas. La se\u00f1alizaci\u00f3n digital de Kosintec se construye para el uso comercial 24\/7 del trabajo ininterrumpido con el funcionamiento estable.<\/div>\n<p>&nbsp;<\/p>\n<div>\n<h4>- Gesti\u00f3n centralizada de dispositivos terminales<\/h4>\n<div>El sistema de gesti\u00f3n de contenidos basado en la nube de Kosintec, que proporciona control en tiempo real e informaci\u00f3n sobre se\u00f1alizaci\u00f3n digital inteligente, permite a los operadores gestionar de forma remota los contenidos, la programaci\u00f3n de las pantallas y otras funciones.<\/div>\n<p>&nbsp;<\/p>\n<\/div>\n<\/div>\n<\/div>\n<\/div>\n<\/div>\n<\/div>\n<div>\n<div class=\"row\">\n<div class=\"col-sm-6\">\n<div><img decoding=\"async\" class=\"aligncenter size-full wp-image-8219 lazyload\" data-src=\"http:\/\/www.microkosin.com\/wp-content\/uploads\/2025\/07\/3-10.jpg\" alt=\"\" width=\"1500\" height=\"300\" data-srcset=\"https:\/\/www.microkosin.com\/wp-content\/uploads\/2025\/07\/3-10.jpg 1500w, https:\/\/www.microkosin.com\/wp-content\/uploads\/2025\/07\/3-10-300x60.jpg 300w, https:\/\/www.microkosin.com\/wp-content\/uploads\/2025\/07\/3-10-1024x205.jpg 1024w, https:\/\/www.microkosin.com\/wp-content\/uploads\/2025\/07\/3-10-768x154.jpg 768w, https:\/\/www.microkosin.com\/wp-content\/uploads\/2025\/07\/3-10-18x4.jpg 18w, https:\/\/www.microkosin.com\/wp-content\/uploads\/2025\/07\/3-10-600x120.jpg 600w\" data-sizes=\"(max-width: 1500px) 100vw, 1500px\" src=\"data:image\/svg+xml;base64,PHN2ZyB3aWR0aD0iMSIgaGVpZ2h0PSIxIiB4bWxucz0iaHR0cDovL3d3dy53My5vcmcvMjAwMC9zdmciPjwvc3ZnPg==\" style=\"--smush-placeholder-width: 1500px; --smush-placeholder-aspect-ratio: 1500\/300;\" \/><\/div>\n<p>&nbsp;<\/p>\n<div>\n<h4>-Configuraci\u00f3n m\u00faltiple y puertos de E\/S vers\u00e1tiles<\/h4>\n<div>Soporte flexible de integraci\u00f3n de sistemas operativos: Android, Windows, Linux o el sistema operativo independiente de se\u00f1alizaci\u00f3n digital de Kosintec.<br \/>\nAmplia compatibilidad de E\/S: puertos HDMI\/VGA\/DVI\/USB\/RJ45 + reproducci\u00f3n multimedia SD\/USB.<br \/>\nRendimiento perfecto: Dise\u00f1ado para una reproducci\u00f3n 4K sin retrasos y con fotogramas perfectos para maximizar la interacci\u00f3n con los carteles digitales de Kosintec.<\/div>\n<p>&nbsp;<\/p>\n<div>\n<h4>- Servicio y garant\u00eda<\/h4>\n<div>Todos los carteles digitales Kosintec vienen con 1-2 a\u00f1os (garant\u00eda extendida opcional) de garant\u00eda comercial, as\u00ed como soporte t\u00e9cnico gratuito de por vida. Nuestros carteles digitales son de calidad comercial y est\u00e1n dise\u00f1ados para funcionar 24\/7 en espacios p\u00fablicos. La garant\u00eda de Kosintec cubre los defectos resultantes de piezas, materiales o fabricaci\u00f3n defectuosos.<\/div>\n<p>&nbsp;<\/p>\n<div><img decoding=\"async\" class=\"aligncenter size-full wp-image-8214 lazyload\" data-src=\"http:\/\/www.microkosin.com\/wp-content\/uploads\/2025\/07\/7-2.jpg\" alt=\"\" width=\"1500\" height=\"600\" data-srcset=\"https:\/\/www.microkosin.com\/wp-content\/uploads\/2025\/07\/7-2.jpg 1500w, https:\/\/www.microkosin.com\/wp-content\/uploads\/2025\/07\/7-2-300x120.jpg 300w, https:\/\/www.microkosin.com\/wp-content\/uploads\/2025\/07\/7-2-1024x410.jpg 1024w, https:\/\/www.microkosin.com\/wp-content\/uploads\/2025\/07\/7-2-768x307.jpg 768w, https:\/\/www.microkosin.com\/wp-content\/uploads\/2025\/07\/7-2-18x7.jpg 18w, https:\/\/www.microkosin.com\/wp-content\/uploads\/2025\/07\/7-2-600x240.jpg 600w\" data-sizes=\"(max-width: 1500px) 100vw, 1500px\" src=\"data:image\/svg+xml;base64,PHN2ZyB3aWR0aD0iMSIgaGVpZ2h0PSIxIiB4bWxucz0iaHR0cDovL3d3dy53My5vcmcvMjAwMC9zdmciPjwvc3ZnPg==\" style=\"--smush-placeholder-width: 1500px; --smush-placeholder-aspect-ratio: 1500\/600;\" \/><\/div>\n<\/div>\n<\/div>\n<\/div>\n<\/div>\n<\/div>","protected":false},"excerpt":{"rendered":"<ul>\n<li>Tama\u00f1o de pantalla\uff1a 23,1\" | 35\" | 47,1\"| Personalizado<\/li>\n<li>Sistema operativo\uff1a Android | Windows | Linux | Personalizado<\/li>\n<li>Par\u00e1metros funcionales:\n<ul>\n<li style=\"list-style-type: none;\">\n<ul>\n<li>Para lineales de supermercados y tiendas<\/li>\n<li>Dise\u00f1o superfino, f\u00e1cil de instalar<\/li>\n<li>M\u00faltiples tama\u00f1os disponibles<\/li>\n<li>Brillo diferente<\/li>\n<li>CPU de alto rendimiento<\/li>\n<li>Wi-Fi y 4G opcionales<\/li>\n<\/ul>\n<\/li>\n<\/ul>\n<hr \/>\n<div style=\"width: 1280px;\" class=\"wp-video\"><!--[if lt IE 9]><script>document.createElement('video');<\/script><![endif]--><br \/>\n<video class=\"wp-video-shortcode\" id=\"video-7370-1\" width=\"1280\" height=\"720\" preload=\"metadata\" controls=\"controls\"><source type=\"video\/mp4\" src=\"http:\/\/www.microkosin.com\/wp-content\/uploads\/2025\/06\/\u6761\u5f62\u5934\u5c4f529.mp4?_=1\" \/><a href=\"http:\/\/www.microkosin.com\/wp-content\/uploads\/2025\/06\/\u6761\u5f62\u5934\u5c4f529.mp4\">http:\/\/www.microkosin.com\/wp-content\/uploads\/2025\/06\/\u6761\u5f62\u5934\u5c4f529.mp4<\/a><\/video><\/div>\n<\/li>\n<\/ul>","protected":false},"featured_media":7371,"comment_status":"open","ping_status":"closed","template":"","meta":{"site-sidebar-layout":"default","site-content-layout":"","ast-site-content-layout":"default","site-content-style":"default","site-sidebar-style":"default","ast-global-header-display":"","ast-banner-title-visibility":"","ast-main-header-display":"","ast-hfb-above-header-display":"","ast-hfb-below-header-display":"","ast-hfb-mobile-header-display":"","site-post-title":"","ast-breadcrumbs-content":"","ast-featured-img":"","footer-sml-layout":"","theme-transparent-header-meta":"default","adv-header-id-meta":"","stick-header-meta":"","header-above-stick-meta":"","header-main-stick-meta":"","header-below-stick-meta":"","astra-migrate-meta-layouts":"set","ast-page-background-enabled":"default","ast-page-background-meta":{"desktop":{"background-color":"","background-image":"","background-repeat":"repeat","background-position":"center center","background-size":"auto","background-attachment":"scroll","background-type":"","background-media":"","overlay-type":"","overlay-color":"","overlay-opacity":"","overlay-gradient":""},"tablet":{"background-color":"","background-image":"","background-repeat":"repeat","background-position":"center center","background-size":"auto","background-attachment":"scroll","background-type":"","background-media":"","overlay-type":"","overlay-color":"","overlay-opacity":"","overlay-gradient":""},"mobile":{"background-color":"","background-image":"","background-repeat":"repeat","background-position":"center center","background-size":"auto","background-attachment":"scroll","background-type":"","background-media":"","overlay-type":"","overlay-color":"","overlay-opacity":"","overlay-gradient":""}},"ast-content-background-meta":{"desktop":{"background-color":"var(--ast-global-color-5)","background-image":"","background-repeat":"repeat","background-position":"center center","background-size":"auto","background-attachment":"scroll","background-type":"","background-media":"","overlay-type":"","overlay-color":"","overlay-opacity":"","overlay-gradient":""},"tablet":{"background-color":"var(--ast-global-color-5)","background-image":"","background-repeat":"repeat","background-position":"center center","background-size":"auto","background-attachment":"scroll","background-type":"","background-media":"","overlay-type":"","overlay-color":"","overlay-opacity":"","overlay-gradient":""},"mobile":{"background-color":"var(--ast-global-color-5)","background-image":"","background-repeat":"repeat","background-position":"center center","background-size":"auto","background-attachment":"scroll","background-type":"","background-media":"","overlay-type":"","overlay-color":"","overlay-opacity":"","overlay-gradient":""}}},"product_cat":[15,103],"product_tag":[],"class_list":{"0":"post-7370","1":"product","2":"type-product","3":"status-publish","4":"has-post-thumbnail","6":"product_cat-product","7":"product_cat-stretched-bar-displays","8":"desktop-align-left","9":"tablet-align-left","10":"mobile-align-left","11":"ast-product-gallery-layout-horizontal-slider","12":"ast-product-tabs-layout-horizontal","14":"first","15":"instock","16":"shipping-taxable","17":"product-type-simple"},"_links":{"self":[{"href":"https:\/\/www.microkosin.com\/es\/wp-json\/wp\/v2\/product\/7370","targetHints":{"allow":["GET"]}}],"collection":[{"href":"https:\/\/www.microkosin.com\/es\/wp-json\/wp\/v2\/product"}],"about":[{"href":"https:\/\/www.microkosin.com\/es\/wp-json\/wp\/v2\/types\/product"}],"replies":[{"embeddable":true,"href":"https:\/\/www.microkosin.com\/es\/wp-json\/wp\/v2\/comments?post=7370"}],"version-history":[{"count":5,"href":"https:\/\/www.microkosin.com\/es\/wp-json\/wp\/v2\/product\/7370\/revisions"}],"predecessor-version":[{"id":8251,"href":"https:\/\/www.microkosin.com\/es\/wp-json\/wp\/v2\/product\/7370\/revisions\/8251"}],"wp:featuredmedia":[{"embeddable":true,"href":"https:\/\/www.microkosin.com\/es\/wp-json\/wp\/v2\/media\/7371"}],"wp:attachment":[{"href":"https:\/\/www.microkosin.com\/es\/wp-json\/wp\/v2\/media?parent=7370"}],"wp:term":[{"taxonomy":"product_cat","embeddable":true,"href":"https:\/\/www.microkosin.com\/es\/wp-json\/wp\/v2\/product_cat?post=7370"},{"taxonomy":"product_tag","embeddable":true,"href":"https:\/\/www.microkosin.com\/es\/wp-json\/wp\/v2\/product_tag?post=7370"}],"curies":[{"name":"wp","href":"https:\/\/api.w.org\/{rel}","templated":true}]}}