{"id":7055,"date":"2025-06-12T10:49:49","date_gmt":"2025-06-12T02:49:49","guid":{"rendered":"https:\/\/www.microkosin.com\/?page_id=7055"},"modified":"2025-06-12T10:57:35","modified_gmt":"2025-06-12T02:57:35","slug":"shelf-edge-touch-displays","status":"publish","type":"page","link":"https:\/\/www.microkosin.com\/es\/shelf-edge-touch-displays\/","title":{"rendered":"PANTALLAS T\u00c1CTILES PARA ESTANTER\u00cdAS"},"content":{"rendered":"<div data-elementor-type=\"wp-page\" data-elementor-id=\"7055\" class=\"elementor elementor-7055\" data-elementor-post-type=\"page\">\n\t\t\t\t<div class=\"elementor-element elementor-element-c5ff904 e-con-full e-flex e-con e-parent\" data-id=\"c5ff904\" data-element_type=\"container\">\n\t\t\t\t<div class=\"elementor-element elementor-element-c7f4412 elementor-widget elementor-widget-text-editor\" data-id=\"c7f4412\" data-element_type=\"widget\" data-widget_type=\"text-editor.default\">\n\t\t\t\t<div class=\"elementor-widget-container\">\n\t\t\t\t\t\t\t\t\t<h4 class=\"top_title\">PANTALLAS T\u00c1CTILES PARA ESTANTER\u00cdAS<\/h4>\t\t\t\t\t\t\t\t<\/div>\n\t\t\t\t<\/div>\n\t\t\t\t<\/div>\n\t\t\t\t<section class=\"elementor-section elementor-top-section elementor-element elementor-element-79975e7 elementor-section-content-middle elementor-section-boxed elementor-section-height-default elementor-section-height-default\" data-id=\"79975e7\" data-element_type=\"section\" data-settings=\"{&quot;background_background&quot;:&quot;classic&quot;}\">\n\t\t\t\t\t\t\t<div class=\"elementor-background-overlay\"><\/div>\n\t\t\t\t\t\t\t<div class=\"elementor-container elementor-column-gap-no\">\n\t\t\t\t\t<div class=\"elementor-column elementor-col-100 elementor-top-column elementor-element elementor-element-b18b409\" data-id=\"b18b409\" data-element_type=\"column\">\n\t\t\t<div class=\"elementor-widget-wrap elementor-element-populated\">\n\t\t\t\t\t\t<div class=\"elementor-element elementor-element-2ecb3fc elementor-invisible elementor-widget elementor-widget-image\" data-id=\"2ecb3fc\" data-element_type=\"widget\" data-settings=\"{&quot;_animation&quot;:&quot;zoomIn&quot;}\" data-widget_type=\"image.default\">\n\t\t\t\t<div class=\"elementor-widget-container\">\n\t\t\t\t\t\t\t\t\t\t\t\t\t\t\t<img fetchpriority=\"high\" decoding=\"async\" width=\"1100\" height=\"330\" src=\"https:\/\/www.microkosin.com\/wp-content\/uploads\/2025\/06\/\u672a\u6807\u9898-5-1.png\" class=\"elementor-animation-pulse-grow attachment-full size-full wp-image-6884\" alt=\"\" srcset=\"https:\/\/www.microkosin.com\/wp-content\/uploads\/2025\/06\/\u672a\u6807\u9898-5-1.png 1100w, https:\/\/www.microkosin.com\/wp-content\/uploads\/2025\/06\/\u672a\u6807\u9898-5-1-300x90.png 300w, https:\/\/www.microkosin.com\/wp-content\/uploads\/2025\/06\/\u672a\u6807\u9898-5-1-600x180.png 600w, https:\/\/www.microkosin.com\/wp-content\/uploads\/2025\/06\/\u672a\u6807\u9898-5-1-1024x307.png 1024w, https:\/\/www.microkosin.com\/wp-content\/uploads\/2025\/06\/\u672a\u6807\u9898-5-1-768x230.png 768w, https:\/\/www.microkosin.com\/wp-content\/uploads\/2025\/06\/\u672a\u6807\u9898-5-1-18x5.png 18w\" sizes=\"(max-width: 1100px) 100vw, 1100px\" \/>\t\t\t\t\t\t\t\t\t\t\t\t\t\t\t<\/div>\n\t\t\t\t<\/div>\n\t\t\t\t<div class=\"elementor-element elementor-element-c0126ab elementor-widget elementor-widget-text-editor\" data-id=\"c0126ab\" data-element_type=\"widget\" data-widget_type=\"text-editor.default\">\n\t\t\t\t<div class=\"elementor-widget-container\">\n\t\t\t\t\t\t\t\t\t<p><strong>Actualizaci\u00f3n instant\u00e1nea de la informaci\u00f3n:<\/strong>\u00a0 Los comerciantes pueden actualizar en tiempo real la informaci\u00f3n sobre los productos en la pantalla publicitaria, incluidos los cambios de precios, las actividades promocionales, el lanzamiento de nuevos productos, etc. Durante la temporada de promociones, es posible mostrar r\u00e1pidamente informaci\u00f3n sobre descuentos a los consumidores, transmitir oportunamente la informaci\u00f3n comercial m\u00e1s reciente, garantizar que los consumidores reciban las actualizaciones de productos m\u00e1s precisas y mejorar la experiencia de compra.<\/p><p><strong>Ahorro de espacio y costes:<\/strong>\u00a0 En comparaci\u00f3n con los tradicionales folletos de papel y los m\u00faltiples estantes de exposici\u00f3n de accesorios, una pantalla publicitaria t\u00e1ctil puede integrar una gran cantidad de informaci\u00f3n sobre los productos, lo que ahorra mucho espacio en los estantes. Al mismo tiempo, reduce el coste de impresi\u00f3n de los materiales promocionales en papel y el coste de mano de obra de la sustituci\u00f3n frecuente de los materiales promocionales, logrando una utilizaci\u00f3n eficiente de los recursos.<\/p>\t\t\t\t\t\t\t\t<\/div>\n\t\t\t\t<\/div>\n\t\t\t\t\t<\/div>\n\t\t<\/div>\n\t\t\t\t\t<\/div>\n\t\t<\/section>\n\t\t\t\t<section class=\"elementor-section elementor-top-section elementor-element elementor-element-fcce1e7 elementor-section-content-middle elementor-section-boxed elementor-section-height-default elementor-section-height-default\" data-id=\"fcce1e7\" data-element_type=\"section\" data-settings=\"{&quot;background_background&quot;:&quot;classic&quot;}\">\n\t\t\t\t\t\t\t<div class=\"elementor-background-overlay\"><\/div>\n\t\t\t\t\t\t\t<div class=\"elementor-container elementor-column-gap-no\">\n\t\t\t\t\t<div class=\"elementor-column elementor-col-100 elementor-top-column elementor-element elementor-element-b71ce09\" data-id=\"b71ce09\" data-element_type=\"column\">\n\t\t\t<div class=\"elementor-widget-wrap elementor-element-populated\">\n\t\t\t\t\t\t<div class=\"elementor-element elementor-element-bc8a59e elementor-invisible elementor-widget elementor-widget-image\" data-id=\"bc8a59e\" data-element_type=\"widget\" data-settings=\"{&quot;_animation&quot;:&quot;zoomIn&quot;}\" data-widget_type=\"image.default\">\n\t\t\t\t<div class=\"elementor-widget-container\">\n\t\t\t\t\t\t\t\t\t\t\t\t\t\t\t<img decoding=\"async\" width=\"1212\" height=\"403\" data-src=\"https:\/\/www.microkosin.com\/wp-content\/uploads\/2025\/06\/CASE2.jpg\" class=\"elementor-animation-pulse-grow attachment-full size-full wp-image-6886 lazyload\" alt=\"\" data-srcset=\"https:\/\/www.microkosin.com\/wp-content\/uploads\/2025\/06\/CASE2.jpg 1212w, https:\/\/www.microkosin.com\/wp-content\/uploads\/2025\/06\/CASE2-300x100.jpg 300w, https:\/\/www.microkosin.com\/wp-content\/uploads\/2025\/06\/CASE2-600x200.jpg 600w, https:\/\/www.microkosin.com\/wp-content\/uploads\/2025\/06\/CASE2-1024x340.jpg 1024w, https:\/\/www.microkosin.com\/wp-content\/uploads\/2025\/06\/CASE2-768x255.jpg 768w, https:\/\/www.microkosin.com\/wp-content\/uploads\/2025\/06\/CASE2-18x6.jpg 18w\" data-sizes=\"(max-width: 1212px) 100vw, 1212px\" src=\"data:image\/svg+xml;base64,PHN2ZyB3aWR0aD0iMSIgaGVpZ2h0PSIxIiB4bWxucz0iaHR0cDovL3d3dy53My5vcmcvMjAwMC9zdmciPjwvc3ZnPg==\" style=\"--smush-placeholder-width: 1212px; --smush-placeholder-aspect-ratio: 1212\/403;\" \/>\t\t\t\t\t\t\t\t\t\t\t\t\t\t\t<\/div>\n\t\t\t\t<\/div>\n\t\t\t\t<div class=\"elementor-element elementor-element-a107695 elementor-widget elementor-widget-text-editor\" data-id=\"a107695\" data-element_type=\"widget\" data-widget_type=\"text-editor.default\">\n\t\t\t\t<div class=\"elementor-widget-container\">\n\t\t\t\t\t\t\t\t\t<p><strong>Mejorar el compromiso de los consumidores:<\/strong>\u00a0 Las formas interactivas t\u00e1ctiles estimulan el entusiasmo de los consumidores por explorar activamente los productos, cambiando el anterior modo pasivo de aceptar los anuncios. Los datos muestran que en las zonas donde se utilizan pantallas publicitarias t\u00e1ctiles, el tiempo medio de permanencia de los consumidores se prolonga entre 3 y 5 minutos. Los consumidores que participan en la interacci\u00f3n tienen un \u00edndice de conversi\u00f3n de compras 20% -30% mayor que los que no lo hacen, lo que aumenta significativamente su participaci\u00f3n e inversi\u00f3n en el proceso de compra.<\/p><p><strong>Mejorar la imagen de marca:<\/strong>\u00a0 La pantalla publicitaria t\u00e1ctil, tecnol\u00f3gicamente avanzada, da forma a una imagen moderna e innovadora de la marca. En el \u00e1rea de productos digitales de gama alta, las exquisitas interfaces t\u00e1ctiles y las ricas demostraciones de productos permiten a los consumidores sentir la profesionalidad y la vanguardia de la marca, lo que contribuye a mejorar el nivel y la favorabilidad de la marca en la mente de los consumidores y a reforzar el conocimiento de la marca.<\/p><p><strong>Promover el crecimiento de las ventas:<\/strong>\u00a0 El marketing de precisi\u00f3n y las recomendaciones relacionadas impulsan directamente el crecimiento de las ventas. A trav\u00e9s de la orientaci\u00f3n por pantalla, el precio medio de compra de los productos por parte de los consumidores aumenta en 15% -20%. Por ejemplo, en el \u00e1mbito de la alimentaci\u00f3n, recomendar una combinaci\u00f3n de aperitivos para animar a los consumidores a comprar m\u00e1s productos a la vez y lograr un crecimiento de las ventas para las empresas.<\/p>\t\t\t\t\t\t\t\t<\/div>\n\t\t\t\t<\/div>\n\t\t\t\t\t<\/div>\n\t\t<\/div>\n\t\t\t\t\t<\/div>\n\t\t<\/section>\n\t\t\t\t<\/div>","protected":false},"excerpt":{"rendered":"<p>SHELF EDGE TOUCH DISPLAYS Instant information update:\u00a0 Merchants can update the product information on the advertising screen in real time, [&hellip;]<\/p>","protected":false},"author":1,"featured_media":0,"parent":0,"menu_order":0,"comment_status":"closed","ping_status":"closed","template":"","meta":{"site-sidebar-layout":"no-sidebar","site-content-layout":"page-builder","ast-site-content-layout":"full-width-container","site-content-style":"default","site-sidebar-style":"default","ast-global-header-display":"","ast-banner-title-visibility":"","ast-main-header-display":"","ast-hfb-above-header-display":"","ast-hfb-below-header-display":"","ast-hfb-mobile-header-display":"","site-post-title":"disabled","ast-breadcrumbs-content":"","ast-featured-img":"disabled","footer-sml-layout":"","theme-transparent-header-meta":"","adv-header-id-meta":"","stick-header-meta":"","header-above-stick-meta":"","header-main-stick-meta":"","header-below-stick-meta":"","astra-migrate-meta-layouts":"set","ast-page-background-enabled":"default","ast-page-background-meta":{"desktop":{"background-color":"","background-image":"","background-repeat":"repeat","background-position":"center center","background-size":"auto","background-attachment":"scroll","background-type":"","background-media":"","overlay-type":"","overlay-color":"","overlay-opacity":"","overlay-gradient":""},"tablet":{"background-color":"","background-image":"","background-repeat":"repeat","background-position":"center center","background-size":"auto","background-attachment":"scroll","background-type":"","background-media":"","overlay-type":"","overlay-color":"","overlay-opacity":"","overlay-gradient":""},"mobile":{"background-color":"","background-image":"","background-repeat":"repeat","background-position":"center center","background-size":"auto","background-attachment":"scroll","background-type":"","background-media":"","overlay-type":"","overlay-color":"","overlay-opacity":"","overlay-gradient":""}},"ast-content-background-meta":{"desktop":{"background-color":"var(--ast-global-color-5)","background-image":"","background-repeat":"repeat","background-position":"center center","background-size":"auto","background-attachment":"scroll","background-type":"","background-media":"","overlay-type":"","overlay-color":"","overlay-opacity":"","overlay-gradient":""},"tablet":{"background-color":"var(--ast-global-color-5)","background-image":"","background-repeat":"repeat","background-position":"center center","background-size":"auto","background-attachment":"scroll","background-type":"","background-media":"","overlay-type":"","overlay-color":"","overlay-opacity":"","overlay-gradient":""},"mobile":{"background-color":"var(--ast-global-color-5)","background-image":"","background-repeat":"repeat","background-position":"center center","background-size":"auto","background-attachment":"scroll","background-type":"","background-media":"","overlay-type":"","overlay-color":"","overlay-opacity":"","overlay-gradient":""}},"footnotes":""},"class_list":["post-7055","page","type-page","status-publish","hentry"],"_links":{"self":[{"href":"https:\/\/www.microkosin.com\/es\/wp-json\/wp\/v2\/pages\/7055","targetHints":{"allow":["GET"]}}],"collection":[{"href":"https:\/\/www.microkosin.com\/es\/wp-json\/wp\/v2\/pages"}],"about":[{"href":"https:\/\/www.microkosin.com\/es\/wp-json\/wp\/v2\/types\/page"}],"author":[{"embeddable":true,"href":"https:\/\/www.microkosin.com\/es\/wp-json\/wp\/v2\/users\/1"}],"replies":[{"embeddable":true,"href":"https:\/\/www.microkosin.com\/es\/wp-json\/wp\/v2\/comments?post=7055"}],"version-history":[{"count":7,"href":"https:\/\/www.microkosin.com\/es\/wp-json\/wp\/v2\/pages\/7055\/revisions"}],"predecessor-version":[{"id":7064,"href":"https:\/\/www.microkosin.com\/es\/wp-json\/wp\/v2\/pages\/7055\/revisions\/7064"}],"wp:attachment":[{"href":"https:\/\/www.microkosin.com\/es\/wp-json\/wp\/v2\/media?parent=7055"}],"curies":[{"name":"wp","href":"https:\/\/api.w.org\/{rel}","templated":true}]}}