{"id":7046,"date":"2025-06-11T18:47:47","date_gmt":"2025-06-11T10:47:47","guid":{"rendered":"https:\/\/www.microkosin.com\/?page_id=7046"},"modified":"2025-06-12T09:27:43","modified_gmt":"2025-06-12T01:27:43","slug":"double-sided-vertical-lcd","status":"publish","type":"page","link":"https:\/\/www.microkosin.com\/es\/double-sided-vertical-lcd\/","title":{"rendered":"PANTALLA PUBLICITARIA VERTICAL DE DOBLE CARA"},"content":{"rendered":"<div data-elementor-type=\"wp-page\" data-elementor-id=\"7046\" class=\"elementor elementor-7046\" data-elementor-post-type=\"page\">\n\t\t\t\t<div class=\"elementor-element elementor-element-176b145 e-con-full e-flex e-con e-parent\" data-id=\"176b145\" data-element_type=\"container\">\n\t\t\t\t<div class=\"elementor-element elementor-element-689f82c elementor-widget elementor-widget-text-editor\" data-id=\"689f82c\" data-element_type=\"widget\" data-widget_type=\"text-editor.default\">\n\t\t\t\t<div class=\"elementor-widget-container\">\n\t\t\t\t\t\t\t\t\t<h4 class=\"top_title\">PANTALLA PUBLICITARIA VERTICAL DE DOBLE CARA<\/h4>\t\t\t\t\t\t\t\t<\/div>\n\t\t\t\t<\/div>\n\t\t\t\t<\/div>\n\t\t\t\t<section class=\"elementor-section elementor-top-section elementor-element elementor-element-6bef933 elementor-section-content-middle elementor-section-boxed elementor-section-height-default elementor-section-height-default\" data-id=\"6bef933\" data-element_type=\"section\" data-settings=\"{&quot;background_background&quot;:&quot;classic&quot;}\">\n\t\t\t\t\t\t\t<div class=\"elementor-background-overlay\"><\/div>\n\t\t\t\t\t\t\t<div class=\"elementor-container elementor-column-gap-no\">\n\t\t\t\t\t<div class=\"elementor-column elementor-col-100 elementor-top-column elementor-element elementor-element-64feed2\" data-id=\"64feed2\" data-element_type=\"column\">\n\t\t\t<div class=\"elementor-widget-wrap elementor-element-populated\">\n\t\t\t\t\t\t<div class=\"elementor-element elementor-element-07a2681 elementor-invisible elementor-widget elementor-widget-image\" data-id=\"07a2681\" data-element_type=\"widget\" data-settings=\"{&quot;_animation&quot;:&quot;zoomIn&quot;}\" data-widget_type=\"image.default\">\n\t\t\t\t<div class=\"elementor-widget-container\">\n\t\t\t\t\t\t\t\t\t\t\t\t\t\t\t<img fetchpriority=\"high\" decoding=\"async\" width=\"1146\" height=\"417\" src=\"https:\/\/www.microkosin.com\/wp-content\/uploads\/2025\/06\/CASE10.jpg\" class=\"elementor-animation-pulse-grow attachment-full size-full wp-image-7048\" alt=\"\" srcset=\"https:\/\/www.microkosin.com\/wp-content\/uploads\/2025\/06\/CASE10.jpg 1146w, https:\/\/www.microkosin.com\/wp-content\/uploads\/2025\/06\/CASE10-300x109.jpg 300w, https:\/\/www.microkosin.com\/wp-content\/uploads\/2025\/06\/CASE10-600x218.jpg 600w, https:\/\/www.microkosin.com\/wp-content\/uploads\/2025\/06\/CASE10-1024x373.jpg 1024w, https:\/\/www.microkosin.com\/wp-content\/uploads\/2025\/06\/CASE10-768x279.jpg 768w, https:\/\/www.microkosin.com\/wp-content\/uploads\/2025\/06\/CASE10-18x7.jpg 18w\" sizes=\"(max-width: 1146px) 100vw, 1146px\" \/>\t\t\t\t\t\t\t\t\t\t\t\t\t\t\t<\/div>\n\t\t\t\t<\/div>\n\t\t\t\t<div class=\"elementor-element elementor-element-65ef6c0 elementor-widget elementor-widget-text-editor\" data-id=\"65ef6c0\" data-element_type=\"widget\" data-widget_type=\"text-editor.default\">\n\t\t\t\t<div class=\"elementor-widget-container\">\n\t\t\t\t\t\t\t\t\t<div id=\"v613041f77a134\" class=\"tem_detail_3\" data-unique-selector=\"4480422223065419\"><div class=\"container\"><div class=\"text top_text\"><h3 class=\"top_title\"><strong style=\"font-size: 16px;\">Pantalla publicitaria vertical de doble cara<\/strong><\/h3><\/div><\/div><\/div><div id=\"v613041f77a136\" class=\"detail_description_1 content-section\" data-unique-selector=\"7762744536593198\"><div class=\"content_detail_edit\"><div class=\"container\"><div class=\"cons_box ls-product\"><p><strong>Tallas populares : 32\"\/43\"\/ 49\"\/ 55\"\/65\"\/75\"\/85\".<\/strong><\/p><p><strong>Pantalla multidireccional:<\/strong>\u00a0A diferencia de las pantallas publicitarias tradicionales de una sola cara, las pantallas publicitarias verticales de doble cara pueden mostrar contenido publicitario en dos lados opuestos simult\u00e1neamente, cubriendo audiencias desde diferentes direcciones, aumentando enormemente el \u00e1ngulo de exposici\u00f3n y el alcance de los anuncios, especialmente adecuados para lugares abiertos y diversos como calles, plazas, patios de centros comerciales, etc.<\/p><p><strong>Optimizaci\u00f3n de la utilizaci\u00f3n del espacio:<\/strong>\u00a0En algunos lugares donde el espacio es limitado pero es necesario aprovechar al m\u00e1ximo la superficie de exposici\u00f3n publicitaria, las pantallas publicitarias verticales de doble cara pueden conseguir el doble de efecto de exposici\u00f3n sin ocupar demasiado espacio adicional, lo que aumenta el valor comercial del espacio.<\/p><p><strong>Medio de exposici\u00f3n creativo:<\/strong>\u00a0Ofrece m\u00e1s posibilidades para la creatividad publicitaria. Es posible mostrar contenidos relevantes pero diferenciados en dos pantallas, o mediante un dise\u00f1o interactivo hacer que el contenido de las dos pantallas se haga eco y se complemente, formando una presentaci\u00f3n de contenidos publicitarios m\u00e1s rica y estratificada, que puede atraer mejor la atenci\u00f3n del p\u00fablico y transmitir informaci\u00f3n o historias de marca complejas.<\/p><p><strong>Integraci\u00f3n de la informaci\u00f3n:<\/strong>\u00a0Puede mostrar simult\u00e1neamente distintos tipos de informaci\u00f3n relacionada, como la imagen general y el eslogan de la marca del producto, por un lado, y par\u00e1metros detallados, caracter\u00edsticas funcionales o informaci\u00f3n promocional del producto, por otro. Esto facilita que la audiencia obtenga informaci\u00f3n completa y espec\u00edfica desde diferentes perspectivas, lo que ayuda a mejorar su comprensi\u00f3n y recuerdo del contenido publicitario.<\/p><\/div><\/div><\/div><\/div>\t\t\t\t\t\t\t\t<\/div>\n\t\t\t\t<\/div>\n\t\t\t\t\t<\/div>\n\t\t<\/div>\n\t\t\t\t\t<\/div>\n\t\t<\/section>\n\t\t\t\t<section class=\"elementor-section elementor-top-section elementor-element elementor-element-5b4681e elementor-section-content-middle elementor-section-boxed elementor-section-height-default elementor-section-height-default\" data-id=\"5b4681e\" data-element_type=\"section\" data-settings=\"{&quot;background_background&quot;:&quot;classic&quot;}\">\n\t\t\t\t\t\t\t<div class=\"elementor-background-overlay\"><\/div>\n\t\t\t\t\t\t\t<div class=\"elementor-container elementor-column-gap-no\">\n\t\t\t\t\t<div class=\"elementor-column elementor-col-100 elementor-top-column elementor-element elementor-element-eeb62ef\" data-id=\"eeb62ef\" data-element_type=\"column\">\n\t\t\t<div class=\"elementor-widget-wrap elementor-element-populated\">\n\t\t\t\t\t\t<div class=\"elementor-element elementor-element-d80698d elementor-invisible elementor-widget elementor-widget-image\" data-id=\"d80698d\" data-element_type=\"widget\" data-settings=\"{&quot;_animation&quot;:&quot;zoomIn&quot;}\" data-widget_type=\"image.default\">\n\t\t\t\t<div class=\"elementor-widget-container\">\n\t\t\t\t\t\t\t\t\t\t\t\t\t\t\t<img decoding=\"async\" width=\"1263\" height=\"447\" data-src=\"https:\/\/www.microkosin.com\/wp-content\/uploads\/2025\/06\/CASE11.jpg\" class=\"elementor-animation-pulse-grow attachment-full size-full wp-image-7049 lazyload\" alt=\"\" data-srcset=\"https:\/\/www.microkosin.com\/wp-content\/uploads\/2025\/06\/CASE11.jpg 1263w, https:\/\/www.microkosin.com\/wp-content\/uploads\/2025\/06\/CASE11-300x106.jpg 300w, https:\/\/www.microkosin.com\/wp-content\/uploads\/2025\/06\/CASE11-600x212.jpg 600w, https:\/\/www.microkosin.com\/wp-content\/uploads\/2025\/06\/CASE11-1024x362.jpg 1024w, https:\/\/www.microkosin.com\/wp-content\/uploads\/2025\/06\/CASE11-768x272.jpg 768w, https:\/\/www.microkosin.com\/wp-content\/uploads\/2025\/06\/CASE11-18x6.jpg 18w\" data-sizes=\"(max-width: 1263px) 100vw, 1263px\" src=\"data:image\/svg+xml;base64,PHN2ZyB3aWR0aD0iMSIgaGVpZ2h0PSIxIiB4bWxucz0iaHR0cDovL3d3dy53My5vcmcvMjAwMC9zdmciPjwvc3ZnPg==\" style=\"--smush-placeholder-width: 1263px; --smush-placeholder-aspect-ratio: 1263\/447;\" \/>\t\t\t\t\t\t\t\t\t\t\t\t\t\t\t<\/div>\n\t\t\t\t<\/div>\n\t\t\t\t<div class=\"elementor-element elementor-element-abeb7f3 elementor-widget elementor-widget-text-editor\" data-id=\"abeb7f3\" data-element_type=\"widget\" data-widget_type=\"text-editor.default\">\n\t\t\t\t<div class=\"elementor-widget-container\">\n\t\t\t\t\t\t\t\t\t<p><strong>Mejorar el impacto visual:<\/strong>\u00a0El dise\u00f1o vertical de doble cara tiene en s\u00ed mismo una fuerte presencia visual. Cuando el contenido publicitario se reproduce en dos pantallas simult\u00e1neamente, puede crear un impacto visual m\u00e1s fuerte, lo que facilita que destaque entre muchos anuncios ordinarios, atrae la atenci\u00f3n de los peatones y hace que se sientan f\u00e1cilmente atra\u00eddos por el anuncio sin darse cuenta, aumentando as\u00ed su atenci\u00f3n hacia el contenido publicitario.<\/p><p><strong>Mejorar el conocimiento de la marca:\u00a0<\/strong>Gracias a su multidireccionalidad y gran capacidad de atenci\u00f3n, las pantallas publicitarias verticales de doble cara pueden permitir que m\u00e1s personas accedan a la informaci\u00f3n sobre la marca y los productos promocionados en los anuncios, aumentando la frecuencia y el alcance de la exposici\u00f3n de la marca en un determinado periodo de tiempo, lo que ayuda a mejorar la visibilidad y la influencia de la marca en el mercado, especialmente para la promoci\u00f3n de nuevas marcas o el lanzamiento de nuevos productos.<\/p><p><strong>Promover la difusi\u00f3n de informaci\u00f3n:\u00a0<\/strong>El p\u00fablico puede ver el contenido publicitario desde distintas posiciones y \u00e1ngulos, y este m\u00e9todo de visualizaci\u00f3n multiperspectiva hace m\u00e1s eficaz la difusi\u00f3n de la informaci\u00f3n publicitaria. Tanto los peatones que pasan deprisa como las personas que se detienen cerca tienen m\u00e1s posibilidades de recibir la informaci\u00f3n transmitida por los anuncios, lo que mejora la eficacia y el alcance de la difusi\u00f3n de la informaci\u00f3n.<\/p><p><strong>Creaci\u00f3n de un ambiente comercial:<\/strong>\u00a0En los locales comerciales, las pantallas publicitarias verticales de doble cara pueden reproducir diversos contenidos publicitarios atractivos, como anuncios de marcas de moda, promociones de eventos emocionantes, etc., para crear un fuerte ambiente comercial en todo el entorno, estimular el deseo de compra de los consumidores, promover el comportamiento de los consumidores y tambi\u00e9n mejorar la calidad y la imagen general del local comercial.<\/p><p><strong>Informaci\u00f3n y an\u00e1lisis de datos:<\/strong>\u00a0Gracias a la combinaci\u00f3n de modernas tecnolog\u00edas inteligentes, las pantallas publicitarias verticales de doble cara pueden recopilar y analizar datos sobre el comportamiento de la audiencia, como el tiempo de permanencia, el \u00e1ngulo de visi\u00f3n, la atenci\u00f3n y otra informaci\u00f3n. Estos datos pueden proporcionar una base s\u00f3lida para evaluar la eficacia de la colocaci\u00f3n de la publicidad, ayudando a los anunciantes y operadores a comprender mejor las necesidades de la audiencia y la retroalimentaci\u00f3n del mercado, optimizando as\u00ed las estrategias publicitarias posteriores y la creaci\u00f3n de contenidos.<\/p>\t\t\t\t\t\t\t\t<\/div>\n\t\t\t\t<\/div>\n\t\t\t\t\t<\/div>\n\t\t<\/div>\n\t\t\t\t\t<\/div>\n\t\t<\/section>\n\t\t\t\t<\/div>","protected":false},"excerpt":{"rendered":"<p>DOUBLE-SIDED VERTICAL ADVERTISING SCREEN Double-sided vertical advertising screen Popular size :\u00a0 \u00a0 \u00a032\u201d\/43\u201d\/ 49\u201d\/ 55\u201d\/65\u201d\/75\u201d\/85\u201d Multi directional display:\u00a0Different from traditional [&hellip;]<\/p>","protected":false},"author":1,"featured_media":0,"parent":0,"menu_order":0,"comment_status":"closed","ping_status":"closed","template":"","meta":{"site-sidebar-layout":"no-sidebar","site-content-layout":"page-builder","ast-site-content-layout":"full-width-container","site-content-style":"default","site-sidebar-style":"default","ast-global-header-display":"","ast-banner-title-visibility":"","ast-main-header-display":"","ast-hfb-above-header-display":"","ast-hfb-below-header-display":"","ast-hfb-mobile-header-display":"","site-post-title":"disabled","ast-breadcrumbs-content":"","ast-featured-img":"disabled","footer-sml-layout":"","theme-transparent-header-meta":"","adv-header-id-meta":"","stick-header-meta":"","header-above-stick-meta":"","header-main-stick-meta":"","header-below-stick-meta":"","astra-migrate-meta-layouts":"set","ast-page-background-enabled":"default","ast-page-background-meta":{"desktop":{"background-color":"","background-image":"","background-repeat":"repeat","background-position":"center center","background-size":"auto","background-attachment":"scroll","background-type":"","background-media":"","overlay-type":"","overlay-color":"","overlay-opacity":"","overlay-gradient":""},"tablet":{"background-color":"","background-image":"","background-repeat":"repeat","background-position":"center center","background-size":"auto","background-attachment":"scroll","background-type":"","background-media":"","overlay-type":"","overlay-color":"","overlay-opacity":"","overlay-gradient":""},"mobile":{"background-color":"","background-image":"","background-repeat":"repeat","background-position":"center center","background-size":"auto","background-attachment":"scroll","background-type":"","background-media":"","overlay-type":"","overlay-color":"","overlay-opacity":"","overlay-gradient":""}},"ast-content-background-meta":{"desktop":{"background-color":"var(--ast-global-color-5)","background-image":"","background-repeat":"repeat","background-position":"center center","background-size":"auto","background-attachment":"scroll","background-type":"","background-media":"","overlay-type":"","overlay-color":"","overlay-opacity":"","overlay-gradient":""},"tablet":{"background-color":"var(--ast-global-color-5)","background-image":"","background-repeat":"repeat","background-position":"center center","background-size":"auto","background-attachment":"scroll","background-type":"","background-media":"","overlay-type":"","overlay-color":"","overlay-opacity":"","overlay-gradient":""},"mobile":{"background-color":"var(--ast-global-color-5)","background-image":"","background-repeat":"repeat","background-position":"center center","background-size":"auto","background-attachment":"scroll","background-type":"","background-media":"","overlay-type":"","overlay-color":"","overlay-opacity":"","overlay-gradient":""}},"footnotes":""},"class_list":["post-7046","page","type-page","status-publish","hentry"],"_links":{"self":[{"href":"https:\/\/www.microkosin.com\/es\/wp-json\/wp\/v2\/pages\/7046","targetHints":{"allow":["GET"]}}],"collection":[{"href":"https:\/\/www.microkosin.com\/es\/wp-json\/wp\/v2\/pages"}],"about":[{"href":"https:\/\/www.microkosin.com\/es\/wp-json\/wp\/v2\/types\/page"}],"author":[{"embeddable":true,"href":"https:\/\/www.microkosin.com\/es\/wp-json\/wp\/v2\/users\/1"}],"replies":[{"embeddable":true,"href":"https:\/\/www.microkosin.com\/es\/wp-json\/wp\/v2\/comments?post=7046"}],"version-history":[{"count":4,"href":"https:\/\/www.microkosin.com\/es\/wp-json\/wp\/v2\/pages\/7046\/revisions"}],"predecessor-version":[{"id":7053,"href":"https:\/\/www.microkosin.com\/es\/wp-json\/wp\/v2\/pages\/7046\/revisions\/7053"}],"wp:attachment":[{"href":"https:\/\/www.microkosin.com\/es\/wp-json\/wp\/v2\/media?parent=7046"}],"curies":[{"name":"wp","href":"https:\/\/api.w.org\/{rel}","templated":true}]}}