{"id":7023,"date":"2025-06-11T18:00:08","date_gmt":"2025-06-11T10:00:08","guid":{"rendered":"https:\/\/www.microkosin.com\/?page_id=7023"},"modified":"2025-06-11T18:05:54","modified_gmt":"2025-06-11T10:05:54","slug":"splicing-screen","status":"publish","type":"page","link":"https:\/\/www.microkosin.com\/es\/splicing-screen\/","title":{"rendered":"PANTALLA DE EMPALME"},"content":{"rendered":"<div data-elementor-type=\"wp-page\" data-elementor-id=\"7023\" class=\"elementor elementor-7023\" data-elementor-post-type=\"page\">\n\t\t\t\t<div class=\"elementor-element elementor-element-f43aab1 e-con-full e-flex e-con e-parent\" data-id=\"f43aab1\" data-element_type=\"container\">\n\t\t\t\t<div class=\"elementor-element elementor-element-cc59b19 elementor-widget elementor-widget-text-editor\" data-id=\"cc59b19\" data-element_type=\"widget\" data-widget_type=\"text-editor.default\">\n\t\t\t\t<div class=\"elementor-widget-container\">\n\t\t\t\t\t\t\t\t\t<h4 class=\"top_title\">PANTALLA DE EMPALME<\/h4>\t\t\t\t\t\t\t\t<\/div>\n\t\t\t\t<\/div>\n\t\t\t\t<\/div>\n\t\t\t\t<section class=\"elementor-section elementor-top-section elementor-element elementor-element-0122e61 elementor-section-content-middle elementor-section-boxed elementor-section-height-default elementor-section-height-default\" data-id=\"0122e61\" data-element_type=\"section\" data-settings=\"{&quot;background_background&quot;:&quot;classic&quot;}\">\n\t\t\t\t\t\t\t<div class=\"elementor-background-overlay\"><\/div>\n\t\t\t\t\t\t\t<div class=\"elementor-container elementor-column-gap-no\">\n\t\t\t\t\t<div class=\"elementor-column elementor-col-100 elementor-top-column elementor-element elementor-element-0c5b279\" data-id=\"0c5b279\" data-element_type=\"column\">\n\t\t\t<div class=\"elementor-widget-wrap elementor-element-populated\">\n\t\t\t\t\t\t<div class=\"elementor-element elementor-element-558e1cb elementor-invisible elementor-widget elementor-widget-image\" data-id=\"558e1cb\" data-element_type=\"widget\" data-settings=\"{&quot;_animation&quot;:&quot;zoomIn&quot;}\" data-widget_type=\"image.default\">\n\t\t\t\t<div class=\"elementor-widget-container\">\n\t\t\t\t\t\t\t\t\t\t\t\t\t\t\t<img fetchpriority=\"high\" decoding=\"async\" width=\"1200\" height=\"330\" src=\"https:\/\/www.microkosin.com\/wp-content\/uploads\/2025\/06\/\u672a\u6807\u9898-3-1.png\" class=\"elementor-animation-pulse-grow attachment-full size-full wp-image-6919\" alt=\"\" srcset=\"https:\/\/www.microkosin.com\/wp-content\/uploads\/2025\/06\/\u672a\u6807\u9898-3-1.png 1200w, https:\/\/www.microkosin.com\/wp-content\/uploads\/2025\/06\/\u672a\u6807\u9898-3-1-300x83.png 300w, https:\/\/www.microkosin.com\/wp-content\/uploads\/2025\/06\/\u672a\u6807\u9898-3-1-600x165.png 600w, https:\/\/www.microkosin.com\/wp-content\/uploads\/2025\/06\/\u672a\u6807\u9898-3-1-1024x282.png 1024w, https:\/\/www.microkosin.com\/wp-content\/uploads\/2025\/06\/\u672a\u6807\u9898-3-1-768x211.png 768w, https:\/\/www.microkosin.com\/wp-content\/uploads\/2025\/06\/\u672a\u6807\u9898-3-1-18x5.png 18w\" sizes=\"(max-width: 1200px) 100vw, 1200px\" \/>\t\t\t\t\t\t\t\t\t\t\t\t\t\t\t<\/div>\n\t\t\t\t<\/div>\n\t\t\t\t<div class=\"elementor-element elementor-element-51c9461 elementor-widget elementor-widget-text-editor\" data-id=\"51c9461\" data-element_type=\"widget\" data-widget_type=\"text-editor.default\">\n\t\t\t\t<div class=\"elementor-widget-container\">\n\t\t\t\t\t\t\t\t\t<p><strong>Crear una pantalla supergrande:<\/strong>\u00a0 \u00a0La pantalla de empalme se compone de m\u00faltiples pantallas independientes que pueden ensamblarse en pantallas de cualquier tama\u00f1o seg\u00fan las necesidades reales. En grandes centros comerciales, plazas al aire libre y otros espacios abiertos, empalmando varias pantallas se puede crear una enorme superficie de exposici\u00f3n publicitaria. Por ejemplo, las grandes pantallas exteriores de los principales distritos comerciales de las ciudades pueden estar compuestas por docenas o incluso cientos de pantallas empalmadas para formar im\u00e1genes publicitarias ultra grandes, con una superficie de visualizaci\u00f3n muy superior a la de los anuncios ordinarios de una sola pantalla, lo que aporta un fuerte impacto visual y atrae f\u00e1cilmente la atenci\u00f3n del p\u00fablico distante.<\/p><p><strong>Personalizaci\u00f3n flexible del \u00e1rea de visualizaci\u00f3n:<\/strong>\u00a0 El n\u00famero de pantallas y el m\u00e9todo de empalme de la pantalla de empalme se pueden ajustar con flexibilidad, y se pueden personalizar diferentes formas de \u00e1reas de visualizaci\u00f3n seg\u00fan la forma espacial y la disposici\u00f3n del lugar de instalaci\u00f3n. En espacios irregulares, como las paredes irregulares de los edificios y las esquinas poligonales de las salas de exposiciones, las pantallas de empalme se pueden ensamblar en formas que se adapten a ellas, aprovechando al m\u00e1ximo el espacio para lograr una cobertura total de la exposici\u00f3n publicitaria sin afectar al efecto de la exposici\u00f3n debido a las limitaciones de espacio.\u00a0<\/p>\t\t\t\t\t\t\t\t<\/div>\n\t\t\t\t<\/div>\n\t\t\t\t\t<\/div>\n\t\t<\/div>\n\t\t\t\t\t<\/div>\n\t\t<\/section>\n\t\t\t\t<section class=\"elementor-section elementor-top-section elementor-element elementor-element-1dd4cf0 elementor-section-content-middle elementor-section-boxed elementor-section-height-default elementor-section-height-default\" data-id=\"1dd4cf0\" data-element_type=\"section\" data-settings=\"{&quot;background_background&quot;:&quot;classic&quot;}\">\n\t\t\t\t\t\t\t<div class=\"elementor-background-overlay\"><\/div>\n\t\t\t\t\t\t\t<div class=\"elementor-container elementor-column-gap-no\">\n\t\t\t\t\t<div class=\"elementor-column elementor-col-100 elementor-top-column elementor-element elementor-element-7c75095\" data-id=\"7c75095\" data-element_type=\"column\">\n\t\t\t<div class=\"elementor-widget-wrap elementor-element-populated\">\n\t\t\t\t\t\t<div class=\"elementor-element elementor-element-902adbe elementor-invisible elementor-widget elementor-widget-image\" data-id=\"902adbe\" data-element_type=\"widget\" data-settings=\"{&quot;_animation&quot;:&quot;zoomIn&quot;}\" data-widget_type=\"image.default\">\n\t\t\t\t<div class=\"elementor-widget-container\">\n\t\t\t\t\t\t\t\t\t\t\t\t\t\t\t<img decoding=\"async\" width=\"1254\" height=\"422\" data-src=\"https:\/\/www.microkosin.com\/wp-content\/uploads\/2025\/06\/CASE6.jpg\" class=\"elementor-animation-pulse-grow attachment-full size-full wp-image-6921 lazyload\" alt=\"\" data-srcset=\"https:\/\/www.microkosin.com\/wp-content\/uploads\/2025\/06\/CASE6.jpg 1254w, https:\/\/www.microkosin.com\/wp-content\/uploads\/2025\/06\/CASE6-300x101.jpg 300w, https:\/\/www.microkosin.com\/wp-content\/uploads\/2025\/06\/CASE6-600x202.jpg 600w, https:\/\/www.microkosin.com\/wp-content\/uploads\/2025\/06\/CASE6-1024x345.jpg 1024w, https:\/\/www.microkosin.com\/wp-content\/uploads\/2025\/06\/CASE6-768x258.jpg 768w, https:\/\/www.microkosin.com\/wp-content\/uploads\/2025\/06\/CASE6-18x6.jpg 18w\" data-sizes=\"(max-width: 1254px) 100vw, 1254px\" src=\"data:image\/svg+xml;base64,PHN2ZyB3aWR0aD0iMSIgaGVpZ2h0PSIxIiB4bWxucz0iaHR0cDovL3d3dy53My5vcmcvMjAwMC9zdmciPjwvc3ZnPg==\" style=\"--smush-placeholder-width: 1254px; --smush-placeholder-aspect-ratio: 1254\/422;\" \/>\t\t\t\t\t\t\t\t\t\t\t\t\t\t\t<\/div>\n\t\t\t\t<\/div>\n\t\t\t\t<div class=\"elementor-element elementor-element-52b98f7 elementor-widget elementor-widget-text-editor\" data-id=\"52b98f7\" data-element_type=\"widget\" data-widget_type=\"text-editor.default\">\n\t\t\t\t<div class=\"elementor-widget-container\">\n\t\t\t\t\t\t\t\t\t<p><strong>Mejorar el impacto visual:<\/strong>\u00a0 La pantalla de empalme ultra grande aporta una experiencia visual impresionante. Tanto si se trata de im\u00e1genes de alta definici\u00f3n como de v\u00eddeos fluidos, cuando se muestran en una pantalla grande, los detalles son m\u00e1s n\u00edtidos y los colores m\u00e1s vivos, lo que puede atraer r\u00e1pidamente la atenci\u00f3n del p\u00fablico y hacer que el anuncio destaque entre muchos medios promocionales. Por ejemplo, la reproducci\u00f3n de trailers de pel\u00edculas en pantallas de empalme en el vest\u00edbulo del cine, con enormes efectos visuales y sorprendentes efectos de sonido, puede crear una atm\u00f3sfera de inmersi\u00f3n visual, aumentar el atractivo de los anuncios y dejar una profunda impresi\u00f3n en el p\u00fablico.<\/p><p><strong>Mejorar el efecto de comunicaci\u00f3n de la marca:<\/strong>\u00a0 Las pantallas de empalme pueden reforzar la comunicaci\u00f3n de la imagen de marca mediante un estilo unificado y anuncios de marca creativos. Un despliegue publicitario coherente y atmosf\u00e9rico, combinado con colores, logotipos y otros elementos exclusivos de la marca, puede dejar una profunda impresi\u00f3n en el p\u00fablico y mejorar el conocimiento y la reputaci\u00f3n de la marca. La colocaci\u00f3n continua y de alta calidad de la publicidad ayuda a dar forma a la imagen de gama alta y profesional de la marca, atrayendo la atenci\u00f3n de m\u00e1s consumidores potenciales.<\/p>\t\t\t\t\t\t\t\t<\/div>\n\t\t\t\t<\/div>\n\t\t\t\t\t<\/div>\n\t\t<\/div>\n\t\t\t\t\t<\/div>\n\t\t<\/section>\n\t\t\t\t<\/div>","protected":false},"excerpt":{"rendered":"<p>SPLICING SCREEN Creating a super large display:\u00a0 \u00a0The splicing screen is composed of multiple independent screens that can be assembled [&hellip;]<\/p>","protected":false},"author":1,"featured_media":0,"parent":0,"menu_order":0,"comment_status":"closed","ping_status":"closed","template":"","meta":{"site-sidebar-layout":"no-sidebar","site-content-layout":"page-builder","ast-site-content-layout":"full-width-container","site-content-style":"default","site-sidebar-style":"default","ast-global-header-display":"","ast-banner-title-visibility":"","ast-main-header-display":"","ast-hfb-above-header-display":"","ast-hfb-below-header-display":"","ast-hfb-mobile-header-display":"","site-post-title":"disabled","ast-breadcrumbs-content":"","ast-featured-img":"disabled","footer-sml-layout":"","theme-transparent-header-meta":"","adv-header-id-meta":"","stick-header-meta":"","header-above-stick-meta":"","header-main-stick-meta":"","header-below-stick-meta":"","astra-migrate-meta-layouts":"set","ast-page-background-enabled":"default","ast-page-background-meta":{"desktop":{"background-color":"","background-image":"","background-repeat":"repeat","background-position":"center center","background-size":"auto","background-attachment":"scroll","background-type":"","background-media":"","overlay-type":"","overlay-color":"","overlay-opacity":"","overlay-gradient":""},"tablet":{"background-color":"","background-image":"","background-repeat":"repeat","background-position":"center center","background-size":"auto","background-attachment":"scroll","background-type":"","background-media":"","overlay-type":"","overlay-color":"","overlay-opacity":"","overlay-gradient":""},"mobile":{"background-color":"","background-image":"","background-repeat":"repeat","background-position":"center center","background-size":"auto","background-attachment":"scroll","background-type":"","background-media":"","overlay-type":"","overlay-color":"","overlay-opacity":"","overlay-gradient":""}},"ast-content-background-meta":{"desktop":{"background-color":"var(--ast-global-color-5)","background-image":"","background-repeat":"repeat","background-position":"center center","background-size":"auto","background-attachment":"scroll","background-type":"","background-media":"","overlay-type":"","overlay-color":"","overlay-opacity":"","overlay-gradient":""},"tablet":{"background-color":"var(--ast-global-color-5)","background-image":"","background-repeat":"repeat","background-position":"center center","background-size":"auto","background-attachment":"scroll","background-type":"","background-media":"","overlay-type":"","overlay-color":"","overlay-opacity":"","overlay-gradient":""},"mobile":{"background-color":"var(--ast-global-color-5)","background-image":"","background-repeat":"repeat","background-position":"center center","background-size":"auto","background-attachment":"scroll","background-type":"","background-media":"","overlay-type":"","overlay-color":"","overlay-opacity":"","overlay-gradient":""}},"footnotes":""},"class_list":["post-7023","page","type-page","status-publish","hentry"],"_links":{"self":[{"href":"https:\/\/www.microkosin.com\/es\/wp-json\/wp\/v2\/pages\/7023","targetHints":{"allow":["GET"]}}],"collection":[{"href":"https:\/\/www.microkosin.com\/es\/wp-json\/wp\/v2\/pages"}],"about":[{"href":"https:\/\/www.microkosin.com\/es\/wp-json\/wp\/v2\/types\/page"}],"author":[{"embeddable":true,"href":"https:\/\/www.microkosin.com\/es\/wp-json\/wp\/v2\/users\/1"}],"replies":[{"embeddable":true,"href":"https:\/\/www.microkosin.com\/es\/wp-json\/wp\/v2\/comments?post=7023"}],"version-history":[{"count":7,"href":"https:\/\/www.microkosin.com\/es\/wp-json\/wp\/v2\/pages\/7023\/revisions"}],"predecessor-version":[{"id":7033,"href":"https:\/\/www.microkosin.com\/es\/wp-json\/wp\/v2\/pages\/7023\/revisions\/7033"}],"wp:attachment":[{"href":"https:\/\/www.microkosin.com\/es\/wp-json\/wp\/v2\/media?parent=7023"}],"curies":[{"name":"wp","href":"https:\/\/api.w.org\/{rel}","templated":true}]}}