{"id":7010,"date":"2025-06-11T16:26:18","date_gmt":"2025-06-11T08:26:18","guid":{"rendered":"https:\/\/www.microkosin.com\/?page_id=7010"},"modified":"2025-06-12T09:20:09","modified_gmt":"2025-06-12T01:20:09","slug":"battery-powered-lcd","status":"publish","type":"page","link":"https:\/\/www.microkosin.com\/es\/battery-powered-lcd\/","title":{"rendered":"CARTEL DIGITAL LCD A PILAS"},"content":{"rendered":"<div data-elementor-type=\"wp-page\" data-elementor-id=\"7010\" class=\"elementor elementor-7010\" data-elementor-post-type=\"page\">\n\t\t\t\t<div class=\"elementor-element elementor-element-f16db39 e-con-full e-flex e-con e-parent\" data-id=\"f16db39\" data-element_type=\"container\">\n\t\t\t\t<div class=\"elementor-element elementor-element-911d0bb elementor-widget elementor-widget-text-editor\" data-id=\"911d0bb\" data-element_type=\"widget\" data-widget_type=\"text-editor.default\">\n\t\t\t\t<div class=\"elementor-widget-container\">\n\t\t\t\t\t\t\t\t\t<h4 class=\"top_title\">CARTEL DIGITAL LCD A PILAS<\/h4>\t\t\t\t\t\t\t\t<\/div>\n\t\t\t\t<\/div>\n\t\t\t\t<\/div>\n\t\t\t\t<section class=\"elementor-section elementor-top-section elementor-element elementor-element-38bfe7c elementor-section-content-middle elementor-section-boxed elementor-section-height-default elementor-section-height-default\" data-id=\"38bfe7c\" data-element_type=\"section\" data-settings=\"{&quot;background_background&quot;:&quot;classic&quot;}\">\n\t\t\t\t\t\t\t<div class=\"elementor-background-overlay\"><\/div>\n\t\t\t\t\t\t\t<div class=\"elementor-container elementor-column-gap-no\">\n\t\t\t\t\t<div class=\"elementor-column elementor-col-100 elementor-top-column elementor-element elementor-element-9ac4ebd\" data-id=\"9ac4ebd\" data-element_type=\"column\">\n\t\t\t<div class=\"elementor-widget-wrap elementor-element-populated\">\n\t\t\t\t\t\t<div class=\"elementor-element elementor-element-5d6577f elementor-invisible elementor-widget elementor-widget-image\" data-id=\"5d6577f\" data-element_type=\"widget\" data-settings=\"{&quot;_animation&quot;:&quot;zoomIn&quot;}\" data-widget_type=\"image.default\">\n\t\t\t\t<div class=\"elementor-widget-container\">\n\t\t\t\t\t\t\t\t\t\t\t\t\t\t\t<img fetchpriority=\"high\" decoding=\"async\" width=\"1308\" height=\"420\" src=\"https:\/\/www.microkosin.com\/wp-content\/uploads\/2025\/06\/CASE4.jpg\" class=\"elementor-animation-pulse-grow attachment-full size-full wp-image-6914\" alt=\"\" srcset=\"https:\/\/www.microkosin.com\/wp-content\/uploads\/2025\/06\/CASE4.jpg 1308w, https:\/\/www.microkosin.com\/wp-content\/uploads\/2025\/06\/CASE4-300x96.jpg 300w, https:\/\/www.microkosin.com\/wp-content\/uploads\/2025\/06\/CASE4-600x193.jpg 600w, https:\/\/www.microkosin.com\/wp-content\/uploads\/2025\/06\/CASE4-1024x329.jpg 1024w, https:\/\/www.microkosin.com\/wp-content\/uploads\/2025\/06\/CASE4-768x247.jpg 768w, https:\/\/www.microkosin.com\/wp-content\/uploads\/2025\/06\/CASE4-18x6.jpg 18w\" sizes=\"(max-width: 1308px) 100vw, 1308px\" \/>\t\t\t\t\t\t\t\t\t\t\t\t\t\t\t<\/div>\n\t\t\t\t<\/div>\n\t\t\t\t<div class=\"elementor-element elementor-element-916790a elementor-widget elementor-widget-text-editor\" data-id=\"916790a\" data-element_type=\"widget\" data-widget_type=\"text-editor.default\">\n\t\t\t\t<div class=\"elementor-widget-container\">\n\t\t\t\t\t\t\t\t\t<p><strong><a class=\"keyword_link font-color\" title=\"Kosintec\" href=\"https:\/\/www.kosintec.com\/\" target=\"_blank\" rel=\"noopener\">Kosintec<\/a>\u00a043inch Cartel Digital Port\u00e1til Alimentado por Bater\u00eda de pie Ultra-delgada m\u00f3vil Lcd Pantalla de Publicidad<\/strong><\/p><p><strong>Kosintec 43in Android Digital Poster\/Digital Un tablero con bater\u00eda es el mejor reemplazo para roll-up banners,tableros de escritura tradicional y LED signos<\/strong><\/p><p>\u25cf Estos expositores independientes son una soluci\u00f3n totalmente port\u00e1til y una sola persona puede moverlos con facilidad, ya que cuentan con ruedas fijas con asidero y un dise\u00f1o plegable<br \/>\u25cf Equipada con un panel de calidad comercial, con una vida \u00fatil de 50.000 horas, y el uso de componentes de alta calidad garantiza que las pantallas puedan estar en uso constante las 24 horas del d\u00eda, los 7 d\u00edas de la semana.<br \/>\u25cf El tiempo de funcionamiento de la bater\u00eda es de unas 14 Horas.<br \/>\u25cf Tres soluciones opcionales\uff1aVersi\u00f3n monitor\uff0cVersi\u00f3n Plug &amp; Play\uff0cVersi\u00f3n Android.<\/p><p>\u00a0 \u00a0 \u00a0Con entrada HDMI para conectar un reproductor multimedia externo.<\/p>\t\t\t\t\t\t\t\t<\/div>\n\t\t\t\t<\/div>\n\t\t\t\t\t<\/div>\n\t\t<\/div>\n\t\t\t\t\t<\/div>\n\t\t<\/section>\n\t\t\t\t<section class=\"elementor-section elementor-top-section elementor-element elementor-element-8daf58d elementor-section-content-middle elementor-section-boxed elementor-section-height-default elementor-section-height-default\" data-id=\"8daf58d\" data-element_type=\"section\" data-settings=\"{&quot;background_background&quot;:&quot;classic&quot;}\">\n\t\t\t\t\t\t\t<div class=\"elementor-background-overlay\"><\/div>\n\t\t\t\t\t\t\t<div class=\"elementor-container elementor-column-gap-no\">\n\t\t\t\t\t<div class=\"elementor-column elementor-col-100 elementor-top-column elementor-element elementor-element-371aaf9\" data-id=\"371aaf9\" data-element_type=\"column\">\n\t\t\t<div class=\"elementor-widget-wrap elementor-element-populated\">\n\t\t\t\t\t\t<div class=\"elementor-element elementor-element-81f1887 elementor-invisible elementor-widget elementor-widget-image\" data-id=\"81f1887\" data-element_type=\"widget\" data-settings=\"{&quot;_animation&quot;:&quot;zoomIn&quot;}\" data-widget_type=\"image.default\">\n\t\t\t\t<div class=\"elementor-widget-container\">\n\t\t\t\t\t\t\t\t\t\t\t\t\t\t\t<img decoding=\"async\" width=\"1230\" height=\"424\" data-src=\"https:\/\/www.microkosin.com\/wp-content\/uploads\/2025\/06\/CASE5.jpg\" class=\"elementor-animation-pulse-grow attachment-full size-full wp-image-6915 lazyload\" alt=\"\" data-srcset=\"https:\/\/www.microkosin.com\/wp-content\/uploads\/2025\/06\/CASE5.jpg 1230w, https:\/\/www.microkosin.com\/wp-content\/uploads\/2025\/06\/CASE5-300x103.jpg 300w, https:\/\/www.microkosin.com\/wp-content\/uploads\/2025\/06\/CASE5-600x207.jpg 600w, https:\/\/www.microkosin.com\/wp-content\/uploads\/2025\/06\/CASE5-1024x353.jpg 1024w, https:\/\/www.microkosin.com\/wp-content\/uploads\/2025\/06\/CASE5-768x265.jpg 768w, https:\/\/www.microkosin.com\/wp-content\/uploads\/2025\/06\/CASE5-18x6.jpg 18w\" data-sizes=\"(max-width: 1230px) 100vw, 1230px\" src=\"data:image\/svg+xml;base64,PHN2ZyB3aWR0aD0iMSIgaGVpZ2h0PSIxIiB4bWxucz0iaHR0cDovL3d3dy53My5vcmcvMjAwMC9zdmciPjwvc3ZnPg==\" style=\"--smush-placeholder-width: 1230px; --smush-placeholder-aspect-ratio: 1230\/424;\" \/>\t\t\t\t\t\t\t\t\t\t\t\t\t\t\t<\/div>\n\t\t\t\t<\/div>\n\t\t\t\t<div class=\"elementor-element elementor-element-f80de09 elementor-widget elementor-widget-text-editor\" data-id=\"f80de09\" data-element_type=\"widget\" data-widget_type=\"text-editor.default\">\n\t\t\t\t<div class=\"elementor-widget-container\">\n\t\t\t\t\t\t\t\t\t<p><strong>Caracter\u00edsticas principales del producto:<\/strong><\/p><p>\u25cf Estos expositores autoportantes son una soluci\u00f3n totalmente port\u00e1til y una sola persona puede moverlos f\u00e1cilmente, ya que incorporan ruedas fijas con asidero y un dise\u00f1o plegable.<\/p><p>\u25cf Equipada con un panel de calidad comercial, con una vida \u00fatil de 50.000 horas, y el uso de componentes de alta calidad garantiza que las pantallas puedan estar en uso constante las 24 horas del d\u00eda, los 7 d\u00edas de la semana;<\/p><p>\u25cf El tiempo de funcionamiento de la bater\u00eda es de unas 10 Horas;<\/p><p>\u25cf Tres soluciones opcionales\uff1aVersi\u00f3n monitor\uff0cVersi\u00f3n Plug &amp; Play\uff0cVersi\u00f3n Android.<\/p>\t\t\t\t\t\t\t\t<\/div>\n\t\t\t\t<\/div>\n\t\t\t\t\t<\/div>\n\t\t<\/div>\n\t\t\t\t\t<\/div>\n\t\t<\/section>\n\t\t\t\t<\/div>","protected":false},"excerpt":{"rendered":"<p>BATTERY-POWERED DIGITAL POSTER LCD Kosintec\u00a043inch Portable Digital Poster Battery Powered Floor Standing Ultra-slim Movable Lcd Advertising Screen Kosintec\u00a043in Android Digital [&hellip;]<\/p>","protected":false},"author":1,"featured_media":0,"parent":0,"menu_order":0,"comment_status":"closed","ping_status":"closed","template":"","meta":{"site-sidebar-layout":"no-sidebar","site-content-layout":"page-builder","ast-site-content-layout":"full-width-container","site-content-style":"default","site-sidebar-style":"default","ast-global-header-display":"","ast-banner-title-visibility":"","ast-main-header-display":"","ast-hfb-above-header-display":"","ast-hfb-below-header-display":"","ast-hfb-mobile-header-display":"","site-post-title":"disabled","ast-breadcrumbs-content":"","ast-featured-img":"disabled","footer-sml-layout":"","theme-transparent-header-meta":"","adv-header-id-meta":"","stick-header-meta":"","header-above-stick-meta":"","header-main-stick-meta":"","header-below-stick-meta":"","astra-migrate-meta-layouts":"set","ast-page-background-enabled":"default","ast-page-background-meta":{"desktop":{"background-color":"","background-image":"","background-repeat":"repeat","background-position":"center center","background-size":"auto","background-attachment":"scroll","background-type":"","background-media":"","overlay-type":"","overlay-color":"","overlay-opacity":"","overlay-gradient":""},"tablet":{"background-color":"","background-image":"","background-repeat":"repeat","background-position":"center center","background-size":"auto","background-attachment":"scroll","background-type":"","background-media":"","overlay-type":"","overlay-color":"","overlay-opacity":"","overlay-gradient":""},"mobile":{"background-color":"","background-image":"","background-repeat":"repeat","background-position":"center center","background-size":"auto","background-attachment":"scroll","background-type":"","background-media":"","overlay-type":"","overlay-color":"","overlay-opacity":"","overlay-gradient":""}},"ast-content-background-meta":{"desktop":{"background-color":"var(--ast-global-color-5)","background-image":"","background-repeat":"repeat","background-position":"center center","background-size":"auto","background-attachment":"scroll","background-type":"","background-media":"","overlay-type":"","overlay-color":"","overlay-opacity":"","overlay-gradient":""},"tablet":{"background-color":"var(--ast-global-color-5)","background-image":"","background-repeat":"repeat","background-position":"center center","background-size":"auto","background-attachment":"scroll","background-type":"","background-media":"","overlay-type":"","overlay-color":"","overlay-opacity":"","overlay-gradient":""},"mobile":{"background-color":"var(--ast-global-color-5)","background-image":"","background-repeat":"repeat","background-position":"center center","background-size":"auto","background-attachment":"scroll","background-type":"","background-media":"","overlay-type":"","overlay-color":"","overlay-opacity":"","overlay-gradient":""}},"footnotes":""},"class_list":["post-7010","page","type-page","status-publish","hentry"],"_links":{"self":[{"href":"https:\/\/www.microkosin.com\/es\/wp-json\/wp\/v2\/pages\/7010","targetHints":{"allow":["GET"]}}],"collection":[{"href":"https:\/\/www.microkosin.com\/es\/wp-json\/wp\/v2\/pages"}],"about":[{"href":"https:\/\/www.microkosin.com\/es\/wp-json\/wp\/v2\/types\/page"}],"author":[{"embeddable":true,"href":"https:\/\/www.microkosin.com\/es\/wp-json\/wp\/v2\/users\/1"}],"replies":[{"embeddable":true,"href":"https:\/\/www.microkosin.com\/es\/wp-json\/wp\/v2\/comments?post=7010"}],"version-history":[{"count":7,"href":"https:\/\/www.microkosin.com\/es\/wp-json\/wp\/v2\/pages\/7010\/revisions"}],"predecessor-version":[{"id":7019,"href":"https:\/\/www.microkosin.com\/es\/wp-json\/wp\/v2\/pages\/7010\/revisions\/7019"}],"wp:attachment":[{"href":"https:\/\/www.microkosin.com\/es\/wp-json\/wp\/v2\/media?parent=7010"}],"curies":[{"name":"wp","href":"https:\/\/api.w.org\/{rel}","templated":true}]}}