{"id":6996,"date":"2025-06-11T16:19:55","date_gmt":"2025-06-11T08:19:55","guid":{"rendered":"https:\/\/www.microkosin.com\/?page_id=6996"},"modified":"2025-07-21T13:52:10","modified_gmt":"2025-07-21T05:52:10","slug":"round-shape-lcd","status":"publish","type":"page","link":"https:\/\/www.microkosin.com\/es\/round-shape-lcd\/","title":{"rendered":"SE\u00d1ALIZACI\u00d3N DIGITAL PANTALLA LCD REDONDA"},"content":{"rendered":"<div data-elementor-type=\"wp-page\" data-elementor-id=\"6996\" class=\"elementor elementor-6996\" data-elementor-post-type=\"page\">\n\t\t\t\t<div class=\"elementor-element elementor-element-b738199 e-con-full e-flex e-con e-parent\" data-id=\"b738199\" data-element_type=\"container\">\n\t\t\t\t<div class=\"elementor-element elementor-element-ef3b2d0 elementor-widget elementor-widget-text-editor\" data-id=\"ef3b2d0\" data-element_type=\"widget\" data-widget_type=\"text-editor.default\">\n\t\t\t\t<div class=\"elementor-widget-container\">\n\t\t\t\t\t\t\t\t\t<h4 class=\"top_title\">SE\u00d1ALIZACI\u00d3N DIGITAL PANTALLA LCD REDONDA<\/h4>\t\t\t\t\t\t\t\t<\/div>\n\t\t\t\t<\/div>\n\t\t\t\t<\/div>\n\t\t<div class=\"elementor-element elementor-element-e5d93b1 e-con-full e-flex e-con e-parent\" data-id=\"e5d93b1\" data-element_type=\"container\">\n\t\t\t\t<div class=\"elementor-element elementor-element-ca8d575 elementor-widget elementor-widget-text-editor\" data-id=\"ca8d575\" data-element_type=\"widget\" data-widget_type=\"text-editor.default\">\n\t\t\t\t<div class=\"elementor-widget-container\">\n\t\t\t\t\t\t\t\t\t<h4 class=\"top_title\">SE\u00d1ALIZACI\u00d3N DIGITAL PANTALLA LCD REDONDA<\/h4>\t\t\t\t\t\t\t\t<\/div>\n\t\t\t\t<\/div>\n\t\t\t\t<\/div>\n\t\t\t\t<section class=\"elementor-section elementor-top-section elementor-element elementor-element-b14ed43 elementor-section-content-middle elementor-section-boxed elementor-section-height-default elementor-section-height-default\" data-id=\"b14ed43\" data-element_type=\"section\" data-settings=\"{&quot;background_background&quot;:&quot;classic&quot;}\">\n\t\t\t\t\t\t\t<div class=\"elementor-background-overlay\"><\/div>\n\t\t\t\t\t\t\t<div class=\"elementor-container elementor-column-gap-no\">\n\t\t\t\t\t<div class=\"elementor-column elementor-col-100 elementor-top-column elementor-element elementor-element-547dc14\" data-id=\"547dc14\" data-element_type=\"column\">\n\t\t\t<div class=\"elementor-widget-wrap elementor-element-populated\">\n\t\t\t\t\t\t<div class=\"elementor-element elementor-element-919d979 elementor-invisible elementor-widget elementor-widget-image\" data-id=\"919d979\" data-element_type=\"widget\" data-settings=\"{&quot;_animation&quot;:&quot;zoomIn&quot;}\" data-widget_type=\"image.default\">\n\t\t\t\t<div class=\"elementor-widget-container\">\n\t\t\t\t\t\t\t\t\t\t\t\t\t\t\t<img fetchpriority=\"high\" decoding=\"async\" width=\"1150\" height=\"340\" src=\"https:\/\/www.microkosin.com\/wp-content\/uploads\/2025\/06\/\u672a\u6807\u9898-4.png\" class=\"elementor-animation-pulse-grow attachment-full size-full wp-image-6859\" alt=\"\" srcset=\"https:\/\/www.microkosin.com\/wp-content\/uploads\/2025\/06\/\u672a\u6807\u9898-4.png 1150w, https:\/\/www.microkosin.com\/wp-content\/uploads\/2025\/06\/\u672a\u6807\u9898-4-300x89.png 300w, https:\/\/www.microkosin.com\/wp-content\/uploads\/2025\/06\/\u672a\u6807\u9898-4-600x177.png 600w, https:\/\/www.microkosin.com\/wp-content\/uploads\/2025\/06\/\u672a\u6807\u9898-4-1024x303.png 1024w, https:\/\/www.microkosin.com\/wp-content\/uploads\/2025\/06\/\u672a\u6807\u9898-4-768x227.png 768w, https:\/\/www.microkosin.com\/wp-content\/uploads\/2025\/06\/\u672a\u6807\u9898-4-18x5.png 18w\" sizes=\"(max-width: 1150px) 100vw, 1150px\" \/>\t\t\t\t\t\t\t\t\t\t\t\t\t\t\t<\/div>\n\t\t\t\t<\/div>\n\t\t\t\t<div class=\"elementor-element elementor-element-4188f7f elementor-widget elementor-widget-text-editor\" data-id=\"4188f7f\" data-element_type=\"widget\" data-widget_type=\"text-editor.default\">\n\t\t\t\t<div class=\"elementor-widget-container\">\n\t\t\t\t\t\t\t\t\t<p><strong>Adaptarse a las escenas destacadas:<\/strong>\u00a0 Puede adaptarse con flexibilidad a diversos espacios y escenarios destacados. En algunos lugares con ambiente art\u00edstico, como museos de arte y parques creativos, las pantallas publicitarias circulares pueden complementar el entorno general e integrar el ambiente art\u00edstico a la vez que muestran el contenido publicitario; instaladas en el interior de edificios circulares o alrededor de cilindros, se adaptan perfectamente a la estructura del edificio, aprovechan al m\u00e1ximo el espacio, logran una conexi\u00f3n perfecta de la pantalla publicitaria y evitan la sensaci\u00f3n abrupta causada por el desajuste entre la forma de la pantalla y el entorno.<\/p><p><strong>Llevar contenidos creativos:<\/strong>\u00a0 una plataforma \u00fanica para la creatividad publicitaria. La limitaci\u00f3n del formato circular anima a los creadores publicitarios a romper con el pensamiento tradicional y dise\u00f1ar contenidos publicitarios m\u00e1s innovadores y visualmente impactantes. Por ejemplo, la colocaci\u00f3n de elementos publicitarios en una pantalla circular de forma que rodeen, giren, etc., crea un efecto visual din\u00e1mico \u00fanico que cuenta con mayor viveza la historia de la marca o muestra las caracter\u00edsticas del producto, haciendo que el contenido publicitario sea m\u00e1s atractivo y memorable.<\/p><p><strong>Crear un ambiente c\u00e1lido:<\/strong>\u00a0 En comparaci\u00f3n con las pantallas cuadradas con \u00e1ngulos rectos bien definidos, las pantallas publicitarias circulares ofrecen a la gente una experiencia visual suave y agradable. En lugares como comunidades y escuelas, los anuncios reproducidos en pantallas circulares pueden crear un ambiente c\u00e1lido y armonioso, acercar las marcas a los consumidores, permitirles recibir informaci\u00f3n publicitaria de forma relajada y agradable, y aumentar su favorabilidad hacia la marca.<\/p>\t\t\t\t\t\t\t\t<\/div>\n\t\t\t\t<\/div>\n\t\t\t\t\t<\/div>\n\t\t<\/div>\n\t\t\t\t\t<\/div>\n\t\t<\/section>\n\t\t\t\t<section class=\"elementor-section elementor-top-section elementor-element elementor-element-ee36001 elementor-section-content-middle elementor-section-boxed elementor-section-height-default elementor-section-height-default\" data-id=\"ee36001\" data-element_type=\"section\" data-settings=\"{&quot;background_background&quot;:&quot;classic&quot;}\">\n\t\t\t\t\t\t\t<div class=\"elementor-background-overlay\"><\/div>\n\t\t\t\t\t\t\t<div class=\"elementor-container elementor-column-gap-no\">\n\t\t\t\t\t<div class=\"elementor-column elementor-col-100 elementor-top-column elementor-element elementor-element-8d4f0d8\" data-id=\"8d4f0d8\" data-element_type=\"column\">\n\t\t\t<div class=\"elementor-widget-wrap elementor-element-populated\">\n\t\t\t\t\t\t<div class=\"elementor-element elementor-element-ad54319 elementor-invisible elementor-widget elementor-widget-image\" data-id=\"ad54319\" data-element_type=\"widget\" data-settings=\"{&quot;_animation&quot;:&quot;zoomIn&quot;}\" data-widget_type=\"image.default\">\n\t\t\t\t<div class=\"elementor-widget-container\">\n\t\t\t\t\t\t\t\t\t\t\t\t\t\t\t<img decoding=\"async\" width=\"1186\" height=\"395\" data-src=\"https:\/\/www.microkosin.com\/wp-content\/uploads\/2025\/06\/CASE1.jpg\" class=\"elementor-animation-pulse-grow attachment-full size-full wp-image-6861 lazyload\" alt=\"\" data-srcset=\"https:\/\/www.microkosin.com\/wp-content\/uploads\/2025\/06\/CASE1.jpg 1186w, https:\/\/www.microkosin.com\/wp-content\/uploads\/2025\/06\/CASE1-300x100.jpg 300w, https:\/\/www.microkosin.com\/wp-content\/uploads\/2025\/06\/CASE1-600x200.jpg 600w, https:\/\/www.microkosin.com\/wp-content\/uploads\/2025\/06\/CASE1-1024x341.jpg 1024w, https:\/\/www.microkosin.com\/wp-content\/uploads\/2025\/06\/CASE1-768x256.jpg 768w, https:\/\/www.microkosin.com\/wp-content\/uploads\/2025\/06\/CASE1-18x6.jpg 18w\" data-sizes=\"(max-width: 1186px) 100vw, 1186px\" src=\"data:image\/svg+xml;base64,PHN2ZyB3aWR0aD0iMSIgaGVpZ2h0PSIxIiB4bWxucz0iaHR0cDovL3d3dy53My5vcmcvMjAwMC9zdmciPjwvc3ZnPg==\" style=\"--smush-placeholder-width: 1186px; --smush-placeholder-aspect-ratio: 1186\/395;\" \/>\t\t\t\t\t\t\t\t\t\t\t\t\t\t\t<\/div>\n\t\t\t\t<\/div>\n\t\t\t\t<div class=\"elementor-element elementor-element-3273802 elementor-widget elementor-widget-text-editor\" data-id=\"3273802\" data-element_type=\"widget\" data-widget_type=\"text-editor.default\">\n\t\t\t\t<div class=\"elementor-widget-container\">\n\t\t\t\t\t\t\t\t\t<p><strong>Mejorar la memoria visual:<\/strong>\u00a0 La exclusiva apariencia circular combinada con un contenido publicitario cuidadosamente dise\u00f1ado puede dejar en los consumidores un profundo recuerdo visual. Cuando los consumidores est\u00e1n rodeados de numerosos mensajes publicitarios, las pantallas publicitarias circulares son m\u00e1s f\u00e1ciles de recordar debido a su forma \u00fanica, lo que permite que la imagen de marca arraigue en sus mentes. En comparaci\u00f3n con los anuncios ordinarios de pantalla cuadrada, pueden mejorar significativamente el \u00edndice de retenci\u00f3n de la informaci\u00f3n de marca y sentar las bases para la posterior comunicaci\u00f3n de marca y la toma de decisiones del consumidor.<\/p><p><strong>Mejorar el estilo de la marca:<\/strong>\u00a0 El uso de pantallas publicitarias circulares para exponer anuncios refleja el esp\u00edritu innovador y la b\u00fasqueda de la singularidad de la marca, lo que contribuye a realzar su estilo. En las tiendas exclusivas o las zonas de exposici\u00f3n de las marcas de gama alta, las pantallas circulares, con su dise\u00f1o sencillo y elegante, est\u00e1n en consonancia con el posicionamiento de gama alta de la marca. Al reproducir v\u00eddeos o im\u00e1genes publicitarias de alta calidad, refuerzan a\u00fan m\u00e1s la imagen de gama alta de la marca y atraen a los consumidores que buscan calidad y experiencias \u00fanicas.<\/p>\t\t\t\t\t\t\t\t<\/div>\n\t\t\t\t<\/div>\n\t\t\t\t\t<\/div>\n\t\t<\/div>\n\t\t\t\t\t<\/div>\n\t\t<\/section>\n\t\t\t\t<\/div>","protected":false},"excerpt":{"rendered":"<p>DIGITAL\u00a0 SIGNAGE ROUND\u00a0 SHAPE LCD\u00a0 DISPLAY\u00a0 SCREEN DIGITAL SIGNAGE ROUND SHAPE LCD DISPLAY SCREEN Adapt to featured scenes:\u00a0 It can [&hellip;]<\/p>","protected":false},"author":1,"featured_media":0,"parent":0,"menu_order":0,"comment_status":"closed","ping_status":"closed","template":"elementor_theme","meta":{"site-sidebar-layout":"no-sidebar","site-content-layout":"page-builder","ast-site-content-layout":"full-width-container","site-content-style":"default","site-sidebar-style":"default","ast-global-header-display":"","ast-banner-title-visibility":"","ast-main-header-display":"","ast-hfb-above-header-display":"","ast-hfb-below-header-display":"","ast-hfb-mobile-header-display":"","site-post-title":"disabled","ast-breadcrumbs-content":"","ast-featured-img":"disabled","footer-sml-layout":"","theme-transparent-header-meta":"","adv-header-id-meta":"","stick-header-meta":"","header-above-stick-meta":"","header-main-stick-meta":"","header-below-stick-meta":"","astra-migrate-meta-layouts":"set","ast-page-background-enabled":"default","ast-page-background-meta":{"desktop":{"background-color":"","background-image":"","background-repeat":"repeat","background-position":"center center","background-size":"auto","background-attachment":"scroll","background-type":"","background-media":"","overlay-type":"","overlay-color":"","overlay-opacity":"","overlay-gradient":""},"tablet":{"background-color":"","background-image":"","background-repeat":"repeat","background-position":"center center","background-size":"auto","background-attachment":"scroll","background-type":"","background-media":"","overlay-type":"","overlay-color":"","overlay-opacity":"","overlay-gradient":""},"mobile":{"background-color":"","background-image":"","background-repeat":"repeat","background-position":"center center","background-size":"auto","background-attachment":"scroll","background-type":"","background-media":"","overlay-type":"","overlay-color":"","overlay-opacity":"","overlay-gradient":""}},"ast-content-background-meta":{"desktop":{"background-color":"var(--ast-global-color-5)","background-image":"","background-repeat":"repeat","background-position":"center center","background-size":"auto","background-attachment":"scroll","background-type":"","background-media":"","overlay-type":"","overlay-color":"","overlay-opacity":"","overlay-gradient":""},"tablet":{"background-color":"var(--ast-global-color-5)","background-image":"","background-repeat":"repeat","background-position":"center center","background-size":"auto","background-attachment":"scroll","background-type":"","background-media":"","overlay-type":"","overlay-color":"","overlay-opacity":"","overlay-gradient":""},"mobile":{"background-color":"var(--ast-global-color-5)","background-image":"","background-repeat":"repeat","background-position":"center center","background-size":"auto","background-attachment":"scroll","background-type":"","background-media":"","overlay-type":"","overlay-color":"","overlay-opacity":"","overlay-gradient":""}},"footnotes":""},"class_list":["post-6996","page","type-page","status-publish","hentry"],"_links":{"self":[{"href":"https:\/\/www.microkosin.com\/es\/wp-json\/wp\/v2\/pages\/6996","targetHints":{"allow":["GET"]}}],"collection":[{"href":"https:\/\/www.microkosin.com\/es\/wp-json\/wp\/v2\/pages"}],"about":[{"href":"https:\/\/www.microkosin.com\/es\/wp-json\/wp\/v2\/types\/page"}],"author":[{"embeddable":true,"href":"https:\/\/www.microkosin.com\/es\/wp-json\/wp\/v2\/users\/1"}],"replies":[{"embeddable":true,"href":"https:\/\/www.microkosin.com\/es\/wp-json\/wp\/v2\/comments?post=6996"}],"version-history":[{"count":19,"href":"https:\/\/www.microkosin.com\/es\/wp-json\/wp\/v2\/pages\/6996\/revisions"}],"predecessor-version":[{"id":8309,"href":"https:\/\/www.microkosin.com\/es\/wp-json\/wp\/v2\/pages\/6996\/revisions\/8309"}],"wp:attachment":[{"href":"https:\/\/www.microkosin.com\/es\/wp-json\/wp\/v2\/media?parent=6996"}],"curies":[{"name":"wp","href":"https:\/\/api.w.org\/{rel}","templated":true}]}}