{"id":4919,"date":"2024-12-19T15:45:15","date_gmt":"2024-12-19T07:45:15","guid":{"rendered":"https:\/\/www.microkosin.com\/?page_id=4919"},"modified":"2025-06-12T10:43:45","modified_gmt":"2025-06-12T02:43:45","slug":"freestanding-digital-posters","status":"publish","type":"page","link":"https:\/\/www.microkosin.com\/es\/freestanding-digital-posters\/","title":{"rendered":"CARTELES DIGITALES INDEPENDIENTES PARA EXTERIORES"},"content":{"rendered":"<div data-elementor-type=\"wp-page\" data-elementor-id=\"4919\" class=\"elementor elementor-4919\" data-elementor-post-type=\"page\">\n\t\t\t\t<div class=\"elementor-element elementor-element-b775715 e-con-full e-flex e-con e-parent\" data-id=\"b775715\" data-element_type=\"container\">\n\t\t\t\t<div class=\"elementor-element elementor-element-02360ed elementor-widget elementor-widget-text-editor\" data-id=\"02360ed\" data-element_type=\"widget\" data-widget_type=\"text-editor.default\">\n\t\t\t\t<div class=\"elementor-widget-container\">\n\t\t\t\t\t\t\t\t\t<h4 class=\"top_title\">CARTELES DIGITALES INDEPENDIENTES PARA EXTERIORES<\/h4>\t\t\t\t\t\t\t\t<\/div>\n\t\t\t\t<\/div>\n\t\t\t\t<\/div>\n\t\t\t\t<section class=\"elementor-section elementor-top-section elementor-element elementor-element-sd0fgji elementor-section-content-middle elementor-section-boxed elementor-section-height-default elementor-section-height-default\" data-id=\"sd0fgji\" data-element_type=\"section\" data-settings=\"{&quot;background_background&quot;:&quot;classic&quot;}\">\n\t\t\t\t\t\t\t<div class=\"elementor-background-overlay\"><\/div>\n\t\t\t\t\t\t\t<div class=\"elementor-container elementor-column-gap-no\">\n\t\t\t\t\t<div class=\"elementor-column elementor-col-100 elementor-top-column elementor-element elementor-element-47d11e6\" data-id=\"47d11e6\" data-element_type=\"column\">\n\t\t\t<div class=\"elementor-widget-wrap elementor-element-populated\">\n\t\t\t\t\t\t<div class=\"elementor-element elementor-element-51240be elementor-invisible elementor-widget elementor-widget-image\" data-id=\"51240be\" data-element_type=\"widget\" data-settings=\"{&quot;_animation&quot;:&quot;zoomIn&quot;}\" data-widget_type=\"image.default\">\n\t\t\t\t<div class=\"elementor-widget-container\">\n\t\t\t\t\t\t\t\t\t\t\t\t\t\t\t<img fetchpriority=\"high\" decoding=\"async\" width=\"1200\" height=\"420\" src=\"https:\/\/www.microkosin.com\/wp-content\/uploads\/2025\/06\/\u672a\u6807\u9898-3.png\" class=\"elementor-animation-pulse-grow attachment-full size-full wp-image-6894\" alt=\"\" srcset=\"https:\/\/www.microkosin.com\/wp-content\/uploads\/2025\/06\/\u672a\u6807\u9898-3.png 1200w, https:\/\/www.microkosin.com\/wp-content\/uploads\/2025\/06\/\u672a\u6807\u9898-3-300x105.png 300w, https:\/\/www.microkosin.com\/wp-content\/uploads\/2025\/06\/\u672a\u6807\u9898-3-600x210.png 600w, https:\/\/www.microkosin.com\/wp-content\/uploads\/2025\/06\/\u672a\u6807\u9898-3-1024x358.png 1024w, https:\/\/www.microkosin.com\/wp-content\/uploads\/2025\/06\/\u672a\u6807\u9898-3-768x269.png 768w, https:\/\/www.microkosin.com\/wp-content\/uploads\/2025\/06\/\u672a\u6807\u9898-3-18x6.png 18w\" sizes=\"(max-width: 1200px) 100vw, 1200px\" \/>\t\t\t\t\t\t\t\t\t\t\t\t\t\t\t<\/div>\n\t\t\t\t<\/div>\n\t\t\t\t<div class=\"elementor-element elementor-element-8f1a2ba elementor-widget elementor-widget-text-editor\" data-id=\"8f1a2ba\" data-element_type=\"widget\" data-widget_type=\"text-editor.default\">\n\t\t\t\t<div class=\"elementor-widget-container\">\n\t\t\t\t\t\t\t\t\t<p><strong>Mejorar la imagen de marca:<\/strong>\u00a0 Al mostrar im\u00e1genes publicitarias exquisitas y de alta definici\u00f3n, las pantallas verticales de publicidad exterior pueden establecer una buena imagen de la marca. El contenido publicitario puede abarcar historias de marca, caracter\u00edsticas de los productos, cultura corporativa, etc., transmitiendo al p\u00fablico los valores fundamentales y el encanto \u00fanico de la marca. Las pantallas publicitarias de alta calidad pueden crear una impresi\u00f3n m\u00e1s profunda y positiva de una marca para los consumidores, mejorando as\u00ed la visibilidad y reputaci\u00f3n de la marca en el mercado.<\/p><p><strong>Posicionamiento preciso de la audiencia:<\/strong>\u00a0 Las pantallas verticales de publicidad exterior pueden lograr un posicionamiento preciso de la audiencia en funci\u00f3n de las distintas ubicaciones. Por ejemplo, las pantallas publicitarias situadas cerca de centros escolares pueden mostrar anuncios relacionados con la educaci\u00f3n, art\u00edculos de papeler\u00eda y material para estudiantes; anuncios como material deportivo y cursos de fitness pueden mostrarse alrededor de gimnasios. Esta colocaci\u00f3n selectiva de la publicidad puede mejorar su eficacia y permitir un uso m\u00e1s eficiente de los recursos.<\/p>\t\t\t\t\t\t\t\t<\/div>\n\t\t\t\t<\/div>\n\t\t\t\t\t<\/div>\n\t\t<\/div>\n\t\t\t\t\t<\/div>\n\t\t<\/section>\n\t\t\t\t<section class=\"elementor-section elementor-top-section elementor-element elementor-element-7ed4e93 elementor-section-content-middle elementor-section-boxed elementor-section-height-default elementor-section-height-default\" data-id=\"7ed4e93\" data-element_type=\"section\" data-settings=\"{&quot;background_background&quot;:&quot;classic&quot;}\">\n\t\t\t\t\t\t\t<div class=\"elementor-background-overlay\"><\/div>\n\t\t\t\t\t\t\t<div class=\"elementor-container elementor-column-gap-no\">\n\t\t\t\t\t<div class=\"elementor-column elementor-col-100 elementor-top-column elementor-element elementor-element-2f4e30b\" data-id=\"2f4e30b\" data-element_type=\"column\">\n\t\t\t<div class=\"elementor-widget-wrap elementor-element-populated\">\n\t\t\t\t\t\t<div class=\"elementor-element elementor-element-e495936 elementor-invisible elementor-widget elementor-widget-image\" data-id=\"e495936\" data-element_type=\"widget\" data-settings=\"{&quot;_animation&quot;:&quot;zoomIn&quot;}\" data-widget_type=\"image.default\">\n\t\t\t\t<div class=\"elementor-widget-container\">\n\t\t\t\t\t\t\t\t\t\t\t\t\t\t\t<img decoding=\"async\" width=\"1218\" height=\"410\" data-src=\"https:\/\/www.microkosin.com\/wp-content\/uploads\/2025\/06\/CASE3.jpg\" class=\"elementor-animation-pulse-grow attachment-full size-full wp-image-6895 lazyload\" alt=\"\" data-srcset=\"https:\/\/www.microkosin.com\/wp-content\/uploads\/2025\/06\/CASE3.jpg 1218w, https:\/\/www.microkosin.com\/wp-content\/uploads\/2025\/06\/CASE3-300x101.jpg 300w, https:\/\/www.microkosin.com\/wp-content\/uploads\/2025\/06\/CASE3-600x202.jpg 600w, https:\/\/www.microkosin.com\/wp-content\/uploads\/2025\/06\/CASE3-1024x345.jpg 1024w, https:\/\/www.microkosin.com\/wp-content\/uploads\/2025\/06\/CASE3-768x259.jpg 768w, https:\/\/www.microkosin.com\/wp-content\/uploads\/2025\/06\/CASE3-18x6.jpg 18w\" data-sizes=\"(max-width: 1218px) 100vw, 1218px\" src=\"data:image\/svg+xml;base64,PHN2ZyB3aWR0aD0iMSIgaGVpZ2h0PSIxIiB4bWxucz0iaHR0cDovL3d3dy53My5vcmcvMjAwMC9zdmciPjwvc3ZnPg==\" style=\"--smush-placeholder-width: 1218px; --smush-placeholder-aspect-ratio: 1218\/410;\" \/>\t\t\t\t\t\t\t\t\t\t\t\t\t\t\t<\/div>\n\t\t\t\t<\/div>\n\t\t\t\t<div class=\"elementor-element elementor-element-32dbeff elementor-widget elementor-widget-text-editor\" data-id=\"32dbeff\" data-element_type=\"widget\" data-widget_type=\"text-editor.default\">\n\t\t\t\t<div class=\"elementor-widget-container\">\n\t\t\t\t\t\t\t\t\t<p><strong>Mejorar la imagen de marca:<\/strong>\u00a0 La pantalla publicitaria, tecnol\u00f3gicamente avanzada, da forma a una imagen moderna e innovadora de la marca. En el \u00e1rea de productos digitales de gama alta, las exquisitas interfaces y las ricas demostraciones de productos permiten a los consumidores sentir la profesionalidad y la vanguardia de la marca, lo que contribuye a mejorar el nivel y la favorabilidad de la marca en la mente de los consumidores y a reforzar el conocimiento de la marca.<\/p><p><strong>Promover el crecimiento de las ventas:<\/strong>\u00a0 El marketing de precisi\u00f3n y las recomendaciones relacionadas impulsan directamente el crecimiento de las ventas. A trav\u00e9s de la orientaci\u00f3n por pantalla, el precio medio de compra de los productos por parte de los consumidores aumenta en 15% -20%. Por ejemplo, en el \u00e1mbito de la alimentaci\u00f3n, recomendar una combinaci\u00f3n de aperitivos para animar a los consumidores a comprar m\u00e1s productos a la vez y lograr un crecimiento de las ventas para las empresas.<\/p>\t\t\t\t\t\t\t\t<\/div>\n\t\t\t\t<\/div>\n\t\t\t\t\t<\/div>\n\t\t<\/div>\n\t\t\t\t\t<\/div>\n\t\t<\/section>\n\t\t\t\t<\/div>","protected":false},"excerpt":{"rendered":"<p>OUTDOOR\u00a0 FREESTANDING\u00a0 DIGITAL\u00a0 POSTERS Enhancing brand image:\u00a0 By displaying high-definition and exquisite advertising visuals, outdoor vertical advertising screens can establish [&hellip;]<\/p>","protected":false},"author":1,"featured_media":0,"parent":0,"menu_order":0,"comment_status":"closed","ping_status":"closed","template":"","meta":{"site-sidebar-layout":"no-sidebar","site-content-layout":"page-builder","ast-site-content-layout":"full-width-container","site-content-style":"default","site-sidebar-style":"default","ast-global-header-display":"","ast-banner-title-visibility":"","ast-main-header-display":"","ast-hfb-above-header-display":"","ast-hfb-below-header-display":"","ast-hfb-mobile-header-display":"","site-post-title":"disabled","ast-breadcrumbs-content":"","ast-featured-img":"disabled","footer-sml-layout":"","theme-transparent-header-meta":"","adv-header-id-meta":"","stick-header-meta":"","header-above-stick-meta":"","header-main-stick-meta":"","header-below-stick-meta":"","astra-migrate-meta-layouts":"set","ast-page-background-enabled":"default","ast-page-background-meta":{"desktop":{"background-color":"","background-image":"","background-repeat":"repeat","background-position":"center center","background-size":"auto","background-attachment":"scroll","background-type":"","background-media":"","overlay-type":"","overlay-color":"","overlay-gradient":""},"tablet":{"background-color":"","background-image":"","background-repeat":"repeat","background-position":"center center","background-size":"auto","background-attachment":"scroll","background-type":"","background-media":"","overlay-type":"","overlay-color":"","overlay-gradient":""},"mobile":{"background-color":"","background-image":"","background-repeat":"repeat","background-position":"center center","background-size":"auto","background-attachment":"scroll","background-type":"","background-media":"","overlay-type":"","overlay-color":"","overlay-gradient":""}},"ast-content-background-meta":{"desktop":{"background-color":"var(--ast-global-color-5)","background-image":"","background-repeat":"repeat","background-position":"center center","background-size":"auto","background-attachment":"scroll","background-type":"","background-media":"","overlay-type":"","overlay-color":"","overlay-gradient":""},"tablet":{"background-color":"var(--ast-global-color-5)","background-image":"","background-repeat":"repeat","background-position":"center center","background-size":"auto","background-attachment":"scroll","background-type":"","background-media":"","overlay-type":"","overlay-color":"","overlay-gradient":""},"mobile":{"background-color":"var(--ast-global-color-5)","background-image":"","background-repeat":"repeat","background-position":"center center","background-size":"auto","background-attachment":"scroll","background-type":"","background-media":"","overlay-type":"","overlay-color":"","overlay-gradient":""}},"footnotes":""},"class_list":["post-4919","page","type-page","status-publish","hentry"],"_links":{"self":[{"href":"https:\/\/www.microkosin.com\/es\/wp-json\/wp\/v2\/pages\/4919","targetHints":{"allow":["GET"]}}],"collection":[{"href":"https:\/\/www.microkosin.com\/es\/wp-json\/wp\/v2\/pages"}],"about":[{"href":"https:\/\/www.microkosin.com\/es\/wp-json\/wp\/v2\/types\/page"}],"author":[{"embeddable":true,"href":"https:\/\/www.microkosin.com\/es\/wp-json\/wp\/v2\/users\/1"}],"replies":[{"embeddable":true,"href":"https:\/\/www.microkosin.com\/es\/wp-json\/wp\/v2\/comments?post=4919"}],"version-history":[{"count":90,"href":"https:\/\/www.microkosin.com\/es\/wp-json\/wp\/v2\/pages\/4919\/revisions"}],"predecessor-version":[{"id":6994,"href":"https:\/\/www.microkosin.com\/es\/wp-json\/wp\/v2\/pages\/4919\/revisions\/6994"}],"wp:attachment":[{"href":"https:\/\/www.microkosin.com\/es\/wp-json\/wp\/v2\/media?parent=4919"}],"curies":[{"name":"wp","href":"https:\/\/api.w.org\/{rel}","templated":true}]}}